{"id":3504,"date":"2023-08-15T23:32:11","date_gmt":"2023-08-15T21:32:11","guid":{"rendered":"https:\/\/apolinar.eu\/?page_id=3504"},"modified":"2023-08-15T23:32:12","modified_gmt":"2023-08-15T21:32:12","slug":"klinika-v-cislech","status":"publish","type":"page","link":"https:\/\/apolinar.eu\/en\/klinika-v-cislech\/","title":{"rendered":"Klinika v \u010d\u00edslech"},"content":{"rendered":"                <!-- TEXT BLOCK -->\r\n        <section\r\n                class=\"pdt-80 pdb-20 \"\r\n            >\r\n            <div class=\"wrapper2 text_block\">\r\n                <h2 class=\"title_h2 text_center_mdm\">Klinika v \u010d\u00edslech v roce 2022<\/h2>                                                                                                <div class=\"page_content reset_margins\">\r\n                                                        <\/div>\r\n            <\/div>\r\n        <\/section>\r\n    \n\n    <div class=\"pdt-80 pdb-80\">\r\n        <div class=\"wrapper2\">\r\n            <h2 class=\"title_h3 \">Zam\u011bstnanci (\u00favazky)<\/h2>            <table class=\"table_program mgt-30\">\r\n                                                                            <tr>\r\n                            <th>L\u00e9ka\u0159i<\/th>\r\n                                                                                        <td>\r\n                                                                            76                                                                    <\/td>\r\n                                                                                                            <\/tr>\r\n                                            <tr>\r\n                            <th>z toho profesor\u016f \/ docent\u016f<\/th>\r\n                                                                                        <td>\r\n                                                                            16                                                                    <\/td>\r\n                                                                                                            <\/tr>\r\n                                            <tr>\r\n                            <th>Nel\u00e9ka\u0159i<\/th>\r\n                                                                                        <td>\r\n                                                                            392                                                                    <\/td>\r\n                                                                                                            <\/tr>\r\n                                            <tr>\r\n                            <th>THP<\/th>\r\n                                                                                        <td>\r\n                                                                            23                                                                    <\/td>\r\n                                                                                                            <\/tr>\r\n                                                <\/table>\r\n        <\/div>\r\n    <\/div>\r\n\n\n    <div class=\"pdt-80 pdb-80\">\r\n        <div class=\"wrapper2\">\r\n            <h2 class=\"title_h3 \">L\u00e9\u010debn\u00e1 p\u00e9\u010de<\/h2>            <table class=\"table_program mgt-30\">\r\n                                                                            <tr>\r\n                            <th>Po\u010det l\u016f\u017eek<\/th>\r\n                                                                                        <td>\r\n                                                                            274                                                                    <\/td>\r\n                                                                                                            <\/tr>\r\n                                            <tr>\r\n                            <th>gynekologie<\/th>\r\n                                                                                        <td>\r\n                                                                            67                                                                    <\/td>\r\n                                                                                                            <\/tr>\r\n                                            <tr>\r\n                            <th>porodnice<\/th>\r\n                                                                                        <td>\r\n                                                                            97                                                                    <\/td>\r\n                                                                                                            <\/tr>\r\n                                            <tr>\r\n                            <th>neonatologie<\/th>\r\n                                                                                        <td>\r\n                                                                            110                                                                    <\/td>\r\n                                                                                                            <\/tr>\r\n                                            <tr>\r\n                            <th>Po\u010det porod\u016f<\/th>\r\n                                                                                        <td>\r\n                                                                            3598                                                                    <\/td>\r\n                                                                                                            <\/tr>\r\n                                            <tr>\r\n                            <th>Po\u010det novorozenc\u016f<\/th>\r\n                                                                                        <td>\r\n                                                                            3629                                                                    <\/td>\r\n                                                                                                            <\/tr>\r\n                                            <tr>\r\n                            <th>pod 750 g<\/th>\r\n                                                                                        <td>\r\n                                                                            25                                                                    <\/td>\r\n                                                                                                            <\/tr>\r\n                                            <tr>\r\n                            <th>750 &#8211; 1500 g<\/th>\r\n                                                                                        <td>\r\n                                                                            105                                                                    <\/td>\r\n                                                                                                            <\/tr>\r\n                                            <tr>\r\n                            <th>1500 -2500 g<\/th>\r\n                                                                                        <td>\r\n                                                                            291                                                                    <\/td>\r\n                                                                                                            <\/tr>\r\n                                            <tr>\r\n                            <th>Po\u010det opera\u010dn\u00edch v\u00fdkon\u016f<\/th>\r\n                                                                                        <td>\r\n                                                                            6897                                                                    <\/td>\r\n                                                                                                            <\/tr>\r\n                                            <tr>\r\n                            <th>onkologick\u00fdch<\/th>\r\n                                                                                        <td>\r\n                                                                            548                                                                    <\/td>\r\n                                                                                                            <\/tr>\r\n                                            <tr>\r\n                            <th>urogynekologick\u00fdch<\/th>\r\n                                                                                        <td>\r\n                                                                            433                                                                    <\/td>\r\n                                                                                                            <\/tr>\r\n                                            <tr>\r\n                            <th>mamologick\u00fdch<\/th>\r\n                                                                                        <td>\r\n                                                                            269                                                                    <\/td>\r\n                                                                                                            <\/tr>\r\n                                            <tr>\r\n                            <th>laparoskopick\u00fdch<\/th>\r\n                                                                                        <td>\r\n                                                                            1313                                                                    <\/td>\r\n                                                                                                            <\/tr>\r\n                                            <tr>\r\n                            <th>hysteroskopick\u00fdch<\/th>\r\n                                                                                        <td>\r\n                                                                            1484                                                                    <\/td>\r\n                                                                                                            <\/tr>\r\n                                            <tr>\r\n                            <th>mal\u00fdch v\u00fdkon\u016f<\/th>\r\n                                                                                        <td>\r\n                                                                            1235                                                                    <\/td>\r\n                                                                                                            <\/tr>\r\n                                            <tr>\r\n                            <th>Po\u010det ambulantn\u00edch vy\u0161et\u0159en\u00ed<\/th>\r\n                                                                                        <td>\r\n                                                                            107 117                                                                    <\/td>\r\n                                                                                                            <\/tr>\r\n                                            <tr>\r\n                            <th>Po\u010det odb\u011bru oocyt\u016f (asistovan\u00e1 reprodukce)<\/th>\r\n                                                                                        <td>\r\n                                                                            569                                                                    <\/td>\r\n                                                                                                            <\/tr>\r\n                                                <\/table>\r\n        <\/div>\r\n    <\/div>\r\n\n\n    <div class=\"pdt-80 pdb-80\">\r\n        <div class=\"wrapper2\">\r\n            <h2 class=\"title_h3 \">V\u00fduka<\/h2>            <table class=\"table_program mgt-30\">\r\n                                                                            <tr>\r\n                            <th>Studenti medic\u00edny (1. LF UK)<\/th>\r\n                                                                                        <td>\r\n                                                                            359                                                                    <\/td>\r\n                                                                                                            <\/tr>\r\n                                            <tr>\r\n                            <th>Bakal\u00e1\u0159sk\u00e9 studium &#8211; porodn\u00ed asistence<\/th>\r\n                                                                                        <td>\r\n                                                                            61                                                                    <\/td>\r\n                                                                                                            <\/tr>\r\n                                            <tr>\r\n                            <th>St\u00e1\u017eist\u00e9 \u010cR<\/th>\r\n                                                                                        <td>\r\n                                                                            54                                                                    <\/td>\r\n                                                                                                            <\/tr>\r\n                                            <tr>\r\n                            <th>St\u00e1\u017eist\u00e9 zahrani\u010d\u00ed<\/th>\r\n                                                                                        <td>\r\n                                                                            14                                                                    <\/td>\r\n                                                                                                            <\/tr>\r\n                                                <\/table>\r\n        <\/div>\r\n    <\/div>\r\n\n\n    <div class=\"pdt-80 pdb-80\">\r\n        <div class=\"wrapper2\">\r\n            <h2 class=\"title_h3 \">V\u011bda<\/h2>            <table class=\"table_program mgt-30\">\r\n                                                                            <tr>\r\n                            <th>Postgradu\u00e1ln\u00ed studium (1. LF UK)<\/th>\r\n                                                                                        <td>\r\n                                                                            15                                                                    <\/td>\r\n                                                                                                            <\/tr>\r\n                                            <tr>\r\n                            <th>Publikace<\/th>\r\n                                                                                                                                        <\/tr>\r\n                                            <tr>\r\n                            <th>\u010casopisy s IF<\/th>\r\n                                                                                        <td>\r\n                                                                            59                                                                    <\/td>\r\n                                                                                                            <\/tr>\r\n                                            <tr>\r\n                            <th>z toho Q1<\/th>\r\n                                                                                        <td>\r\n                                                                            36                                                                    <\/td>\r\n                                                                                                            <\/tr>\r\n                                            <tr>\r\n                            <th>z toho D1<\/th>\r\n                                                                                        <td>\r\n                                                                            15                                                                    <\/td>\r\n                                                                                                            <\/tr>\r\n                                            <tr>\r\n                            <th>Souhrnn\u00fd IF <\/th>\r\n                                                                                        <td>\r\n                                                                            483                                                                    <\/td>\r\n                                                                                                            <\/tr>\r\n                                            <tr>\r\n                            <th>Autorsk\u00e9 publikace v \u010dasopisech s IF<\/th>\r\n                                                                                        <td>\r\n                                                                            31                                                                    <\/td>\r\n                                                                                                            <\/tr>\r\n                                            <tr>\r\n                            <th>Celkem<\/th>\r\n                                                                                        <td>\r\n                                                                            96                                                                    <\/td>\r\n                                                                                                            <\/tr>\r\n                                            <tr>\r\n                            <th>Autorsk\u00e9 multicentrick\u00e9 studie<\/th>\r\n                                                                                        <td>\r\n                                                                            8                                                                    <\/td>\r\n                                                                                                            <\/tr>\r\n                                                <\/table>\r\n        <\/div>\r\n    <\/div>\r\n","protected":false},"excerpt":{"rendered":"","protected":false},"author":6,"featured_media":0,"parent":0,"menu_order":0,"comment_status":"closed","ping_status":"closed","template":"","meta":{"_acf_changed":false,"footnotes":""},"class_list":["post-3504","page","type-page","status-publish","hentry"],"acf":[],"yoast_head":"<!-- This site is optimized with the Yoast SEO plugin v26.2 - https:\/\/yoast.com\/wordpress\/plugins\/seo\/ -->\n<title>Klinika v \u010d\u00edslech - Porodnice U Apolin\u00e1\u0159e<\/title>\n<meta name=\"robots\" content=\"index, follow, max-snippet:-1, max-image-preview:large, max-video-preview:-1\" \/>\n<link rel=\"canonical\" href=\"https:\/\/apolinar.eu\/en\/klinika-v-cislech\/\" \/>\n<meta property=\"og:locale\" content=\"en_US\" \/>\n<meta property=\"og:type\" content=\"article\" \/>\n<meta property=\"og:title\" content=\"Klinika v \u010d\u00edslech - Porodnice U Apolin\u00e1\u0159e\" \/>\n<meta property=\"og:url\" content=\"https:\/\/apolinar.eu\/en\/klinika-v-cislech\/\" \/>\n<meta property=\"og:site_name\" content=\"Porodnice U Apolin\u00e1\u0159e\" \/>\n<meta property=\"article:modified_time\" content=\"2023-08-15T21:32:12+00:00\" \/>\n<meta name=\"twitter:card\" content=\"summary_large_image\" \/>\n<script type=\"application\/ld+json\" class=\"yoast-schema-graph\">{\"@context\":\"https:\/\/schema.org\",\"@graph\":[{\"@type\":\"WebPage\",\"@id\":\"https:\/\/apolinar.eu\/en\/klinika-v-cislech\/\",\"url\":\"https:\/\/apolinar.eu\/en\/klinika-v-cislech\/\",\"name\":\"Klinika v \u010d\u00edslech - Porodnice U Apolin\u00e1\u0159e\",\"isPartOf\":{\"@id\":\"https:\/\/apolinar.eu\/en\/#website\"},\"datePublished\":\"2023-08-15T21:32:11+00:00\",\"dateModified\":\"2023-08-15T21:32:12+00:00\",\"breadcrumb\":{\"@id\":\"https:\/\/apolinar.eu\/en\/klinika-v-cislech\/#breadcrumb\"},\"inLanguage\":\"en-US\",\"potentialAction\":[{\"@type\":\"ReadAction\",\"target\":[\"https:\/\/apolinar.eu\/en\/klinika-v-cislech\/\"]}]},{\"@type\":\"BreadcrumbList\",\"@id\":\"https:\/\/apolinar.eu\/en\/klinika-v-cislech\/#breadcrumb\",\"itemListElement\":[{\"@type\":\"ListItem\",\"position\":1,\"name\":\"Dom\u016f\",\"item\":\"https:\/\/apolinar.eu\/en\/\"},{\"@type\":\"ListItem\",\"position\":2,\"name\":\"Klinika v \u010d\u00edslech\"}]},{\"@type\":\"WebSite\",\"@id\":\"https:\/\/apolinar.eu\/en\/#website\",\"url\":\"https:\/\/apolinar.eu\/en\/\",\"name\":\"Porodnice U Apolin\u00e1\u0159e\",\"description\":\"Klinika gynekologie, porodnictv\u00ed a neonatologie 1. LF UK a VFN v Praze\",\"potentialAction\":[{\"@type\":\"SearchAction\",\"target\":{\"@type\":\"EntryPoint\",\"urlTemplate\":\"https:\/\/apolinar.eu\/en\/?s={search_term_string}\"},\"query-input\":{\"@type\":\"PropertyValueSpecification\",\"valueRequired\":true,\"valueName\":\"search_term_string\"}}],\"inLanguage\":\"en-US\"}]}<\/script>\n<!-- \/ Yoast SEO plugin. -->","yoast_head_json":{"title":"Klinika v \u010d\u00edslech - Porodnice U Apolin\u00e1\u0159e","robots":{"index":"index","follow":"follow","max-snippet":"max-snippet:-1","max-image-preview":"max-image-preview:large","max-video-preview":"max-video-preview:-1"},"canonical":"https:\/\/apolinar.eu\/en\/klinika-v-cislech\/","og_locale":"en_US","og_type":"article","og_title":"Klinika v \u010d\u00edslech - Porodnice U Apolin\u00e1\u0159e","og_url":"https:\/\/apolinar.eu\/en\/klinika-v-cislech\/","og_site_name":"Porodnice U Apolin\u00e1\u0159e","article_modified_time":"2023-08-15T21:32:12+00:00","twitter_card":"summary_large_image","schema":{"@context":"https:\/\/schema.org","@graph":[{"@type":"WebPage","@id":"https:\/\/apolinar.eu\/en\/klinika-v-cislech\/","url":"https:\/\/apolinar.eu\/en\/klinika-v-cislech\/","name":"Klinika v \u010d\u00edslech - Porodnice U Apolin\u00e1\u0159e","isPartOf":{"@id":"https:\/\/apolinar.eu\/en\/#website"},"datePublished":"2023-08-15T21:32:11+00:00","dateModified":"2023-08-15T21:32:12+00:00","breadcrumb":{"@id":"https:\/\/apolinar.eu\/en\/klinika-v-cislech\/#breadcrumb"},"inLanguage":"en-US","potentialAction":[{"@type":"ReadAction","target":["https:\/\/apolinar.eu\/en\/klinika-v-cislech\/"]}]},{"@type":"BreadcrumbList","@id":"https:\/\/apolinar.eu\/en\/klinika-v-cislech\/#breadcrumb","itemListElement":[{"@type":"ListItem","position":1,"name":"Dom\u016f","item":"https:\/\/apolinar.eu\/en\/"},{"@type":"ListItem","position":2,"name":"Klinika v \u010d\u00edslech"}]},{"@type":"WebSite","@id":"https:\/\/apolinar.eu\/en\/#website","url":"https:\/\/apolinar.eu\/en\/","name":"Porodnice U Apolin\u00e1\u0159e","description":"Klinika gynekologie, porodnictv\u00ed a neonatologie 1. LF UK a VFN v Praze","potentialAction":[{"@type":"SearchAction","target":{"@type":"EntryPoint","urlTemplate":"https:\/\/apolinar.eu\/en\/?s={search_term_string}"},"query-input":{"@type":"PropertyValueSpecification","valueRequired":true,"valueName":"search_term_string"}}],"inLanguage":"en-US"}]}},"_links":{"self":[{"href":"https:\/\/apolinar.eu\/en\/wp-json\/wp\/v2\/pages\/3504","targetHints":{"allow":["GET"]}}],"collection":[{"href":"https:\/\/apolinar.eu\/en\/wp-json\/wp\/v2\/pages"}],"about":[{"href":"https:\/\/apolinar.eu\/en\/wp-json\/wp\/v2\/types\/page"}],"author":[{"embeddable":true,"href":"https:\/\/apolinar.eu\/en\/wp-json\/wp\/v2\/users\/6"}],"replies":[{"embeddable":true,"href":"https:\/\/apolinar.eu\/en\/wp-json\/wp\/v2\/comments?post=3504"}],"version-history":[{"count":2,"href":"https:\/\/apolinar.eu\/en\/wp-json\/wp\/v2\/pages\/3504\/revisions"}],"predecessor-version":[{"id":3506,"href":"https:\/\/apolinar.eu\/en\/wp-json\/wp\/v2\/pages\/3504\/revisions\/3506"}],"wp:attachment":[{"href":"https:\/\/apolinar.eu\/en\/wp-json\/wp\/v2\/media?parent=3504"}],"curies":[{"name":"wp","href":"https:\/\/api.w.org\/{rel}","templated":true}]}}