{"id":3486,"date":"2023-08-15T15:40:28","date_gmt":"2023-08-15T13:40:28","guid":{"rendered":"https:\/\/apolinar.eu\/?page_id=3486"},"modified":"2023-09-03T08:14:51","modified_gmt":"2023-09-03T06:14:51","slug":"kordocenteza-odber-fetalni-krve-z-pupecniku","status":"publish","type":"page","link":"https:\/\/apolinar.eu\/en\/porodnice\/tehotenstvi\/chci-se-objednat-na-invazivni-vysetreni\/kordocenteza-odber-fetalni-krve-z-pupecniku\/","title":{"rendered":"KORDOCENT\u00c9ZA \u2013 ODB\u011aR FET\u00c1LN\u00cd KRVE Z PUPE\u010cN\u00cdKU"},"content":{"rendered":"                <!-- TEXT BLOCK -->\r\n        <section\r\n                class=\"pdt-80 pdb-40 \"\r\n            >\r\n            <div class=\"wrapper2 text_block\">\r\n                <h2 class=\"title_h2 text_center_mdm\">Kordocent\u00e9za &#8211; odb\u011br fet\u00e1ln\u00ed krve z pupe\u010dn\u00edku<\/h2>                                                                                                <div class=\"page_content reset_margins\">\r\n                                                                                        <h3><strong>K \u010demu slou\u017e\u00ed punkce pupe\u010dn\u00edku?<\/strong><\/h3>\n<p>V n\u011bkter\u00fdch p\u0159\u00edpadech je t\u0159eba ve II. a III. trimestru t\u011bhotenstv\u00ed z\u00edskat p\u0159\u00edmou informaci o stavu plodu vy\u0161et\u0159en\u00edm jeho krve. Toto vy\u0161et\u0159en\u00ed b\u00fdv\u00e1 nezastupiteln\u00e9 jin\u00fdmi metodami a rozbor krve plodu umo\u017en\u00ed z\u00edskat odpov\u011b\u010f na vyslovenou obavu o jeho stavu. Sou\u010dasn\u011b se vzorkem krve plodu je k vy\u0161et\u0159en\u00ed obvykle z t\u00e9ho\u017e vpichu odebr\u00e1n vzorek plodov\u00e9 vody.<\/p>\n                                    <\/div>\r\n            <\/div>\r\n        <\/section>\r\n    \n\n                <!-- TEXT BLOCK -->\r\n        <section\r\n                class=\"pdt-40 pdb-40 bg3\"\r\n            >\r\n            <div class=\"wrapper2 text_block\">\r\n                                                                                                                <div class=\"page_content reset_margins\">\r\n                                                                                        <h3><strong>Jak punkce pupe\u010dn\u00edku prob\u00edh\u00e1?<\/strong><\/h3>\n<p>Z\u00e1krok prov\u00e1d\u00edme za stejn\u00fdch podm\u00ednek jako amniocent\u00e9zu. Pou\u017e\u00edv\u00e1me jehlu o pr\u016fm\u011bru 0,7 mm a v\u00fdkon trv\u00e1 obvykle o n\u011bkolik minut d\u00e9le ne\u017e amniocent\u00e9za.<\/p>\n                                    <\/div>\r\n            <\/div>\r\n        <\/section>\r\n    \n\n                <!-- TEXT BLOCK -->\r\n        <section\r\n                class=\"pdt-40 pdb-40 \"\r\n            >\r\n            <div class=\"wrapper2 text_block\">\r\n                                                                                                                <div class=\"page_content reset_margins\">\r\n                                                                                        <h3><strong>Jak se na vy\u0161et\u0159en\u00ed m\u016f\u017eete objednat?<\/strong><\/h3>\n<ul>\n<li>Term\u00edn vy\u0161et\u0159en\u00ed si dohodnete v na\u0161\u00ed recepci podle v\u00fdsledk\u016f vy\u0161et\u0159en\u00ed a va\u0161ich \u010dasov\u00fdch mo\u017enost\u00ed<\/li>\n<li>V\u017edy pond\u011bl\u00ed\u2013\u010dtvrtek 8\u201315 hod., v\u00a0p\u00e1tek 8\u201314 hod. na tel. \u010d\u00edsle <strong>+420 224 967 273<\/strong><\/li>\n<li>E-mailem: <a href=\"mailto:cfm@vfn.cz\">cfm@vfn.cz<\/a><\/li>\n<\/ul>\n<p>V\u00fdkon obvykle prov\u00e1d\u00edme ambulantn\u011b do 24. t\u00fddn\u011b t\u011bhotenstv\u00ed a pozd\u011bji za jednodenn\u00ed hospitalizace s mo\u017enost\u00ed monitorov\u00e1n\u00ed stavu plodu po v\u00fdkonu. V\u00fdsledek vy\u0161et\u0159en\u00ed krevn\u00edho obrazu plodu je k dispozici za n\u011bkolik minut, karyotyp plodu za 48\u201372 hodin, v\u011bt\u0161ina dal\u0161\u00edch vy\u0161et\u0159en\u00ed do t\u00fddne. Ultrazvukovou kontrolu prov\u00e1d\u00edme za t\u00fdden.<\/p>\n                                    <\/div>\r\n            <\/div>\r\n        <\/section>\r\n    \n\n                <!-- TEXT BLOCK -->\r\n        <section\r\n                class=\"pdt-40 pdb-40 bg3\"\r\n            >\r\n            <div class=\"wrapper2 text_block\">\r\n                                                                                                                <div class=\"page_content reset_margins\">\r\n                                                                                        <h3><strong>Jak\u00e9 jsou mo\u017en\u00e9 komplikace?<\/strong><\/h3>\n<ul>\n<li>Riziko necht\u011bn\u00e9 ztr\u00e1ty t\u011bhotenstv\u00ed v souvislosti s kordocent\u00e9zou je podobn\u00e9 jako p\u0159i amniocent\u00e9ze, tj. zv\u00fd\u0161eno cca o 0,5\u20131 %<\/li>\n<li>Pouze v\u00fdjime\u010dn\u011b se odb\u011br nebo zpracov\u00e1n\u00ed vzorku nezda\u0159\u00ed<\/li>\n<\/ul>\n                                    <\/div>\r\n            <\/div>\r\n        <\/section>\r\n    \n\n    <!-- BLOK J GALERIA -->\r\n    <section\r\n            class=\"pdt-80 pdb-80 \"\r\n        >\r\n        <div class=\"wrapper2\">\r\n            <div class=\"text_block\">\r\n                                <div class=\"page_content reset_margins\">\r\n                                    <\/div>\r\n            <\/div>\r\n            <!-- SET LENGTH max 10 .. 10 > set length_more  -->\r\n                                                                            <div class=\"gal2 mgt-25 length1\"\r\n                         data-pswp-gallery='[{\"src\":\"https:\\\/\\\/apolinar.eu\\\/wp-content\\\/uploads\\\/2023\\\/08\\\/kordocenteza.jpg\",\"w\":328,\"h\":256,\"title\":\"kordocent\\u00e9za\"}]'>\r\n                                                    <a href=\"\"\r\n                               title=\"kordocent\u00e9za\"\r\n                               data-pswp-index=\"0\">\r\n                                <img decoding=\"async\" width=\"328\" height=\"256\" src=\"https:\/\/apolinar.eu\/wp-content\/uploads\/2023\/08\/kordocenteza.jpg\" class=\"attachment-gallery_item size-gallery_item\" alt=\"\" srcset=\"https:\/\/apolinar.eu\/wp-content\/uploads\/2023\/08\/kordocenteza.jpg 328w, https:\/\/apolinar.eu\/wp-content\/uploads\/2023\/08\/kordocenteza-300x234.jpg 300w, https:\/\/apolinar.eu\/wp-content\/uploads\/2023\/08\/kordocenteza-60x47.jpg 60w, https:\/\/apolinar.eu\/wp-content\/uploads\/2023\/08\/kordocenteza-104x81.jpg 104w, https:\/\/apolinar.eu\/wp-content\/uploads\/2023\/08\/kordocenteza-246x192.jpg 246w, https:\/\/apolinar.eu\/wp-content\/uploads\/2023\/08\/kordocenteza-154x120.jpg 154w\" sizes=\"(max-width: 328px) 100vw, 328px\" \/>                                                                    <div class=\"page_content no_margins\">Sch\u00e9ma proveden\u00ed v\u00fdkonu<\/div>\r\n                                                            <\/a>\r\n                                            <\/div>\r\n                                    <\/div>\r\n    <\/section>\r\n","protected":false},"excerpt":{"rendered":"","protected":false},"author":6,"featured_media":0,"parent":3464,"menu_order":0,"comment_status":"closed","ping_status":"closed","template":"","meta":{"_acf_changed":false,"footnotes":""},"class_list":["post-3486","page","type-page","status-publish","hentry"],"acf":[],"yoast_head":"<!-- This site is optimized with the Yoast SEO plugin v26.2 - https:\/\/yoast.com\/wordpress\/plugins\/seo\/ -->\n<title>KORDOCENT\u00c9ZA \u2013 ODB\u011aR FET\u00c1LN\u00cd KRVE Z PUPE\u010cN\u00cdKU - Porodnice U Apolin\u00e1\u0159e<\/title>\n<meta name=\"robots\" content=\"index, follow, max-snippet:-1, max-image-preview:large, max-video-preview:-1\" \/>\n<link rel=\"canonical\" href=\"https:\/\/apolinar.eu\/en\/porodnice\/tehotenstvi\/chci-se-objednat-na-invazivni-vysetreni\/kordocenteza-odber-fetalni-krve-z-pupecniku\/\" \/>\n<meta property=\"og:locale\" content=\"en_US\" \/>\n<meta property=\"og:type\" content=\"article\" \/>\n<meta property=\"og:title\" content=\"KORDOCENT\u00c9ZA \u2013 ODB\u011aR FET\u00c1LN\u00cd KRVE Z PUPE\u010cN\u00cdKU - Porodnice U Apolin\u00e1\u0159e\" \/>\n<meta property=\"og:url\" content=\"https:\/\/apolinar.eu\/en\/porodnice\/tehotenstvi\/chci-se-objednat-na-invazivni-vysetreni\/kordocenteza-odber-fetalni-krve-z-pupecniku\/\" \/>\n<meta property=\"og:site_name\" content=\"Porodnice U Apolin\u00e1\u0159e\" \/>\n<meta property=\"article:modified_time\" content=\"2023-09-03T06:14:51+00:00\" \/>\n<meta name=\"twitter:card\" content=\"summary_large_image\" \/>\n<script type=\"application\/ld+json\" class=\"yoast-schema-graph\">{\"@context\":\"https:\/\/schema.org\",\"@graph\":[{\"@type\":\"WebPage\",\"@id\":\"https:\/\/apolinar.eu\/en\/porodnice\/tehotenstvi\/chci-se-objednat-na-invazivni-vysetreni\/kordocenteza-odber-fetalni-krve-z-pupecniku\/\",\"url\":\"https:\/\/apolinar.eu\/en\/porodnice\/tehotenstvi\/chci-se-objednat-na-invazivni-vysetreni\/kordocenteza-odber-fetalni-krve-z-pupecniku\/\",\"name\":\"KORDOCENT\u00c9ZA \u2013 ODB\u011aR FET\u00c1LN\u00cd KRVE Z PUPE\u010cN\u00cdKU - Porodnice U Apolin\u00e1\u0159e\",\"isPartOf\":{\"@id\":\"https:\/\/apolinar.eu\/en\/#website\"},\"datePublished\":\"2023-08-15T13:40:28+00:00\",\"dateModified\":\"2023-09-03T06:14:51+00:00\",\"breadcrumb\":{\"@id\":\"https:\/\/apolinar.eu\/en\/porodnice\/tehotenstvi\/chci-se-objednat-na-invazivni-vysetreni\/kordocenteza-odber-fetalni-krve-z-pupecniku\/#breadcrumb\"},\"inLanguage\":\"en-US\",\"potentialAction\":[{\"@type\":\"ReadAction\",\"target\":[\"https:\/\/apolinar.eu\/en\/porodnice\/tehotenstvi\/chci-se-objednat-na-invazivni-vysetreni\/kordocenteza-odber-fetalni-krve-z-pupecniku\/\"]}]},{\"@type\":\"BreadcrumbList\",\"@id\":\"https:\/\/apolinar.eu\/en\/porodnice\/tehotenstvi\/chci-se-objednat-na-invazivni-vysetreni\/kordocenteza-odber-fetalni-krve-z-pupecniku\/#breadcrumb\",\"itemListElement\":[{\"@type\":\"ListItem\",\"position\":1,\"name\":\"Dom\u016f\",\"item\":\"https:\/\/apolinar.eu\/en\/\"},{\"@type\":\"ListItem\",\"position\":2,\"name\":\"Porodnice\",\"item\":\"https:\/\/apolinar.eu\/en\/porodnice\/\"},{\"@type\":\"ListItem\",\"position\":3,\"name\":\"T\u011bhotenstv\u00ed\",\"item\":\"https:\/\/apolinar.eu\/en\/porodnice\/tehotenstvi\/\"},{\"@type\":\"ListItem\",\"position\":4,\"name\":\"Chci se objednat na diagnostick\u00e9 vy\u0161et\u0159en\u00ed\",\"item\":\"https:\/\/apolinar.eu\/en\/porodnice\/tehotenstvi\/chci-se-objednat-na-invazivni-vysetreni\/\"},{\"@type\":\"ListItem\",\"position\":5,\"name\":\"KORDOCENT\u00c9ZA \u2013 ODB\u011aR FET\u00c1LN\u00cd KRVE Z PUPE\u010cN\u00cdKU\"}]},{\"@type\":\"WebSite\",\"@id\":\"https:\/\/apolinar.eu\/en\/#website\",\"url\":\"https:\/\/apolinar.eu\/en\/\",\"name\":\"Porodnice U Apolin\u00e1\u0159e\",\"description\":\"Klinika gynekologie, porodnictv\u00ed a neonatologie 1. LF UK a VFN v Praze\",\"potentialAction\":[{\"@type\":\"SearchAction\",\"target\":{\"@type\":\"EntryPoint\",\"urlTemplate\":\"https:\/\/apolinar.eu\/en\/?s={search_term_string}\"},\"query-input\":{\"@type\":\"PropertyValueSpecification\",\"valueRequired\":true,\"valueName\":\"search_term_string\"}}],\"inLanguage\":\"en-US\"}]}<\/script>\n<!-- \/ Yoast SEO plugin. -->","yoast_head_json":{"title":"KORDOCENT\u00c9ZA \u2013 ODB\u011aR FET\u00c1LN\u00cd KRVE Z PUPE\u010cN\u00cdKU - Porodnice U Apolin\u00e1\u0159e","robots":{"index":"index","follow":"follow","max-snippet":"max-snippet:-1","max-image-preview":"max-image-preview:large","max-video-preview":"max-video-preview:-1"},"canonical":"https:\/\/apolinar.eu\/en\/porodnice\/tehotenstvi\/chci-se-objednat-na-invazivni-vysetreni\/kordocenteza-odber-fetalni-krve-z-pupecniku\/","og_locale":"en_US","og_type":"article","og_title":"KORDOCENT\u00c9ZA \u2013 ODB\u011aR FET\u00c1LN\u00cd KRVE Z PUPE\u010cN\u00cdKU - Porodnice U Apolin\u00e1\u0159e","og_url":"https:\/\/apolinar.eu\/en\/porodnice\/tehotenstvi\/chci-se-objednat-na-invazivni-vysetreni\/kordocenteza-odber-fetalni-krve-z-pupecniku\/","og_site_name":"Porodnice U Apolin\u00e1\u0159e","article_modified_time":"2023-09-03T06:14:51+00:00","twitter_card":"summary_large_image","schema":{"@context":"https:\/\/schema.org","@graph":[{"@type":"WebPage","@id":"https:\/\/apolinar.eu\/en\/porodnice\/tehotenstvi\/chci-se-objednat-na-invazivni-vysetreni\/kordocenteza-odber-fetalni-krve-z-pupecniku\/","url":"https:\/\/apolinar.eu\/en\/porodnice\/tehotenstvi\/chci-se-objednat-na-invazivni-vysetreni\/kordocenteza-odber-fetalni-krve-z-pupecniku\/","name":"KORDOCENT\u00c9ZA \u2013 ODB\u011aR FET\u00c1LN\u00cd KRVE Z PUPE\u010cN\u00cdKU - Porodnice U Apolin\u00e1\u0159e","isPartOf":{"@id":"https:\/\/apolinar.eu\/en\/#website"},"datePublished":"2023-08-15T13:40:28+00:00","dateModified":"2023-09-03T06:14:51+00:00","breadcrumb":{"@id":"https:\/\/apolinar.eu\/en\/porodnice\/tehotenstvi\/chci-se-objednat-na-invazivni-vysetreni\/kordocenteza-odber-fetalni-krve-z-pupecniku\/#breadcrumb"},"inLanguage":"en-US","potentialAction":[{"@type":"ReadAction","target":["https:\/\/apolinar.eu\/en\/porodnice\/tehotenstvi\/chci-se-objednat-na-invazivni-vysetreni\/kordocenteza-odber-fetalni-krve-z-pupecniku\/"]}]},{"@type":"BreadcrumbList","@id":"https:\/\/apolinar.eu\/en\/porodnice\/tehotenstvi\/chci-se-objednat-na-invazivni-vysetreni\/kordocenteza-odber-fetalni-krve-z-pupecniku\/#breadcrumb","itemListElement":[{"@type":"ListItem","position":1,"name":"Dom\u016f","item":"https:\/\/apolinar.eu\/en\/"},{"@type":"ListItem","position":2,"name":"Porodnice","item":"https:\/\/apolinar.eu\/en\/porodnice\/"},{"@type":"ListItem","position":3,"name":"T\u011bhotenstv\u00ed","item":"https:\/\/apolinar.eu\/en\/porodnice\/tehotenstvi\/"},{"@type":"ListItem","position":4,"name":"Chci se objednat na diagnostick\u00e9 vy\u0161et\u0159en\u00ed","item":"https:\/\/apolinar.eu\/en\/porodnice\/tehotenstvi\/chci-se-objednat-na-invazivni-vysetreni\/"},{"@type":"ListItem","position":5,"name":"KORDOCENT\u00c9ZA \u2013 ODB\u011aR FET\u00c1LN\u00cd KRVE Z PUPE\u010cN\u00cdKU"}]},{"@type":"WebSite","@id":"https:\/\/apolinar.eu\/en\/#website","url":"https:\/\/apolinar.eu\/en\/","name":"Porodnice U Apolin\u00e1\u0159e","description":"Klinika gynekologie, porodnictv\u00ed a neonatologie 1. LF UK a VFN v Praze","potentialAction":[{"@type":"SearchAction","target":{"@type":"EntryPoint","urlTemplate":"https:\/\/apolinar.eu\/en\/?s={search_term_string}"},"query-input":{"@type":"PropertyValueSpecification","valueRequired":true,"valueName":"search_term_string"}}],"inLanguage":"en-US"}]}},"_links":{"self":[{"href":"https:\/\/apolinar.eu\/en\/wp-json\/wp\/v2\/pages\/3486","targetHints":{"allow":["GET"]}}],"collection":[{"href":"https:\/\/apolinar.eu\/en\/wp-json\/wp\/v2\/pages"}],"about":[{"href":"https:\/\/apolinar.eu\/en\/wp-json\/wp\/v2\/types\/page"}],"author":[{"embeddable":true,"href":"https:\/\/apolinar.eu\/en\/wp-json\/wp\/v2\/users\/6"}],"replies":[{"embeddable":true,"href":"https:\/\/apolinar.eu\/en\/wp-json\/wp\/v2\/comments?post=3486"}],"version-history":[{"count":3,"href":"https:\/\/apolinar.eu\/en\/wp-json\/wp\/v2\/pages\/3486\/revisions"}],"predecessor-version":[{"id":3494,"href":"https:\/\/apolinar.eu\/en\/wp-json\/wp\/v2\/pages\/3486\/revisions\/3494"}],"up":[{"embeddable":true,"href":"https:\/\/apolinar.eu\/en\/wp-json\/wp\/v2\/pages\/3464"}],"wp:attachment":[{"href":"https:\/\/apolinar.eu\/en\/wp-json\/wp\/v2\/media?parent=3486"}],"curies":[{"name":"wp","href":"https:\/\/api.w.org\/{rel}","templated":true}]}}