{"id":2868,"date":"2023-07-30T17:02:13","date_gmt":"2023-07-30T15:02:13","guid":{"rendered":"https:\/\/apolinar.eu\/?page_id=2868"},"modified":"2023-08-26T22:28:35","modified_gmt":"2023-08-26T20:28:35","slug":"laktacni-poradna","status":"publish","type":"page","link":"https:\/\/apolinar.eu\/en\/laktacni-poradna\/","title":{"rendered":"Lakta\u010dn\u00ed poradna"},"content":{"rendered":"                <!-- TEXT BLOCK -->\r\n        <section\r\n                class=\"pdt-80 pdb-40 \"\r\n            >\r\n            <div class=\"wrapper2 text_block\">\r\n                <h2 class=\"title_h2 text_center_mdm\">Lakta\u010dn\u00ed poradna<\/h2>                                                                                                <div class=\"page_content reset_margins\">\r\n                                                        <\/div>\r\n            <\/div>\r\n        <\/section>\r\n    \n\n    <!-- TEXT BLOCK -->\r\n    <section\r\n            class=\"pdt-20 pdb-80 \"\r\n        >\r\n        <div class=\"wrapper2\">\r\n                                                                            <img decoding=\"async\" width=\"845\" height=\"1208\" src=\"https:\/\/apolinar.eu\/wp-content\/uploads\/2023\/08\/NOVE_211209_GPK_laktacni_poradna_A5_web.jpg\" class=\"attachment-content_image size-content_image\" alt=\"\" srcset=\"https:\/\/apolinar.eu\/wp-content\/uploads\/2023\/08\/NOVE_211209_GPK_laktacni_poradna_A5_web.jpg 845w, https:\/\/apolinar.eu\/wp-content\/uploads\/2023\/08\/NOVE_211209_GPK_laktacni_poradna_A5_web-210x300.jpg 210w, https:\/\/apolinar.eu\/wp-content\/uploads\/2023\/08\/NOVE_211209_GPK_laktacni_poradna_A5_web-716x1024.jpg 716w, https:\/\/apolinar.eu\/wp-content\/uploads\/2023\/08\/NOVE_211209_GPK_laktacni_poradna_A5_web-768x1098.jpg 768w, https:\/\/apolinar.eu\/wp-content\/uploads\/2023\/08\/NOVE_211209_GPK_laktacni_poradna_A5_web-42x60.jpg 42w, https:\/\/apolinar.eu\/wp-content\/uploads\/2023\/08\/NOVE_211209_GPK_laktacni_poradna_A5_web-185x264.jpg 185w, https:\/\/apolinar.eu\/wp-content\/uploads\/2023\/08\/NOVE_211209_GPK_laktacni_poradna_A5_web-73x104.jpg 73w, https:\/\/apolinar.eu\/wp-content\/uploads\/2023\/08\/NOVE_211209_GPK_laktacni_poradna_A5_web-329x471.jpg 329w, https:\/\/apolinar.eu\/wp-content\/uploads\/2023\/08\/NOVE_211209_GPK_laktacni_poradna_A5_web-234x335.jpg 234w, https:\/\/apolinar.eu\/wp-content\/uploads\/2023\/08\/NOVE_211209_GPK_laktacni_poradna_A5_web-134x192.jpg 134w, https:\/\/apolinar.eu\/wp-content\/uploads\/2023\/08\/NOVE_211209_GPK_laktacni_poradna_A5_web-308x440.jpg 308w, https:\/\/apolinar.eu\/wp-content\/uploads\/2023\/08\/NOVE_211209_GPK_laktacni_poradna_A5_web-387x553.jpg 387w, https:\/\/apolinar.eu\/wp-content\/uploads\/2023\/08\/NOVE_211209_GPK_laktacni_poradna_A5_web-373x533.jpg 373w, https:\/\/apolinar.eu\/wp-content\/uploads\/2023\/08\/NOVE_211209_GPK_laktacni_poradna_A5_web-84x120.jpg 84w\" sizes=\"(max-width: 845px) 100vw, 845px\" \/>                                        <\/div>\r\n    <\/section>\r\n","protected":false},"excerpt":{"rendered":"","protected":false},"author":6,"featured_media":0,"parent":0,"menu_order":0,"comment_status":"closed","ping_status":"closed","template":"","meta":{"_acf_changed":false,"footnotes":""},"class_list":["post-2868","page","type-page","status-publish","hentry"],"acf":[],"yoast_head":"<!-- This site is optimized with the Yoast SEO plugin v26.2 - https:\/\/yoast.com\/wordpress\/plugins\/seo\/ -->\n<title>Lakta\u010dn\u00ed poradna - Porodnice U Apolin\u00e1\u0159e<\/title>\n<meta name=\"robots\" content=\"index, follow, max-snippet:-1, max-image-preview:large, max-video-preview:-1\" \/>\n<link rel=\"canonical\" href=\"https:\/\/apolinar.eu\/en\/laktacni-poradna\/\" \/>\n<meta property=\"og:locale\" content=\"en_US\" \/>\n<meta property=\"og:type\" content=\"article\" \/>\n<meta property=\"og:title\" content=\"Lakta\u010dn\u00ed poradna - Porodnice U Apolin\u00e1\u0159e\" \/>\n<meta property=\"og:url\" content=\"https:\/\/apolinar.eu\/en\/laktacni-poradna\/\" \/>\n<meta property=\"og:site_name\" content=\"Porodnice U Apolin\u00e1\u0159e\" \/>\n<meta property=\"article:modified_time\" content=\"2023-08-26T20:28:35+00:00\" \/>\n<meta name=\"twitter:card\" content=\"summary_large_image\" \/>\n<script type=\"application\/ld+json\" class=\"yoast-schema-graph\">{\"@context\":\"https:\/\/schema.org\",\"@graph\":[{\"@type\":\"WebPage\",\"@id\":\"https:\/\/apolinar.eu\/en\/laktacni-poradna\/\",\"url\":\"https:\/\/apolinar.eu\/en\/laktacni-poradna\/\",\"name\":\"Lakta\u010dn\u00ed poradna - Porodnice U Apolin\u00e1\u0159e\",\"isPartOf\":{\"@id\":\"https:\/\/apolinar.eu\/en\/#website\"},\"datePublished\":\"2023-07-30T15:02:13+00:00\",\"dateModified\":\"2023-08-26T20:28:35+00:00\",\"breadcrumb\":{\"@id\":\"https:\/\/apolinar.eu\/en\/laktacni-poradna\/#breadcrumb\"},\"inLanguage\":\"en-US\",\"potentialAction\":[{\"@type\":\"ReadAction\",\"target\":[\"https:\/\/apolinar.eu\/en\/laktacni-poradna\/\"]}]},{\"@type\":\"BreadcrumbList\",\"@id\":\"https:\/\/apolinar.eu\/en\/laktacni-poradna\/#breadcrumb\",\"itemListElement\":[{\"@type\":\"ListItem\",\"position\":1,\"name\":\"Dom\u016f\",\"item\":\"https:\/\/apolinar.eu\/en\/\"},{\"@type\":\"ListItem\",\"position\":2,\"name\":\"Lakta\u010dn\u00ed poradna\"}]},{\"@type\":\"WebSite\",\"@id\":\"https:\/\/apolinar.eu\/en\/#website\",\"url\":\"https:\/\/apolinar.eu\/en\/\",\"name\":\"Porodnice U Apolin\u00e1\u0159e\",\"description\":\"Klinika gynekologie, porodnictv\u00ed a neonatologie 1. LF UK a VFN v Praze\",\"potentialAction\":[{\"@type\":\"SearchAction\",\"target\":{\"@type\":\"EntryPoint\",\"urlTemplate\":\"https:\/\/apolinar.eu\/en\/?s={search_term_string}\"},\"query-input\":{\"@type\":\"PropertyValueSpecification\",\"valueRequired\":true,\"valueName\":\"search_term_string\"}}],\"inLanguage\":\"en-US\"}]}<\/script>\n<!-- \/ Yoast SEO plugin. -->","yoast_head_json":{"title":"Lakta\u010dn\u00ed poradna - Porodnice U Apolin\u00e1\u0159e","robots":{"index":"index","follow":"follow","max-snippet":"max-snippet:-1","max-image-preview":"max-image-preview:large","max-video-preview":"max-video-preview:-1"},"canonical":"https:\/\/apolinar.eu\/en\/laktacni-poradna\/","og_locale":"en_US","og_type":"article","og_title":"Lakta\u010dn\u00ed poradna - Porodnice U Apolin\u00e1\u0159e","og_url":"https:\/\/apolinar.eu\/en\/laktacni-poradna\/","og_site_name":"Porodnice U Apolin\u00e1\u0159e","article_modified_time":"2023-08-26T20:28:35+00:00","twitter_card":"summary_large_image","schema":{"@context":"https:\/\/schema.org","@graph":[{"@type":"WebPage","@id":"https:\/\/apolinar.eu\/en\/laktacni-poradna\/","url":"https:\/\/apolinar.eu\/en\/laktacni-poradna\/","name":"Lakta\u010dn\u00ed poradna - Porodnice U Apolin\u00e1\u0159e","isPartOf":{"@id":"https:\/\/apolinar.eu\/en\/#website"},"datePublished":"2023-07-30T15:02:13+00:00","dateModified":"2023-08-26T20:28:35+00:00","breadcrumb":{"@id":"https:\/\/apolinar.eu\/en\/laktacni-poradna\/#breadcrumb"},"inLanguage":"en-US","potentialAction":[{"@type":"ReadAction","target":["https:\/\/apolinar.eu\/en\/laktacni-poradna\/"]}]},{"@type":"BreadcrumbList","@id":"https:\/\/apolinar.eu\/en\/laktacni-poradna\/#breadcrumb","itemListElement":[{"@type":"ListItem","position":1,"name":"Dom\u016f","item":"https:\/\/apolinar.eu\/en\/"},{"@type":"ListItem","position":2,"name":"Lakta\u010dn\u00ed poradna"}]},{"@type":"WebSite","@id":"https:\/\/apolinar.eu\/en\/#website","url":"https:\/\/apolinar.eu\/en\/","name":"Porodnice U Apolin\u00e1\u0159e","description":"Klinika gynekologie, porodnictv\u00ed a neonatologie 1. LF UK a VFN v Praze","potentialAction":[{"@type":"SearchAction","target":{"@type":"EntryPoint","urlTemplate":"https:\/\/apolinar.eu\/en\/?s={search_term_string}"},"query-input":{"@type":"PropertyValueSpecification","valueRequired":true,"valueName":"search_term_string"}}],"inLanguage":"en-US"}]}},"_links":{"self":[{"href":"https:\/\/apolinar.eu\/en\/wp-json\/wp\/v2\/pages\/2868","targetHints":{"allow":["GET"]}}],"collection":[{"href":"https:\/\/apolinar.eu\/en\/wp-json\/wp\/v2\/pages"}],"about":[{"href":"https:\/\/apolinar.eu\/en\/wp-json\/wp\/v2\/types\/page"}],"author":[{"embeddable":true,"href":"https:\/\/apolinar.eu\/en\/wp-json\/wp\/v2\/users\/6"}],"replies":[{"embeddable":true,"href":"https:\/\/apolinar.eu\/en\/wp-json\/wp\/v2\/comments?post=2868"}],"version-history":[{"count":13,"href":"https:\/\/apolinar.eu\/en\/wp-json\/wp\/v2\/pages\/2868\/revisions"}],"predecessor-version":[{"id":3862,"href":"https:\/\/apolinar.eu\/en\/wp-json\/wp\/v2\/pages\/2868\/revisions\/3862"}],"wp:attachment":[{"href":"https:\/\/apolinar.eu\/en\/wp-json\/wp\/v2\/media?parent=2868"}],"curies":[{"name":"wp","href":"https:\/\/api.w.org\/{rel}","templated":true}]}}