{"id":2288,"date":"2023-07-15T09:17:22","date_gmt":"2023-07-15T07:17:22","guid":{"rendered":"https:\/\/apolinar.eu\/?page_id=2288"},"modified":"2023-07-19T15:26:38","modified_gmt":"2023-07-19T13:26:38","slug":"centrum-asistovane-reprodukce-pro-odborniky","status":"publish","type":"page","link":"https:\/\/apolinar.eu\/en\/centrum-asistovane-reprodukce-pro-odborniky\/","title":{"rendered":"Centrum asistovan\u00e9 reprodukce &#8211; pro odborn\u00edky"},"content":{"rendered":"                <!-- TEXT BLOCK -->\r\n        <section\r\n                class=\"pdt-80 pdb-80 \"\r\n            >\r\n            <div class=\"wrapper2 text_block\">\r\n                <h2 class=\"title_h2 text_center_mdm\">Centrum asistovan\u00e9 reprodukce<\/h2>                                                                                                <div class=\"page_content reset_margins\">\r\n                                                                                        <p><span data-contrast=\"none\">Na\u0161e centrum je jedine\u010dn\u00e9 t\u00edm, \u017ee dok\u00e1\u017eeme pacientk\u00e1m na jednom pracovi\u0161ti zajistit kompletn\u00ed p\u00e9\u010di o gynekologick\u00e9 obt\u00ed\u017ee, l\u00e9\u010dbu neplodnosti a n\u00e1sledn\u011b i p\u0159edporodn\u00ed p\u00e9\u010di a porod. V\u0161e na sebe navazuje rychle a bez zbyte\u010dn\u00fdch pr\u016ftah\u016f.<\/span><span data-ccp-props=\"{&quot;335559739&quot;:160}\">\u00a0<\/span><\/p>\n<p><span data-contrast=\"none\">Jsme nejv\u011bt\u0161\u00ed st\u00e1tn\u00ed centrum asistovan\u00e9 reprodukce v \u010cesk\u00e9 republice. V roce 2022 u n\u00e1s prob\u011bhlo 569 punkc\u00ed folikul\u00e1rn\u00ed tekutiny v r\u00e1mci programu IVF a 247 intrauterinn\u00edch inseminac\u00ed. Provedli jsme 306 transfer\u016f \u010derstv\u00fdch embry\u00ed a 395 transfer\u016f zmrazen\u00fdch embry\u00ed. Pravd\u011bpodobnost dosa\u017een\u00ed gravidity u \u017een do 35 let po embryotransferu embrya byla 36 %. Celkem jsme dos\u00e1hli 187 gravidit po transferech embry\u00ed v IVF programu a 20 gravidit po proveden\u00fdch intrauterinn\u00edch inseminac\u00edch.<\/span><span data-ccp-props=\"{&quot;335559739&quot;:160}\">\u00a0<\/span><\/p>\n<p><span data-contrast=\"none\">Na na\u0161em pracovi\u0161ti pracujeme s pacientkami v\u0161ech v\u011bkov\u00fdch skupin a jsme schopni l\u00e9\u010dit i \u017eeny, kter\u00e9 jin\u00e1 centra s ambulantn\u00edm re\u017eimem l\u00e9\u010dby odm\u00edtaj\u00ed pro jejich zdravotn\u00ed komplikace.\u202f<\/span><span data-ccp-props=\"{&quot;335559739&quot;:160}\">\u00a0<\/span><\/p>\n<p><span data-contrast=\"none\">Embryologov\u00e9 na\u0161\u00ed embryologick\u00e9 laborato\u0159e nab\u00edz\u00ed i vysoce specializovan\u00e9 metody jako je vizualizace d\u011bl\u00edc\u00edho v\u0159et\u00e9nka oocytu, na n\u00ed\u017e pracujeme v r\u00e1mci grantu, kter\u00fd n\u00e1m byl v roce 2022 ud\u011blen. Na\u0161e v\u00fdsledky jsme v roce 2022 prezentovali i na celost\u00e1tn\u00ed konferenci Sekce asistovan\u00e9 reprodukce v Brn\u011b (na fotografii). Byla n\u00e1m vyd\u00e1na publikace v impaktovan\u00e9m zahrani\u010dn\u00edm \u010dasopise s IF 6,8.\u202f<\/span><span data-ccp-props=\"{&quot;335559739&quot;:160}\">\u00a0<\/span><\/p>\n<p><span data-contrast=\"none\">V lo\u0148sk\u00e9m roce n\u00e1m byla MZ \u010cR ud\u011blena akreditace pro vzd\u011bl\u00e1vac\u00ed n\u00e1stavbov\u00fd obor Reproduk\u010dn\u00ed medic\u00edna, proto m\u016f\u017eeme poskytovat vzd\u011bl\u00e1n\u00ed i l\u00e9ka\u0159\u016fm, kte\u0159\u00ed se p\u0159ipravuj\u00ed na atestaci z tohoto n\u00e1stavbov\u00e9ho oboru.\u202f<\/span><span data-ccp-props=\"{&quot;335559739&quot;:160}\">\u00a0<\/span><\/p>\n<p><span data-contrast=\"none\">V neposledn\u00ed \u0159ad\u011b je v na\u0161em centru stmelen\u00fd kolektiv a o ka\u017edou pacientku \u010di p\u00e1r pe\u010dujeme individu\u00e1ln\u011b a s empati\u00ed.<\/span><span data-ccp-props=\"{&quot;335559739&quot;:160}\">\u00a0<\/span><\/p>\n<p><strong>MUDr. Simona Jirsov\u00e1, Ph.D., vedouc\u00ed l\u00e9ka\u0159ka Centra asistovan\u00e9 reprodukce\u200b\u00a0<\/strong><\/p>\n                                    <\/div>\r\n            <\/div>\r\n        <\/section>\r\n    ","protected":false},"excerpt":{"rendered":"","protected":false},"author":6,"featured_media":0,"parent":0,"menu_order":0,"comment_status":"closed","ping_status":"closed","template":"","meta":{"_acf_changed":false,"footnotes":""},"class_list":["post-2288","page","type-page","status-publish","hentry"],"acf":[],"yoast_head":"<!-- This site is optimized with the Yoast SEO plugin v26.2 - https:\/\/yoast.com\/wordpress\/plugins\/seo\/ -->\n<title>Centrum asistovan\u00e9 reprodukce - pro odborn\u00edky - Porodnice U Apolin\u00e1\u0159e<\/title>\n<meta name=\"robots\" content=\"index, follow, max-snippet:-1, max-image-preview:large, max-video-preview:-1\" \/>\n<link rel=\"canonical\" href=\"https:\/\/apolinar.eu\/en\/centrum-asistovane-reprodukce-pro-odborniky\/\" \/>\n<meta property=\"og:locale\" content=\"en_US\" \/>\n<meta property=\"og:type\" content=\"article\" \/>\n<meta property=\"og:title\" content=\"Centrum asistovan\u00e9 reprodukce - pro odborn\u00edky - Porodnice U Apolin\u00e1\u0159e\" \/>\n<meta property=\"og:url\" content=\"https:\/\/apolinar.eu\/en\/centrum-asistovane-reprodukce-pro-odborniky\/\" \/>\n<meta property=\"og:site_name\" content=\"Porodnice U Apolin\u00e1\u0159e\" \/>\n<meta property=\"article:modified_time\" content=\"2023-07-19T13:26:38+00:00\" \/>\n<meta name=\"twitter:card\" content=\"summary_large_image\" \/>\n<script type=\"application\/ld+json\" class=\"yoast-schema-graph\">{\"@context\":\"https:\/\/schema.org\",\"@graph\":[{\"@type\":\"WebPage\",\"@id\":\"https:\/\/apolinar.eu\/en\/centrum-asistovane-reprodukce-pro-odborniky\/\",\"url\":\"https:\/\/apolinar.eu\/en\/centrum-asistovane-reprodukce-pro-odborniky\/\",\"name\":\"Centrum asistovan\u00e9 reprodukce - pro odborn\u00edky - Porodnice U Apolin\u00e1\u0159e\",\"isPartOf\":{\"@id\":\"https:\/\/apolinar.eu\/en\/#website\"},\"datePublished\":\"2023-07-15T07:17:22+00:00\",\"dateModified\":\"2023-07-19T13:26:38+00:00\",\"breadcrumb\":{\"@id\":\"https:\/\/apolinar.eu\/en\/centrum-asistovane-reprodukce-pro-odborniky\/#breadcrumb\"},\"inLanguage\":\"en-US\",\"potentialAction\":[{\"@type\":\"ReadAction\",\"target\":[\"https:\/\/apolinar.eu\/en\/centrum-asistovane-reprodukce-pro-odborniky\/\"]}]},{\"@type\":\"BreadcrumbList\",\"@id\":\"https:\/\/apolinar.eu\/en\/centrum-asistovane-reprodukce-pro-odborniky\/#breadcrumb\",\"itemListElement\":[{\"@type\":\"ListItem\",\"position\":1,\"name\":\"Dom\u016f\",\"item\":\"https:\/\/apolinar.eu\/en\/\"},{\"@type\":\"ListItem\",\"position\":2,\"name\":\"Centrum asistovan\u00e9 reprodukce &#8211; pro odborn\u00edky\"}]},{\"@type\":\"WebSite\",\"@id\":\"https:\/\/apolinar.eu\/en\/#website\",\"url\":\"https:\/\/apolinar.eu\/en\/\",\"name\":\"Porodnice U Apolin\u00e1\u0159e\",\"description\":\"Klinika gynekologie, porodnictv\u00ed a neonatologie 1. LF UK a VFN v Praze\",\"potentialAction\":[{\"@type\":\"SearchAction\",\"target\":{\"@type\":\"EntryPoint\",\"urlTemplate\":\"https:\/\/apolinar.eu\/en\/?s={search_term_string}\"},\"query-input\":{\"@type\":\"PropertyValueSpecification\",\"valueRequired\":true,\"valueName\":\"search_term_string\"}}],\"inLanguage\":\"en-US\"}]}<\/script>\n<!-- \/ Yoast SEO plugin. -->","yoast_head_json":{"title":"Centrum asistovan\u00e9 reprodukce - pro odborn\u00edky - Porodnice U Apolin\u00e1\u0159e","robots":{"index":"index","follow":"follow","max-snippet":"max-snippet:-1","max-image-preview":"max-image-preview:large","max-video-preview":"max-video-preview:-1"},"canonical":"https:\/\/apolinar.eu\/en\/centrum-asistovane-reprodukce-pro-odborniky\/","og_locale":"en_US","og_type":"article","og_title":"Centrum asistovan\u00e9 reprodukce - pro odborn\u00edky - Porodnice U Apolin\u00e1\u0159e","og_url":"https:\/\/apolinar.eu\/en\/centrum-asistovane-reprodukce-pro-odborniky\/","og_site_name":"Porodnice U Apolin\u00e1\u0159e","article_modified_time":"2023-07-19T13:26:38+00:00","twitter_card":"summary_large_image","schema":{"@context":"https:\/\/schema.org","@graph":[{"@type":"WebPage","@id":"https:\/\/apolinar.eu\/en\/centrum-asistovane-reprodukce-pro-odborniky\/","url":"https:\/\/apolinar.eu\/en\/centrum-asistovane-reprodukce-pro-odborniky\/","name":"Centrum asistovan\u00e9 reprodukce - pro odborn\u00edky - Porodnice U Apolin\u00e1\u0159e","isPartOf":{"@id":"https:\/\/apolinar.eu\/en\/#website"},"datePublished":"2023-07-15T07:17:22+00:00","dateModified":"2023-07-19T13:26:38+00:00","breadcrumb":{"@id":"https:\/\/apolinar.eu\/en\/centrum-asistovane-reprodukce-pro-odborniky\/#breadcrumb"},"inLanguage":"en-US","potentialAction":[{"@type":"ReadAction","target":["https:\/\/apolinar.eu\/en\/centrum-asistovane-reprodukce-pro-odborniky\/"]}]},{"@type":"BreadcrumbList","@id":"https:\/\/apolinar.eu\/en\/centrum-asistovane-reprodukce-pro-odborniky\/#breadcrumb","itemListElement":[{"@type":"ListItem","position":1,"name":"Dom\u016f","item":"https:\/\/apolinar.eu\/en\/"},{"@type":"ListItem","position":2,"name":"Centrum asistovan\u00e9 reprodukce &#8211; pro odborn\u00edky"}]},{"@type":"WebSite","@id":"https:\/\/apolinar.eu\/en\/#website","url":"https:\/\/apolinar.eu\/en\/","name":"Porodnice U Apolin\u00e1\u0159e","description":"Klinika gynekologie, porodnictv\u00ed a neonatologie 1. LF UK a VFN v Praze","potentialAction":[{"@type":"SearchAction","target":{"@type":"EntryPoint","urlTemplate":"https:\/\/apolinar.eu\/en\/?s={search_term_string}"},"query-input":{"@type":"PropertyValueSpecification","valueRequired":true,"valueName":"search_term_string"}}],"inLanguage":"en-US"}]}},"_links":{"self":[{"href":"https:\/\/apolinar.eu\/en\/wp-json\/wp\/v2\/pages\/2288","targetHints":{"allow":["GET"]}}],"collection":[{"href":"https:\/\/apolinar.eu\/en\/wp-json\/wp\/v2\/pages"}],"about":[{"href":"https:\/\/apolinar.eu\/en\/wp-json\/wp\/v2\/types\/page"}],"author":[{"embeddable":true,"href":"https:\/\/apolinar.eu\/en\/wp-json\/wp\/v2\/users\/6"}],"replies":[{"embeddable":true,"href":"https:\/\/apolinar.eu\/en\/wp-json\/wp\/v2\/comments?post=2288"}],"version-history":[{"count":6,"href":"https:\/\/apolinar.eu\/en\/wp-json\/wp\/v2\/pages\/2288\/revisions"}],"predecessor-version":[{"id":2544,"href":"https:\/\/apolinar.eu\/en\/wp-json\/wp\/v2\/pages\/2288\/revisions\/2544"}],"wp:attachment":[{"href":"https:\/\/apolinar.eu\/en\/wp-json\/wp\/v2\/media?parent=2288"}],"curies":[{"name":"wp","href":"https:\/\/api.w.org\/{rel}","templated":true}]}}