{"id":2182,"date":"2023-07-14T00:17:29","date_gmt":"2023-07-13T22:17:29","guid":{"rendered":"https:\/\/apolinar.eu\/?page_id=2182"},"modified":"2023-09-03T17:44:04","modified_gmt":"2023-09-03T15:44:04","slug":"chci-se-objednat-k-chirurgickemu-vykonu-v-souvislosti-s-reprodukci","status":"publish","type":"page","link":"https:\/\/apolinar.eu\/en\/gynekologie\/chci-se-objednat-k-chirurgickemu-vykonu-v-souvislosti-s-reprodukci\/","title":{"rendered":"Chci se objednat k chirurgick\u00e9mu v\u00fdkonu v souvislosti s reprodukc\u00ed"},"content":{"rendered":"        <section\r\n            class=\"pdt-80 pdb-20 \"\r\n        >\r\n        <div class=\"wrapper2\">\r\n                            <div class=\"text_block observe anim_drop1 anim_delay\">\r\n                    <h1 class=\"title_h2 \">Chci se objednat k chirurgick\u00e9mu v\u00fdkonu v souvislosti s reprodukc\u00ed<\/h1>                                                            <div class=\"page_content reset_margins\">\r\n                        <p><\/p>\r\n                    <\/div>\r\n                                    <\/div>\r\n                    <\/div>\r\n    <\/section>\r\n\n\n                <!-- TEXT BLOCK -->\r\n        <section\r\n                class=\"pdt-20 pdb-20 bg3\"\r\n            >\r\n            <div class=\"wrapper2 text_block\">\r\n                                                                                                                <div class=\"page_content reset_margins\">\r\n                                                                                        <p><span data-contrast=\"none\">V ambulanci reproduk\u010dn\u00ed chirurgie s v\u00e1mi odborn\u00edci proberou mo\u017enosti \u0159e\u0161en\u00ed probl\u00e9m\u016f souvisej\u00edc\u00edch s reprodukc\u00ed. Mezi tyto pat\u0159\u00ed mimo jin\u00e9:<\/span><span data-ccp-props=\"{&quot;201341983&quot;:1,&quot;335559739&quot;:160,&quot;335559740&quot;:240}\">\u00a0<\/span><\/p>\n<ul>\n<li data-leveltext=\"\u00b7\" data-font=\"Symbol\" data-listid=\"1\" data-list-defn-props=\"{&quot;335552541&quot;:1,&quot;335559684&quot;:-2,&quot;335559685&quot;:720,&quot;335559991&quot;:360,&quot;469769226&quot;:&quot;Symbol&quot;,&quot;469769242&quot;:[8226],&quot;469777803&quot;:&quot;left&quot;,&quot;469777804&quot;:&quot;\u00b7&quot;,&quot;469777815&quot;:&quot;hybridMultilevel&quot;}\" aria-setsize=\"-1\" data-aria-posinset=\"1\" data-aria-level=\"1\"><span data-contrast=\"auto\">d\u011blo\u017en\u00ed myomy,<\/span><span data-ccp-props=\"{&quot;201341983&quot;:0,&quot;335559739&quot;:160,&quot;335559740&quot;:259}\">\u00a0<\/span><\/li>\n<li data-leveltext=\"\u00b7\" data-font=\"Symbol\" data-listid=\"1\" data-list-defn-props=\"{&quot;335552541&quot;:1,&quot;335559684&quot;:-2,&quot;335559685&quot;:720,&quot;335559991&quot;:360,&quot;469769226&quot;:&quot;Symbol&quot;,&quot;469769242&quot;:[8226],&quot;469777803&quot;:&quot;left&quot;,&quot;469777804&quot;:&quot;\u00b7&quot;,&quot;469777815&quot;:&quot;hybridMultilevel&quot;}\" aria-setsize=\"-1\" data-aria-posinset=\"2\" data-aria-level=\"1\"><span data-contrast=\"auto\">adenomy\u00f3za,<\/span><span data-ccp-props=\"{&quot;201341983&quot;:0,&quot;335559739&quot;:160,&quot;335559740&quot;:259}\">\u00a0<\/span><\/li>\n<li data-leveltext=\"\u00b7\" data-font=\"Symbol\" data-listid=\"1\" data-list-defn-props=\"{&quot;335552541&quot;:1,&quot;335559684&quot;:-2,&quot;335559685&quot;:720,&quot;335559991&quot;:360,&quot;469769226&quot;:&quot;Symbol&quot;,&quot;469769242&quot;:[8226],&quot;469777803&quot;:&quot;left&quot;,&quot;469777804&quot;:&quot;\u00b7&quot;,&quot;469777815&quot;:&quot;hybridMultilevel&quot;}\" aria-setsize=\"-1\" data-aria-posinset=\"1\" data-aria-level=\"1\"><span data-contrast=\"auto\">Asherman\u016fv syndrom (sr\u016fsty v dutin\u011b d\u011blo\u017en\u00ed),<\/span><span data-ccp-props=\"{&quot;201341983&quot;:0,&quot;335559739&quot;:160,&quot;335559740&quot;:259}\">\u00a0<\/span><\/li>\n<li data-leveltext=\"\u00b7\" data-font=\"Symbol\" data-listid=\"1\" data-list-defn-props=\"{&quot;335552541&quot;:1,&quot;335559684&quot;:-2,&quot;335559685&quot;:720,&quot;335559991&quot;:360,&quot;469769226&quot;:&quot;Symbol&quot;,&quot;469769242&quot;:[8226],&quot;469777803&quot;:&quot;left&quot;,&quot;469777804&quot;:&quot;\u00b7&quot;,&quot;469777815&quot;:&quot;hybridMultilevel&quot;}\" aria-setsize=\"-1\" data-aria-posinset=\"2\" data-aria-level=\"1\"><span data-contrast=\"auto\">defekt jizvy po c\u00edsa\u0159sk\u00e9m \u0159ezu (niche),<\/span><span data-ccp-props=\"{&quot;201341983&quot;:0,&quot;335559739&quot;:160,&quot;335559740&quot;:259}\">\u00a0<\/span><\/li>\n<li data-leveltext=\"\u00b7\" data-font=\"Symbol\" data-listid=\"1\" data-list-defn-props=\"{&quot;335552541&quot;:1,&quot;335559684&quot;:-2,&quot;335559685&quot;:720,&quot;335559991&quot;:360,&quot;469769226&quot;:&quot;Symbol&quot;,&quot;469769242&quot;:[8226],&quot;469777803&quot;:&quot;left&quot;,&quot;469777804&quot;:&quot;\u00b7&quot;,&quot;469777815&quot;:&quot;hybridMultilevel&quot;}\" aria-setsize=\"-1\" data-aria-posinset=\"3\" data-aria-level=\"1\"><span data-contrast=\"auto\">atypicky lokalizovan\u00e9 mimod\u011blo\u017en\u00ed t\u011bhotenstv\u00ed,\u00a0<\/span><span data-ccp-props=\"{&quot;201341983&quot;:0,&quot;335559739&quot;:160,&quot;335559740&quot;:259}\">\u00a0<\/span><\/li>\n<li data-leveltext=\"\u00b7\" data-font=\"Symbol\" data-listid=\"1\" data-list-defn-props=\"{&quot;335552541&quot;:1,&quot;335559684&quot;:-2,&quot;335559685&quot;:720,&quot;335559991&quot;:360,&quot;469769226&quot;:&quot;Symbol&quot;,&quot;469769242&quot;:[8226],&quot;469777803&quot;:&quot;left&quot;,&quot;469777804&quot;:&quot;\u00b7&quot;,&quot;469777815&quot;:&quot;hybridMultilevel&quot;}\" aria-setsize=\"-1\" data-aria-posinset=\"4\" data-aria-level=\"1\"><span data-contrast=\"auto\">komplikovan\u00e1 t\u011bhotensk\u00e1 residua.<\/span><span data-ccp-props=\"{&quot;201341983&quot;:0,&quot;335559739&quot;:160,&quot;335559740&quot;:259}\">\u00a0<\/span><\/li>\n<\/ul>\n                                    <\/div>\r\n            <\/div>\r\n        <\/section>\r\n    \n\n    <!-- BLOK I - Neonatologie -->\r\n    <section\r\n            class=\"pdt-40 pdb-40 \"\r\n        >\r\n        <div class=\"wrapper2\">\r\n            <div class=\"grid small-space\">\r\n                <!-- LEFT SIDE -->\r\n                <div class=\"text_block col_equal col1_lgm pdr-20 pd-0lg observe anim_drop1 anim_delay\">\r\n                    <h2 class=\"title_h3 \">V\u0161eobecn\u00e1 gynekologick\u00e1 ambulance<\/h2>                    <div class=\"tags responsive text_w500\">\r\n                        <div class=\"inner\">\r\n                                                                                                                                                <a href=\"tel:224967491\"> 224 967 491<\/a>\r\n                                                                                                                    <span>p\u0159\u00edzem\u00ed, vpravo <\/span>\r\n                                                    <\/div>\r\n                    <\/div>\r\n                    <div class=\"page_content reset_margins\">\r\n                        Mo\u017enost objedn\u00e1n\u00ed na telefonick\u00e9 \u010d\u00edsle uveden\u00e9m v\u00fd\u0161e.                    <\/div>\r\n                                                        <\/div>\r\n                <!-- RIGHT SIDE -->\r\n                <div class=\"col_default w370_lg col1_lgm list_items mgt-40lg observe anim_drop1 anim_delay\">\r\n                    <div class=\"bg3 radius10 pd-30 pd-25md\">\r\n                        <h3 class=\"title_h5 color2 text_uc text_w500\">\r\n                            Office hours                        <\/h3>\r\n                                                                            <table class=\"table_hours text_s16 mgt-10\">\r\n                                                                    <tr>\r\n                                        <th scope=\"row\">Monday<\/th>\r\n                                                                                    <td>8:00 &#8211; 12:30<\/td>\r\n                                                                                    <td>13:00 &#8211; 15:00<\/td>\r\n                                                                            <\/tr>\r\n                                                                    <tr>\r\n                                        <th scope=\"row\">Tuesday<\/th>\r\n                                                                                    <td>8:00 &#8211; 12:30<\/td>\r\n                                                                                    <td>13:00 &#8211; 15:00<\/td>\r\n                                                                            <\/tr>\r\n                                                                    <tr>\r\n                                        <th scope=\"row\">Wednesday<\/th>\r\n                                                                                    <td>8:00 &#8211; 12:30<\/td>\r\n                                                                                    <td>13:00 &#8211; 15:00<\/td>\r\n                                                                            <\/tr>\r\n                                                                    <tr>\r\n                                        <th scope=\"row\">Thursday<\/th>\r\n                                                                                    <td>8:00 &#8211; 12:30<\/td>\r\n                                                                                    <td>13:00 &#8211; 15:00<\/td>\r\n                                                                            <\/tr>\r\n                                                                    <tr>\r\n                                        <th scope=\"row\">Friday<\/th>\r\n                                                                                    <td>8:00 &#8211; 12:30<\/td>\r\n                                                                                    <td>13:00 &#8211; 15:00<\/td>\r\n                                                                            <\/tr>\r\n                                                            <\/table>\r\n                                            <\/div>\r\n                <\/div>\r\n            <\/div>\r\n        <\/div>\r\n    <\/section>\r\n","protected":false},"excerpt":{"rendered":"","protected":false},"author":6,"featured_media":0,"parent":4067,"menu_order":0,"comment_status":"closed","ping_status":"closed","template":"","meta":{"_acf_changed":false,"footnotes":""},"class_list":["post-2182","page","type-page","status-publish","hentry"],"acf":[],"yoast_head":"<!-- This site is optimized with the Yoast SEO plugin v26.2 - https:\/\/yoast.com\/wordpress\/plugins\/seo\/ -->\n<title>Chci se objednat k chirurgick\u00e9mu v\u00fdkonu v souvislosti s reprodukc\u00ed - Porodnice U Apolin\u00e1\u0159e<\/title>\n<meta name=\"robots\" content=\"index, follow, max-snippet:-1, max-image-preview:large, max-video-preview:-1\" \/>\n<link rel=\"canonical\" href=\"https:\/\/apolinar.eu\/en\/gynekologie\/chci-se-objednat-k-chirurgickemu-vykonu-v-souvislosti-s-reprodukci\/\" \/>\n<meta property=\"og:locale\" content=\"en_US\" \/>\n<meta property=\"og:type\" content=\"article\" \/>\n<meta property=\"og:title\" content=\"Chci se objednat k chirurgick\u00e9mu v\u00fdkonu v souvislosti s reprodukc\u00ed - Porodnice U Apolin\u00e1\u0159e\" \/>\n<meta property=\"og:url\" content=\"https:\/\/apolinar.eu\/en\/gynekologie\/chci-se-objednat-k-chirurgickemu-vykonu-v-souvislosti-s-reprodukci\/\" \/>\n<meta property=\"og:site_name\" content=\"Porodnice U Apolin\u00e1\u0159e\" \/>\n<meta property=\"article:modified_time\" content=\"2023-09-03T15:44:04+00:00\" \/>\n<meta name=\"twitter:card\" content=\"summary_large_image\" \/>\n<script type=\"application\/ld+json\" class=\"yoast-schema-graph\">{\"@context\":\"https:\/\/schema.org\",\"@graph\":[{\"@type\":\"WebPage\",\"@id\":\"https:\/\/apolinar.eu\/en\/gynekologie\/chci-se-objednat-k-chirurgickemu-vykonu-v-souvislosti-s-reprodukci\/\",\"url\":\"https:\/\/apolinar.eu\/en\/gynekologie\/chci-se-objednat-k-chirurgickemu-vykonu-v-souvislosti-s-reprodukci\/\",\"name\":\"Chci se objednat k chirurgick\u00e9mu v\u00fdkonu v souvislosti s reprodukc\u00ed - Porodnice U Apolin\u00e1\u0159e\",\"isPartOf\":{\"@id\":\"https:\/\/apolinar.eu\/en\/#website\"},\"datePublished\":\"2023-07-13T22:17:29+00:00\",\"dateModified\":\"2023-09-03T15:44:04+00:00\",\"breadcrumb\":{\"@id\":\"https:\/\/apolinar.eu\/en\/gynekologie\/chci-se-objednat-k-chirurgickemu-vykonu-v-souvislosti-s-reprodukci\/#breadcrumb\"},\"inLanguage\":\"en-US\",\"potentialAction\":[{\"@type\":\"ReadAction\",\"target\":[\"https:\/\/apolinar.eu\/en\/gynekologie\/chci-se-objednat-k-chirurgickemu-vykonu-v-souvislosti-s-reprodukci\/\"]}]},{\"@type\":\"BreadcrumbList\",\"@id\":\"https:\/\/apolinar.eu\/en\/gynekologie\/chci-se-objednat-k-chirurgickemu-vykonu-v-souvislosti-s-reprodukci\/#breadcrumb\",\"itemListElement\":[{\"@type\":\"ListItem\",\"position\":1,\"name\":\"Dom\u016f\",\"item\":\"https:\/\/apolinar.eu\/en\/\"},{\"@type\":\"ListItem\",\"position\":2,\"name\":\"Gynekologie\",\"item\":\"https:\/\/apolinar.eu\/en\/gynekologie\/\"},{\"@type\":\"ListItem\",\"position\":3,\"name\":\"Chci se objednat k chirurgick\u00e9mu v\u00fdkonu v souvislosti s reprodukc\u00ed\"}]},{\"@type\":\"WebSite\",\"@id\":\"https:\/\/apolinar.eu\/en\/#website\",\"url\":\"https:\/\/apolinar.eu\/en\/\",\"name\":\"Porodnice U Apolin\u00e1\u0159e\",\"description\":\"Klinika gynekologie, porodnictv\u00ed a neonatologie 1. LF UK a VFN v Praze\",\"potentialAction\":[{\"@type\":\"SearchAction\",\"target\":{\"@type\":\"EntryPoint\",\"urlTemplate\":\"https:\/\/apolinar.eu\/en\/?s={search_term_string}\"},\"query-input\":{\"@type\":\"PropertyValueSpecification\",\"valueRequired\":true,\"valueName\":\"search_term_string\"}}],\"inLanguage\":\"en-US\"}]}<\/script>\n<!-- \/ Yoast SEO plugin. -->","yoast_head_json":{"title":"Chci se objednat k chirurgick\u00e9mu v\u00fdkonu v souvislosti s reprodukc\u00ed - Porodnice U Apolin\u00e1\u0159e","robots":{"index":"index","follow":"follow","max-snippet":"max-snippet:-1","max-image-preview":"max-image-preview:large","max-video-preview":"max-video-preview:-1"},"canonical":"https:\/\/apolinar.eu\/en\/gynekologie\/chci-se-objednat-k-chirurgickemu-vykonu-v-souvislosti-s-reprodukci\/","og_locale":"en_US","og_type":"article","og_title":"Chci se objednat k chirurgick\u00e9mu v\u00fdkonu v souvislosti s reprodukc\u00ed - Porodnice U Apolin\u00e1\u0159e","og_url":"https:\/\/apolinar.eu\/en\/gynekologie\/chci-se-objednat-k-chirurgickemu-vykonu-v-souvislosti-s-reprodukci\/","og_site_name":"Porodnice U Apolin\u00e1\u0159e","article_modified_time":"2023-09-03T15:44:04+00:00","twitter_card":"summary_large_image","schema":{"@context":"https:\/\/schema.org","@graph":[{"@type":"WebPage","@id":"https:\/\/apolinar.eu\/en\/gynekologie\/chci-se-objednat-k-chirurgickemu-vykonu-v-souvislosti-s-reprodukci\/","url":"https:\/\/apolinar.eu\/en\/gynekologie\/chci-se-objednat-k-chirurgickemu-vykonu-v-souvislosti-s-reprodukci\/","name":"Chci se objednat k chirurgick\u00e9mu v\u00fdkonu v souvislosti s reprodukc\u00ed - Porodnice U Apolin\u00e1\u0159e","isPartOf":{"@id":"https:\/\/apolinar.eu\/en\/#website"},"datePublished":"2023-07-13T22:17:29+00:00","dateModified":"2023-09-03T15:44:04+00:00","breadcrumb":{"@id":"https:\/\/apolinar.eu\/en\/gynekologie\/chci-se-objednat-k-chirurgickemu-vykonu-v-souvislosti-s-reprodukci\/#breadcrumb"},"inLanguage":"en-US","potentialAction":[{"@type":"ReadAction","target":["https:\/\/apolinar.eu\/en\/gynekologie\/chci-se-objednat-k-chirurgickemu-vykonu-v-souvislosti-s-reprodukci\/"]}]},{"@type":"BreadcrumbList","@id":"https:\/\/apolinar.eu\/en\/gynekologie\/chci-se-objednat-k-chirurgickemu-vykonu-v-souvislosti-s-reprodukci\/#breadcrumb","itemListElement":[{"@type":"ListItem","position":1,"name":"Dom\u016f","item":"https:\/\/apolinar.eu\/en\/"},{"@type":"ListItem","position":2,"name":"Gynekologie","item":"https:\/\/apolinar.eu\/en\/gynekologie\/"},{"@type":"ListItem","position":3,"name":"Chci se objednat k chirurgick\u00e9mu v\u00fdkonu v souvislosti s reprodukc\u00ed"}]},{"@type":"WebSite","@id":"https:\/\/apolinar.eu\/en\/#website","url":"https:\/\/apolinar.eu\/en\/","name":"Porodnice U Apolin\u00e1\u0159e","description":"Klinika gynekologie, porodnictv\u00ed a neonatologie 1. LF UK a VFN v Praze","potentialAction":[{"@type":"SearchAction","target":{"@type":"EntryPoint","urlTemplate":"https:\/\/apolinar.eu\/en\/?s={search_term_string}"},"query-input":{"@type":"PropertyValueSpecification","valueRequired":true,"valueName":"search_term_string"}}],"inLanguage":"en-US"}]}},"_links":{"self":[{"href":"https:\/\/apolinar.eu\/en\/wp-json\/wp\/v2\/pages\/2182","targetHints":{"allow":["GET"]}}],"collection":[{"href":"https:\/\/apolinar.eu\/en\/wp-json\/wp\/v2\/pages"}],"about":[{"href":"https:\/\/apolinar.eu\/en\/wp-json\/wp\/v2\/types\/page"}],"author":[{"embeddable":true,"href":"https:\/\/apolinar.eu\/en\/wp-json\/wp\/v2\/users\/6"}],"replies":[{"embeddable":true,"href":"https:\/\/apolinar.eu\/en\/wp-json\/wp\/v2\/comments?post=2182"}],"version-history":[{"count":9,"href":"https:\/\/apolinar.eu\/en\/wp-json\/wp\/v2\/pages\/2182\/revisions"}],"predecessor-version":[{"id":3377,"href":"https:\/\/apolinar.eu\/en\/wp-json\/wp\/v2\/pages\/2182\/revisions\/3377"}],"up":[{"embeddable":true,"href":"https:\/\/apolinar.eu\/en\/wp-json\/wp\/v2\/pages\/4067"}],"wp:attachment":[{"href":"https:\/\/apolinar.eu\/en\/wp-json\/wp\/v2\/media?parent=2182"}],"curies":[{"name":"wp","href":"https:\/\/api.w.org\/{rel}","templated":true}]}}