{"id":17774,"date":"2026-04-28T08:50:57","date_gmt":"2026-04-28T06:50:57","guid":{"rendered":"https:\/\/apolinar.eu\/?page_id=17774"},"modified":"2026-04-28T08:50:58","modified_gmt":"2026-04-28T06:50:58","slug":"jak-na-prvni-zoubky-aneb-pece-o-dutinu-ustni-pro-maminku-i-miminko","status":"publish","type":"page","link":"https:\/\/apolinar.eu\/en\/jak-na-prvni-zoubky-aneb-pece-o-dutinu-ustni-pro-maminku-i-miminko\/","title":{"rendered":"Jak na prvn\u00ed zoubky \u2013 aneb p\u00e9\u010de o dutinu \u00fastn\u00ed pro maminku i miminko"},"content":{"rendered":"        <section\r\n            class=\"pdt-80 pdb-40 \"\r\n        >\r\n        <div class=\"wrapper2\">\r\n                            <div class=\"text_block observe anim_drop1 anim_delay\">\r\n                    <h1 class=\"title_h2 \">Jak na prvn\u00ed zoubky \u2013 aneb p\u00e9\u010de o dutinu \u00fastn\u00ed pro maminku i miminko<\/h1>                                                                                            <h2 class=\"title_h3 color2\">\r\n                                21. 5. 2026 15:00 \u2013 17:00                            <\/h2>\r\n                                                                <div class=\"page_content reset_margins\">\r\n                        <p><div class=\"page_content reset_margins\">\n<div>Zveme V\u00e1s na praktick\u00fd kurz, kde V\u00e1s provedeme v\u0161\u00edm d\u016fle\u017eit\u00fdm \u2013 od spr\u00e1vn\u00e9 p\u00e9\u010de o Va\u0161e vlastn\u00ed zuby v t\u011bhotenstv\u00ed a\u017e po \u010di\u0161t\u011bn\u00ed prvn\u00edch zoubk\u016f Va\u0161eho d\u00edt\u011bte.<\/div>\n<\/div>\n<div><\/div>\n<div class=\"page_content reset_margins\">\n<div><strong>KURZ JE ZDARMA<\/strong><\/div>\n<h4>KDE KURZ PROB\u00cdH\u00c1?<\/h4>\n<div>\n<div class=\"page_content reset_margins\">\n<p>KURZ PROB\u00cdH\u00c1 V PROSTOR\u00c1CH PORODNICE U APOLIN\u00c1\u0158E.<br \/>\nSRAZ NA KURZ JE 10 MINUT P\u0158ED ZA\u010c\u00c1TKEM VE VR\u00c1TNICI PORODNICE.<\/p>\n<\/div>\n<\/div>\n<\/div>\n<\/p>\r\n                    <\/div>\r\n                                    <\/div>\r\n                    <\/div>\r\n    <\/section>\r\n\n\n        <section\r\n            class=\"pdt-40 pdb-40 bg3\"\r\n        >\r\n        <div class=\"wrapper2\">\r\n                            <div class=\"text_block observe anim_drop1 anim_delay\">\r\n                                                                                <div class=\"page_content reset_margins\">\r\n                        <p><div>V\u00edte, \u017ee z\u00e1klad pro zdrav\u00e9 d\u011btsk\u00e9 zuby vznik\u00e1 ji\u017e v dob\u011b, kdy je miminko teprve v b\u0159\u00ed\u0161ku?<\/div>\n<div><\/div>\n<div>Zveme V\u00e1s na praktick\u00fd kurz, kde V\u00e1s provedeme v\u0161\u00edm d\u016fle\u017eit\u00fdm \u2013 od spr\u00e1vn\u00e9 p\u00e9\u010de o Va\u0161e vlastn\u00ed zuby v t\u011bhotenstv\u00ed a\u017e po \u010di\u0161t\u011bn\u00ed prvn\u00edch zoubk\u016f Va\u0161eho d\u00edt\u011bte.<\/div>\n<div><\/div>\n<div>Spole\u010dn\u011b vyvr\u00e1t\u00edme za\u017eit\u00e9 m\u00fdty (nap\u0159\u00edklad ten, \u017ee ka\u017ed\u00e9 d\u00edt\u011b stoj\u00ed maminku jeden zub), uk\u00e1\u017eeme si, jak ulevit citliv\u00fdm d\u00e1sn\u00edm, detailn\u011b si rozebereme, jak\u00e9 kart\u00e1\u010dky a pom\u016fcky pro nejmen\u0161\u00ed opravdu funguj\u00ed. Z\u00edsk\u00e1te jistotu v tom, kdy s \u010di\u0161t\u011bn\u00edm za\u010d\u00edt a jak na to technicky\/prakticky. P\u0159ij\u010fte se dozv\u011bd\u011bt, jak d\u00e1t sv\u00e9mu d\u00edt\u011bti ten nejlep\u0161\u00ed z\u00e1klad pro z\u00e1\u0159iv\u00fd \u00fasm\u011bv na cel\u00fd \u017eivot.<\/div>\n<\/p>\r\n                    <\/div>\r\n                                    <\/div>\r\n                    <\/div>\r\n    <\/section>\r\n\n\n    <div class=\"wrapper2 pdt-40 pdb-80 pdt-30lg pdb-60lg \"\r\n        >\r\n        <div class=\"text_block\">\r\n            <h2 class=\"title_h2 \">Pros\u00edm, v p\u0159\u00edpad\u011b z\u00e1jmu vypl\u0148te formul\u00e1\u0159<\/h2>            <div class=\"page_content reset_margins\">\r\n                <p>.<\/p>\n            <\/div>\r\n        <\/div>\r\n                                                                                                                                                                                                                            <form action=\"#\"\r\n                  id=\"form_12474\"\r\n                  method=\"post\"\r\n                 enctype=\"multipart\/form-data\">\r\n                <div class=\"grid justify-center small-space mgt-15\">\r\n                                        <div class=\"col60p col1_lgm mgt-20 box pd-30\">\r\n                        <h2 class=\"title_h5 text_uc\">M\u00e1m z\u00e1jem o p\u0159edn\u00e1\u0161ku<\/h2>\r\n                        <div class=\"grid small-space align-start mgt-10\">\r\n                                                                                                                            <!-- LINE -->\r\n                                <label class=\"label col40p col1_mdm page_content mgt-10\"\r\n                                       for=\"jmeno-prijmeni\"\r\n                                       id=\"jmeno-prijmeni_label\">\r\n                                    Jm\u00e9no a p\u0159\u00edjmen\u00ed                                <\/label>\r\n                                                                                                                                            <div class=\"col60p col1_mdm mgt-10 mgt-5md\">\r\n                                        <input id=\"jmeno-prijmeni\"\r\n                                               type=\"text\"\r\n                                               value=\"\"\r\n                                               name=\"jmeno-prijmeni\"\r\n                                                                                           class=\"input_text\"\r\n                                               aria-labelledby=\"jmeno-prijmeni_label\"                                               aria-label=\"Jm\u00e9no a p\u0159\u00edjmen\u00ed\"                                                                                              required data-msg=\"This data is required\"                                        \/>\r\n                                    <\/div>\r\n                                                                                                                                                            <!-- LINE -->\r\n                                <label class=\"label col40p col1_mdm page_content mgt-10\"\r\n                                       for=\"kontaktni-e-mail\"\r\n                                       id=\"kontaktni-e-mail_label\">\r\n                                    Kontaktn\u00ed e-mail                                <\/label>\r\n                                                                                                                                            <div class=\"col60p col1_mdm mgt-10 mgt-5md\">\r\n                                        <input id=\"kontaktni-e-mail\"\r\n                                               type=\"email\"\r\n                                               value=\"\"\r\n                                               name=\"kontaktni-e-mail\"\r\n                                                                                           class=\"input_text\"\r\n                                               aria-labelledby=\"kontaktni-e-mail_label\"                                               aria-label=\"Kontaktn\u00ed e-mail\"                                                                                              required data-msg=\"This data is required\"                                        \/>\r\n                                    <\/div>\r\n                                                                                                                                                            <!-- LINE -->\r\n                                <label class=\"label col40p col1_mdm page_content mgt-10\"\r\n                                       for=\"kontaktni-telefon\"\r\n                                       id=\"kontaktni-telefon_label\">\r\n                                    Kontaktn\u00ed telefon                                <\/label>\r\n                                                                                                                                            <div class=\"col60p col1_mdm mgt-10 mgt-5md\">\r\n                                        <input id=\"kontaktni-telefon\"\r\n                                               type=\"text\"\r\n                                               value=\"\"\r\n                                               name=\"kontaktni-telefon\"\r\n                                                                                           class=\"input_text\"\r\n                                               aria-labelledby=\"kontaktni-telefon_label\"                                               aria-label=\"Kontaktn\u00ed telefon\"                                                                                              required data-msg=\"This data is required\"                                        \/>\r\n                                    <\/div>\r\n                                                                                                                                                                                                                            <\/div>\r\n                    <\/div>\r\n                                                                                                                                <div class=\"col60p col1_lgm mgt-20 self-center\">\r\n                                                                                                                                <label class=\"input_checkbox_cont mgt-5\">\r\n                                        <input type=\"hidden\"\r\n                                               name=\"souhlas\"\r\n                                               value=\"0\">\r\n                                        <input type=\"checkbox\"\r\n                                               value=\"1\"\r\n                                               id=\"souhlas_label\"\r\n                                               name=\"souhlas\"\r\n                                                                                              required data-msg=\"This data is required\"                                               class=\"input_checkbox\"\/>\r\n                                        <div class=\"input_checkbox_text\">\r\n                                            Odesl\u00e1n\u00edm formul\u00e1\u0159e d\u00e1v\u00e1te souhlas se zpracov\u00e1n\u00edm osobn\u00edch \u00fadaj\u016f uveden\u00fdch ve formul\u00e1\u0159i v\u00a0souladu s <a href=\"http:\/\/Odesl\u00e1n\u00edm formul\u00e1\u0159e d\u00e1v\u00e1te souhlas se zpracov\u00e1n\u00edm osobn\u00edch \u00fadaj\u016f uveden\u00fdch ve formul\u00e1\u0159i \u2026.. v souladu s pravidly zpracov\u00e1n\u00ed osobn\u00edch \u00fadaj\u016f ve V\u0161eobecn\u00e9 fakultn\u00ed nemocnici v Praze\u201c\" target=\"_blank\" rel=\"noopener\">pravidly zpracov\u00e1n\u00ed osobn\u00edch \u00fadaj\u016f ve V\u0161eobecn\u00e9 fakultn\u00ed nemocnici v Praze.<\/a>\n                                        <\/div>\r\n                                    <\/label>\r\n                                                                                                                                                                                <\/div>\r\n                                                                <script>\r\n                            document.addEventListener(\"DOMContentLoaded\", function () {\r\n                                const form = document.querySelector(\"#form_12474\");\r\n                                const submitButton = form.querySelector(\"button[type=submit]\");\r\n                                submitButton.addEventListener(\"click\", function (e) {\r\n                                    e.preventDefault();\r\n                                    grecaptcha.ready(function () {\r\n                                        grecaptcha.execute('6Ldw0NMnAAAAALfUKkR-EWc3yJQ0E90DhWKRStp5', {action: 'submit'}).then(function (token) {\r\n                                            if (form.querySelector(\"input[name=g-recaptcha-response]\")) {\r\n                                                form.querySelector(\"input[name=g-recaptcha-response]\").value = token;\r\n                                            } else {\r\n                                                const recaptchaInput = document.createElement(\"input\");\r\n                                                recaptchaInput.type = \"hidden\";\r\n                                                recaptchaInput.name = \"g-recaptcha-response\";\r\n                                                recaptchaInput.value = token;\r\n                                                form.appendChild(recaptchaInput);\r\n                                            }\r\n                                            form.submit();\r\n                                        });\r\n                                    });\r\n                                });\r\n                            });\r\n                        <\/script>\r\n                        <div class=\"col1 mgt-30 text_center\">\r\n                            <p class=\"text_center\" style=\"margin: 20px auto\">\r\n                                                            <\/p>\r\n                        <\/div>\r\n                                        <input type=\"hidden\" id=\"contact-form-nonce\" name=\"contact-form-nonce\" value=\"82bed1bac1\" \/><input type=\"hidden\" name=\"_wp_http_referer\" value=\"\/en\/wp-json\/wp\/v2\/pages\/17774\" \/>                                                                                                                                                                                                                                                                                                                                                                    <div class=\"col60p col1_lgm mgt-20 self-center\">\r\n                            <input type=\"hidden\" name=\"action\" value=\"submit_contact_form\"\/>\r\n                            <button type=\"submit\" class=\"btn_basic\">\r\n                                Odeslat                            <\/button>\r\n                        <\/div>\r\n                                    <\/div>\r\n            <\/form>\r\n            <\/div>\r\n","protected":false},"excerpt":{"rendered":"","protected":false},"author":6,"featured_media":0,"parent":0,"menu_order":0,"comment_status":"closed","ping_status":"closed","template":"","meta":{"_acf_changed":false,"footnotes":""},"class_list":["post-17774","page","type-page","status-publish","hentry"],"acf":[],"yoast_head":"<!-- This site is optimized with the Yoast SEO plugin v26.2 - https:\/\/yoast.com\/wordpress\/plugins\/seo\/ -->\n<title>Jak na prvn\u00ed zoubky \u2013 aneb p\u00e9\u010de o dutinu \u00fastn\u00ed pro maminku i miminko - Porodnice U Apolin\u00e1\u0159e<\/title>\n<meta name=\"robots\" content=\"index, follow, max-snippet:-1, max-image-preview:large, max-video-preview:-1\" \/>\n<link rel=\"canonical\" href=\"https:\/\/apolinar.eu\/en\/jak-na-prvni-zoubky-aneb-pece-o-dutinu-ustni-pro-maminku-i-miminko\/\" \/>\n<meta property=\"og:locale\" content=\"en_US\" \/>\n<meta property=\"og:type\" content=\"article\" \/>\n<meta property=\"og:title\" content=\"Jak na prvn\u00ed zoubky \u2013 aneb p\u00e9\u010de o dutinu \u00fastn\u00ed pro maminku i miminko - Porodnice U Apolin\u00e1\u0159e\" \/>\n<meta property=\"og:url\" content=\"https:\/\/apolinar.eu\/en\/jak-na-prvni-zoubky-aneb-pece-o-dutinu-ustni-pro-maminku-i-miminko\/\" \/>\n<meta property=\"og:site_name\" content=\"Porodnice U Apolin\u00e1\u0159e\" \/>\n<meta property=\"article:modified_time\" content=\"2026-04-28T06:50:58+00:00\" \/>\n<meta name=\"twitter:card\" content=\"summary_large_image\" \/>\n<script type=\"application\/ld+json\" class=\"yoast-schema-graph\">{\"@context\":\"https:\/\/schema.org\",\"@graph\":[{\"@type\":\"WebPage\",\"@id\":\"https:\/\/apolinar.eu\/en\/jak-na-prvni-zoubky-aneb-pece-o-dutinu-ustni-pro-maminku-i-miminko\/\",\"url\":\"https:\/\/apolinar.eu\/en\/jak-na-prvni-zoubky-aneb-pece-o-dutinu-ustni-pro-maminku-i-miminko\/\",\"name\":\"Jak na prvn\u00ed zoubky \u2013 aneb p\u00e9\u010de o dutinu \u00fastn\u00ed pro maminku i miminko - Porodnice U Apolin\u00e1\u0159e\",\"isPartOf\":{\"@id\":\"https:\/\/apolinar.eu\/en\/#website\"},\"datePublished\":\"2026-04-28T06:50:57+00:00\",\"dateModified\":\"2026-04-28T06:50:58+00:00\",\"breadcrumb\":{\"@id\":\"https:\/\/apolinar.eu\/en\/jak-na-prvni-zoubky-aneb-pece-o-dutinu-ustni-pro-maminku-i-miminko\/#breadcrumb\"},\"inLanguage\":\"en-US\",\"potentialAction\":[{\"@type\":\"ReadAction\",\"target\":[\"https:\/\/apolinar.eu\/en\/jak-na-prvni-zoubky-aneb-pece-o-dutinu-ustni-pro-maminku-i-miminko\/\"]}]},{\"@type\":\"BreadcrumbList\",\"@id\":\"https:\/\/apolinar.eu\/en\/jak-na-prvni-zoubky-aneb-pece-o-dutinu-ustni-pro-maminku-i-miminko\/#breadcrumb\",\"itemListElement\":[{\"@type\":\"ListItem\",\"position\":1,\"name\":\"Dom\u016f\",\"item\":\"https:\/\/apolinar.eu\/en\/\"},{\"@type\":\"ListItem\",\"position\":2,\"name\":\"Jak na prvn\u00ed zoubky \u2013 aneb p\u00e9\u010de o dutinu \u00fastn\u00ed pro maminku i miminko\"}]},{\"@type\":\"WebSite\",\"@id\":\"https:\/\/apolinar.eu\/en\/#website\",\"url\":\"https:\/\/apolinar.eu\/en\/\",\"name\":\"Porodnice U Apolin\u00e1\u0159e\",\"description\":\"Klinika gynekologie, porodnictv\u00ed a neonatologie 1. LF UK a VFN v Praze\",\"potentialAction\":[{\"@type\":\"SearchAction\",\"target\":{\"@type\":\"EntryPoint\",\"urlTemplate\":\"https:\/\/apolinar.eu\/en\/?s={search_term_string}\"},\"query-input\":{\"@type\":\"PropertyValueSpecification\",\"valueRequired\":true,\"valueName\":\"search_term_string\"}}],\"inLanguage\":\"en-US\"}]}<\/script>\n<!-- \/ Yoast SEO plugin. -->","yoast_head_json":{"title":"Jak na prvn\u00ed zoubky \u2013 aneb p\u00e9\u010de o dutinu \u00fastn\u00ed pro maminku i miminko - Porodnice U Apolin\u00e1\u0159e","robots":{"index":"index","follow":"follow","max-snippet":"max-snippet:-1","max-image-preview":"max-image-preview:large","max-video-preview":"max-video-preview:-1"},"canonical":"https:\/\/apolinar.eu\/en\/jak-na-prvni-zoubky-aneb-pece-o-dutinu-ustni-pro-maminku-i-miminko\/","og_locale":"en_US","og_type":"article","og_title":"Jak na prvn\u00ed zoubky \u2013 aneb p\u00e9\u010de o dutinu \u00fastn\u00ed pro maminku i miminko - Porodnice U Apolin\u00e1\u0159e","og_url":"https:\/\/apolinar.eu\/en\/jak-na-prvni-zoubky-aneb-pece-o-dutinu-ustni-pro-maminku-i-miminko\/","og_site_name":"Porodnice U Apolin\u00e1\u0159e","article_modified_time":"2026-04-28T06:50:58+00:00","twitter_card":"summary_large_image","schema":{"@context":"https:\/\/schema.org","@graph":[{"@type":"WebPage","@id":"https:\/\/apolinar.eu\/en\/jak-na-prvni-zoubky-aneb-pece-o-dutinu-ustni-pro-maminku-i-miminko\/","url":"https:\/\/apolinar.eu\/en\/jak-na-prvni-zoubky-aneb-pece-o-dutinu-ustni-pro-maminku-i-miminko\/","name":"Jak na prvn\u00ed zoubky \u2013 aneb p\u00e9\u010de o dutinu \u00fastn\u00ed pro maminku i miminko - Porodnice U Apolin\u00e1\u0159e","isPartOf":{"@id":"https:\/\/apolinar.eu\/en\/#website"},"datePublished":"2026-04-28T06:50:57+00:00","dateModified":"2026-04-28T06:50:58+00:00","breadcrumb":{"@id":"https:\/\/apolinar.eu\/en\/jak-na-prvni-zoubky-aneb-pece-o-dutinu-ustni-pro-maminku-i-miminko\/#breadcrumb"},"inLanguage":"en-US","potentialAction":[{"@type":"ReadAction","target":["https:\/\/apolinar.eu\/en\/jak-na-prvni-zoubky-aneb-pece-o-dutinu-ustni-pro-maminku-i-miminko\/"]}]},{"@type":"BreadcrumbList","@id":"https:\/\/apolinar.eu\/en\/jak-na-prvni-zoubky-aneb-pece-o-dutinu-ustni-pro-maminku-i-miminko\/#breadcrumb","itemListElement":[{"@type":"ListItem","position":1,"name":"Dom\u016f","item":"https:\/\/apolinar.eu\/en\/"},{"@type":"ListItem","position":2,"name":"Jak na prvn\u00ed zoubky \u2013 aneb p\u00e9\u010de o dutinu \u00fastn\u00ed pro maminku i miminko"}]},{"@type":"WebSite","@id":"https:\/\/apolinar.eu\/en\/#website","url":"https:\/\/apolinar.eu\/en\/","name":"Porodnice U Apolin\u00e1\u0159e","description":"Klinika gynekologie, porodnictv\u00ed a neonatologie 1. LF UK a VFN v Praze","potentialAction":[{"@type":"SearchAction","target":{"@type":"EntryPoint","urlTemplate":"https:\/\/apolinar.eu\/en\/?s={search_term_string}"},"query-input":{"@type":"PropertyValueSpecification","valueRequired":true,"valueName":"search_term_string"}}],"inLanguage":"en-US"}]}},"_links":{"self":[{"href":"https:\/\/apolinar.eu\/en\/wp-json\/wp\/v2\/pages\/17774","targetHints":{"allow":["GET"]}}],"collection":[{"href":"https:\/\/apolinar.eu\/en\/wp-json\/wp\/v2\/pages"}],"about":[{"href":"https:\/\/apolinar.eu\/en\/wp-json\/wp\/v2\/types\/page"}],"author":[{"embeddable":true,"href":"https:\/\/apolinar.eu\/en\/wp-json\/wp\/v2\/users\/6"}],"replies":[{"embeddable":true,"href":"https:\/\/apolinar.eu\/en\/wp-json\/wp\/v2\/comments?post=17774"}],"version-history":[{"count":1,"href":"https:\/\/apolinar.eu\/en\/wp-json\/wp\/v2\/pages\/17774\/revisions"}],"predecessor-version":[{"id":17777,"href":"https:\/\/apolinar.eu\/en\/wp-json\/wp\/v2\/pages\/17774\/revisions\/17777"}],"wp:attachment":[{"href":"https:\/\/apolinar.eu\/en\/wp-json\/wp\/v2\/media?parent=17774"}],"curies":[{"name":"wp","href":"https:\/\/api.w.org\/{rel}","templated":true}]}}