{"id":15604,"date":"2025-10-07T15:18:12","date_gmt":"2025-10-07T13:18:12","guid":{"rendered":"https:\/\/apolinar.eu\/?page_id=15604"},"modified":"2025-11-25T11:46:34","modified_gmt":"2025-11-25T10:46:34","slug":"ambulance-pro-nemoci-prsu","status":"publish","type":"page","link":"https:\/\/apolinar.eu\/en\/ambulance-pro-nemoci-prsu\/","title":{"rendered":"\u00a0Program prevence"},"content":{"rendered":"                <!-- TEXT BLOCK -->\r\n        <section\r\n                class=\"pdt-80 pdb-40 \"\r\n            >\r\n            <div class=\"wrapper2 text_block\">\r\n                <h2 class=\"title_h2 text_center_mdm\">Ambulance pro nemoci prsu<\/h2>                                                                                    <h3 class=\"title_h3 text_center_mdm\">Je V\u00e1m 25 let a v\u00edce a chcete zn\u00e1t jak\u00e9 je riziko, \u017ee se u V\u00e1s vyvine v n\u00e1sleduj\u00edc\u00edch letech  rakovina prsu? Nav\u0161tivte na\u0161i ambulanci!<\/h3>\r\n                                                <div class=\"page_content reset_margins\">\r\n                                                                                        <h3><span style=\"color: #333399;\"><strong>Jak postupovat:<\/strong><\/span><\/h3>\n<ul>\n<li>St\u00e1hn\u011bte a vypl\u0148te soubor &#8211; <strong><a href=\"https:\/\/apolinar.eu\/wp-content\/uploads\/2025\/11\/Anamnesticky-dotaznik-ready.pdf\" target=\"_blank\" rel=\"noopener\">ZDE<\/a><\/strong><\/li>\n<li>Zad\u00e1vejte pouze ov\u011b\u0159en\u00e9 informace, informace, kter\u00e9 ov\u011b\u0159it nem\u016f\u017eete, nevypl\u0148ujte<\/li>\n<li>Soubor vytiskn\u011bte a p\u0159ineste s sebou do ambulance<\/li>\n<li>Interpretace v\u00fdsledku s l\u00e9ka\u0159em v\u010detn\u011b doporu\u010den\u00ed<\/li>\n<\/ul>\n                                    <\/div>\r\n            <\/div>\r\n        <\/section>\r\n    \n\n                <!-- TEXT BLOCK -->\r\n        <section\r\n                class=\"pdt-40 pdb-40 bg3\"\r\n            >\r\n            <div class=\"wrapper2 text_block\">\r\n                                                                                                                <div class=\"page_content reset_margins\">\r\n                                                                                        <h3>S vypln\u011bn\u00fdm dotazn\u00edkem se pros\u00edm objednejte na tel: +420 607 115 051<\/h3>\n                                    <\/div>\r\n            <\/div>\r\n        <\/section>\r\n    ","protected":false},"excerpt":{"rendered":"","protected":false},"author":6,"featured_media":0,"parent":0,"menu_order":0,"comment_status":"closed","ping_status":"closed","template":"","meta":{"_acf_changed":false,"footnotes":""},"class_list":["post-15604","page","type-page","status-publish","hentry"],"acf":[],"yoast_head":"<!-- This site is optimized with the Yoast SEO plugin v26.2 - https:\/\/yoast.com\/wordpress\/plugins\/seo\/ -->\n<title>\u00a0Program prevence - Porodnice U Apolin\u00e1\u0159e<\/title>\n<meta name=\"robots\" content=\"index, follow, max-snippet:-1, max-image-preview:large, max-video-preview:-1\" \/>\n<link rel=\"canonical\" href=\"https:\/\/apolinar.eu\/en\/ambulance-pro-nemoci-prsu\/\" \/>\n<meta property=\"og:locale\" content=\"en_US\" \/>\n<meta property=\"og:type\" content=\"article\" \/>\n<meta property=\"og:title\" content=\"\u00a0Program prevence - Porodnice U Apolin\u00e1\u0159e\" \/>\n<meta property=\"og:url\" content=\"https:\/\/apolinar.eu\/en\/ambulance-pro-nemoci-prsu\/\" \/>\n<meta property=\"og:site_name\" content=\"Porodnice U Apolin\u00e1\u0159e\" \/>\n<meta property=\"article:modified_time\" content=\"2025-11-25T10:46:34+00:00\" \/>\n<meta name=\"twitter:card\" content=\"summary_large_image\" \/>\n<script type=\"application\/ld+json\" class=\"yoast-schema-graph\">{\"@context\":\"https:\/\/schema.org\",\"@graph\":[{\"@type\":\"WebPage\",\"@id\":\"https:\/\/apolinar.eu\/en\/ambulance-pro-nemoci-prsu\/\",\"url\":\"https:\/\/apolinar.eu\/en\/ambulance-pro-nemoci-prsu\/\",\"name\":\"\u00a0Program prevence - Porodnice U Apolin\u00e1\u0159e\",\"isPartOf\":{\"@id\":\"https:\/\/apolinar.eu\/en\/#website\"},\"datePublished\":\"2025-10-07T13:18:12+00:00\",\"dateModified\":\"2025-11-25T10:46:34+00:00\",\"breadcrumb\":{\"@id\":\"https:\/\/apolinar.eu\/en\/ambulance-pro-nemoci-prsu\/#breadcrumb\"},\"inLanguage\":\"en-US\",\"potentialAction\":[{\"@type\":\"ReadAction\",\"target\":[\"https:\/\/apolinar.eu\/en\/ambulance-pro-nemoci-prsu\/\"]}]},{\"@type\":\"BreadcrumbList\",\"@id\":\"https:\/\/apolinar.eu\/en\/ambulance-pro-nemoci-prsu\/#breadcrumb\",\"itemListElement\":[{\"@type\":\"ListItem\",\"position\":1,\"name\":\"Dom\u016f\",\"item\":\"https:\/\/apolinar.eu\/en\/\"},{\"@type\":\"ListItem\",\"position\":2,\"name\":\"\u00a0Program prevence\"}]},{\"@type\":\"WebSite\",\"@id\":\"https:\/\/apolinar.eu\/en\/#website\",\"url\":\"https:\/\/apolinar.eu\/en\/\",\"name\":\"Porodnice U Apolin\u00e1\u0159e\",\"description\":\"Klinika gynekologie, porodnictv\u00ed a neonatologie 1. LF UK a VFN v Praze\",\"potentialAction\":[{\"@type\":\"SearchAction\",\"target\":{\"@type\":\"EntryPoint\",\"urlTemplate\":\"https:\/\/apolinar.eu\/en\/?s={search_term_string}\"},\"query-input\":{\"@type\":\"PropertyValueSpecification\",\"valueRequired\":true,\"valueName\":\"search_term_string\"}}],\"inLanguage\":\"en-US\"}]}<\/script>\n<!-- \/ Yoast SEO plugin. -->","yoast_head_json":{"title":"\u00a0Program prevence - Porodnice U Apolin\u00e1\u0159e","robots":{"index":"index","follow":"follow","max-snippet":"max-snippet:-1","max-image-preview":"max-image-preview:large","max-video-preview":"max-video-preview:-1"},"canonical":"https:\/\/apolinar.eu\/en\/ambulance-pro-nemoci-prsu\/","og_locale":"en_US","og_type":"article","og_title":"\u00a0Program prevence - Porodnice U Apolin\u00e1\u0159e","og_url":"https:\/\/apolinar.eu\/en\/ambulance-pro-nemoci-prsu\/","og_site_name":"Porodnice U Apolin\u00e1\u0159e","article_modified_time":"2025-11-25T10:46:34+00:00","twitter_card":"summary_large_image","schema":{"@context":"https:\/\/schema.org","@graph":[{"@type":"WebPage","@id":"https:\/\/apolinar.eu\/en\/ambulance-pro-nemoci-prsu\/","url":"https:\/\/apolinar.eu\/en\/ambulance-pro-nemoci-prsu\/","name":"\u00a0Program prevence - Porodnice U Apolin\u00e1\u0159e","isPartOf":{"@id":"https:\/\/apolinar.eu\/en\/#website"},"datePublished":"2025-10-07T13:18:12+00:00","dateModified":"2025-11-25T10:46:34+00:00","breadcrumb":{"@id":"https:\/\/apolinar.eu\/en\/ambulance-pro-nemoci-prsu\/#breadcrumb"},"inLanguage":"en-US","potentialAction":[{"@type":"ReadAction","target":["https:\/\/apolinar.eu\/en\/ambulance-pro-nemoci-prsu\/"]}]},{"@type":"BreadcrumbList","@id":"https:\/\/apolinar.eu\/en\/ambulance-pro-nemoci-prsu\/#breadcrumb","itemListElement":[{"@type":"ListItem","position":1,"name":"Dom\u016f","item":"https:\/\/apolinar.eu\/en\/"},{"@type":"ListItem","position":2,"name":"\u00a0Program prevence"}]},{"@type":"WebSite","@id":"https:\/\/apolinar.eu\/en\/#website","url":"https:\/\/apolinar.eu\/en\/","name":"Porodnice U Apolin\u00e1\u0159e","description":"Klinika gynekologie, porodnictv\u00ed a neonatologie 1. LF UK a VFN v Praze","potentialAction":[{"@type":"SearchAction","target":{"@type":"EntryPoint","urlTemplate":"https:\/\/apolinar.eu\/en\/?s={search_term_string}"},"query-input":{"@type":"PropertyValueSpecification","valueRequired":true,"valueName":"search_term_string"}}],"inLanguage":"en-US"}]}},"_links":{"self":[{"href":"https:\/\/apolinar.eu\/en\/wp-json\/wp\/v2\/pages\/15604","targetHints":{"allow":["GET"]}}],"collection":[{"href":"https:\/\/apolinar.eu\/en\/wp-json\/wp\/v2\/pages"}],"about":[{"href":"https:\/\/apolinar.eu\/en\/wp-json\/wp\/v2\/types\/page"}],"author":[{"embeddable":true,"href":"https:\/\/apolinar.eu\/en\/wp-json\/wp\/v2\/users\/6"}],"replies":[{"embeddable":true,"href":"https:\/\/apolinar.eu\/en\/wp-json\/wp\/v2\/comments?post=15604"}],"version-history":[{"count":18,"href":"https:\/\/apolinar.eu\/en\/wp-json\/wp\/v2\/pages\/15604\/revisions"}],"predecessor-version":[{"id":16164,"href":"https:\/\/apolinar.eu\/en\/wp-json\/wp\/v2\/pages\/15604\/revisions\/16164"}],"wp:attachment":[{"href":"https:\/\/apolinar.eu\/en\/wp-json\/wp\/v2\/media?parent=15604"}],"curies":[{"name":"wp","href":"https:\/\/api.w.org\/{rel}","templated":true}]}}