{"id":15236,"date":"2024-08-06T21:19:57","date_gmt":"2024-08-06T19:19:57","guid":{"rendered":"https:\/\/apolinar.eu\/mudr-marketa-luksova\/"},"modified":"2025-09-13T22:24:12","modified_gmt":"2025-09-13T20:24:12","slug":"mudr-marketa-luksova","status":"publish","type":"page","link":"https:\/\/apolinar.eu\/en\/mudr-marketa-luksova\/","title":{"rendered":"MUDr. Mark\u00e9ta Luk\u0161ov\u00e1"},"content":{"rendered":"        <section\r\n            class=\"pdt-80 pdb-80 \"\r\n        >\r\n        <div class=\"wrapper2\">\r\n                            <div class=\"grid small-space align-center\">\r\n                                            <!-- RIGHT SIDE -->\r\n                        <div class=\"col2 col1_mdm list_items mgt-40md pdr-20 observe anim_drop1 anim_delay\">\r\n                            <div class=\"img_holder img_radius10\">\r\n                                <img decoding=\"async\" width=\"335\" height=\"335\" src=\"https:\/\/apolinar.eu\/wp-content\/uploads\/2024\/08\/Luksova-335x335.png\" class=\"attachment-preview_image_without_decoration size-preview_image_without_decoration\" alt=\"\" srcset=\"https:\/\/apolinar.eu\/wp-content\/uploads\/2024\/08\/Luksova-335x335.png 335w, https:\/\/apolinar.eu\/wp-content\/uploads\/2024\/08\/Luksova-300x300.png 300w, https:\/\/apolinar.eu\/wp-content\/uploads\/2024\/08\/Luksova-1024x1024.png 1024w, https:\/\/apolinar.eu\/wp-content\/uploads\/2024\/08\/Luksova-150x150.png 150w, https:\/\/apolinar.eu\/wp-content\/uploads\/2024\/08\/Luksova-768x768.png 768w, https:\/\/apolinar.eu\/wp-content\/uploads\/2024\/08\/Luksova-60x60.png 60w, https:\/\/apolinar.eu\/wp-content\/uploads\/2024\/08\/Luksova-264x264.png 264w, https:\/\/apolinar.eu\/wp-content\/uploads\/2024\/08\/Luksova-104x104.png 104w, https:\/\/apolinar.eu\/wp-content\/uploads\/2024\/08\/Luksova-396x396.png 396w, https:\/\/apolinar.eu\/wp-content\/uploads\/2024\/08\/Luksova-192x192.png 192w, https:\/\/apolinar.eu\/wp-content\/uploads\/2024\/08\/Luksova-440x440.png 440w, https:\/\/apolinar.eu\/wp-content\/uploads\/2024\/08\/Luksova-533x533.png 533w, https:\/\/apolinar.eu\/wp-content\/uploads\/2024\/08\/Luksova-120x120.png 120w, https:\/\/apolinar.eu\/wp-content\/uploads\/2024\/08\/Luksova-600x600.png 600w, https:\/\/apolinar.eu\/wp-content\/uploads\/2024\/08\/Luksova-100x100.png 100w, https:\/\/apolinar.eu\/wp-content\/uploads\/2024\/08\/Luksova.png 1080w\" sizes=\"(max-width: 335px) 100vw, 335px\" \/>                            <\/div>\r\n                        <\/div>\r\n                        <!-- LEFT SIDE -->\r\n                        <div class=\"text_block col2 col1_mdm pd-0md observe anim_drop1 anim_delay\">\r\n                            <h2 class=\"title_h2 \">MUDr. Mark\u00e9ta Luk\u0161ov\u00e1<\/h2>                                                                                                <h3 class=\"title_h3 color2\">\r\n                                        Head of the Physiological Newborns Department                                    <\/h3>\r\n                                                                                                                    <div class=\"page_content reset_margins\">\r\n                                <p><p>She chose neonatology because she considers caring for newborns to be the most beautiful job in healthcare. She prides herself on her ability to care not only for healthy full-term newborns, but also for premature babies and those with postnatal problems. In her role as head physician, she strives to guide young doctors in the right approach to patients and parents. Teamwork and proper support for parents are the most important principles for her. She relaxes by reading, attending cultural events, meeting friends, and spending time in nature.<\/p>\n<\/p>\r\n                            <\/div>\r\n                                                    <\/div>\r\n                                    <\/div>\r\n                    <\/div>\r\n    <\/section>\r\n","protected":false},"excerpt":{"rendered":"","protected":false},"author":6,"featured_media":9550,"parent":0,"menu_order":0,"comment_status":"closed","ping_status":"closed","template":"","meta":{"_acf_changed":false,"footnotes":""},"class_list":["post-15236","page","type-page","status-publish","has-post-thumbnail","hentry"],"acf":[],"yoast_head":"<!-- This site is optimized with the Yoast SEO plugin v26.2 - https:\/\/yoast.com\/wordpress\/plugins\/seo\/ -->\n<title>MUDr. Mark\u00e9ta Luk\u0161ov\u00e1 - Porodnice U Apolin\u00e1\u0159e<\/title>\n<meta name=\"robots\" content=\"index, follow, max-snippet:-1, max-image-preview:large, max-video-preview:-1\" \/>\n<link rel=\"canonical\" href=\"https:\/\/apolinar.eu\/en\/mudr-marketa-luksova\/\" \/>\n<meta property=\"og:locale\" content=\"en_US\" \/>\n<meta property=\"og:type\" content=\"article\" \/>\n<meta property=\"og:title\" content=\"MUDr. Mark\u00e9ta Luk\u0161ov\u00e1 - Porodnice U Apolin\u00e1\u0159e\" \/>\n<meta property=\"og:url\" content=\"https:\/\/apolinar.eu\/en\/mudr-marketa-luksova\/\" \/>\n<meta property=\"og:site_name\" content=\"Porodnice U Apolin\u00e1\u0159e\" \/>\n<meta property=\"article:modified_time\" content=\"2025-09-13T20:24:12+00:00\" \/>\n<meta property=\"og:image\" content=\"https:\/\/apolinar.eu\/wp-content\/uploads\/2024\/08\/Luksova.png\" \/>\n\t<meta property=\"og:image:width\" content=\"1080\" \/>\n\t<meta property=\"og:image:height\" content=\"1080\" \/>\n\t<meta property=\"og:image:type\" content=\"image\/png\" \/>\n<meta name=\"twitter:card\" content=\"summary_large_image\" \/>\n<meta name=\"twitter:label1\" content=\"Est. reading time\" \/>\n\t<meta name=\"twitter:data1\" content=\"1 minute\" \/>\n<script type=\"application\/ld+json\" class=\"yoast-schema-graph\">{\"@context\":\"https:\/\/schema.org\",\"@graph\":[{\"@type\":\"WebPage\",\"@id\":\"https:\/\/apolinar.eu\/en\/mudr-marketa-luksova\/\",\"url\":\"https:\/\/apolinar.eu\/en\/mudr-marketa-luksova\/\",\"name\":\"MUDr. Mark\u00e9ta Luk\u0161ov\u00e1 - Porodnice U Apolin\u00e1\u0159e\",\"isPartOf\":{\"@id\":\"https:\/\/apolinar.eu\/en\/#website\"},\"primaryImageOfPage\":{\"@id\":\"https:\/\/apolinar.eu\/en\/mudr-marketa-luksova\/#primaryimage\"},\"image\":{\"@id\":\"https:\/\/apolinar.eu\/en\/mudr-marketa-luksova\/#primaryimage\"},\"thumbnailUrl\":\"https:\/\/apolinar.eu\/wp-content\/uploads\/2024\/08\/Luksova.png\",\"datePublished\":\"2024-08-06T19:19:57+00:00\",\"dateModified\":\"2025-09-13T20:24:12+00:00\",\"breadcrumb\":{\"@id\":\"https:\/\/apolinar.eu\/en\/mudr-marketa-luksova\/#breadcrumb\"},\"inLanguage\":\"en-US\",\"potentialAction\":[{\"@type\":\"ReadAction\",\"target\":[\"https:\/\/apolinar.eu\/en\/mudr-marketa-luksova\/\"]}]},{\"@type\":\"ImageObject\",\"inLanguage\":\"en-US\",\"@id\":\"https:\/\/apolinar.eu\/en\/mudr-marketa-luksova\/#primaryimage\",\"url\":\"https:\/\/apolinar.eu\/wp-content\/uploads\/2024\/08\/Luksova.png\",\"contentUrl\":\"https:\/\/apolinar.eu\/wp-content\/uploads\/2024\/08\/Luksova.png\",\"width\":1080,\"height\":1080},{\"@type\":\"BreadcrumbList\",\"@id\":\"https:\/\/apolinar.eu\/en\/mudr-marketa-luksova\/#breadcrumb\",\"itemListElement\":[{\"@type\":\"ListItem\",\"position\":1,\"name\":\"Dom\u016f\",\"item\":\"https:\/\/apolinar.eu\/en\/\"},{\"@type\":\"ListItem\",\"position\":2,\"name\":\"MUDr. Mark\u00e9ta Luk\u0161ov\u00e1\"}]},{\"@type\":\"WebSite\",\"@id\":\"https:\/\/apolinar.eu\/en\/#website\",\"url\":\"https:\/\/apolinar.eu\/en\/\",\"name\":\"Porodnice U Apolin\u00e1\u0159e\",\"description\":\"Klinika gynekologie, porodnictv\u00ed a neonatologie 1. LF UK a VFN v Praze\",\"potentialAction\":[{\"@type\":\"SearchAction\",\"target\":{\"@type\":\"EntryPoint\",\"urlTemplate\":\"https:\/\/apolinar.eu\/en\/?s={search_term_string}\"},\"query-input\":{\"@type\":\"PropertyValueSpecification\",\"valueRequired\":true,\"valueName\":\"search_term_string\"}}],\"inLanguage\":\"en-US\"}]}<\/script>\n<!-- \/ Yoast SEO plugin. -->","yoast_head_json":{"title":"MUDr. Mark\u00e9ta Luk\u0161ov\u00e1 - Porodnice U Apolin\u00e1\u0159e","robots":{"index":"index","follow":"follow","max-snippet":"max-snippet:-1","max-image-preview":"max-image-preview:large","max-video-preview":"max-video-preview:-1"},"canonical":"https:\/\/apolinar.eu\/en\/mudr-marketa-luksova\/","og_locale":"en_US","og_type":"article","og_title":"MUDr. Mark\u00e9ta Luk\u0161ov\u00e1 - Porodnice U Apolin\u00e1\u0159e","og_url":"https:\/\/apolinar.eu\/en\/mudr-marketa-luksova\/","og_site_name":"Porodnice U Apolin\u00e1\u0159e","article_modified_time":"2025-09-13T20:24:12+00:00","og_image":[{"width":1080,"height":1080,"url":"https:\/\/apolinar.eu\/wp-content\/uploads\/2024\/08\/Luksova.png","type":"image\/png"}],"twitter_card":"summary_large_image","twitter_misc":{"Est. reading time":"1 minute"},"schema":{"@context":"https:\/\/schema.org","@graph":[{"@type":"WebPage","@id":"https:\/\/apolinar.eu\/en\/mudr-marketa-luksova\/","url":"https:\/\/apolinar.eu\/en\/mudr-marketa-luksova\/","name":"MUDr. Mark\u00e9ta Luk\u0161ov\u00e1 - Porodnice U Apolin\u00e1\u0159e","isPartOf":{"@id":"https:\/\/apolinar.eu\/en\/#website"},"primaryImageOfPage":{"@id":"https:\/\/apolinar.eu\/en\/mudr-marketa-luksova\/#primaryimage"},"image":{"@id":"https:\/\/apolinar.eu\/en\/mudr-marketa-luksova\/#primaryimage"},"thumbnailUrl":"https:\/\/apolinar.eu\/wp-content\/uploads\/2024\/08\/Luksova.png","datePublished":"2024-08-06T19:19:57+00:00","dateModified":"2025-09-13T20:24:12+00:00","breadcrumb":{"@id":"https:\/\/apolinar.eu\/en\/mudr-marketa-luksova\/#breadcrumb"},"inLanguage":"en-US","potentialAction":[{"@type":"ReadAction","target":["https:\/\/apolinar.eu\/en\/mudr-marketa-luksova\/"]}]},{"@type":"ImageObject","inLanguage":"en-US","@id":"https:\/\/apolinar.eu\/en\/mudr-marketa-luksova\/#primaryimage","url":"https:\/\/apolinar.eu\/wp-content\/uploads\/2024\/08\/Luksova.png","contentUrl":"https:\/\/apolinar.eu\/wp-content\/uploads\/2024\/08\/Luksova.png","width":1080,"height":1080},{"@type":"BreadcrumbList","@id":"https:\/\/apolinar.eu\/en\/mudr-marketa-luksova\/#breadcrumb","itemListElement":[{"@type":"ListItem","position":1,"name":"Dom\u016f","item":"https:\/\/apolinar.eu\/en\/"},{"@type":"ListItem","position":2,"name":"MUDr. Mark\u00e9ta Luk\u0161ov\u00e1"}]},{"@type":"WebSite","@id":"https:\/\/apolinar.eu\/en\/#website","url":"https:\/\/apolinar.eu\/en\/","name":"Porodnice U Apolin\u00e1\u0159e","description":"Klinika gynekologie, porodnictv\u00ed a neonatologie 1. LF UK a VFN v Praze","potentialAction":[{"@type":"SearchAction","target":{"@type":"EntryPoint","urlTemplate":"https:\/\/apolinar.eu\/en\/?s={search_term_string}"},"query-input":{"@type":"PropertyValueSpecification","valueRequired":true,"valueName":"search_term_string"}}],"inLanguage":"en-US"}]}},"_links":{"self":[{"href":"https:\/\/apolinar.eu\/en\/wp-json\/wp\/v2\/pages\/15236","targetHints":{"allow":["GET"]}}],"collection":[{"href":"https:\/\/apolinar.eu\/en\/wp-json\/wp\/v2\/pages"}],"about":[{"href":"https:\/\/apolinar.eu\/en\/wp-json\/wp\/v2\/types\/page"}],"author":[{"embeddable":true,"href":"https:\/\/apolinar.eu\/en\/wp-json\/wp\/v2\/users\/6"}],"replies":[{"embeddable":true,"href":"https:\/\/apolinar.eu\/en\/wp-json\/wp\/v2\/comments?post=15236"}],"version-history":[{"count":2,"href":"https:\/\/apolinar.eu\/en\/wp-json\/wp\/v2\/pages\/15236\/revisions"}],"predecessor-version":[{"id":15293,"href":"https:\/\/apolinar.eu\/en\/wp-json\/wp\/v2\/pages\/15236\/revisions\/15293"}],"wp:featuredmedia":[{"embeddable":true,"href":"https:\/\/apolinar.eu\/en\/wp-json\/wp\/v2\/media\/9550"}],"wp:attachment":[{"href":"https:\/\/apolinar.eu\/en\/wp-json\/wp\/v2\/media?parent=15236"}],"curies":[{"name":"wp","href":"https:\/\/api.w.org\/{rel}","templated":true}]}}