{"id":15231,"date":"2024-06-17T15:52:44","date_gmt":"2024-06-17T13:52:44","guid":{"rendered":"https:\/\/apolinar.eu\/mudr-katerina-mackova-ph-d\/"},"modified":"2025-09-13T22:22:44","modified_gmt":"2025-09-13T20:22:44","slug":"mudr-katerina-mackova-ph-d","status":"publish","type":"page","link":"https:\/\/apolinar.eu\/en\/mudr-katerina-mackova-ph-d\/","title":{"rendered":"MUDr. Kate\u0159ina Mackov\u00e1, Ph.D.\u00a0"},"content":{"rendered":"        <section\r\n            class=\"pdt-80 pdb-80 \"\r\n        >\r\n        <div class=\"wrapper2\">\r\n                            <div class=\"grid small-space align-center\">\r\n                                            <!-- RIGHT SIDE -->\r\n                        <div class=\"col2 col1_mdm list_items mgt-40md pdr-20 observe anim_drop1 anim_delay\">\r\n                            <div class=\"img_holder img_radius10\">\r\n                                <img decoding=\"async\" width=\"335\" height=\"335\" src=\"https:\/\/apolinar.eu\/wp-content\/uploads\/2024\/06\/MACKOVA-KATERINA-335x335.png\" class=\"attachment-preview_image_without_decoration size-preview_image_without_decoration\" alt=\"\" srcset=\"https:\/\/apolinar.eu\/wp-content\/uploads\/2024\/06\/MACKOVA-KATERINA-335x335.png 335w, https:\/\/apolinar.eu\/wp-content\/uploads\/2024\/06\/MACKOVA-KATERINA-300x300.png 300w, https:\/\/apolinar.eu\/wp-content\/uploads\/2024\/06\/MACKOVA-KATERINA-1024x1024.png 1024w, https:\/\/apolinar.eu\/wp-content\/uploads\/2024\/06\/MACKOVA-KATERINA-150x150.png 150w, https:\/\/apolinar.eu\/wp-content\/uploads\/2024\/06\/MACKOVA-KATERINA-768x768.png 768w, https:\/\/apolinar.eu\/wp-content\/uploads\/2024\/06\/MACKOVA-KATERINA-60x60.png 60w, https:\/\/apolinar.eu\/wp-content\/uploads\/2024\/06\/MACKOVA-KATERINA-264x264.png 264w, https:\/\/apolinar.eu\/wp-content\/uploads\/2024\/06\/MACKOVA-KATERINA-104x104.png 104w, https:\/\/apolinar.eu\/wp-content\/uploads\/2024\/06\/MACKOVA-KATERINA-396x396.png 396w, https:\/\/apolinar.eu\/wp-content\/uploads\/2024\/06\/MACKOVA-KATERINA-192x192.png 192w, https:\/\/apolinar.eu\/wp-content\/uploads\/2024\/06\/MACKOVA-KATERINA-440x440.png 440w, https:\/\/apolinar.eu\/wp-content\/uploads\/2024\/06\/MACKOVA-KATERINA-533x533.png 533w, https:\/\/apolinar.eu\/wp-content\/uploads\/2024\/06\/MACKOVA-KATERINA-120x120.png 120w, https:\/\/apolinar.eu\/wp-content\/uploads\/2024\/06\/MACKOVA-KATERINA-600x600.png 600w, https:\/\/apolinar.eu\/wp-content\/uploads\/2024\/06\/MACKOVA-KATERINA-100x100.png 100w, https:\/\/apolinar.eu\/wp-content\/uploads\/2024\/06\/MACKOVA-KATERINA.png 1080w\" sizes=\"(max-width: 335px) 100vw, 335px\" \/>                            <\/div>\r\n                        <\/div>\r\n                        <!-- LEFT SIDE -->\r\n                        <div class=\"text_block col2 col1_mdm pd-0md observe anim_drop1 anim_delay\">\r\n                            <h2 class=\"title_h2 \">MUDr. Kate\u0159ina Mackov\u00e1, Ph.D. <\/h2>                                                                                                <h3 class=\"title_h3 color2\">\r\n                                        Physician certified in gynecology and obstetrics, preparing for advanced certification in perinatology and fetomaternal medicine                                     <\/h3>\r\n                                                                                                                    <div class=\"page_content reset_margins\">\r\n                                <p><p>Work is her greatest hobby; she enjoys the broad scope and complexity of perinatology.  What brings her the greatest joy is that her work allows her to positively influence not one, but two lives \u2013 the mother and the child. She follows the latest scientific findings in her treatment and always ensures clear communication with patients and their families. She considers it important that patients and their loved ones understand the treatment process and know that she is there for them in difficult times. She relaxes by going to the sauna, shooting sports, and reading science fiction. <\/p>\n<\/p>\r\n                            <\/div>\r\n                                                    <\/div>\r\n                                    <\/div>\r\n                    <\/div>\r\n    <\/section>\r\n","protected":false},"excerpt":{"rendered":"","protected":false},"author":6,"featured_media":0,"parent":0,"menu_order":0,"comment_status":"closed","ping_status":"closed","template":"","meta":{"_acf_changed":false,"footnotes":""},"class_list":["post-15231","page","type-page","status-publish","hentry"],"acf":[],"yoast_head":"<!-- This site is optimized with the Yoast SEO plugin v26.2 - https:\/\/yoast.com\/wordpress\/plugins\/seo\/ -->\n<title>MUDr. Kate\u0159ina Mackov\u00e1, Ph.D.\u00a0 - Porodnice U Apolin\u00e1\u0159e<\/title>\n<meta name=\"robots\" content=\"index, follow, max-snippet:-1, max-image-preview:large, max-video-preview:-1\" \/>\n<link rel=\"canonical\" href=\"https:\/\/apolinar.eu\/en\/mudr-katerina-mackova-ph-d\/\" \/>\n<meta property=\"og:locale\" content=\"en_US\" \/>\n<meta property=\"og:type\" content=\"article\" \/>\n<meta property=\"og:title\" content=\"MUDr. Kate\u0159ina Mackov\u00e1, Ph.D.\u00a0 - Porodnice U Apolin\u00e1\u0159e\" \/>\n<meta property=\"og:url\" content=\"https:\/\/apolinar.eu\/en\/mudr-katerina-mackova-ph-d\/\" \/>\n<meta property=\"og:site_name\" content=\"Porodnice U Apolin\u00e1\u0159e\" \/>\n<meta property=\"article:modified_time\" content=\"2025-09-13T20:22:44+00:00\" \/>\n<meta name=\"twitter:card\" content=\"summary_large_image\" \/>\n<script type=\"application\/ld+json\" class=\"yoast-schema-graph\">{\"@context\":\"https:\/\/schema.org\",\"@graph\":[{\"@type\":\"WebPage\",\"@id\":\"https:\/\/apolinar.eu\/en\/mudr-katerina-mackova-ph-d\/\",\"url\":\"https:\/\/apolinar.eu\/en\/mudr-katerina-mackova-ph-d\/\",\"name\":\"MUDr. Kate\u0159ina Mackov\u00e1, Ph.D.\u00a0 - Porodnice U Apolin\u00e1\u0159e\",\"isPartOf\":{\"@id\":\"https:\/\/apolinar.eu\/en\/#website\"},\"datePublished\":\"2024-06-17T13:52:44+00:00\",\"dateModified\":\"2025-09-13T20:22:44+00:00\",\"breadcrumb\":{\"@id\":\"https:\/\/apolinar.eu\/en\/mudr-katerina-mackova-ph-d\/#breadcrumb\"},\"inLanguage\":\"en-US\",\"potentialAction\":[{\"@type\":\"ReadAction\",\"target\":[\"https:\/\/apolinar.eu\/en\/mudr-katerina-mackova-ph-d\/\"]}]},{\"@type\":\"BreadcrumbList\",\"@id\":\"https:\/\/apolinar.eu\/en\/mudr-katerina-mackova-ph-d\/#breadcrumb\",\"itemListElement\":[{\"@type\":\"ListItem\",\"position\":1,\"name\":\"Dom\u016f\",\"item\":\"https:\/\/apolinar.eu\/en\/\"},{\"@type\":\"ListItem\",\"position\":2,\"name\":\"MUDr. Kate\u0159ina Mackov\u00e1, Ph.D.\u00a0\"}]},{\"@type\":\"WebSite\",\"@id\":\"https:\/\/apolinar.eu\/en\/#website\",\"url\":\"https:\/\/apolinar.eu\/en\/\",\"name\":\"Porodnice U Apolin\u00e1\u0159e\",\"description\":\"Klinika gynekologie, porodnictv\u00ed a neonatologie 1. LF UK a VFN v Praze\",\"potentialAction\":[{\"@type\":\"SearchAction\",\"target\":{\"@type\":\"EntryPoint\",\"urlTemplate\":\"https:\/\/apolinar.eu\/en\/?s={search_term_string}\"},\"query-input\":{\"@type\":\"PropertyValueSpecification\",\"valueRequired\":true,\"valueName\":\"search_term_string\"}}],\"inLanguage\":\"en-US\"}]}<\/script>\n<!-- \/ Yoast SEO plugin. -->","yoast_head_json":{"title":"MUDr. Kate\u0159ina Mackov\u00e1, Ph.D.\u00a0 - Porodnice U Apolin\u00e1\u0159e","robots":{"index":"index","follow":"follow","max-snippet":"max-snippet:-1","max-image-preview":"max-image-preview:large","max-video-preview":"max-video-preview:-1"},"canonical":"https:\/\/apolinar.eu\/en\/mudr-katerina-mackova-ph-d\/","og_locale":"en_US","og_type":"article","og_title":"MUDr. Kate\u0159ina Mackov\u00e1, Ph.D.\u00a0 - Porodnice U Apolin\u00e1\u0159e","og_url":"https:\/\/apolinar.eu\/en\/mudr-katerina-mackova-ph-d\/","og_site_name":"Porodnice U Apolin\u00e1\u0159e","article_modified_time":"2025-09-13T20:22:44+00:00","twitter_card":"summary_large_image","schema":{"@context":"https:\/\/schema.org","@graph":[{"@type":"WebPage","@id":"https:\/\/apolinar.eu\/en\/mudr-katerina-mackova-ph-d\/","url":"https:\/\/apolinar.eu\/en\/mudr-katerina-mackova-ph-d\/","name":"MUDr. Kate\u0159ina Mackov\u00e1, Ph.D.\u00a0 - Porodnice U Apolin\u00e1\u0159e","isPartOf":{"@id":"https:\/\/apolinar.eu\/en\/#website"},"datePublished":"2024-06-17T13:52:44+00:00","dateModified":"2025-09-13T20:22:44+00:00","breadcrumb":{"@id":"https:\/\/apolinar.eu\/en\/mudr-katerina-mackova-ph-d\/#breadcrumb"},"inLanguage":"en-US","potentialAction":[{"@type":"ReadAction","target":["https:\/\/apolinar.eu\/en\/mudr-katerina-mackova-ph-d\/"]}]},{"@type":"BreadcrumbList","@id":"https:\/\/apolinar.eu\/en\/mudr-katerina-mackova-ph-d\/#breadcrumb","itemListElement":[{"@type":"ListItem","position":1,"name":"Dom\u016f","item":"https:\/\/apolinar.eu\/en\/"},{"@type":"ListItem","position":2,"name":"MUDr. Kate\u0159ina Mackov\u00e1, Ph.D.\u00a0"}]},{"@type":"WebSite","@id":"https:\/\/apolinar.eu\/en\/#website","url":"https:\/\/apolinar.eu\/en\/","name":"Porodnice U Apolin\u00e1\u0159e","description":"Klinika gynekologie, porodnictv\u00ed a neonatologie 1. LF UK a VFN v Praze","potentialAction":[{"@type":"SearchAction","target":{"@type":"EntryPoint","urlTemplate":"https:\/\/apolinar.eu\/en\/?s={search_term_string}"},"query-input":{"@type":"PropertyValueSpecification","valueRequired":true,"valueName":"search_term_string"}}],"inLanguage":"en-US"}]}},"_links":{"self":[{"href":"https:\/\/apolinar.eu\/en\/wp-json\/wp\/v2\/pages\/15231","targetHints":{"allow":["GET"]}}],"collection":[{"href":"https:\/\/apolinar.eu\/en\/wp-json\/wp\/v2\/pages"}],"about":[{"href":"https:\/\/apolinar.eu\/en\/wp-json\/wp\/v2\/types\/page"}],"author":[{"embeddable":true,"href":"https:\/\/apolinar.eu\/en\/wp-json\/wp\/v2\/users\/6"}],"replies":[{"embeddable":true,"href":"https:\/\/apolinar.eu\/en\/wp-json\/wp\/v2\/comments?post=15231"}],"version-history":[{"count":2,"href":"https:\/\/apolinar.eu\/en\/wp-json\/wp\/v2\/pages\/15231\/revisions"}],"predecessor-version":[{"id":15281,"href":"https:\/\/apolinar.eu\/en\/wp-json\/wp\/v2\/pages\/15231\/revisions\/15281"}],"wp:attachment":[{"href":"https:\/\/apolinar.eu\/en\/wp-json\/wp\/v2\/media?parent=15231"}],"curies":[{"name":"wp","href":"https:\/\/api.w.org\/{rel}","templated":true}]}}