{"id":15228,"date":"2024-06-19T12:26:57","date_gmt":"2024-06-19T10:26:57","guid":{"rendered":"https:\/\/apolinar.eu\/mudr-jiri-vojtech\/"},"modified":"2026-04-12T20:55:14","modified_gmt":"2026-04-12T18:55:14","slug":"mudr-jiri-vojtech","status":"publish","type":"page","link":"https:\/\/apolinar.eu\/en\/mudr-jiri-vojtech\/","title":{"rendered":"MUDr. Ji\u0159\u00ed Vojt\u011bch\u00a0"},"content":{"rendered":"        <section\r\n            class=\"pdt-80 pdb-80 \"\r\n        >\r\n        <div class=\"wrapper2\">\r\n                            <div class=\"grid small-space align-center\">\r\n                                            <!-- RIGHT SIDE -->\r\n                        <div class=\"col2 col1_mdm list_items mgt-40md pdr-20 observe anim_drop1 anim_delay\">\r\n                            <div class=\"img_holder img_radius10\">\r\n                                <img decoding=\"async\" width=\"335\" height=\"335\" src=\"https:\/\/apolinar.eu\/wp-content\/uploads\/2026\/03\/IMG_0976-4-2-335x335.jpg\" class=\"attachment-preview_image_without_decoration size-preview_image_without_decoration\" alt=\"\" srcset=\"https:\/\/apolinar.eu\/wp-content\/uploads\/2026\/03\/IMG_0976-4-2-335x335.jpg 335w, https:\/\/apolinar.eu\/wp-content\/uploads\/2026\/03\/IMG_0976-4-2-300x300.jpg 300w, https:\/\/apolinar.eu\/wp-content\/uploads\/2026\/03\/IMG_0976-4-2-1024x1024.jpg 1024w, https:\/\/apolinar.eu\/wp-content\/uploads\/2026\/03\/IMG_0976-4-2-150x150.jpg 150w, https:\/\/apolinar.eu\/wp-content\/uploads\/2026\/03\/IMG_0976-4-2-768x768.jpg 768w, https:\/\/apolinar.eu\/wp-content\/uploads\/2026\/03\/IMG_0976-4-2-1536x1536.jpg 1536w, https:\/\/apolinar.eu\/wp-content\/uploads\/2026\/03\/IMG_0976-4-2-60x60.jpg 60w, https:\/\/apolinar.eu\/wp-content\/uploads\/2026\/03\/IMG_0976-4-2-264x264.jpg 264w, https:\/\/apolinar.eu\/wp-content\/uploads\/2026\/03\/IMG_0976-4-2-104x104.jpg 104w, https:\/\/apolinar.eu\/wp-content\/uploads\/2026\/03\/IMG_0976-4-2-396x396.jpg 396w, https:\/\/apolinar.eu\/wp-content\/uploads\/2026\/03\/IMG_0976-4-2-192x192.jpg 192w, https:\/\/apolinar.eu\/wp-content\/uploads\/2026\/03\/IMG_0976-4-2-440x440.jpg 440w, https:\/\/apolinar.eu\/wp-content\/uploads\/2026\/03\/IMG_0976-4-2-533x533.jpg 533w, https:\/\/apolinar.eu\/wp-content\/uploads\/2026\/03\/IMG_0976-4-2-120x120.jpg 120w, https:\/\/apolinar.eu\/wp-content\/uploads\/2026\/03\/IMG_0976-4-2-45x45.jpg 45w, https:\/\/apolinar.eu\/wp-content\/uploads\/2026\/03\/IMG_0976-4-2-600x600.jpg 600w, https:\/\/apolinar.eu\/wp-content\/uploads\/2026\/03\/IMG_0976-4-2-100x100.jpg 100w, https:\/\/apolinar.eu\/wp-content\/uploads\/2026\/03\/IMG_0976-4-2.jpg 1920w\" sizes=\"(max-width: 335px) 100vw, 335px\" \/>                            <\/div>\r\n                        <\/div>\r\n                        <!-- LEFT SIDE -->\r\n                        <div class=\"text_block col2 col1_mdm pd-0md observe anim_drop1 anim_delay\">\r\n                            <h2 class=\"title_h2 \">MUDr. Ji\u0159\u00ed Vojt\u011bch <\/h2>                                                                                                <h3 class=\"title_h3 color2\">\r\n                                        Consultant &#038; Head of the Fetal Medicine Centre                                       <\/h3>\r\n                                                                                                                    <div class=\"page_content reset_margins\">\r\n                                <p><p><span data-olk-copy-source=\"MessageBody\">He approaches every patient as an individual and aims to provide personalised care using the possibilities offered by modern medicine. He has extensive experience in diagnostics and management of complicated pregnancies and specialises in prenatal ultrasound, perinatology, and fetal medicine, including advanced intrauterine therapeutic procedures. He values a respectful approach, clinical expertise, and high professional standards. He is also involved in teaching and mentoring junior doctors and in introducing new treatment methods into clinical practice. Outside work, he enjoys playing the piano, mountain biking, and spending time with his wonderful wife and two curly-haired children.<\/span><\/p>\n<\/p>\r\n                            <\/div>\r\n                                                    <\/div>\r\n                                    <\/div>\r\n                    <\/div>\r\n    <\/section>\r\n","protected":false},"excerpt":{"rendered":"","protected":false},"author":6,"featured_media":17463,"parent":0,"menu_order":0,"comment_status":"closed","ping_status":"closed","template":"","meta":{"_acf_changed":false,"footnotes":""},"class_list":["post-15228","page","type-page","status-publish","has-post-thumbnail","hentry"],"acf":[],"yoast_head":"<!-- This site is optimized with the Yoast SEO plugin v26.2 - https:\/\/yoast.com\/wordpress\/plugins\/seo\/ -->\n<title>MUDr. Ji\u0159\u00ed Vojt\u011bch\u00a0 - Porodnice U Apolin\u00e1\u0159e<\/title>\n<meta name=\"robots\" content=\"index, follow, max-snippet:-1, max-image-preview:large, max-video-preview:-1\" \/>\n<link rel=\"canonical\" href=\"https:\/\/apolinar.eu\/en\/mudr-jiri-vojtech\/\" \/>\n<meta property=\"og:locale\" content=\"en_US\" \/>\n<meta property=\"og:type\" content=\"article\" \/>\n<meta property=\"og:title\" content=\"MUDr. Ji\u0159\u00ed Vojt\u011bch\u00a0 - Porodnice U Apolin\u00e1\u0159e\" \/>\n<meta property=\"og:url\" content=\"https:\/\/apolinar.eu\/en\/mudr-jiri-vojtech\/\" \/>\n<meta property=\"og:site_name\" content=\"Porodnice U Apolin\u00e1\u0159e\" \/>\n<meta property=\"article:modified_time\" content=\"2026-04-12T18:55:14+00:00\" \/>\n<meta property=\"og:image\" content=\"https:\/\/apolinar.eu\/wp-content\/uploads\/2026\/03\/IMG_0976-4-2.jpg\" \/>\n\t<meta property=\"og:image:width\" content=\"1920\" \/>\n\t<meta property=\"og:image:height\" content=\"1920\" \/>\n\t<meta property=\"og:image:type\" content=\"image\/jpeg\" \/>\n<meta name=\"twitter:card\" content=\"summary_large_image\" \/>\n<meta name=\"twitter:label1\" content=\"Est. reading time\" \/>\n\t<meta name=\"twitter:data1\" content=\"1 minute\" \/>\n<script type=\"application\/ld+json\" class=\"yoast-schema-graph\">{\"@context\":\"https:\/\/schema.org\",\"@graph\":[{\"@type\":\"WebPage\",\"@id\":\"https:\/\/apolinar.eu\/en\/mudr-jiri-vojtech\/\",\"url\":\"https:\/\/apolinar.eu\/en\/mudr-jiri-vojtech\/\",\"name\":\"MUDr. Ji\u0159\u00ed Vojt\u011bch\u00a0 - Porodnice U Apolin\u00e1\u0159e\",\"isPartOf\":{\"@id\":\"https:\/\/apolinar.eu\/en\/#website\"},\"primaryImageOfPage\":{\"@id\":\"https:\/\/apolinar.eu\/en\/mudr-jiri-vojtech\/#primaryimage\"},\"image\":{\"@id\":\"https:\/\/apolinar.eu\/en\/mudr-jiri-vojtech\/#primaryimage\"},\"thumbnailUrl\":\"https:\/\/apolinar.eu\/wp-content\/uploads\/2026\/03\/IMG_0976-4-2.jpg\",\"datePublished\":\"2024-06-19T10:26:57+00:00\",\"dateModified\":\"2026-04-12T18:55:14+00:00\",\"breadcrumb\":{\"@id\":\"https:\/\/apolinar.eu\/en\/mudr-jiri-vojtech\/#breadcrumb\"},\"inLanguage\":\"en-US\",\"potentialAction\":[{\"@type\":\"ReadAction\",\"target\":[\"https:\/\/apolinar.eu\/en\/mudr-jiri-vojtech\/\"]}]},{\"@type\":\"ImageObject\",\"inLanguage\":\"en-US\",\"@id\":\"https:\/\/apolinar.eu\/en\/mudr-jiri-vojtech\/#primaryimage\",\"url\":\"https:\/\/apolinar.eu\/wp-content\/uploads\/2026\/03\/IMG_0976-4-2.jpg\",\"contentUrl\":\"https:\/\/apolinar.eu\/wp-content\/uploads\/2026\/03\/IMG_0976-4-2.jpg\",\"width\":1920,\"height\":1920},{\"@type\":\"BreadcrumbList\",\"@id\":\"https:\/\/apolinar.eu\/en\/mudr-jiri-vojtech\/#breadcrumb\",\"itemListElement\":[{\"@type\":\"ListItem\",\"position\":1,\"name\":\"Dom\u016f\",\"item\":\"https:\/\/apolinar.eu\/en\/\"},{\"@type\":\"ListItem\",\"position\":2,\"name\":\"MUDr. Ji\u0159\u00ed Vojt\u011bch\u00a0\"}]},{\"@type\":\"WebSite\",\"@id\":\"https:\/\/apolinar.eu\/en\/#website\",\"url\":\"https:\/\/apolinar.eu\/en\/\",\"name\":\"Porodnice U Apolin\u00e1\u0159e\",\"description\":\"Klinika gynekologie, porodnictv\u00ed a neonatologie 1. LF UK a VFN v Praze\",\"potentialAction\":[{\"@type\":\"SearchAction\",\"target\":{\"@type\":\"EntryPoint\",\"urlTemplate\":\"https:\/\/apolinar.eu\/en\/?s={search_term_string}\"},\"query-input\":{\"@type\":\"PropertyValueSpecification\",\"valueRequired\":true,\"valueName\":\"search_term_string\"}}],\"inLanguage\":\"en-US\"}]}<\/script>\n<!-- \/ Yoast SEO plugin. -->","yoast_head_json":{"title":"MUDr. Ji\u0159\u00ed Vojt\u011bch\u00a0 - Porodnice U Apolin\u00e1\u0159e","robots":{"index":"index","follow":"follow","max-snippet":"max-snippet:-1","max-image-preview":"max-image-preview:large","max-video-preview":"max-video-preview:-1"},"canonical":"https:\/\/apolinar.eu\/en\/mudr-jiri-vojtech\/","og_locale":"en_US","og_type":"article","og_title":"MUDr. Ji\u0159\u00ed Vojt\u011bch\u00a0 - Porodnice U Apolin\u00e1\u0159e","og_url":"https:\/\/apolinar.eu\/en\/mudr-jiri-vojtech\/","og_site_name":"Porodnice U Apolin\u00e1\u0159e","article_modified_time":"2026-04-12T18:55:14+00:00","og_image":[{"width":1920,"height":1920,"url":"https:\/\/apolinar.eu\/wp-content\/uploads\/2026\/03\/IMG_0976-4-2.jpg","type":"image\/jpeg"}],"twitter_card":"summary_large_image","twitter_misc":{"Est. reading time":"1 minute"},"schema":{"@context":"https:\/\/schema.org","@graph":[{"@type":"WebPage","@id":"https:\/\/apolinar.eu\/en\/mudr-jiri-vojtech\/","url":"https:\/\/apolinar.eu\/en\/mudr-jiri-vojtech\/","name":"MUDr. Ji\u0159\u00ed Vojt\u011bch\u00a0 - Porodnice U Apolin\u00e1\u0159e","isPartOf":{"@id":"https:\/\/apolinar.eu\/en\/#website"},"primaryImageOfPage":{"@id":"https:\/\/apolinar.eu\/en\/mudr-jiri-vojtech\/#primaryimage"},"image":{"@id":"https:\/\/apolinar.eu\/en\/mudr-jiri-vojtech\/#primaryimage"},"thumbnailUrl":"https:\/\/apolinar.eu\/wp-content\/uploads\/2026\/03\/IMG_0976-4-2.jpg","datePublished":"2024-06-19T10:26:57+00:00","dateModified":"2026-04-12T18:55:14+00:00","breadcrumb":{"@id":"https:\/\/apolinar.eu\/en\/mudr-jiri-vojtech\/#breadcrumb"},"inLanguage":"en-US","potentialAction":[{"@type":"ReadAction","target":["https:\/\/apolinar.eu\/en\/mudr-jiri-vojtech\/"]}]},{"@type":"ImageObject","inLanguage":"en-US","@id":"https:\/\/apolinar.eu\/en\/mudr-jiri-vojtech\/#primaryimage","url":"https:\/\/apolinar.eu\/wp-content\/uploads\/2026\/03\/IMG_0976-4-2.jpg","contentUrl":"https:\/\/apolinar.eu\/wp-content\/uploads\/2026\/03\/IMG_0976-4-2.jpg","width":1920,"height":1920},{"@type":"BreadcrumbList","@id":"https:\/\/apolinar.eu\/en\/mudr-jiri-vojtech\/#breadcrumb","itemListElement":[{"@type":"ListItem","position":1,"name":"Dom\u016f","item":"https:\/\/apolinar.eu\/en\/"},{"@type":"ListItem","position":2,"name":"MUDr. Ji\u0159\u00ed Vojt\u011bch\u00a0"}]},{"@type":"WebSite","@id":"https:\/\/apolinar.eu\/en\/#website","url":"https:\/\/apolinar.eu\/en\/","name":"Porodnice U Apolin\u00e1\u0159e","description":"Klinika gynekologie, porodnictv\u00ed a neonatologie 1. LF UK a VFN v Praze","potentialAction":[{"@type":"SearchAction","target":{"@type":"EntryPoint","urlTemplate":"https:\/\/apolinar.eu\/en\/?s={search_term_string}"},"query-input":{"@type":"PropertyValueSpecification","valueRequired":true,"valueName":"search_term_string"}}],"inLanguage":"en-US"}]}},"_links":{"self":[{"href":"https:\/\/apolinar.eu\/en\/wp-json\/wp\/v2\/pages\/15228","targetHints":{"allow":["GET"]}}],"collection":[{"href":"https:\/\/apolinar.eu\/en\/wp-json\/wp\/v2\/pages"}],"about":[{"href":"https:\/\/apolinar.eu\/en\/wp-json\/wp\/v2\/types\/page"}],"author":[{"embeddable":true,"href":"https:\/\/apolinar.eu\/en\/wp-json\/wp\/v2\/users\/6"}],"replies":[{"embeddable":true,"href":"https:\/\/apolinar.eu\/en\/wp-json\/wp\/v2\/comments?post=15228"}],"version-history":[{"count":3,"href":"https:\/\/apolinar.eu\/en\/wp-json\/wp\/v2\/pages\/15228\/revisions"}],"predecessor-version":[{"id":17631,"href":"https:\/\/apolinar.eu\/en\/wp-json\/wp\/v2\/pages\/15228\/revisions\/17631"}],"wp:featuredmedia":[{"embeddable":true,"href":"https:\/\/apolinar.eu\/en\/wp-json\/wp\/v2\/media\/17463"}],"wp:attachment":[{"href":"https:\/\/apolinar.eu\/en\/wp-json\/wp\/v2\/media?parent=15228"}],"curies":[{"name":"wp","href":"https:\/\/api.w.org\/{rel}","templated":true}]}}