{"id":15223,"date":"2024-06-19T11:32:21","date_gmt":"2024-06-19T09:32:21","guid":{"rendered":"https:\/\/apolinar.eu\/mudr-gabriela-maloskova\/"},"modified":"2025-09-13T22:20:34","modified_gmt":"2025-09-13T20:20:34","slug":"mudr-gabriela-maloskova","status":"publish","type":"page","link":"https:\/\/apolinar.eu\/en\/mudr-gabriela-maloskova\/","title":{"rendered":"MUDr. Gabriela Malo\u0161kov\u00e1\u00a0"},"content":{"rendered":"        <section\r\n            class=\"pdt-80 pdb-80 \"\r\n        >\r\n        <div class=\"wrapper2\">\r\n                            <div class=\"grid small-space align-center\">\r\n                                            <!-- RIGHT SIDE -->\r\n                        <div class=\"col2 col1_mdm list_items mgt-40md pdr-20 observe anim_drop1 anim_delay\">\r\n                            <div class=\"img_holder img_radius10\">\r\n                                <img decoding=\"async\" width=\"335\" height=\"335\" src=\"https:\/\/apolinar.eu\/wp-content\/uploads\/2024\/06\/MALOSKOVA-GABRIELA-335x335.png\" class=\"attachment-preview_image_without_decoration size-preview_image_without_decoration\" alt=\"\" srcset=\"https:\/\/apolinar.eu\/wp-content\/uploads\/2024\/06\/MALOSKOVA-GABRIELA-335x335.png 335w, https:\/\/apolinar.eu\/wp-content\/uploads\/2024\/06\/MALOSKOVA-GABRIELA-300x300.png 300w, https:\/\/apolinar.eu\/wp-content\/uploads\/2024\/06\/MALOSKOVA-GABRIELA-1024x1024.png 1024w, https:\/\/apolinar.eu\/wp-content\/uploads\/2024\/06\/MALOSKOVA-GABRIELA-150x150.png 150w, https:\/\/apolinar.eu\/wp-content\/uploads\/2024\/06\/MALOSKOVA-GABRIELA-768x768.png 768w, https:\/\/apolinar.eu\/wp-content\/uploads\/2024\/06\/MALOSKOVA-GABRIELA-60x60.png 60w, https:\/\/apolinar.eu\/wp-content\/uploads\/2024\/06\/MALOSKOVA-GABRIELA-264x264.png 264w, https:\/\/apolinar.eu\/wp-content\/uploads\/2024\/06\/MALOSKOVA-GABRIELA-104x104.png 104w, https:\/\/apolinar.eu\/wp-content\/uploads\/2024\/06\/MALOSKOVA-GABRIELA-396x396.png 396w, https:\/\/apolinar.eu\/wp-content\/uploads\/2024\/06\/MALOSKOVA-GABRIELA-192x192.png 192w, https:\/\/apolinar.eu\/wp-content\/uploads\/2024\/06\/MALOSKOVA-GABRIELA-440x440.png 440w, https:\/\/apolinar.eu\/wp-content\/uploads\/2024\/06\/MALOSKOVA-GABRIELA-533x533.png 533w, https:\/\/apolinar.eu\/wp-content\/uploads\/2024\/06\/MALOSKOVA-GABRIELA-120x120.png 120w, https:\/\/apolinar.eu\/wp-content\/uploads\/2024\/06\/MALOSKOVA-GABRIELA-600x600.png 600w, https:\/\/apolinar.eu\/wp-content\/uploads\/2024\/06\/MALOSKOVA-GABRIELA-100x100.png 100w, https:\/\/apolinar.eu\/wp-content\/uploads\/2024\/06\/MALOSKOVA-GABRIELA.png 1080w\" sizes=\"(max-width: 335px) 100vw, 335px\" \/>                            <\/div>\r\n                        <\/div>\r\n                        <!-- LEFT SIDE -->\r\n                        <div class=\"text_block col2 col1_mdm pd-0md observe anim_drop1 anim_delay\">\r\n                            <h2 class=\"title_h2 \">MUDr. Gabriela Malo\u0161kov\u00e1 <\/h2>                                                                                                <h3 class=\"title_h3 color2\">\r\n                                        Head Physician of the Intermediate Neonatology Department                                     <\/h3>\r\n                                                                                                                    <div class=\"page_content reset_margins\">\r\n                                <p><p>She always tries to involve the families of premature babies as much as possible in their care. She sees her work not only as an opportunity to save lives, but also to improve their quality. Because she likes to face challenges at work, she left the intensive care unit to build a family care center for premature newborns. She is a mother of two who likes to fulfill her travel dreams. <\/p>\n<\/p>\r\n                            <\/div>\r\n                                                    <\/div>\r\n                                    <\/div>\r\n                    <\/div>\r\n    <\/section>\r\n","protected":false},"excerpt":{"rendered":"","protected":false},"author":6,"featured_media":0,"parent":0,"menu_order":0,"comment_status":"closed","ping_status":"closed","template":"","meta":{"_acf_changed":false,"footnotes":""},"class_list":["post-15223","page","type-page","status-publish","hentry"],"acf":[],"yoast_head":"<!-- This site is optimized with the Yoast SEO plugin v26.2 - https:\/\/yoast.com\/wordpress\/plugins\/seo\/ -->\n<title>MUDr. Gabriela Malo\u0161kov\u00e1\u00a0 - Porodnice U Apolin\u00e1\u0159e<\/title>\n<meta name=\"robots\" content=\"index, follow, max-snippet:-1, max-image-preview:large, max-video-preview:-1\" \/>\n<link rel=\"canonical\" href=\"https:\/\/apolinar.eu\/en\/mudr-gabriela-maloskova\/\" \/>\n<meta property=\"og:locale\" content=\"en_US\" \/>\n<meta property=\"og:type\" content=\"article\" \/>\n<meta property=\"og:title\" content=\"MUDr. Gabriela Malo\u0161kov\u00e1\u00a0 - Porodnice U Apolin\u00e1\u0159e\" \/>\n<meta property=\"og:url\" content=\"https:\/\/apolinar.eu\/en\/mudr-gabriela-maloskova\/\" \/>\n<meta property=\"og:site_name\" content=\"Porodnice U Apolin\u00e1\u0159e\" \/>\n<meta property=\"article:modified_time\" content=\"2025-09-13T20:20:34+00:00\" \/>\n<meta name=\"twitter:card\" content=\"summary_large_image\" \/>\n<script type=\"application\/ld+json\" class=\"yoast-schema-graph\">{\"@context\":\"https:\/\/schema.org\",\"@graph\":[{\"@type\":\"WebPage\",\"@id\":\"https:\/\/apolinar.eu\/en\/mudr-gabriela-maloskova\/\",\"url\":\"https:\/\/apolinar.eu\/en\/mudr-gabriela-maloskova\/\",\"name\":\"MUDr. Gabriela Malo\u0161kov\u00e1\u00a0 - Porodnice U Apolin\u00e1\u0159e\",\"isPartOf\":{\"@id\":\"https:\/\/apolinar.eu\/en\/#website\"},\"datePublished\":\"2024-06-19T09:32:21+00:00\",\"dateModified\":\"2025-09-13T20:20:34+00:00\",\"breadcrumb\":{\"@id\":\"https:\/\/apolinar.eu\/en\/mudr-gabriela-maloskova\/#breadcrumb\"},\"inLanguage\":\"en-US\",\"potentialAction\":[{\"@type\":\"ReadAction\",\"target\":[\"https:\/\/apolinar.eu\/en\/mudr-gabriela-maloskova\/\"]}]},{\"@type\":\"BreadcrumbList\",\"@id\":\"https:\/\/apolinar.eu\/en\/mudr-gabriela-maloskova\/#breadcrumb\",\"itemListElement\":[{\"@type\":\"ListItem\",\"position\":1,\"name\":\"Dom\u016f\",\"item\":\"https:\/\/apolinar.eu\/en\/\"},{\"@type\":\"ListItem\",\"position\":2,\"name\":\"MUDr. Gabriela Malo\u0161kov\u00e1\u00a0\"}]},{\"@type\":\"WebSite\",\"@id\":\"https:\/\/apolinar.eu\/en\/#website\",\"url\":\"https:\/\/apolinar.eu\/en\/\",\"name\":\"Porodnice U Apolin\u00e1\u0159e\",\"description\":\"Klinika gynekologie, porodnictv\u00ed a neonatologie 1. LF UK a VFN v Praze\",\"potentialAction\":[{\"@type\":\"SearchAction\",\"target\":{\"@type\":\"EntryPoint\",\"urlTemplate\":\"https:\/\/apolinar.eu\/en\/?s={search_term_string}\"},\"query-input\":{\"@type\":\"PropertyValueSpecification\",\"valueRequired\":true,\"valueName\":\"search_term_string\"}}],\"inLanguage\":\"en-US\"}]}<\/script>\n<!-- \/ Yoast SEO plugin. -->","yoast_head_json":{"title":"MUDr. Gabriela Malo\u0161kov\u00e1\u00a0 - Porodnice U Apolin\u00e1\u0159e","robots":{"index":"index","follow":"follow","max-snippet":"max-snippet:-1","max-image-preview":"max-image-preview:large","max-video-preview":"max-video-preview:-1"},"canonical":"https:\/\/apolinar.eu\/en\/mudr-gabriela-maloskova\/","og_locale":"en_US","og_type":"article","og_title":"MUDr. Gabriela Malo\u0161kov\u00e1\u00a0 - Porodnice U Apolin\u00e1\u0159e","og_url":"https:\/\/apolinar.eu\/en\/mudr-gabriela-maloskova\/","og_site_name":"Porodnice U Apolin\u00e1\u0159e","article_modified_time":"2025-09-13T20:20:34+00:00","twitter_card":"summary_large_image","schema":{"@context":"https:\/\/schema.org","@graph":[{"@type":"WebPage","@id":"https:\/\/apolinar.eu\/en\/mudr-gabriela-maloskova\/","url":"https:\/\/apolinar.eu\/en\/mudr-gabriela-maloskova\/","name":"MUDr. Gabriela Malo\u0161kov\u00e1\u00a0 - Porodnice U Apolin\u00e1\u0159e","isPartOf":{"@id":"https:\/\/apolinar.eu\/en\/#website"},"datePublished":"2024-06-19T09:32:21+00:00","dateModified":"2025-09-13T20:20:34+00:00","breadcrumb":{"@id":"https:\/\/apolinar.eu\/en\/mudr-gabriela-maloskova\/#breadcrumb"},"inLanguage":"en-US","potentialAction":[{"@type":"ReadAction","target":["https:\/\/apolinar.eu\/en\/mudr-gabriela-maloskova\/"]}]},{"@type":"BreadcrumbList","@id":"https:\/\/apolinar.eu\/en\/mudr-gabriela-maloskova\/#breadcrumb","itemListElement":[{"@type":"ListItem","position":1,"name":"Dom\u016f","item":"https:\/\/apolinar.eu\/en\/"},{"@type":"ListItem","position":2,"name":"MUDr. Gabriela Malo\u0161kov\u00e1\u00a0"}]},{"@type":"WebSite","@id":"https:\/\/apolinar.eu\/en\/#website","url":"https:\/\/apolinar.eu\/en\/","name":"Porodnice U Apolin\u00e1\u0159e","description":"Klinika gynekologie, porodnictv\u00ed a neonatologie 1. LF UK a VFN v Praze","potentialAction":[{"@type":"SearchAction","target":{"@type":"EntryPoint","urlTemplate":"https:\/\/apolinar.eu\/en\/?s={search_term_string}"},"query-input":{"@type":"PropertyValueSpecification","valueRequired":true,"valueName":"search_term_string"}}],"inLanguage":"en-US"}]}},"_links":{"self":[{"href":"https:\/\/apolinar.eu\/en\/wp-json\/wp\/v2\/pages\/15223","targetHints":{"allow":["GET"]}}],"collection":[{"href":"https:\/\/apolinar.eu\/en\/wp-json\/wp\/v2\/pages"}],"about":[{"href":"https:\/\/apolinar.eu\/en\/wp-json\/wp\/v2\/types\/page"}],"author":[{"embeddable":true,"href":"https:\/\/apolinar.eu\/en\/wp-json\/wp\/v2\/users\/6"}],"replies":[{"embeddable":true,"href":"https:\/\/apolinar.eu\/en\/wp-json\/wp\/v2\/comments?post=15223"}],"version-history":[{"count":2,"href":"https:\/\/apolinar.eu\/en\/wp-json\/wp\/v2\/pages\/15223\/revisions"}],"predecessor-version":[{"id":15263,"href":"https:\/\/apolinar.eu\/en\/wp-json\/wp\/v2\/pages\/15223\/revisions\/15263"}],"wp:attachment":[{"href":"https:\/\/apolinar.eu\/en\/wp-json\/wp\/v2\/media?parent=15223"}],"curies":[{"name":"wp","href":"https:\/\/api.w.org\/{rel}","templated":true}]}}