{"id":15129,"date":"2023-07-18T23:00:34","date_gmt":"2023-07-18T21:00:34","guid":{"rendered":"https:\/\/apolinar.eu\/pribehy-pacientu-onko\/"},"modified":"2025-09-10T22:27:28","modified_gmt":"2025-09-10T20:27:28","slug":"pribehy-pacientu-onko","status":"publish","type":"page","link":"https:\/\/apolinar.eu\/en\/pribehy-pacientu-onko\/","title":{"rendered":"Patient stories &#8211; onco"},"content":{"rendered":"                <!-- TEXT BLOCK -->\r\n        <section\r\n                class=\"pdt-80 pdb-80 \"\r\n            >\r\n            <div class=\"wrapper2 text_block\">\r\n                <h2 class=\"title_h2 text_center_mdm\">A second chance at life<\/h2>                                                                                                <div class=\"page_content reset_margins\">\r\n                                                                                        <p>My name is Ivana Neuvirthov\u00e1 (D\u011bdi\u010dov\u00e1), I am 60 years old and thanks to the great doctors and nurses from the oncogynecological center at Apolin\u00e1\u0159, I was given a second chance at life. No one likes to hear a diagnosis of ovarian cancer, but the empathetic experts here have been a great support to me from the beginning. The nurses from the inpatient ward during chemotherapy, their advice and support, and then all the staff from the postoperative ICU and G1, where I spent several weeks. Their interest and willingness to support me, not only with their work, but also with the time they spent with me, when they gave me a kind word, certainly helped my recovery. My big thanks go to all the doctors, namely Professor Cibul and Doctor Fr\u00fchauf, who operated on me. I will never cease to be grateful to everyone at Apolin\u00e1\u0159 for their highly professional, but also very kind approach to me \u2013 a woman unknown to them, whose life had collapsed at one point. They helped me get back on my feet.<\/p>\n<p>They have my gratitude.<\/p>\n                                    <\/div>\r\n            <\/div>\r\n        <\/section>\r\n    ","protected":false},"excerpt":{"rendered":"","protected":false},"author":6,"featured_media":0,"parent":0,"menu_order":0,"comment_status":"closed","ping_status":"closed","template":"","meta":{"_acf_changed":false,"footnotes":""},"class_list":["post-15129","page","type-page","status-publish","hentry"],"acf":[],"yoast_head":"<!-- This site is optimized with the Yoast SEO plugin v26.2 - https:\/\/yoast.com\/wordpress\/plugins\/seo\/ -->\n<title>Patient stories - onco - Porodnice U Apolin\u00e1\u0159e<\/title>\n<meta name=\"robots\" content=\"index, follow, max-snippet:-1, max-image-preview:large, max-video-preview:-1\" \/>\n<link rel=\"canonical\" href=\"https:\/\/apolinar.eu\/en\/pribehy-pacientu-onko\/\" \/>\n<meta property=\"og:locale\" content=\"en_US\" \/>\n<meta property=\"og:type\" content=\"article\" \/>\n<meta property=\"og:title\" content=\"Patient stories - onco - Porodnice U Apolin\u00e1\u0159e\" \/>\n<meta property=\"og:url\" content=\"https:\/\/apolinar.eu\/en\/pribehy-pacientu-onko\/\" \/>\n<meta property=\"og:site_name\" content=\"Porodnice U Apolin\u00e1\u0159e\" \/>\n<meta property=\"article:modified_time\" content=\"2025-09-10T20:27:28+00:00\" \/>\n<meta name=\"twitter:card\" content=\"summary_large_image\" \/>\n<script type=\"application\/ld+json\" class=\"yoast-schema-graph\">{\"@context\":\"https:\/\/schema.org\",\"@graph\":[{\"@type\":\"WebPage\",\"@id\":\"https:\/\/apolinar.eu\/en\/pribehy-pacientu-onko\/\",\"url\":\"https:\/\/apolinar.eu\/en\/pribehy-pacientu-onko\/\",\"name\":\"Patient stories - onco - Porodnice U Apolin\u00e1\u0159e\",\"isPartOf\":{\"@id\":\"https:\/\/apolinar.eu\/en\/#website\"},\"datePublished\":\"2023-07-18T21:00:34+00:00\",\"dateModified\":\"2025-09-10T20:27:28+00:00\",\"breadcrumb\":{\"@id\":\"https:\/\/apolinar.eu\/en\/pribehy-pacientu-onko\/#breadcrumb\"},\"inLanguage\":\"en-US\",\"potentialAction\":[{\"@type\":\"ReadAction\",\"target\":[\"https:\/\/apolinar.eu\/en\/pribehy-pacientu-onko\/\"]}]},{\"@type\":\"BreadcrumbList\",\"@id\":\"https:\/\/apolinar.eu\/en\/pribehy-pacientu-onko\/#breadcrumb\",\"itemListElement\":[{\"@type\":\"ListItem\",\"position\":1,\"name\":\"Dom\u016f\",\"item\":\"https:\/\/apolinar.eu\/en\/\"},{\"@type\":\"ListItem\",\"position\":2,\"name\":\"Patient stories &#8211; onco\"}]},{\"@type\":\"WebSite\",\"@id\":\"https:\/\/apolinar.eu\/en\/#website\",\"url\":\"https:\/\/apolinar.eu\/en\/\",\"name\":\"Porodnice U Apolin\u00e1\u0159e\",\"description\":\"Klinika gynekologie, porodnictv\u00ed a neonatologie 1. LF UK a VFN v Praze\",\"potentialAction\":[{\"@type\":\"SearchAction\",\"target\":{\"@type\":\"EntryPoint\",\"urlTemplate\":\"https:\/\/apolinar.eu\/en\/?s={search_term_string}\"},\"query-input\":{\"@type\":\"PropertyValueSpecification\",\"valueRequired\":true,\"valueName\":\"search_term_string\"}}],\"inLanguage\":\"en-US\"}]}<\/script>\n<!-- \/ Yoast SEO plugin. -->","yoast_head_json":{"title":"Patient stories - onco - Porodnice U Apolin\u00e1\u0159e","robots":{"index":"index","follow":"follow","max-snippet":"max-snippet:-1","max-image-preview":"max-image-preview:large","max-video-preview":"max-video-preview:-1"},"canonical":"https:\/\/apolinar.eu\/en\/pribehy-pacientu-onko\/","og_locale":"en_US","og_type":"article","og_title":"Patient stories - onco - Porodnice U Apolin\u00e1\u0159e","og_url":"https:\/\/apolinar.eu\/en\/pribehy-pacientu-onko\/","og_site_name":"Porodnice U Apolin\u00e1\u0159e","article_modified_time":"2025-09-10T20:27:28+00:00","twitter_card":"summary_large_image","schema":{"@context":"https:\/\/schema.org","@graph":[{"@type":"WebPage","@id":"https:\/\/apolinar.eu\/en\/pribehy-pacientu-onko\/","url":"https:\/\/apolinar.eu\/en\/pribehy-pacientu-onko\/","name":"Patient stories - onco - Porodnice U Apolin\u00e1\u0159e","isPartOf":{"@id":"https:\/\/apolinar.eu\/en\/#website"},"datePublished":"2023-07-18T21:00:34+00:00","dateModified":"2025-09-10T20:27:28+00:00","breadcrumb":{"@id":"https:\/\/apolinar.eu\/en\/pribehy-pacientu-onko\/#breadcrumb"},"inLanguage":"en-US","potentialAction":[{"@type":"ReadAction","target":["https:\/\/apolinar.eu\/en\/pribehy-pacientu-onko\/"]}]},{"@type":"BreadcrumbList","@id":"https:\/\/apolinar.eu\/en\/pribehy-pacientu-onko\/#breadcrumb","itemListElement":[{"@type":"ListItem","position":1,"name":"Dom\u016f","item":"https:\/\/apolinar.eu\/en\/"},{"@type":"ListItem","position":2,"name":"Patient stories &#8211; onco"}]},{"@type":"WebSite","@id":"https:\/\/apolinar.eu\/en\/#website","url":"https:\/\/apolinar.eu\/en\/","name":"Porodnice U Apolin\u00e1\u0159e","description":"Klinika gynekologie, porodnictv\u00ed a neonatologie 1. LF UK a VFN v Praze","potentialAction":[{"@type":"SearchAction","target":{"@type":"EntryPoint","urlTemplate":"https:\/\/apolinar.eu\/en\/?s={search_term_string}"},"query-input":{"@type":"PropertyValueSpecification","valueRequired":true,"valueName":"search_term_string"}}],"inLanguage":"en-US"}]}},"_links":{"self":[{"href":"https:\/\/apolinar.eu\/en\/wp-json\/wp\/v2\/pages\/15129","targetHints":{"allow":["GET"]}}],"collection":[{"href":"https:\/\/apolinar.eu\/en\/wp-json\/wp\/v2\/pages"}],"about":[{"href":"https:\/\/apolinar.eu\/en\/wp-json\/wp\/v2\/types\/page"}],"author":[{"embeddable":true,"href":"https:\/\/apolinar.eu\/en\/wp-json\/wp\/v2\/users\/6"}],"replies":[{"embeddable":true,"href":"https:\/\/apolinar.eu\/en\/wp-json\/wp\/v2\/comments?post=15129"}],"version-history":[{"count":2,"href":"https:\/\/apolinar.eu\/en\/wp-json\/wp\/v2\/pages\/15129\/revisions"}],"predecessor-version":[{"id":15131,"href":"https:\/\/apolinar.eu\/en\/wp-json\/wp\/v2\/pages\/15129\/revisions\/15131"}],"wp:attachment":[{"href":"https:\/\/apolinar.eu\/en\/wp-json\/wp\/v2\/media?parent=15129"}],"curies":[{"name":"wp","href":"https:\/\/api.w.org\/{rel}","templated":true}]}}