{"id":15126,"date":"2023-07-18T23:08:41","date_gmt":"2023-07-18T21:08:41","guid":{"rendered":"https:\/\/apolinar.eu\/pribehy-pacientu-gyn\/"},"modified":"2025-09-10T22:26:56","modified_gmt":"2025-09-10T20:26:56","slug":"pribehy-pacientu-gyn","status":"publish","type":"page","link":"https:\/\/apolinar.eu\/en\/pribehy-pacientu-gyn\/","title":{"rendered":"Patient stories &#8211; gynecologist"},"content":{"rendered":"                <!-- TEXT BLOCK -->\r\n        <section\r\n                class=\"pdt-80 pdb-80 \"\r\n            >\r\n            <div class=\"wrapper2 text_block\">\r\n                <h2 class=\"title_h2 text_center_mdm\">A fairy tale with a happy ending<\/h2>                                                                                                <div class=\"page_content reset_margins\">\r\n                                                                                        <p>I am a \u201cstrong 70s\u201d person, apart from four births, I have never been in a hospital. But what the hell, a large myoma grew very quickly in my uterus and surgery was necessary. With a wave of a wand, I found myself on January 11, 2023, with the vision of a laparoscopic surgery in a fairy-tale castle near Apolin\u00e1\u0159 with a view of a cat family in the garden. So comforting! The nurses and doctors were very kind, helpful, understanding and accommodating. And so it was throughout my hospitalization. On Thursday, January 12, D-day came and I, in elegant stockings and a shirt with four-leaf clovers, was taken by a \u201chospital limousine\u201d through the historic premises for surgery. Here, dazed by a magic potion injected into my vein, I still managed to map out how everyone was oscillating and preparing the room to eliminate the \u201cdragon\u201d from my belly\u2026 And I fell asleep like a baby. Decorated with four butterflies on my stomach, I woke up in the \u201cheaven\u201d of the ICU. Angels in nurse\u2019s uniforms flew from one patient to another, caring kindly. They resolved my nausea before I even realized it. Unbelievable!<\/p>\n<p>On Friday, January 13, I returned to G4 with a \u201cChanel handbag\u201d (a drain protruding from one of the sutures) and was put on a dairy-free diet called BMV. Pure luxury! The nurses\u2019 exemplary care continued here as well. On the morning of January 14, I handed the \u201chandbag\u201d over to the nurses (the only painful moment for me), humbly returned to my crocheted bag, put the discharge note in it, and headed home. I still feel like it was just a dream. I will never forget my three-day fairy tale with only positive heroes, including the \u201cknight\u201d \u2013 Professor M\u00e1ra, who held a protective hand over me from beginning to end! I want to thank the nurses and doctors very much for the professional care and love with which they do their job.<\/p>\n<p>Thank you!<\/p>\n<p>Lucie Proch\u00e1zkov\u00e1 (Posp\u00ed\u0161ilov\u00e1)<\/p>\n                                    <\/div>\r\n            <\/div>\r\n        <\/section>\r\n    ","protected":false},"excerpt":{"rendered":"","protected":false},"author":6,"featured_media":0,"parent":0,"menu_order":0,"comment_status":"closed","ping_status":"closed","template":"","meta":{"_acf_changed":false,"footnotes":""},"class_list":["post-15126","page","type-page","status-publish","hentry"],"acf":[],"yoast_head":"<!-- This site is optimized with the Yoast SEO plugin v26.2 - https:\/\/yoast.com\/wordpress\/plugins\/seo\/ -->\n<title>Patient stories - gynecologist - Porodnice U Apolin\u00e1\u0159e<\/title>\n<meta name=\"robots\" content=\"index, follow, max-snippet:-1, max-image-preview:large, max-video-preview:-1\" \/>\n<link rel=\"canonical\" href=\"https:\/\/apolinar.eu\/en\/pribehy-pacientu-gyn\/\" \/>\n<meta property=\"og:locale\" content=\"en_US\" \/>\n<meta property=\"og:type\" content=\"article\" \/>\n<meta property=\"og:title\" content=\"Patient stories - gynecologist - Porodnice U Apolin\u00e1\u0159e\" \/>\n<meta property=\"og:url\" content=\"https:\/\/apolinar.eu\/en\/pribehy-pacientu-gyn\/\" \/>\n<meta property=\"og:site_name\" content=\"Porodnice U Apolin\u00e1\u0159e\" \/>\n<meta property=\"article:modified_time\" content=\"2025-09-10T20:26:56+00:00\" \/>\n<meta name=\"twitter:card\" content=\"summary_large_image\" \/>\n<script type=\"application\/ld+json\" class=\"yoast-schema-graph\">{\"@context\":\"https:\/\/schema.org\",\"@graph\":[{\"@type\":\"WebPage\",\"@id\":\"https:\/\/apolinar.eu\/en\/pribehy-pacientu-gyn\/\",\"url\":\"https:\/\/apolinar.eu\/en\/pribehy-pacientu-gyn\/\",\"name\":\"Patient stories - gynecologist - Porodnice U Apolin\u00e1\u0159e\",\"isPartOf\":{\"@id\":\"https:\/\/apolinar.eu\/en\/#website\"},\"datePublished\":\"2023-07-18T21:08:41+00:00\",\"dateModified\":\"2025-09-10T20:26:56+00:00\",\"breadcrumb\":{\"@id\":\"https:\/\/apolinar.eu\/en\/pribehy-pacientu-gyn\/#breadcrumb\"},\"inLanguage\":\"en-US\",\"potentialAction\":[{\"@type\":\"ReadAction\",\"target\":[\"https:\/\/apolinar.eu\/en\/pribehy-pacientu-gyn\/\"]}]},{\"@type\":\"BreadcrumbList\",\"@id\":\"https:\/\/apolinar.eu\/en\/pribehy-pacientu-gyn\/#breadcrumb\",\"itemListElement\":[{\"@type\":\"ListItem\",\"position\":1,\"name\":\"Dom\u016f\",\"item\":\"https:\/\/apolinar.eu\/en\/\"},{\"@type\":\"ListItem\",\"position\":2,\"name\":\"Patient stories &#8211; gynecologist\"}]},{\"@type\":\"WebSite\",\"@id\":\"https:\/\/apolinar.eu\/en\/#website\",\"url\":\"https:\/\/apolinar.eu\/en\/\",\"name\":\"Porodnice U Apolin\u00e1\u0159e\",\"description\":\"Klinika gynekologie, porodnictv\u00ed a neonatologie 1. LF UK a VFN v Praze\",\"potentialAction\":[{\"@type\":\"SearchAction\",\"target\":{\"@type\":\"EntryPoint\",\"urlTemplate\":\"https:\/\/apolinar.eu\/en\/?s={search_term_string}\"},\"query-input\":{\"@type\":\"PropertyValueSpecification\",\"valueRequired\":true,\"valueName\":\"search_term_string\"}}],\"inLanguage\":\"en-US\"}]}<\/script>\n<!-- \/ Yoast SEO plugin. -->","yoast_head_json":{"title":"Patient stories - gynecologist - Porodnice U Apolin\u00e1\u0159e","robots":{"index":"index","follow":"follow","max-snippet":"max-snippet:-1","max-image-preview":"max-image-preview:large","max-video-preview":"max-video-preview:-1"},"canonical":"https:\/\/apolinar.eu\/en\/pribehy-pacientu-gyn\/","og_locale":"en_US","og_type":"article","og_title":"Patient stories - gynecologist - Porodnice U Apolin\u00e1\u0159e","og_url":"https:\/\/apolinar.eu\/en\/pribehy-pacientu-gyn\/","og_site_name":"Porodnice U Apolin\u00e1\u0159e","article_modified_time":"2025-09-10T20:26:56+00:00","twitter_card":"summary_large_image","schema":{"@context":"https:\/\/schema.org","@graph":[{"@type":"WebPage","@id":"https:\/\/apolinar.eu\/en\/pribehy-pacientu-gyn\/","url":"https:\/\/apolinar.eu\/en\/pribehy-pacientu-gyn\/","name":"Patient stories - gynecologist - Porodnice U Apolin\u00e1\u0159e","isPartOf":{"@id":"https:\/\/apolinar.eu\/en\/#website"},"datePublished":"2023-07-18T21:08:41+00:00","dateModified":"2025-09-10T20:26:56+00:00","breadcrumb":{"@id":"https:\/\/apolinar.eu\/en\/pribehy-pacientu-gyn\/#breadcrumb"},"inLanguage":"en-US","potentialAction":[{"@type":"ReadAction","target":["https:\/\/apolinar.eu\/en\/pribehy-pacientu-gyn\/"]}]},{"@type":"BreadcrumbList","@id":"https:\/\/apolinar.eu\/en\/pribehy-pacientu-gyn\/#breadcrumb","itemListElement":[{"@type":"ListItem","position":1,"name":"Dom\u016f","item":"https:\/\/apolinar.eu\/en\/"},{"@type":"ListItem","position":2,"name":"Patient stories &#8211; gynecologist"}]},{"@type":"WebSite","@id":"https:\/\/apolinar.eu\/en\/#website","url":"https:\/\/apolinar.eu\/en\/","name":"Porodnice U Apolin\u00e1\u0159e","description":"Klinika gynekologie, porodnictv\u00ed a neonatologie 1. LF UK a VFN v Praze","potentialAction":[{"@type":"SearchAction","target":{"@type":"EntryPoint","urlTemplate":"https:\/\/apolinar.eu\/en\/?s={search_term_string}"},"query-input":{"@type":"PropertyValueSpecification","valueRequired":true,"valueName":"search_term_string"}}],"inLanguage":"en-US"}]}},"_links":{"self":[{"href":"https:\/\/apolinar.eu\/en\/wp-json\/wp\/v2\/pages\/15126","targetHints":{"allow":["GET"]}}],"collection":[{"href":"https:\/\/apolinar.eu\/en\/wp-json\/wp\/v2\/pages"}],"about":[{"href":"https:\/\/apolinar.eu\/en\/wp-json\/wp\/v2\/types\/page"}],"author":[{"embeddable":true,"href":"https:\/\/apolinar.eu\/en\/wp-json\/wp\/v2\/users\/6"}],"replies":[{"embeddable":true,"href":"https:\/\/apolinar.eu\/en\/wp-json\/wp\/v2\/comments?post=15126"}],"version-history":[{"count":2,"href":"https:\/\/apolinar.eu\/en\/wp-json\/wp\/v2\/pages\/15126\/revisions"}],"predecessor-version":[{"id":15128,"href":"https:\/\/apolinar.eu\/en\/wp-json\/wp\/v2\/pages\/15126\/revisions\/15128"}],"wp:attachment":[{"href":"https:\/\/apolinar.eu\/en\/wp-json\/wp\/v2\/media?parent=15126"}],"curies":[{"name":"wp","href":"https:\/\/api.w.org\/{rel}","templated":true}]}}