{"id":14857,"date":"2023-07-17T14:28:54","date_gmt":"2023-07-17T12:28:54","guid":{"rendered":"https:\/\/apolinar.eu\/pribehy-pacientu\/"},"modified":"2025-09-10T22:31:50","modified_gmt":"2025-09-10T20:31:50","slug":"pribehy-pacientu","status":"publish","type":"page","link":"https:\/\/apolinar.eu\/en\/pribehy-pacientu\/","title":{"rendered":"Patient stories"},"content":{"rendered":"                <div class=\"wrapper2 pdt-80 pdb-40 \"\r\n            >\r\n            <div class=\"text_block\">\r\n                <h2 class=\"title_h2 \">Patient stories<\/h2>                <div class=\"page_content reset_margins\">\r\n                                                        <\/div>\r\n            <\/div>\r\n                                <\/div>\r\n    \n\n        <section\r\n            class=\"pdt-40 pdb-40 \"\r\n        >\r\n        <div class=\"wrapper2\">\r\n                            <div class=\"text_block observe anim_drop1 anim_delay\">\r\n                    <h2 class=\"title_h2 \">I appreciate the peace of mind with which you cared for me.<\/h2>                                                            <div class=\"page_content reset_margins\">\r\n                        <p><p>One evening, at 33 weeks pregnant, I started to feel a stabbing pain under my right rib cage. The pain didn&#8217;t stop after an hour, so I went to the emergency room at the Kladno hospital, where they immediately took me to the operating room and performed a cesarean section.<\/p>\n<\/p>\r\n                    <\/div>\r\n                                            <a href=\"https:\/\/apolinar.eu\/en\/pribehy-pacientu-porodnice\/\"\r\n                           title=\"Read more\"\r\n                           target=\"_blank\"                           class=\"btn_basic\">\r\n                            Read more                        <\/a>\r\n                                    <\/div>\r\n                    <\/div>\r\n    <\/section>\r\n\n\n        <section\r\n            class=\"pdt-40 pdb-40 bg3\"\r\n        >\r\n        <div class=\"wrapper2\">\r\n                            <div class=\"text_block observe anim_drop1 anim_delay\">\r\n                    <h2 class=\"title_h2 \">A fairy tale with a happy ending<\/h2>                                                            <div class=\"page_content reset_margins\">\r\n                        <p><p>I am a &#8220;strong 70s&#8221; person, apart from four births I have never been to the hospital. But what the hell, a large myoma grew in my uterus very quickly and surgery was necessary. With a wave of a wand, I found myself on January 11, 2023 with a vision of a laparoscopic surgery in a fairy-tale castle near Apolinary with a view of a cat family in the garden. So reassuring!<\/p>\n<\/p>\r\n                    <\/div>\r\n                                            <a href=\"https:\/\/apolinar.eu\/en\/pribehy-pacientu-gyn\/\"\r\n                           title=\"Read more\"\r\n                           target=\"_blank\"                           class=\"btn_basic\">\r\n                            Read more                        <\/a>\r\n                                    <\/div>\r\n                    <\/div>\r\n    <\/section>\r\n\n\n        <section\r\n            class=\"pdt-40 pdb-40 \"\r\n        >\r\n        <div class=\"wrapper2\">\r\n                            <div class=\"text_block observe anim_drop1 anim_delay\">\r\n                    <h2 class=\"title_h2 \">A second chance at life<\/h2>                                                            <div class=\"page_content reset_margins\">\r\n                        <p><p>My name is Ivana Neuvirthov\u00e1 (D\u011bdi\u010dov\u00e1), I am 60 years old and thanks to the wonderful doctors and nurses from the Oncogynecological Center at Apolin\u00e1\u0159, I was given a second chance at life.<\/p>\n<\/p>\r\n                    <\/div>\r\n                                            <a href=\"https:\/\/apolinar.eu\/en\/pribehy-pacientu-onko\/\"\r\n                           title=\"Read more\"\r\n                           target=\"_blank\"                           class=\"btn_basic\">\r\n                            Read more                        <\/a>\r\n                                    <\/div>\r\n                    <\/div>\r\n    <\/section>\r\n\n\n        <section\r\n            class=\"pdt-40 pdb-40 bg3\"\r\n        >\r\n        <div class=\"wrapper2\">\r\n                            <div class=\"text_block observe anim_drop1 anim_delay\">\r\n                    <h2 class=\"title_h2 \">The main thing is to find the strength within yourself and not give up.<\/h2>                                            <div class=\"tags responsive\">\r\n                            <div class=\"inner justify-center-mdm\">\r\n                                                                                                            <a href=\"https:\/\/www.nadace-hippokrates.cz\/\"\r\n                                           title=\"Hippocrates Foundation\"\r\n                                           target=\"_blank\">\r\n                                            Hippocrates Foundation                                        <\/a>\r\n                                                                                                <\/div>\r\n                        <\/div>\r\n                                                            <div class=\"page_content reset_margins\">\r\n                        <p><p>Singer Radka Fi\u0161arov\u00e1 talks about her successful fight against cervical cancer.<br \/>\nThe video was created as part of the educational activities of the Hippokrates Foundation.<\/p>\n<\/p>\r\n                    <\/div>\r\n                                            <a href=\"https:\/\/youtu.be\/gb2P5vORfMY?si=3gSgHEyBMmo1vRat\"\r\n                           title=\"Watch\"\r\n                           target=\"_blank\"                           class=\"btn_basic\">\r\n                            Watch                        <\/a>\r\n                                    <\/div>\r\n                    <\/div>\r\n    <\/section>\r\n\n\n        <section\r\n            class=\"pdt-40 pdb-40 \"\r\n        >\r\n        <div class=\"wrapper2\">\r\n                            <div class=\"text_block observe anim_drop1 anim_delay\">\r\n                    <h2 class=\"title_h2 \">Hats off to all the medical staff at Apolin\u00e1\u0159 Hospital<\/h2>                                            <div class=\"tags responsive\">\r\n                            <div class=\"inner justify-center-mdm\">\r\n                                                                                                            <a href=\"https:\/\/www.nadace-hippokrates.cz\/\"\r\n                                           title=\"Hippocrates Endowment Fund\"\r\n                                           target=\"_blank\">\r\n                                            Hippocrates Endowment Fund                                        <\/a>\r\n                                                                                                <\/div>\r\n                        <\/div>\r\n                                                            <div class=\"page_content reset_margins\">\r\n                        <p><p>Ms. Kate\u0159ina shares her experiences with ovarian cancer treatment. The video was created as part of the educational activities of the Hippocrates Foundation.<\/p>\n<\/p>\r\n                    <\/div>\r\n                                            <a href=\"https:\/\/www.youtube.com\/watch?si=zYLBU43Bv0bxicoW&#038;v=kHAfJlZ1dfg&#038;feature=youtu.be\"\r\n                           title=\"Watch\"\r\n                           target=\"_blank\"                           class=\"btn_basic\">\r\n                            Watch                        <\/a>\r\n                                    <\/div>\r\n                    <\/div>\r\n    <\/section>\r\n\n\n        <section\r\n            class=\"pdt-40 pdb-40 bg3\"\r\n        >\r\n        <div class=\"wrapper2\">\r\n                            <div class=\"text_block observe anim_drop1 anim_delay\">\r\n                    <h2 class=\"title_h2 \">I was lucky to be able to participate in a clinical trial.<\/h2>                                            <div class=\"tags responsive\">\r\n                            <div class=\"inner justify-center-mdm\">\r\n                                                                                                            <a href=\"https:\/\/www.nadace-hippokrates.cz\/\"\r\n                                           title=\"Hippocrates Endowment Fund\"\r\n                                           target=\"_blank\">\r\n                                            Hippocrates Endowment Fund                                        <\/a>\r\n                                                                                                <\/div>\r\n                        <\/div>\r\n                                                            <div class=\"page_content reset_margins\">\r\n                        <p><p>Ms. Eva describes her experience with ovarian cancer and treatment as part of a clinical trial. The video was created as part of the educational activities of the Hippocrates Foundation.<\/p>\n<\/p>\r\n                    <\/div>\r\n                                            <a href=\"https:\/\/youtu.be\/Tt5y1Q5sXNI?si=oKqDAMKOmO1CJuGh\"\r\n                           title=\"Watch\"\r\n                                                      class=\"btn_basic\">\r\n                            Watch                        <\/a>\r\n                                    <\/div>\r\n                    <\/div>\r\n    <\/section>\r\n\n\n        <section\r\n            class=\"pdt-40 pdb-40 \"\r\n        >\r\n        <div class=\"wrapper2\">\r\n                            <div class=\"text_block observe anim_drop1 anim_delay\">\r\n                    <h2 class=\"title_h2 \">Everyone did everything they could to make me feel better.<\/h2>                                            <div class=\"tags responsive\">\r\n                            <div class=\"inner justify-center-mdm\">\r\n                                                                                                            <a href=\"https:\/\/www.nadace-hippokrates.cz\/\"\r\n                                           title=\"Hippocrates Endowment Fund\"\r\n                                           target=\"_blank\">\r\n                                            Hippocrates Endowment Fund                                        <\/a>\r\n                                                                                                <\/div>\r\n                        <\/div>\r\n                                                            <div class=\"page_content reset_margins\">\r\n                        <p><p>Ms. Ivana tells her story \u2013 she recovered from ovarian cancer. The video was created as part of the educational activities of the Hippocrates Foundation.<\/p>\n<\/p>\r\n                    <\/div>\r\n                                            <a href=\"https:\/\/www.youtube.com\/watch?si=gthad3GKeb3-7qR5&#038;v=Th_peccwkc8&#038;feature=youtu.be\"\r\n                           title=\"Watch\"\r\n                           target=\"_blank\"                           class=\"btn_basic\">\r\n                            Watch                        <\/a>\r\n                                    <\/div>\r\n                    <\/div>\r\n    <\/section>\r\n\n\n        <section\r\n            class=\"pdt-40 pdb-40 bg3\"\r\n        >\r\n        <div class=\"wrapper2\">\r\n                            <div class=\"text_block observe anim_drop1 anim_delay\">\r\n                    <h2 class=\"title_h2 \">We were happy to take advantage of psychological support<\/h2>                                            <div class=\"tags responsive\">\r\n                            <div class=\"inner justify-center-mdm\">\r\n                                                                                                            <a href=\"https:\/\/www.nadace-hippokrates.cz\/\"\r\n                                           title=\"Hippocrates Endowment Fund\"\r\n                                           target=\"_blank\">\r\n                                            Hippocrates Endowment Fund                                        <\/a>\r\n                                                                                                <\/div>\r\n                        <\/div>\r\n                                                            <div class=\"page_content reset_margins\">\r\n                        <p><p>Mr. and Mrs. Schrut share their experiences with professional psychological support at Apolin\u00e1\u0159 Hospital. The video was created as part of the educational activities of the Hippocrates Foundation.<\/p>\n<\/p>\r\n                    <\/div>\r\n                                            <a href=\"https:\/\/www.youtube.com\/watch?si=I6IJyvzscOX1X6_A&#038;v=aSSgE7qo-LQ&#038;feature=youtu.be\"\r\n                           title=\"Watch\"\r\n                           target=\"_blank\"                           class=\"btn_basic\">\r\n                            Watch                        <\/a>\r\n                                    <\/div>\r\n                    <\/div>\r\n    <\/section>\r\n","protected":false},"excerpt":{"rendered":"","protected":false},"author":6,"featured_media":0,"parent":0,"menu_order":0,"comment_status":"closed","ping_status":"closed","template":"","meta":{"_acf_changed":false,"footnotes":""},"class_list":["post-14857","page","type-page","status-publish","hentry"],"acf":[],"yoast_head":"<!-- This site is optimized with the Yoast SEO plugin v26.2 - https:\/\/yoast.com\/wordpress\/plugins\/seo\/ -->\n<title>Patient stories - Porodnice U Apolin\u00e1\u0159e<\/title>\n<meta name=\"robots\" content=\"index, follow, max-snippet:-1, max-image-preview:large, max-video-preview:-1\" \/>\n<link rel=\"canonical\" href=\"https:\/\/apolinar.eu\/en\/pribehy-pacientu\/\" \/>\n<meta property=\"og:locale\" content=\"en_US\" \/>\n<meta property=\"og:type\" content=\"article\" \/>\n<meta property=\"og:title\" content=\"Patient stories - Porodnice U Apolin\u00e1\u0159e\" \/>\n<meta property=\"og:url\" content=\"https:\/\/apolinar.eu\/en\/pribehy-pacientu\/\" \/>\n<meta property=\"og:site_name\" content=\"Porodnice U Apolin\u00e1\u0159e\" \/>\n<meta property=\"article:modified_time\" content=\"2025-09-10T20:31:50+00:00\" \/>\n<meta name=\"twitter:card\" content=\"summary_large_image\" \/>\n<script type=\"application\/ld+json\" class=\"yoast-schema-graph\">{\"@context\":\"https:\/\/schema.org\",\"@graph\":[{\"@type\":\"WebPage\",\"@id\":\"https:\/\/apolinar.eu\/en\/pribehy-pacientu\/\",\"url\":\"https:\/\/apolinar.eu\/en\/pribehy-pacientu\/\",\"name\":\"Patient stories - Porodnice U Apolin\u00e1\u0159e\",\"isPartOf\":{\"@id\":\"https:\/\/apolinar.eu\/en\/#website\"},\"datePublished\":\"2023-07-17T12:28:54+00:00\",\"dateModified\":\"2025-09-10T20:31:50+00:00\",\"breadcrumb\":{\"@id\":\"https:\/\/apolinar.eu\/en\/pribehy-pacientu\/#breadcrumb\"},\"inLanguage\":\"en-US\",\"potentialAction\":[{\"@type\":\"ReadAction\",\"target\":[\"https:\/\/apolinar.eu\/en\/pribehy-pacientu\/\"]}]},{\"@type\":\"BreadcrumbList\",\"@id\":\"https:\/\/apolinar.eu\/en\/pribehy-pacientu\/#breadcrumb\",\"itemListElement\":[{\"@type\":\"ListItem\",\"position\":1,\"name\":\"Dom\u016f\",\"item\":\"https:\/\/apolinar.eu\/en\/\"},{\"@type\":\"ListItem\",\"position\":2,\"name\":\"Patient stories\"}]},{\"@type\":\"WebSite\",\"@id\":\"https:\/\/apolinar.eu\/en\/#website\",\"url\":\"https:\/\/apolinar.eu\/en\/\",\"name\":\"Porodnice U Apolin\u00e1\u0159e\",\"description\":\"Klinika gynekologie, porodnictv\u00ed a neonatologie 1. LF UK a VFN v Praze\",\"potentialAction\":[{\"@type\":\"SearchAction\",\"target\":{\"@type\":\"EntryPoint\",\"urlTemplate\":\"https:\/\/apolinar.eu\/en\/?s={search_term_string}\"},\"query-input\":{\"@type\":\"PropertyValueSpecification\",\"valueRequired\":true,\"valueName\":\"search_term_string\"}}],\"inLanguage\":\"en-US\"}]}<\/script>\n<!-- \/ Yoast SEO plugin. -->","yoast_head_json":{"title":"Patient stories - Porodnice U Apolin\u00e1\u0159e","robots":{"index":"index","follow":"follow","max-snippet":"max-snippet:-1","max-image-preview":"max-image-preview:large","max-video-preview":"max-video-preview:-1"},"canonical":"https:\/\/apolinar.eu\/en\/pribehy-pacientu\/","og_locale":"en_US","og_type":"article","og_title":"Patient stories - Porodnice U Apolin\u00e1\u0159e","og_url":"https:\/\/apolinar.eu\/en\/pribehy-pacientu\/","og_site_name":"Porodnice U Apolin\u00e1\u0159e","article_modified_time":"2025-09-10T20:31:50+00:00","twitter_card":"summary_large_image","schema":{"@context":"https:\/\/schema.org","@graph":[{"@type":"WebPage","@id":"https:\/\/apolinar.eu\/en\/pribehy-pacientu\/","url":"https:\/\/apolinar.eu\/en\/pribehy-pacientu\/","name":"Patient stories - Porodnice U Apolin\u00e1\u0159e","isPartOf":{"@id":"https:\/\/apolinar.eu\/en\/#website"},"datePublished":"2023-07-17T12:28:54+00:00","dateModified":"2025-09-10T20:31:50+00:00","breadcrumb":{"@id":"https:\/\/apolinar.eu\/en\/pribehy-pacientu\/#breadcrumb"},"inLanguage":"en-US","potentialAction":[{"@type":"ReadAction","target":["https:\/\/apolinar.eu\/en\/pribehy-pacientu\/"]}]},{"@type":"BreadcrumbList","@id":"https:\/\/apolinar.eu\/en\/pribehy-pacientu\/#breadcrumb","itemListElement":[{"@type":"ListItem","position":1,"name":"Dom\u016f","item":"https:\/\/apolinar.eu\/en\/"},{"@type":"ListItem","position":2,"name":"Patient stories"}]},{"@type":"WebSite","@id":"https:\/\/apolinar.eu\/en\/#website","url":"https:\/\/apolinar.eu\/en\/","name":"Porodnice U Apolin\u00e1\u0159e","description":"Klinika gynekologie, porodnictv\u00ed a neonatologie 1. LF UK a VFN v Praze","potentialAction":[{"@type":"SearchAction","target":{"@type":"EntryPoint","urlTemplate":"https:\/\/apolinar.eu\/en\/?s={search_term_string}"},"query-input":{"@type":"PropertyValueSpecification","valueRequired":true,"valueName":"search_term_string"}}],"inLanguage":"en-US"}]}},"_links":{"self":[{"href":"https:\/\/apolinar.eu\/en\/wp-json\/wp\/v2\/pages\/14857","targetHints":{"allow":["GET"]}}],"collection":[{"href":"https:\/\/apolinar.eu\/en\/wp-json\/wp\/v2\/pages"}],"about":[{"href":"https:\/\/apolinar.eu\/en\/wp-json\/wp\/v2\/types\/page"}],"author":[{"embeddable":true,"href":"https:\/\/apolinar.eu\/en\/wp-json\/wp\/v2\/users\/6"}],"replies":[{"embeddable":true,"href":"https:\/\/apolinar.eu\/en\/wp-json\/wp\/v2\/comments?post=14857"}],"version-history":[{"count":5,"href":"https:\/\/apolinar.eu\/en\/wp-json\/wp\/v2\/pages\/14857\/revisions"}],"predecessor-version":[{"id":15134,"href":"https:\/\/apolinar.eu\/en\/wp-json\/wp\/v2\/pages\/14857\/revisions\/15134"}],"wp:attachment":[{"href":"https:\/\/apolinar.eu\/en\/wp-json\/wp\/v2\/media?parent=14857"}],"curies":[{"name":"wp","href":"https:\/\/api.w.org\/{rel}","templated":true}]}}