{"id":14832,"date":"2023-05-31T15:39:07","date_gmt":"2023-05-31T13:39:07","guid":{"rendered":"https:\/\/apolinar.eu\/kontakt\/"},"modified":"2025-09-10T19:33:22","modified_gmt":"2025-09-10T17:33:22","slug":"kontakt","status":"publish","type":"page","link":"https:\/\/apolinar.eu\/en\/kontakt\/","title":{"rendered":"Contact"},"content":{"rendered":"                <div class=\"pdt-100 pdb-120 pdt-70lg pdb-80lg \"\r\n            id=\"kontaktujte-nas\">\r\n            <div class=\"wrapper2\">\r\n                <div class=\"box_text\">\r\n                    <div class=\"grid align-center small-space\">\r\n                        <div class=\"box_text_text col2 col1_mdm observe anim_drop1 anim_delay\">\r\n                            <h1 class=\"title_h2 \">Contact us<\/h1>                            <div class=\"page_content reset_margins with_list_symbol mgt-35\">\r\n                                <ul>\n<li><strong>VISIT US<\/strong><br \/>\nApolin\u00e1\u0159sk\u00e1 18, 128 08 Prague 2<\/li>\n<li><strong>CALL US<\/strong><br \/>\n<a href=\"tel:+420224961111\">+420 224 961 111<\/a><\/li>\n<li><strong>EMAIL US<\/strong><br \/>\n<a href=\"#\">info@apolinar.eu<\/a><br \/>\nThis email address is for information only and cannot be used to schedule appointments.<\/li>\n<li><strong>CONTACTS FOR INDIVIDUAL DEPARTMENTS (<a href=\"https:\/\/apolinar.eu\/kontakty-na-jednotliva-oddeleni\/\">HERE<\/a>)<\/strong><\/li>\n<\/ul>\n<p>&nbsp;<\/p>\n                            <\/div>\r\n                        <\/div>\r\n                        <div class=\"box_text_image hide_mdm col2\">\r\n                            <div class=\"item_decor observe anim_image1 anim_delay\">\r\n                                <div>\r\n                                    <svg class=\"sico color3 toanim_bg\">\r\n                                        <use href=\"https:\/\/apolinar.eu\/wp-content\/themes\/apolinar\/assets\/layout\/icons.svg#s_ls\"\/>\r\n                                    <\/svg>\r\n                                                                                                                <div class=\"toanim_img\">\r\n                                            <img decoding=\"async\" src=\"https:\/\/apolinar.eu\/wp-content\/uploads\/2023\/06\/l10.svg\" class=\"attachment-contact_image size-contact_image\" alt=\"\" \/>                                        <\/div>\r\n                                                                    <\/div>\r\n                            <\/div>\r\n                        <\/div>\r\n                    <\/div>\r\n                <\/div>\r\n            <\/div>\r\n        <\/div>\r\n    \n\n    <!-- ACCORD -->\r\n    <section\r\n            class=\"pdt-80 pdb-80 bg3\"\r\n        id=\"sesnam\">\r\n        <div class=\"wrapper2 anim_delay anim_drop1 observe\">\r\n            <h2 class=\"title_h3 \">How to get here?<\/h2>                                        <div class=\"accord mgt-30\">\r\n                                            <!-- ITEM -->\r\n                        <div class=\"item_accord item\">\r\n                            <a href=\"#\" role=\"button\" class=\"item_accord_head head\">\r\n                                <h3 class=\"item_accord_title\">By subway<\/h3>\r\n                                <div class=\"item_accord_arrow\">\r\n                                    <svg class=\"sicofill\">\r\n                                        <use href=\"https:\/\/apolinar.eu\/wp-content\/themes\/apolinar\/assets\/layout\/icons.svg#s_ar2_d\"\/>\r\n                                    <\/svg>\r\n                                <\/div>\r\n                            <\/a>\r\n                            <div class=\"expand\">\r\n                                <div class=\"item_accord_inner page_content reset_margins\">\r\n                                                                                                                                                        <p>Route C, I. P. Pavlova station. From I. P. Pavlova, cross Sokolsk\u00e1 Street, turn left around the Medical Center, then take the first diagonal street, Na Boji\u0161ti, to the right (you will see the famous U Kalicha restaurant on your left), and at the end, turn left onto Ke Karlovu Street.<\/p>\n<p>After about 300 meters, you will reach Apolin\u00e1\u0159sk\u00e1 Street. The red brick building is impossible to miss.<\/p>\n                                                                    <\/div>\r\n                            <\/div>\r\n                        <\/div>\r\n                                            <!-- ITEM -->\r\n                        <div class=\"item_accord item\">\r\n                            <a href=\"#\" role=\"button\" class=\"item_accord_head head\">\r\n                                <h3 class=\"item_accord_title\">By bus<\/h3>\r\n                                <div class=\"item_accord_arrow\">\r\n                                    <svg class=\"sicofill\">\r\n                                        <use href=\"https:\/\/apolinar.eu\/wp-content\/themes\/apolinar\/assets\/layout\/icons.svg#s_ar2_d\"\/>\r\n                                    <\/svg>\r\n                                <\/div>\r\n                            <\/a>\r\n                            <div class=\"expand\">\r\n                                <div class=\"item_accord_inner page_content reset_margins\">\r\n                                                                                                                                                        <p>From <strong>Karlovo n\u00e1m\u011bst\u00ed<\/strong> and <strong>n\u00e1m\u011bst\u00ed I. P. Pavlova<\/strong>, city bus No. 148 runs to us. On weekdays, it operates every 15 minutes, and during the morning rush hour, even every 10 minutes.<\/p>\n<p>Bus stop at <strong>n\u00e1m. I. P. Pavlova<\/strong>: stop in front of the L\u00e9ka\u0159sk\u00fd d\u016fm (next to Hotel Legie).<\/p>\n<p>Bus stop at <strong>Karlovo n\u00e1m\u011bst\u00ed:<\/strong> stop in front of the Atrium shopping center. The bus stops directly at the main entrance of our Perinatology Center building.<\/p>\n                                                                    <\/div>\r\n                            <\/div>\r\n                        <\/div>\r\n                                            <!-- ITEM -->\r\n                        <div class=\"item_accord item\">\r\n                            <a href=\"#\" role=\"button\" class=\"item_accord_head head\">\r\n                                <h3 class=\"item_accord_title\">By car<\/h3>\r\n                                <div class=\"item_accord_arrow\">\r\n                                    <svg class=\"sicofill\">\r\n                                        <use href=\"https:\/\/apolinar.eu\/wp-content\/themes\/apolinar\/assets\/layout\/icons.svg#s_ar2_d\"\/>\r\n                                    <\/svg>\r\n                                <\/div>\r\n                            <\/a>\r\n                            <div class=\"expand\">\r\n                                <div class=\"item_accord_inner page_content reset_margins\">\r\n                                                                                                                                                        <p>Standard paid parking spaces are available in the vicinity of the maternity hospital (blue zone \u2013 Apolin\u00e1\u0159sk\u00e1 and Vini\u010dn\u00e1 streets).<\/p>\n                                                                    <\/div>\r\n                            <\/div>\r\n                        <\/div>\r\n                                    <\/div>\r\n                    <\/div>\r\n    <\/section>\r\n\n\n    <div class=\" pdb-120 \"\r\n        id=\"mapa\">\r\n        <div class=\"map_cont\">\r\n            <iframe src=\"https:\/\/www.google.com\/maps\/embed?pb=!1m18!1m12!1m3!1d2560.8075250394045!2d14.422372115717675!3d50.07116617942486!2m3!1f0!2f0!3f0!3m2!1i1024!2i768!4f13.1!3m3!1m2!1s0x470b948a8f7a2945%3A0x11a881551f145055!2zQXBvbGluw6HFmXNrw6EsIE5vdsOpIE3Em3N0bywgQ3plY2hpYQ!5e0!3m2!1sen!2ssk!4v1685961829356!5m2!1sen!2ssk\" width=\"600\" height=\"450\" style=\"border:0;\" allowfullscreen=\"\"\r\n                    loading=\"lazy\" referrerpolicy=\"no-referrer-when-downgrade\"><\/iframe>\r\n        <\/div>\r\n    <\/div>\r\n","protected":false},"excerpt":{"rendered":"","protected":false},"author":1,"featured_media":0,"parent":0,"menu_order":0,"comment_status":"closed","ping_status":"closed","template":"","meta":{"_acf_changed":false,"footnotes":""},"class_list":["post-14832","page","type-page","status-publish","hentry"],"acf":[],"yoast_head":"<!-- This site is optimized with the Yoast SEO plugin v26.2 - https:\/\/yoast.com\/wordpress\/plugins\/seo\/ -->\n<title>Contact - Porodnice U Apolin\u00e1\u0159e<\/title>\n<meta name=\"robots\" content=\"index, follow, max-snippet:-1, max-image-preview:large, max-video-preview:-1\" \/>\n<link rel=\"canonical\" href=\"https:\/\/apolinar.eu\/en\/kontakt\/\" \/>\n<meta property=\"og:locale\" content=\"en_US\" \/>\n<meta property=\"og:type\" content=\"article\" \/>\n<meta property=\"og:title\" content=\"Contact - Porodnice U Apolin\u00e1\u0159e\" \/>\n<meta property=\"og:url\" content=\"https:\/\/apolinar.eu\/en\/kontakt\/\" \/>\n<meta property=\"og:site_name\" content=\"Porodnice U Apolin\u00e1\u0159e\" \/>\n<meta property=\"article:modified_time\" content=\"2025-09-10T17:33:22+00:00\" \/>\n<meta name=\"twitter:card\" content=\"summary_large_image\" \/>\n<script type=\"application\/ld+json\" class=\"yoast-schema-graph\">{\"@context\":\"https:\/\/schema.org\",\"@graph\":[{\"@type\":\"WebPage\",\"@id\":\"https:\/\/apolinar.eu\/en\/kontakt\/\",\"url\":\"https:\/\/apolinar.eu\/en\/kontakt\/\",\"name\":\"Contact - Porodnice U Apolin\u00e1\u0159e\",\"isPartOf\":{\"@id\":\"https:\/\/apolinar.eu\/en\/#website\"},\"datePublished\":\"2023-05-31T13:39:07+00:00\",\"dateModified\":\"2025-09-10T17:33:22+00:00\",\"breadcrumb\":{\"@id\":\"https:\/\/apolinar.eu\/en\/kontakt\/#breadcrumb\"},\"inLanguage\":\"en-US\",\"potentialAction\":[{\"@type\":\"ReadAction\",\"target\":[\"https:\/\/apolinar.eu\/en\/kontakt\/\"]}]},{\"@type\":\"BreadcrumbList\",\"@id\":\"https:\/\/apolinar.eu\/en\/kontakt\/#breadcrumb\",\"itemListElement\":[{\"@type\":\"ListItem\",\"position\":1,\"name\":\"Dom\u016f\",\"item\":\"https:\/\/apolinar.eu\/en\/\"},{\"@type\":\"ListItem\",\"position\":2,\"name\":\"Contact\"}]},{\"@type\":\"WebSite\",\"@id\":\"https:\/\/apolinar.eu\/en\/#website\",\"url\":\"https:\/\/apolinar.eu\/en\/\",\"name\":\"Porodnice U Apolin\u00e1\u0159e\",\"description\":\"Klinika gynekologie, porodnictv\u00ed a neonatologie 1. LF UK a VFN v Praze\",\"potentialAction\":[{\"@type\":\"SearchAction\",\"target\":{\"@type\":\"EntryPoint\",\"urlTemplate\":\"https:\/\/apolinar.eu\/en\/?s={search_term_string}\"},\"query-input\":{\"@type\":\"PropertyValueSpecification\",\"valueRequired\":true,\"valueName\":\"search_term_string\"}}],\"inLanguage\":\"en-US\"}]}<\/script>\n<!-- \/ Yoast SEO plugin. -->","yoast_head_json":{"title":"Contact - Porodnice U Apolin\u00e1\u0159e","robots":{"index":"index","follow":"follow","max-snippet":"max-snippet:-1","max-image-preview":"max-image-preview:large","max-video-preview":"max-video-preview:-1"},"canonical":"https:\/\/apolinar.eu\/en\/kontakt\/","og_locale":"en_US","og_type":"article","og_title":"Contact - Porodnice U Apolin\u00e1\u0159e","og_url":"https:\/\/apolinar.eu\/en\/kontakt\/","og_site_name":"Porodnice U Apolin\u00e1\u0159e","article_modified_time":"2025-09-10T17:33:22+00:00","twitter_card":"summary_large_image","schema":{"@context":"https:\/\/schema.org","@graph":[{"@type":"WebPage","@id":"https:\/\/apolinar.eu\/en\/kontakt\/","url":"https:\/\/apolinar.eu\/en\/kontakt\/","name":"Contact - Porodnice U Apolin\u00e1\u0159e","isPartOf":{"@id":"https:\/\/apolinar.eu\/en\/#website"},"datePublished":"2023-05-31T13:39:07+00:00","dateModified":"2025-09-10T17:33:22+00:00","breadcrumb":{"@id":"https:\/\/apolinar.eu\/en\/kontakt\/#breadcrumb"},"inLanguage":"en-US","potentialAction":[{"@type":"ReadAction","target":["https:\/\/apolinar.eu\/en\/kontakt\/"]}]},{"@type":"BreadcrumbList","@id":"https:\/\/apolinar.eu\/en\/kontakt\/#breadcrumb","itemListElement":[{"@type":"ListItem","position":1,"name":"Dom\u016f","item":"https:\/\/apolinar.eu\/en\/"},{"@type":"ListItem","position":2,"name":"Contact"}]},{"@type":"WebSite","@id":"https:\/\/apolinar.eu\/en\/#website","url":"https:\/\/apolinar.eu\/en\/","name":"Porodnice U Apolin\u00e1\u0159e","description":"Klinika gynekologie, porodnictv\u00ed a neonatologie 1. LF UK a VFN v Praze","potentialAction":[{"@type":"SearchAction","target":{"@type":"EntryPoint","urlTemplate":"https:\/\/apolinar.eu\/en\/?s={search_term_string}"},"query-input":{"@type":"PropertyValueSpecification","valueRequired":true,"valueName":"search_term_string"}}],"inLanguage":"en-US"}]}},"_links":{"self":[{"href":"https:\/\/apolinar.eu\/en\/wp-json\/wp\/v2\/pages\/14832","targetHints":{"allow":["GET"]}}],"collection":[{"href":"https:\/\/apolinar.eu\/en\/wp-json\/wp\/v2\/pages"}],"about":[{"href":"https:\/\/apolinar.eu\/en\/wp-json\/wp\/v2\/types\/page"}],"author":[{"embeddable":true,"href":"https:\/\/apolinar.eu\/en\/wp-json\/wp\/v2\/users\/1"}],"replies":[{"embeddable":true,"href":"https:\/\/apolinar.eu\/en\/wp-json\/wp\/v2\/comments?post=14832"}],"version-history":[{"count":1,"href":"https:\/\/apolinar.eu\/en\/wp-json\/wp\/v2\/pages\/14832\/revisions"}],"predecessor-version":[{"id":14833,"href":"https:\/\/apolinar.eu\/en\/wp-json\/wp\/v2\/pages\/14832\/revisions\/14833"}],"wp:attachment":[{"href":"https:\/\/apolinar.eu\/en\/wp-json\/wp\/v2\/media?parent=14832"}],"curies":[{"name":"wp","href":"https:\/\/api.w.org\/{rel}","templated":true}]}}