{"id":14815,"date":"2023-07-16T18:52:33","date_gmt":"2023-07-16T16:52:33","guid":{"rendered":"https:\/\/apolinar.eu\/veda-a-vyzkum\/"},"modified":"2025-09-10T19:18:15","modified_gmt":"2025-09-10T17:18:15","slug":"veda-a-vyzkum","status":"publish","type":"page","link":"https:\/\/apolinar.eu\/en\/veda-a-vyzkum\/","title":{"rendered":"Science and research"},"content":{"rendered":"                <div class=\"wrapper2 pdt-80 pdb-40 \"\r\n            >\r\n            <div class=\"text_block\">\r\n                <h1 class=\"title_h2 \">Science and research<\/h1>                <div class=\"page_content reset_margins\">\r\n                                                                                        <p><span data-contrast=\"auto\">In addition to patient care and teaching, science is the third important pillar of a university workplace. The Department of Gynecology and Obstetrics has traditionally been among the departments of the First Faculty of Medicine with the best scientific performance. In 2021, it was ranked 6th out of 73 clinics and institutes of the faculty.<\/span><\/p>\n<p><span data-contrast=\"auto\">In research, we cooperate with many other clinics and institutes within the General University Hospital, the First Faculty of Medicine, or the Academy of Sciences, as well as with many prestigious foreign universities. Most projects focus on so-called clinical research, which aims to improve current patient care. Research at the clinic is funded from several sources, from institutional support of the First Faculty of Medicine and the General University Hospital, from research grants of Czech agencies (a total of 4 grants in 2022) or foreign agencies (1 project in 2022), as well as from contributions of foundations and individual donors.<\/span><\/p>\n<p><span data-contrast=\"auto\">Dozens of scientific projects are underway at the clinic. In addition to studies coordinated from abroad, in which our clinic participates, we are proud of those projects coordinated by our department, and to which foreign centers in turn contribute. In 2022, there were <\/span><span data-contrast=\"auto\">X<\/span><span data-contrast=\"auto\"> such projects at the clinic. An example is the SENTIX study, which involved 42 centers from 18 countries in Europe, Latin America, and South Africa.<\/span><\/p>\n<p><span data-contrast=\"auto\">The main outcome of scientific work is high-quality publications. Last year, our researchers were authors or co-authors of X publications in leading international journals (IF), of which X were our own publications.<\/span><\/p>\n<p><span data-contrast=\"auto\">Scientific projects from our department influence treatment standards worldwide. Examples include the results of studies in the treatment of gynecological malignancies, which have become part of recommended guidelines in the USA (<\/span><a href=\"https:\/\/www.nccn.org\/guidelines\"><span data-contrast=\"none\">https:\/\/www.nccn.org\/guidelines<\/span><\/a><span data-contrast=\"auto\"> &#8211; cervical cancer) or in Europe (<\/span><a href=\"https:\/\/esgo.org\/explore\/guidelines\/\"><span data-contrast=\"none\">https:\/\/esgo.org\/explore\/guidelines\/<\/span><\/a><span data-contrast=\"auto\">).<\/span><\/p>\n                                    <\/div>\r\n            <\/div>\r\n                                <\/div>\r\n    \n\n                <!-- TEXT BLOCK -->\r\n        <section\r\n                class=\"pdt-40 pdb-80 bg3\"\r\n            >\r\n            <div class=\"wrapper2 text_block\">\r\n                                                                                                                <div class=\"page_content reset_margins\">\r\n                                                                                        <p><b><span>List of projects coordinated by our clinic with international participation<\/span><\/b><\/p>\n<div class=\"table_scroll\"> <table>\n<tbody>\n<tr>\n<td><b><span>Abbreviation<\/span><\/b><\/td>\n<td><b><span>Title<\/span><\/b><\/td>\n<td><b><span>Number of centers involved<\/span><\/b><\/td>\n<td><b><span>Number of countries<\/span><\/b><\/td>\n<td><b><span>Study goal<\/span><\/b><\/td>\n<\/tr>\n<tr>\n<td><b><span>SENTIX<\/span><\/b><\/td>\n<td><span>Sentinel lymph node in cervical cancer<\/span><\/td>\n<td><span>42<\/span><\/td>\n<td><span>18<\/span><\/td>\n<td><span>Reduce the extent of surgery for cervical cancer.<\/span><\/td>\n<\/tr>\n<tr>\n<td><b><span>CANNES<\/span><\/b><\/td>\n<td><span>Cervical Cancer Lymph Node Staging<\/span><\/td>\n<td><span>3<\/span><\/td>\n<td><span>3<\/span><\/td>\n<td><span>Compare the accuracy of ultrasound, MRI, and PET\/CT in detecting lymph node involvement to select the optimal method for preoperative evaluation of patients with cervical cancer.<\/span><\/td>\n<\/tr>\n<tr>\n<td><b><span>ISAAC<\/span><\/b><\/td>\n<td><span>Imaging Study in Advanced Ovarian Cancer<\/span><\/td>\n<td><span>5<\/span><\/td>\n<td><span>3<\/span><\/td>\n<td><span>Compare the accuracy of different imaging methods (ultrasound, whole-body MRI, and CT) in determining the extent of ovarian malignancy in the pelvis and abdominal cavity.<\/span><\/td>\n<\/tr>\n<tr>\n<td><b><span>ABRAX<\/span><\/b><\/td>\n<td><span>ABandoning RAdical hysterectomy in cerviX cancer<\/span><\/td>\n<td><span>51<\/span><\/td>\n<td><span>19<\/span><\/td>\n<td><span>Decide whether it is appropriate to complete radical hysterectomy when lymph node metastases are detected intraoperatively in early-stage cervical cancer surgeries.<\/span><\/td>\n<\/tr>\n<tr>\n<td><b><span>MILLAC<\/span><\/b><\/td>\n<td><span>Occult LN involvement in the LACC trial<\/span><\/td>\n<td><span>8<\/span><\/td>\n<td><span>6<\/span><\/td>\n<td><span>Verify whether lymph nodes containing undetected micrometastases are the cause of a higher number of local recurrences in the LACC study.<\/span><\/td>\n<\/tr>\n<tr>\n<td><b><span>SCCAN<\/span><\/b><\/td>\n<td><span>The Surveillance in Cervical Cancer<\/span><\/td>\n<td><span>20<\/span><\/td>\n<td><span>14<\/span><\/td>\n<td><span>Optimize follow-up of patients after completion of cervical cancer treatment.<\/span><\/td>\n<\/tr>\n<tr>\n<td><b><span>FERTISS<\/span><\/b><\/td>\n<td><span>Fertility Sparing Surgery In Cervical Cancer Patients Outside Of Clinical Trials<\/span><\/td>\n<td><span>44<\/span><\/td>\n<td><span>13<\/span><\/td>\n<td><span>Optimize the indication criteria for performing fertility-sparing surgeries in cervical cancer.<\/span><\/td>\n<\/tr>\n<\/tbody>\n<\/table> <\/div>\n                                    <\/div>\r\n            <\/div>\r\n        <\/section>\r\n    ","protected":false},"excerpt":{"rendered":"","protected":false},"author":6,"featured_media":0,"parent":0,"menu_order":0,"comment_status":"closed","ping_status":"closed","template":"","meta":{"_acf_changed":false,"footnotes":""},"class_list":["post-14815","page","type-page","status-publish","hentry"],"acf":[],"yoast_head":"<!-- This site is optimized with the Yoast SEO plugin v26.2 - https:\/\/yoast.com\/wordpress\/plugins\/seo\/ -->\n<title>Science and research - Porodnice U Apolin\u00e1\u0159e<\/title>\n<meta name=\"robots\" content=\"index, follow, max-snippet:-1, max-image-preview:large, max-video-preview:-1\" \/>\n<link rel=\"canonical\" href=\"https:\/\/apolinar.eu\/en\/veda-a-vyzkum\/\" \/>\n<meta property=\"og:locale\" content=\"en_US\" \/>\n<meta property=\"og:type\" content=\"article\" \/>\n<meta property=\"og:title\" content=\"Science and research - Porodnice U Apolin\u00e1\u0159e\" \/>\n<meta property=\"og:url\" content=\"https:\/\/apolinar.eu\/en\/veda-a-vyzkum\/\" \/>\n<meta property=\"og:site_name\" content=\"Porodnice U Apolin\u00e1\u0159e\" \/>\n<meta property=\"article:modified_time\" content=\"2025-09-10T17:18:15+00:00\" \/>\n<meta name=\"twitter:card\" content=\"summary_large_image\" \/>\n<script type=\"application\/ld+json\" class=\"yoast-schema-graph\">{\"@context\":\"https:\/\/schema.org\",\"@graph\":[{\"@type\":\"WebPage\",\"@id\":\"https:\/\/apolinar.eu\/en\/veda-a-vyzkum\/\",\"url\":\"https:\/\/apolinar.eu\/en\/veda-a-vyzkum\/\",\"name\":\"Science and research - Porodnice U Apolin\u00e1\u0159e\",\"isPartOf\":{\"@id\":\"https:\/\/apolinar.eu\/en\/#website\"},\"datePublished\":\"2023-07-16T16:52:33+00:00\",\"dateModified\":\"2025-09-10T17:18:15+00:00\",\"breadcrumb\":{\"@id\":\"https:\/\/apolinar.eu\/en\/veda-a-vyzkum\/#breadcrumb\"},\"inLanguage\":\"en-US\",\"potentialAction\":[{\"@type\":\"ReadAction\",\"target\":[\"https:\/\/apolinar.eu\/en\/veda-a-vyzkum\/\"]}]},{\"@type\":\"BreadcrumbList\",\"@id\":\"https:\/\/apolinar.eu\/en\/veda-a-vyzkum\/#breadcrumb\",\"itemListElement\":[{\"@type\":\"ListItem\",\"position\":1,\"name\":\"Dom\u016f\",\"item\":\"https:\/\/apolinar.eu\/en\/\"},{\"@type\":\"ListItem\",\"position\":2,\"name\":\"Science and research\"}]},{\"@type\":\"WebSite\",\"@id\":\"https:\/\/apolinar.eu\/en\/#website\",\"url\":\"https:\/\/apolinar.eu\/en\/\",\"name\":\"Porodnice U Apolin\u00e1\u0159e\",\"description\":\"Klinika gynekologie, porodnictv\u00ed a neonatologie 1. LF UK a VFN v Praze\",\"potentialAction\":[{\"@type\":\"SearchAction\",\"target\":{\"@type\":\"EntryPoint\",\"urlTemplate\":\"https:\/\/apolinar.eu\/en\/?s={search_term_string}\"},\"query-input\":{\"@type\":\"PropertyValueSpecification\",\"valueRequired\":true,\"valueName\":\"search_term_string\"}}],\"inLanguage\":\"en-US\"}]}<\/script>\n<!-- \/ Yoast SEO plugin. -->","yoast_head_json":{"title":"Science and research - Porodnice U Apolin\u00e1\u0159e","robots":{"index":"index","follow":"follow","max-snippet":"max-snippet:-1","max-image-preview":"max-image-preview:large","max-video-preview":"max-video-preview:-1"},"canonical":"https:\/\/apolinar.eu\/en\/veda-a-vyzkum\/","og_locale":"en_US","og_type":"article","og_title":"Science and research - Porodnice U Apolin\u00e1\u0159e","og_url":"https:\/\/apolinar.eu\/en\/veda-a-vyzkum\/","og_site_name":"Porodnice U Apolin\u00e1\u0159e","article_modified_time":"2025-09-10T17:18:15+00:00","twitter_card":"summary_large_image","schema":{"@context":"https:\/\/schema.org","@graph":[{"@type":"WebPage","@id":"https:\/\/apolinar.eu\/en\/veda-a-vyzkum\/","url":"https:\/\/apolinar.eu\/en\/veda-a-vyzkum\/","name":"Science and research - Porodnice U Apolin\u00e1\u0159e","isPartOf":{"@id":"https:\/\/apolinar.eu\/en\/#website"},"datePublished":"2023-07-16T16:52:33+00:00","dateModified":"2025-09-10T17:18:15+00:00","breadcrumb":{"@id":"https:\/\/apolinar.eu\/en\/veda-a-vyzkum\/#breadcrumb"},"inLanguage":"en-US","potentialAction":[{"@type":"ReadAction","target":["https:\/\/apolinar.eu\/en\/veda-a-vyzkum\/"]}]},{"@type":"BreadcrumbList","@id":"https:\/\/apolinar.eu\/en\/veda-a-vyzkum\/#breadcrumb","itemListElement":[{"@type":"ListItem","position":1,"name":"Dom\u016f","item":"https:\/\/apolinar.eu\/en\/"},{"@type":"ListItem","position":2,"name":"Science and research"}]},{"@type":"WebSite","@id":"https:\/\/apolinar.eu\/en\/#website","url":"https:\/\/apolinar.eu\/en\/","name":"Porodnice U Apolin\u00e1\u0159e","description":"Klinika gynekologie, porodnictv\u00ed a neonatologie 1. LF UK a VFN v Praze","potentialAction":[{"@type":"SearchAction","target":{"@type":"EntryPoint","urlTemplate":"https:\/\/apolinar.eu\/en\/?s={search_term_string}"},"query-input":{"@type":"PropertyValueSpecification","valueRequired":true,"valueName":"search_term_string"}}],"inLanguage":"en-US"}]}},"_links":{"self":[{"href":"https:\/\/apolinar.eu\/en\/wp-json\/wp\/v2\/pages\/14815","targetHints":{"allow":["GET"]}}],"collection":[{"href":"https:\/\/apolinar.eu\/en\/wp-json\/wp\/v2\/pages"}],"about":[{"href":"https:\/\/apolinar.eu\/en\/wp-json\/wp\/v2\/types\/page"}],"author":[{"embeddable":true,"href":"https:\/\/apolinar.eu\/en\/wp-json\/wp\/v2\/users\/6"}],"replies":[{"embeddable":true,"href":"https:\/\/apolinar.eu\/en\/wp-json\/wp\/v2\/comments?post=14815"}],"version-history":[{"count":3,"href":"https:\/\/apolinar.eu\/en\/wp-json\/wp\/v2\/pages\/14815\/revisions"}],"predecessor-version":[{"id":14819,"href":"https:\/\/apolinar.eu\/en\/wp-json\/wp\/v2\/pages\/14815\/revisions\/14819"}],"wp:attachment":[{"href":"https:\/\/apolinar.eu\/en\/wp-json\/wp\/v2\/media?parent=14815"}],"curies":[{"name":"wp","href":"https:\/\/api.w.org\/{rel}","templated":true}]}}