{"id":14805,"date":"2023-07-09T16:00:59","date_gmt":"2023-07-09T14:00:59","guid":{"rendered":"https:\/\/apolinar.eu\/onkogynekologie\/"},"modified":"2025-09-10T16:16:22","modified_gmt":"2025-09-10T14:16:22","slug":"onkogynekologie","status":"publish","type":"page","link":"https:\/\/apolinar.eu\/en\/onkogynekologie\/","title":{"rendered":"Oncogynecology"},"content":{"rendered":"                <div class=\"wrapper2 pdt-80 pdb-20 \"\r\n            >\r\n            <div class=\"text_block\">\r\n                <h1 class=\"title_h2 \">Oncogynecology<\/h1>                <div class=\"page_content reset_margins\">\r\n                                                                                        <p>The oncogynecology team at our clinic consists of leading experts specializing in the diagnosis, treatment, and monitoring of all gynecological malignancies, with the exception of gestational trophoblastic disease.<\/p>\n<p><strong>Overview of outpatient clinics you can refer to:<\/strong><\/p>\n                                    <\/div>\r\n            <\/div>\r\n                                <\/div>\r\n    \n\n                <!-- TEXT BLOCK -->\r\n        <section\r\n                class=\"pdt-40 pdb-40 bg3\"\r\n            >\r\n            <div class=\"wrapper2 text_block\">\r\n                                                                                                    <h3 class=\"title_h3 text_center_mdm\">Opera\u010dn\u00ed indikace<\/h3>\r\n                                                <div class=\"page_content reset_margins\">\r\n                                                                                        <p>Indications for oncogynecological surgeries take place every Wednesday at 8:00 a.m. in outpatient offices No. 5\u20137 on the ground floor, to the right, at the Clinic of Gynecology, Obstetrics and Neonatology, First Faculty of Medicine, Charles University, and General University Hospital in Prague.<\/p>\n<p><strong>Contact<\/strong>: It is not necessary to make an appointment to be included in the surgical indication program. However, we would appreciate if the patient notifies us in advance, or if her attending physician arranges it, at the phone numbers <strong>+420 224 967 480, +420 224 967 481. <\/strong>The examination is outpatient, and the patient goes home the same day.<\/p>\n<p><strong>What to bring:<br \/>\n<\/strong><\/p>\n<ul>\n<li>hospital discharge summary (epicrisis) or a brief summary of the current illness \/ difficulties<\/li>\n<li>completed preoperative examination &lt;referral&gt;,<\/li>\n<li>results of available imaging examinations (for imaging examinations: report + sending CT \/ MRI \/ PET scans to PACS at VFN),<\/li>\n<li>full histology report,<\/li>\n<li>in case of serious comorbidities (associated diseases) statements from specialists (for example from a cardiologist, pulmonologist, diabetologist, psychiatrist).<\/li>\n<\/ul>\n<p><strong>What to expect:<\/strong><\/p>\n<p>During the indication examination, there will be a consultation with an oncogynecologist, usually supplemented with an expert ultrasound examination. In case of a decision that surgery is necessary, on the same day there will be a consultation with an anesthesiologist, internist (therefore it is necessary to bring completed preoperative examinations already to the consultation), with a clinical psychologist, and a nutrition specialist. Preparation of hospitalization documentation and informed consents is also included.<\/p>\n<p>Therefore, it is necessary to take into account that the indication consultation may take several hours. We recommend that patients do not come fasting and bring food and drink with them.<\/p>\n                                    <\/div>\r\n            <\/div>\r\n        <\/section>\r\n    \n\n                <!-- TEXT BLOCK -->\r\n        <section\r\n                class=\"pdt-40 pdb-40 \"\r\n            >\r\n            <div class=\"wrapper2 text_block\">\r\n                                                                                                    <h3 class=\"title_h3 text_center_mdm\">Center for Cancer Prevention<\/h3>\r\n                                                <div class=\"page_content reset_margins\">\r\n                                                                                        <p>Outpatient clinic specializing in precancerous conditions of the vulva, vagina, and cervix. Within this clinic, patients are indicated for appropriate surgical procedures, including laser treatment. The Oncology Prevention Center of the General University Hospital is also a training center for the colposcopic expertise license (F017).<\/p>\n<p><strong>Contact<\/strong>: To make an appointment, please call <strong>+420 224 97 480, +420 224 967 481.<\/strong><br \/>\n<strong>Our doctors with license F017<\/strong>: Assoc. Prof. MUDr. Pavel Freitag, CSc., Prof. MUDr. Ji\u0159\u00ed Sl\u00e1ma, Ph.D., Prof. MUDr. David Pavli\u0161ta, Ph.D., MUDr. Luk\u00e1\u0161 Dost\u00e1lek, Ph.D., MUDr. Nat\u00e1lie Jan\u010d\u00e1rkov\u00e1, Ph.D.<br \/>\n<strong>Other specialists dealing with this issue<\/strong>: MUDr. Tom\u00e1\u0161 Fu\u010d\u00edk, MUDr. Karol\u00edna Adamcov\u00e1, PhD., MUDr. Daniel Brynda, MUDr. Lenka Fricov\u00e1<\/p>\n                                    <\/div>\r\n            <\/div>\r\n        <\/section>\r\n    \n\n                <!-- TEXT BLOCK -->\r\n        <section\r\n                class=\"pdt-40 pdb-40 bg3\"\r\n            >\r\n            <div class=\"wrapper2 text_block\">\r\n                                                                                                    <h3 class=\"title_h3 text_center_mdm\">Expert oncological ultrasound examination<\/h3>\r\n                                                <div class=\"page_content reset_margins\">\r\n                                                                                        <p>This clinic provides expert ultrasound examinations and differential diagnosis of gynecological malignancies. The diagnosis can be verified immediately using a tru-cut biopsy.<\/p>\n<p><strong>Contact:<\/strong> To make an appointment, please call: <strong>+420 224 967 273.<\/strong><br \/>\n<strong>Our doctors:<\/strong> Prof. Daniela Fischerov\u00e1, MD, PhD, Filip Fr\u00fchauf, MD, PhD, Roman Koci\u00e1n, MD, PhD, Anna Germanov\u00e1, MD, PhD, Dominika Bedn\u00e1\u0159ov\u00e1, MD, Petra \u0160a\u0161kov\u00e1, MD<\/p>\n                                    <\/div>\r\n            <\/div>\r\n        <\/section>\r\n    \n\n                <!-- TEXT BLOCK -->\r\n        <section\r\n                class=\"pdt-40 pdb-40 \"\r\n            >\r\n            <div class=\"wrapper2 text_block\">\r\n                                                                                                    <h3 class=\"title_h3 text_center_mdm\">Oncogynecology outpatient clinic<\/h3>\r\n                                                <div class=\"page_content reset_margins\">\r\n                                                                                        <p>The clinic deals with diagnostics, treatment planning, and, above all, post-treatment monitoring of patients with malignant tumors of the female reproductive organs, with the exception of breast diseases. Our doctors are ready to consult on all patient concerns, post-treatment complications, or the possibility of obtaining a second opinion on treatment taking place elsewhere.<\/p>\n<p><strong>Contact:<\/strong> To make an appointment, please call: <strong>+420 224 967 480, +420 224 967 481.<\/strong><br \/>\n<strong>Our doctors:<\/strong> MUDr. Filip Fuhauf, Ph.D., MUDr. Anna Germanov\u00e1, Ph.D., MUDr. Roman Koci\u00e1n, Ph.D., MUDr. Renata Poncov\u00e1, MUDr. Michal Kn\u00ed\u017ee<\/p>\n                                    <\/div>\r\n            <\/div>\r\n        <\/section>\r\n    \n\n                <!-- TEXT BLOCK -->\r\n        <section\r\n                class=\"pdt-40 pdb-40 bg3\"\r\n            >\r\n            <div class=\"wrapper2 text_block\">\r\n                                                                                                    <h3 class=\"title_h3 text_center_mdm\">Oncogynecological day care center<\/h3>\r\n                                                <div class=\"page_content reset_margins\">\r\n                                                                                        <p>The day care center for gynecological oncology patients provides outpatient chemotherapy and targeted therapy. Most of the therapeutic preparations for patients enrolled in clinical trials are also administered at the gynecological oncology day care center. At the day care center, it is also possible to consult with doctors about the laboratory results of patients undergoing chemotherapy, as well as any side effects and complications of treatment.<\/p>\n<p><strong>Contact:<\/strong> To make an appointment, please call: <strong>+420 224 967 021.<\/strong><br \/>\n<strong>Our doctors:<\/strong> MUDr. Roman Koci\u00e1n, Ph.D., prof. MUDr. Daniela Fischerov\u00e1, Ph.D., doc. MUDr. Pavel Freitag, CSc., MUDr. Filip Fuhauf, Ph.D., MUDr. Anna Germanov\u00e1, Ph.D.<\/p>\n                                    <\/div>\r\n            <\/div>\r\n        <\/section>\r\n    \n\n                <!-- TEXT BLOCK -->\r\n        <section\r\n                class=\"pdt-10 pdb-40 \"\r\n            >\r\n            <div class=\"wrapper2 text_block\">\r\n                                                                                                    <h3 class=\"title_h3 text_center_mdm\">Outpatient clinic for individuals with a hereditary predisposition to malignant tumors<\/h3>\r\n                                                <div class=\"page_content reset_margins\">\r\n                                                                                        <p>In cooperation with the oncology clinic, this outpatient clinic consults and monitors patients with mutations in genes associated with the risk of developing gynecological malignancies. y with mutations in genes associated with the risk of developing gynecological malignancies. In addition to comprehensive consultations, proposals for long-term monitoring and preventive surgical procedures, gynecological oncology ultrasounds and consultations on the use of hormonal preparations and other aspects of this issue are also performed here.<\/p>\n<p><strong>Contact:<\/strong> To make an appointment, please call:<strong> +420 224 966 643.<\/strong><br \/>\n<strong>Our experts:<\/strong> MUDr. Iva Matou\u0161kov\u00e1, MUDr. Daniel Brynda, MUDr. Petra \u0160a\u0161kov\u00e1<\/p>\n                                    <\/div>\r\n            <\/div>\r\n        <\/section>\r\n    \n\n                <!-- TEXT BLOCK -->\r\n        <section\r\n                class=\"pdt-40 pdb-40 bg3\"\r\n            >\r\n            <div class=\"wrapper2 text_block\">\r\n                                                                                                    <h3 class=\"title_h3 text_center_mdm\">Outpatient clinic for rare tumors<\/h3>\r\n                                                <div class=\"page_content reset_margins\">\r\n                                                                                        <p>This clinic focuses on the diagnosis and treatment of rare gynecological tumors. Patients can be enrolled in international studies dedicated to this issue. We treat patients with any rare tumors of the reproductive organs, with the exception of gestational trophoblastic disease.<\/p>\n<p><strong>Contact:<\/strong> +420 224 967 480.<br \/>\n<strong>Our doctor:<\/strong> MUDr. Filip Fr\u00fchauf, Ph.D.<\/p>\n                                    <\/div>\r\n            <\/div>\r\n        <\/section>\r\n    ","protected":false},"excerpt":{"rendered":"","protected":false},"author":3,"featured_media":0,"parent":0,"menu_order":0,"comment_status":"closed","ping_status":"closed","template":"","meta":{"_acf_changed":false,"footnotes":""},"class_list":["post-14805","page","type-page","status-publish","hentry"],"acf":[],"yoast_head":"<!-- This site is optimized with the Yoast SEO plugin v26.2 - https:\/\/yoast.com\/wordpress\/plugins\/seo\/ -->\n<title>Oncogynecology - Porodnice U Apolin\u00e1\u0159e<\/title>\n<meta name=\"robots\" content=\"index, follow, max-snippet:-1, max-image-preview:large, max-video-preview:-1\" \/>\n<link rel=\"canonical\" href=\"https:\/\/apolinar.eu\/en\/onkogynekologie\/\" \/>\n<meta property=\"og:locale\" content=\"en_US\" \/>\n<meta property=\"og:type\" content=\"article\" \/>\n<meta property=\"og:title\" content=\"Oncogynecology - Porodnice U Apolin\u00e1\u0159e\" \/>\n<meta property=\"og:url\" content=\"https:\/\/apolinar.eu\/en\/onkogynekologie\/\" \/>\n<meta property=\"og:site_name\" content=\"Porodnice U Apolin\u00e1\u0159e\" \/>\n<meta property=\"article:modified_time\" content=\"2025-09-10T14:16:22+00:00\" \/>\n<meta name=\"twitter:card\" content=\"summary_large_image\" \/>\n<script type=\"application\/ld+json\" class=\"yoast-schema-graph\">{\"@context\":\"https:\/\/schema.org\",\"@graph\":[{\"@type\":\"WebPage\",\"@id\":\"https:\/\/apolinar.eu\/en\/onkogynekologie\/\",\"url\":\"https:\/\/apolinar.eu\/en\/onkogynekologie\/\",\"name\":\"Oncogynecology - Porodnice U Apolin\u00e1\u0159e\",\"isPartOf\":{\"@id\":\"https:\/\/apolinar.eu\/en\/#website\"},\"datePublished\":\"2023-07-09T14:00:59+00:00\",\"dateModified\":\"2025-09-10T14:16:22+00:00\",\"breadcrumb\":{\"@id\":\"https:\/\/apolinar.eu\/en\/onkogynekologie\/#breadcrumb\"},\"inLanguage\":\"en-US\",\"potentialAction\":[{\"@type\":\"ReadAction\",\"target\":[\"https:\/\/apolinar.eu\/en\/onkogynekologie\/\"]}]},{\"@type\":\"BreadcrumbList\",\"@id\":\"https:\/\/apolinar.eu\/en\/onkogynekologie\/#breadcrumb\",\"itemListElement\":[{\"@type\":\"ListItem\",\"position\":1,\"name\":\"Dom\u016f\",\"item\":\"https:\/\/apolinar.eu\/en\/\"},{\"@type\":\"ListItem\",\"position\":2,\"name\":\"Oncogynecology\"}]},{\"@type\":\"WebSite\",\"@id\":\"https:\/\/apolinar.eu\/en\/#website\",\"url\":\"https:\/\/apolinar.eu\/en\/\",\"name\":\"Porodnice U Apolin\u00e1\u0159e\",\"description\":\"Klinika gynekologie, porodnictv\u00ed a neonatologie 1. LF UK a VFN v Praze\",\"potentialAction\":[{\"@type\":\"SearchAction\",\"target\":{\"@type\":\"EntryPoint\",\"urlTemplate\":\"https:\/\/apolinar.eu\/en\/?s={search_term_string}\"},\"query-input\":{\"@type\":\"PropertyValueSpecification\",\"valueRequired\":true,\"valueName\":\"search_term_string\"}}],\"inLanguage\":\"en-US\"}]}<\/script>\n<!-- \/ Yoast SEO plugin. -->","yoast_head_json":{"title":"Oncogynecology - Porodnice U Apolin\u00e1\u0159e","robots":{"index":"index","follow":"follow","max-snippet":"max-snippet:-1","max-image-preview":"max-image-preview:large","max-video-preview":"max-video-preview:-1"},"canonical":"https:\/\/apolinar.eu\/en\/onkogynekologie\/","og_locale":"en_US","og_type":"article","og_title":"Oncogynecology - Porodnice U Apolin\u00e1\u0159e","og_url":"https:\/\/apolinar.eu\/en\/onkogynekologie\/","og_site_name":"Porodnice U Apolin\u00e1\u0159e","article_modified_time":"2025-09-10T14:16:22+00:00","twitter_card":"summary_large_image","schema":{"@context":"https:\/\/schema.org","@graph":[{"@type":"WebPage","@id":"https:\/\/apolinar.eu\/en\/onkogynekologie\/","url":"https:\/\/apolinar.eu\/en\/onkogynekologie\/","name":"Oncogynecology - Porodnice U Apolin\u00e1\u0159e","isPartOf":{"@id":"https:\/\/apolinar.eu\/en\/#website"},"datePublished":"2023-07-09T14:00:59+00:00","dateModified":"2025-09-10T14:16:22+00:00","breadcrumb":{"@id":"https:\/\/apolinar.eu\/en\/onkogynekologie\/#breadcrumb"},"inLanguage":"en-US","potentialAction":[{"@type":"ReadAction","target":["https:\/\/apolinar.eu\/en\/onkogynekologie\/"]}]},{"@type":"BreadcrumbList","@id":"https:\/\/apolinar.eu\/en\/onkogynekologie\/#breadcrumb","itemListElement":[{"@type":"ListItem","position":1,"name":"Dom\u016f","item":"https:\/\/apolinar.eu\/en\/"},{"@type":"ListItem","position":2,"name":"Oncogynecology"}]},{"@type":"WebSite","@id":"https:\/\/apolinar.eu\/en\/#website","url":"https:\/\/apolinar.eu\/en\/","name":"Porodnice U Apolin\u00e1\u0159e","description":"Klinika gynekologie, porodnictv\u00ed a neonatologie 1. LF UK a VFN v Praze","potentialAction":[{"@type":"SearchAction","target":{"@type":"EntryPoint","urlTemplate":"https:\/\/apolinar.eu\/en\/?s={search_term_string}"},"query-input":{"@type":"PropertyValueSpecification","valueRequired":true,"valueName":"search_term_string"}}],"inLanguage":"en-US"}]}},"_links":{"self":[{"href":"https:\/\/apolinar.eu\/en\/wp-json\/wp\/v2\/pages\/14805","targetHints":{"allow":["GET"]}}],"collection":[{"href":"https:\/\/apolinar.eu\/en\/wp-json\/wp\/v2\/pages"}],"about":[{"href":"https:\/\/apolinar.eu\/en\/wp-json\/wp\/v2\/types\/page"}],"author":[{"embeddable":true,"href":"https:\/\/apolinar.eu\/en\/wp-json\/wp\/v2\/users\/3"}],"replies":[{"embeddable":true,"href":"https:\/\/apolinar.eu\/en\/wp-json\/wp\/v2\/comments?post=14805"}],"version-history":[{"count":2,"href":"https:\/\/apolinar.eu\/en\/wp-json\/wp\/v2\/pages\/14805\/revisions"}],"predecessor-version":[{"id":14808,"href":"https:\/\/apolinar.eu\/en\/wp-json\/wp\/v2\/pages\/14805\/revisions\/14808"}],"wp:attachment":[{"href":"https:\/\/apolinar.eu\/en\/wp-json\/wp\/v2\/media?parent=14805"}],"curies":[{"name":"wp","href":"https:\/\/api.w.org\/{rel}","templated":true}]}}