{"id":14795,"date":"2023-08-25T09:45:41","date_gmt":"2023-08-25T07:45:41","guid":{"rendered":"https:\/\/apolinar.eu\/neonatologie-pro-odborniky\/"},"modified":"2025-09-10T16:01:51","modified_gmt":"2025-09-10T14:01:51","slug":"neonatologie-pro-odborniky","status":"publish","type":"page","link":"https:\/\/apolinar.eu\/en\/neonatologie-pro-odborniky\/","title":{"rendered":"Neonatology &#8211; for professionals"},"content":{"rendered":"                <!-- TEXT BLOCK -->\r\n        <section\r\n                class=\"pdt-80 pdb-20 \"\r\n            >\r\n            <div class=\"wrapper2 text_block\">\r\n                <h2 class=\"title_h2 text_center_mdm\">Neonatology<\/h2>                                                                                                <div class=\"page_content reset_margins\">\r\n                                                                                        <p>Our neonatal department with JIRP is one of the few facilities in the Czech Republic that provides highly specialized care to newborns born in the so-called gray zone of prematurity, i.e., extremely premature babies born between 22 and 24 weeks of pregnancy. We always begin caring for these newborns after birth with the consent of their parents.<\/p>\n<p>We also provide intensive care to newborns born after prolonged premature rupture of membranes. These newborns are usually born with respiratory disorders and require highly specialized treatment (high-frequency ventilation, nitric oxide therapy, circulatory support, etc.), which our department provides in full.<\/p>\n<p>We also provide special care to newborns with severe lung failure, which must be treated with unconventional methods of artificial lung ventilation. We also accept such newborns from other perinatal centers throughout the Czech Republic.<\/p>\n                                    <\/div>\r\n            <\/div>\r\n        <\/section>\r\n    \n\n                <!-- TEXT BLOCK -->\r\n        <section\r\n                class=\"pdt-20 pdb-20 bg3\"\r\n            >\r\n            <div class=\"wrapper2 text_block\">\r\n                                                                                                    <h3 class=\"title_h3 text_center_mdm\">Care offered according to gestational weeks<\/h3>\r\n                                                <div class=\"page_content reset_margins\">\r\n                                                                                        <div class=\"table_scroll\"> <table>\n<tbody>\n<tr>\n<td width=\"150\"><\/td>\n<td width=\"90\">22nd week<\/td>\n<td width=\"120\">23rd week<\/td>\n<td width=\"137\">24th week<\/td>\n<td width=\"103\">25th week<\/td>\n<\/tr>\n<tr>\n<td width=\"150\"><\/td>\n<td width=\"90\"><\/td>\n<td width=\"120\"><\/td>\n<td width=\"137\"><\/td>\n<td width=\"103\"><\/td>\n<\/tr>\n<tr>\n<td width=\"150\">ANS<\/td>\n<td width=\"90\">YES<\/td>\n<td width=\"120\">YES<\/td>\n<td width=\"137\">YES<\/td>\n<td width=\"103\">YES<\/td>\n<\/tr>\n<tr>\n<td width=\"150\">Cesarean section<\/td>\n<td width=\"90\">With mother&#8217;s consent<\/td>\n<td width=\"120\">Optional<\/td>\n<td width=\"137\">In favor of the child<\/td>\n<td width=\"103\">In favor of the child<\/td>\n<\/tr>\n<tr>\n<td width=\"150\">Active stabilization<\/td>\n<td width=\"90\">With mother&#8217;s consent<\/td>\n<td width=\"120\">YES<\/td>\n<td width=\"137\">Always YES<\/td>\n<td width=\"103\">Always YES<\/td>\n<\/tr>\n<tr>\n<td width=\"150\">Elective intubation<\/td>\n<td width=\"90\">Mandatory<\/td>\n<td width=\"120\">Mandatory<\/td>\n<td width=\"137\">YES (without ANS)<\/td>\n<td width=\"103\">Optional<\/td>\n<\/tr>\n<tr>\n<td width=\"150\">Necessary consensus with mother<\/td>\n<td width=\"90\">Always<br \/>\nFamily\u2019s choice<\/td>\n<td width=\"120\">Always<br \/>\nFamily\u2019s choice<\/td>\n<td width=\"137\">Child\u2019s choice<\/td>\n<td width=\"103\">Child\u2019s choice<\/td>\n<\/tr>\n<\/tbody>\n<\/table> <\/div>\n                                    <\/div>\r\n            <\/div>\r\n        <\/section>\r\n    \n\n                <!-- TEXT BLOCK -->\r\n        <section\r\n                class=\"pdt-20 pdb-80 bg3\"\r\n            >\r\n            <div class=\"wrapper2 text_block\">\r\n                                                                                                                <div class=\"page_content reset_margins\">\r\n                                                                                        <p>We use state-of-the-art ventilation support techniques and unconventional methods of artificial lung ventilation, such as HFJV and NAVA.<\/p>\n<p>We have a program for the prevention of acquired cytomegalovirus infection through the implementation of a new, so-called shock-ultra-fast VIREX pasteurizer. The milk of CMV-positive mothers is treated to eliminate the risk of CMV infection in the child through breast milk, while preserving its unique immunological properties.<\/p>\n                                    <\/div>\r\n            <\/div>\r\n        <\/section>\r\n    ","protected":false},"excerpt":{"rendered":"","protected":false},"author":6,"featured_media":0,"parent":0,"menu_order":0,"comment_status":"closed","ping_status":"closed","template":"","meta":{"_acf_changed":false,"footnotes":""},"class_list":["post-14795","page","type-page","status-publish","hentry"],"acf":[],"yoast_head":"<!-- This site is optimized with the Yoast SEO plugin v26.2 - https:\/\/yoast.com\/wordpress\/plugins\/seo\/ -->\n<title>Neonatology - for professionals - Porodnice U Apolin\u00e1\u0159e<\/title>\n<meta name=\"robots\" content=\"index, follow, max-snippet:-1, max-image-preview:large, max-video-preview:-1\" \/>\n<link rel=\"canonical\" href=\"https:\/\/apolinar.eu\/en\/neonatologie-pro-odborniky\/\" \/>\n<meta property=\"og:locale\" content=\"en_US\" \/>\n<meta property=\"og:type\" content=\"article\" \/>\n<meta property=\"og:title\" content=\"Neonatology - for professionals - Porodnice U Apolin\u00e1\u0159e\" \/>\n<meta property=\"og:url\" content=\"https:\/\/apolinar.eu\/en\/neonatologie-pro-odborniky\/\" \/>\n<meta property=\"og:site_name\" content=\"Porodnice U Apolin\u00e1\u0159e\" \/>\n<meta property=\"article:modified_time\" content=\"2025-09-10T14:01:51+00:00\" \/>\n<meta name=\"twitter:card\" content=\"summary_large_image\" \/>\n<script type=\"application\/ld+json\" class=\"yoast-schema-graph\">{\"@context\":\"https:\/\/schema.org\",\"@graph\":[{\"@type\":\"WebPage\",\"@id\":\"https:\/\/apolinar.eu\/en\/neonatologie-pro-odborniky\/\",\"url\":\"https:\/\/apolinar.eu\/en\/neonatologie-pro-odborniky\/\",\"name\":\"Neonatology - for professionals - Porodnice U Apolin\u00e1\u0159e\",\"isPartOf\":{\"@id\":\"https:\/\/apolinar.eu\/en\/#website\"},\"datePublished\":\"2023-08-25T07:45:41+00:00\",\"dateModified\":\"2025-09-10T14:01:51+00:00\",\"breadcrumb\":{\"@id\":\"https:\/\/apolinar.eu\/en\/neonatologie-pro-odborniky\/#breadcrumb\"},\"inLanguage\":\"en-US\",\"potentialAction\":[{\"@type\":\"ReadAction\",\"target\":[\"https:\/\/apolinar.eu\/en\/neonatologie-pro-odborniky\/\"]}]},{\"@type\":\"BreadcrumbList\",\"@id\":\"https:\/\/apolinar.eu\/en\/neonatologie-pro-odborniky\/#breadcrumb\",\"itemListElement\":[{\"@type\":\"ListItem\",\"position\":1,\"name\":\"Dom\u016f\",\"item\":\"https:\/\/apolinar.eu\/en\/\"},{\"@type\":\"ListItem\",\"position\":2,\"name\":\"Neonatology &#8211; for professionals\"}]},{\"@type\":\"WebSite\",\"@id\":\"https:\/\/apolinar.eu\/en\/#website\",\"url\":\"https:\/\/apolinar.eu\/en\/\",\"name\":\"Porodnice U Apolin\u00e1\u0159e\",\"description\":\"Klinika gynekologie, porodnictv\u00ed a neonatologie 1. LF UK a VFN v Praze\",\"potentialAction\":[{\"@type\":\"SearchAction\",\"target\":{\"@type\":\"EntryPoint\",\"urlTemplate\":\"https:\/\/apolinar.eu\/en\/?s={search_term_string}\"},\"query-input\":{\"@type\":\"PropertyValueSpecification\",\"valueRequired\":true,\"valueName\":\"search_term_string\"}}],\"inLanguage\":\"en-US\"}]}<\/script>\n<!-- \/ Yoast SEO plugin. -->","yoast_head_json":{"title":"Neonatology - for professionals - Porodnice U Apolin\u00e1\u0159e","robots":{"index":"index","follow":"follow","max-snippet":"max-snippet:-1","max-image-preview":"max-image-preview:large","max-video-preview":"max-video-preview:-1"},"canonical":"https:\/\/apolinar.eu\/en\/neonatologie-pro-odborniky\/","og_locale":"en_US","og_type":"article","og_title":"Neonatology - for professionals - Porodnice U Apolin\u00e1\u0159e","og_url":"https:\/\/apolinar.eu\/en\/neonatologie-pro-odborniky\/","og_site_name":"Porodnice U Apolin\u00e1\u0159e","article_modified_time":"2025-09-10T14:01:51+00:00","twitter_card":"summary_large_image","schema":{"@context":"https:\/\/schema.org","@graph":[{"@type":"WebPage","@id":"https:\/\/apolinar.eu\/en\/neonatologie-pro-odborniky\/","url":"https:\/\/apolinar.eu\/en\/neonatologie-pro-odborniky\/","name":"Neonatology - for professionals - Porodnice U Apolin\u00e1\u0159e","isPartOf":{"@id":"https:\/\/apolinar.eu\/en\/#website"},"datePublished":"2023-08-25T07:45:41+00:00","dateModified":"2025-09-10T14:01:51+00:00","breadcrumb":{"@id":"https:\/\/apolinar.eu\/en\/neonatologie-pro-odborniky\/#breadcrumb"},"inLanguage":"en-US","potentialAction":[{"@type":"ReadAction","target":["https:\/\/apolinar.eu\/en\/neonatologie-pro-odborniky\/"]}]},{"@type":"BreadcrumbList","@id":"https:\/\/apolinar.eu\/en\/neonatologie-pro-odborniky\/#breadcrumb","itemListElement":[{"@type":"ListItem","position":1,"name":"Dom\u016f","item":"https:\/\/apolinar.eu\/en\/"},{"@type":"ListItem","position":2,"name":"Neonatology &#8211; for professionals"}]},{"@type":"WebSite","@id":"https:\/\/apolinar.eu\/en\/#website","url":"https:\/\/apolinar.eu\/en\/","name":"Porodnice U Apolin\u00e1\u0159e","description":"Klinika gynekologie, porodnictv\u00ed a neonatologie 1. LF UK a VFN v Praze","potentialAction":[{"@type":"SearchAction","target":{"@type":"EntryPoint","urlTemplate":"https:\/\/apolinar.eu\/en\/?s={search_term_string}"},"query-input":{"@type":"PropertyValueSpecification","valueRequired":true,"valueName":"search_term_string"}}],"inLanguage":"en-US"}]}},"_links":{"self":[{"href":"https:\/\/apolinar.eu\/en\/wp-json\/wp\/v2\/pages\/14795","targetHints":{"allow":["GET"]}}],"collection":[{"href":"https:\/\/apolinar.eu\/en\/wp-json\/wp\/v2\/pages"}],"about":[{"href":"https:\/\/apolinar.eu\/en\/wp-json\/wp\/v2\/types\/page"}],"author":[{"embeddable":true,"href":"https:\/\/apolinar.eu\/en\/wp-json\/wp\/v2\/users\/6"}],"replies":[{"embeddable":true,"href":"https:\/\/apolinar.eu\/en\/wp-json\/wp\/v2\/comments?post=14795"}],"version-history":[{"count":1,"href":"https:\/\/apolinar.eu\/en\/wp-json\/wp\/v2\/pages\/14795\/revisions"}],"predecessor-version":[{"id":14798,"href":"https:\/\/apolinar.eu\/en\/wp-json\/wp\/v2\/pages\/14795\/revisions\/14798"}],"wp:attachment":[{"href":"https:\/\/apolinar.eu\/en\/wp-json\/wp\/v2\/media?parent=14795"}],"curies":[{"name":"wp","href":"https:\/\/api.w.org\/{rel}","templated":true}]}}