{"id":14552,"date":"2024-07-28T05:01:56","date_gmt":"2024-07-28T03:01:56","guid":{"rendered":"https:\/\/apolinar.eu\/preimplantacni-geneticka-diagnostika\/"},"modified":"2025-09-03T23:26:02","modified_gmt":"2025-09-03T21:26:02","slug":"preimplantacni-geneticka-diagnostika","status":"publish","type":"page","link":"https:\/\/apolinar.eu\/en\/preimplantacni-geneticka-diagnostika\/","title":{"rendered":"Preimplantation genetic diagnosis"},"content":{"rendered":"                <!-- TEXT BLOCK -->\r\n        <section\r\n                class=\"pdt-80 pdb-40 \"\r\n            >\r\n            <div class=\"wrapper2 text_block\">\r\n                <h2 class=\"title_h2 text_center_mdm\">Preimplantation genetic diagnosis  <\/h2>                                                                                                <div class=\"page_content reset_margins\">\r\n                                                                                        <ol>\n<li>Performed for the purpose of selecting high-quality embryos, according to the recommendation of a clinical geneticist, using one of the following methods to:\n<ul>\n<li>exclude embryos with aneuploidies (PGT-A)<\/li>\n<li>exclude embryos with a specific inherited monogenic disease (PGT-M)<\/li>\n<li>exclude embryos with a specific chromosomal translocation, i.e., the attachment of a part of one chromosome to another (PGT-SR) for transfer into the uterus.<\/li>\n<\/ul>\n<\/li>\n<li>A recommendation from a clinical geneticist is required to perform this method.<\/li>\n<li>The method is subject to fees according to the <a href=\"https:\/\/apolinar.eu\/en\/centrum-asistovane-reprodukce\/prakticke-informace\/#01\">current price list<\/a><\/li>\n<\/ol>\n                                    <\/div>\r\n            <\/div>\r\n        <\/section>\r\n    \n\n                <!-- TEXT BLOCK -->\r\n        <section\r\n                class=\"pdt-80 pdb-80 bg3\"\r\n            >\r\n            <div class=\"wrapper2 text_block\">\r\n                                                                                                    <h3 class=\"title_h3 text_center_mdm\">The method combines the advantages of in vitro fertilization with genetic testing of embryo cells as follows:  <\/h3>\r\n                                                <div class=\"page_content reset_margins\">\r\n                                                                                        <ul>\n<li>Oocyte retrieval and subsequent fertilization using the ICSI method (intracytoplasmic sperm injection into the egg);<\/li>\n<li>Development of high-quality blastocysts on day 5 and\/or 6;<\/li>\n<li>Collection of several cells from the blastocyst trophectoderm;<\/li>\n<li>Freezing of blastocysts using the vitrification method;<\/li>\n<li>Genetic testing of blastocyst cells, with results typically available after 1 month;<\/li>\n<\/ul>\n<p>The results are communicated to the patient by the physician via phone, and based on the results, a cryo-embryo transfer of a high-quality and genetically suitable embryo into the uterus is planned, and\/or a further IVF cycle is undertaken according to the individual needs of the patient.<\/p>\n<p>During the next visit, the physician reviews the genetic results with the patients and explains the subsequent procedure.<\/p>\n<p>The visit also includes signing the disposal consent for genetically unsuitable embryos for transfer \u2013 link to the consent for disposal. <strong>F-CAR-324 Request for disposal of embryos\/oocytes<\/strong>  <\/p>\n                                    <\/div>\r\n            <\/div>\r\n        <\/section>\r\n    \n\n    <!-- BLOK J GALERIA -->\r\n    <section\r\n            class=\"pdt-20 pdb-80 \"\r\n        >\r\n        <div class=\"wrapper2\">\r\n            <div class=\"text_block\">\r\n                                <div class=\"page_content reset_margins\">\r\n                                    <\/div>\r\n            <\/div>\r\n            <!-- SET LENGTH max 10 .. 10 > set length_more  -->\r\n                                                                            <div class=\"gal2 mgt-25 length1\"\r\n                         data-pswp-gallery='[{\"src\":\"https:\\\/\\\/apolinar.eu\\\/wp-content\\\/uploads\\\/2024\\\/07\\\/Blastocysta-exp-s-biopt-pipetou.bmp\",\"w\":1392,\"h\":1040,\"title\":\"Blastocysta exp s biopt pipetou\"}]'>\r\n                                                    <a href=\"\"\r\n                               title=\"Blastocysta exp s biopt pipetou\"\r\n                               data-pswp-index=\"0\">\r\n                                <img decoding=\"async\" width=\"353\" height=\"264\" src=\"https:\/\/apolinar.eu\/wp-content\/uploads\/2024\/07\/Blastocysta-exp-s-biopt-pipetou.bmp\" class=\"attachment-gallery_item size-gallery_item\" alt=\"\" \/>                                                            <\/a>\r\n                                            <\/div>\r\n                                    <\/div>\r\n    <\/section>\r\n","protected":false},"excerpt":{"rendered":"","protected":false},"author":6,"featured_media":0,"parent":0,"menu_order":0,"comment_status":"closed","ping_status":"closed","template":"","meta":{"_acf_changed":false,"footnotes":""},"class_list":["post-14552","page","type-page","status-publish","hentry"],"acf":[],"yoast_head":"<!-- This site is optimized with the Yoast SEO plugin v26.2 - https:\/\/yoast.com\/wordpress\/plugins\/seo\/ -->\n<title>Preimplantation genetic diagnosis - Porodnice U Apolin\u00e1\u0159e<\/title>\n<meta name=\"robots\" content=\"index, follow, max-snippet:-1, max-image-preview:large, max-video-preview:-1\" \/>\n<link rel=\"canonical\" href=\"https:\/\/apolinar.eu\/en\/preimplantacni-geneticka-diagnostika\/\" \/>\n<meta property=\"og:locale\" content=\"en_US\" \/>\n<meta property=\"og:type\" content=\"article\" \/>\n<meta property=\"og:title\" content=\"Preimplantation genetic diagnosis - Porodnice U Apolin\u00e1\u0159e\" \/>\n<meta property=\"og:url\" content=\"https:\/\/apolinar.eu\/en\/preimplantacni-geneticka-diagnostika\/\" \/>\n<meta property=\"og:site_name\" content=\"Porodnice U Apolin\u00e1\u0159e\" \/>\n<meta property=\"article:modified_time\" content=\"2025-09-03T21:26:02+00:00\" \/>\n<meta name=\"twitter:card\" content=\"summary_large_image\" \/>\n<script type=\"application\/ld+json\" class=\"yoast-schema-graph\">{\"@context\":\"https:\/\/schema.org\",\"@graph\":[{\"@type\":\"WebPage\",\"@id\":\"https:\/\/apolinar.eu\/en\/preimplantacni-geneticka-diagnostika\/\",\"url\":\"https:\/\/apolinar.eu\/en\/preimplantacni-geneticka-diagnostika\/\",\"name\":\"Preimplantation genetic diagnosis - Porodnice U Apolin\u00e1\u0159e\",\"isPartOf\":{\"@id\":\"https:\/\/apolinar.eu\/en\/#website\"},\"datePublished\":\"2024-07-28T03:01:56+00:00\",\"dateModified\":\"2025-09-03T21:26:02+00:00\",\"breadcrumb\":{\"@id\":\"https:\/\/apolinar.eu\/en\/preimplantacni-geneticka-diagnostika\/#breadcrumb\"},\"inLanguage\":\"en-US\",\"potentialAction\":[{\"@type\":\"ReadAction\",\"target\":[\"https:\/\/apolinar.eu\/en\/preimplantacni-geneticka-diagnostika\/\"]}]},{\"@type\":\"BreadcrumbList\",\"@id\":\"https:\/\/apolinar.eu\/en\/preimplantacni-geneticka-diagnostika\/#breadcrumb\",\"itemListElement\":[{\"@type\":\"ListItem\",\"position\":1,\"name\":\"Dom\u016f\",\"item\":\"https:\/\/apolinar.eu\/en\/\"},{\"@type\":\"ListItem\",\"position\":2,\"name\":\"Preimplantation genetic diagnosis\"}]},{\"@type\":\"WebSite\",\"@id\":\"https:\/\/apolinar.eu\/en\/#website\",\"url\":\"https:\/\/apolinar.eu\/en\/\",\"name\":\"Porodnice U Apolin\u00e1\u0159e\",\"description\":\"Klinika gynekologie, porodnictv\u00ed a neonatologie 1. LF UK a VFN v Praze\",\"potentialAction\":[{\"@type\":\"SearchAction\",\"target\":{\"@type\":\"EntryPoint\",\"urlTemplate\":\"https:\/\/apolinar.eu\/en\/?s={search_term_string}\"},\"query-input\":{\"@type\":\"PropertyValueSpecification\",\"valueRequired\":true,\"valueName\":\"search_term_string\"}}],\"inLanguage\":\"en-US\"}]}<\/script>\n<!-- \/ Yoast SEO plugin. -->","yoast_head_json":{"title":"Preimplantation genetic diagnosis - Porodnice U Apolin\u00e1\u0159e","robots":{"index":"index","follow":"follow","max-snippet":"max-snippet:-1","max-image-preview":"max-image-preview:large","max-video-preview":"max-video-preview:-1"},"canonical":"https:\/\/apolinar.eu\/en\/preimplantacni-geneticka-diagnostika\/","og_locale":"en_US","og_type":"article","og_title":"Preimplantation genetic diagnosis - Porodnice U Apolin\u00e1\u0159e","og_url":"https:\/\/apolinar.eu\/en\/preimplantacni-geneticka-diagnostika\/","og_site_name":"Porodnice U Apolin\u00e1\u0159e","article_modified_time":"2025-09-03T21:26:02+00:00","twitter_card":"summary_large_image","schema":{"@context":"https:\/\/schema.org","@graph":[{"@type":"WebPage","@id":"https:\/\/apolinar.eu\/en\/preimplantacni-geneticka-diagnostika\/","url":"https:\/\/apolinar.eu\/en\/preimplantacni-geneticka-diagnostika\/","name":"Preimplantation genetic diagnosis - Porodnice U Apolin\u00e1\u0159e","isPartOf":{"@id":"https:\/\/apolinar.eu\/en\/#website"},"datePublished":"2024-07-28T03:01:56+00:00","dateModified":"2025-09-03T21:26:02+00:00","breadcrumb":{"@id":"https:\/\/apolinar.eu\/en\/preimplantacni-geneticka-diagnostika\/#breadcrumb"},"inLanguage":"en-US","potentialAction":[{"@type":"ReadAction","target":["https:\/\/apolinar.eu\/en\/preimplantacni-geneticka-diagnostika\/"]}]},{"@type":"BreadcrumbList","@id":"https:\/\/apolinar.eu\/en\/preimplantacni-geneticka-diagnostika\/#breadcrumb","itemListElement":[{"@type":"ListItem","position":1,"name":"Dom\u016f","item":"https:\/\/apolinar.eu\/en\/"},{"@type":"ListItem","position":2,"name":"Preimplantation genetic diagnosis"}]},{"@type":"WebSite","@id":"https:\/\/apolinar.eu\/en\/#website","url":"https:\/\/apolinar.eu\/en\/","name":"Porodnice U Apolin\u00e1\u0159e","description":"Klinika gynekologie, porodnictv\u00ed a neonatologie 1. LF UK a VFN v Praze","potentialAction":[{"@type":"SearchAction","target":{"@type":"EntryPoint","urlTemplate":"https:\/\/apolinar.eu\/en\/?s={search_term_string}"},"query-input":{"@type":"PropertyValueSpecification","valueRequired":true,"valueName":"search_term_string"}}],"inLanguage":"en-US"}]}},"_links":{"self":[{"href":"https:\/\/apolinar.eu\/en\/wp-json\/wp\/v2\/pages\/14552","targetHints":{"allow":["GET"]}}],"collection":[{"href":"https:\/\/apolinar.eu\/en\/wp-json\/wp\/v2\/pages"}],"about":[{"href":"https:\/\/apolinar.eu\/en\/wp-json\/wp\/v2\/types\/page"}],"author":[{"embeddable":true,"href":"https:\/\/apolinar.eu\/en\/wp-json\/wp\/v2\/users\/6"}],"replies":[{"embeddable":true,"href":"https:\/\/apolinar.eu\/en\/wp-json\/wp\/v2\/comments?post=14552"}],"version-history":[{"count":2,"href":"https:\/\/apolinar.eu\/en\/wp-json\/wp\/v2\/pages\/14552\/revisions"}],"predecessor-version":[{"id":14554,"href":"https:\/\/apolinar.eu\/en\/wp-json\/wp\/v2\/pages\/14552\/revisions\/14554"}],"wp:attachment":[{"href":"https:\/\/apolinar.eu\/en\/wp-json\/wp\/v2\/media?parent=14552"}],"curies":[{"name":"wp","href":"https:\/\/api.w.org\/{rel}","templated":true}]}}