{"id":14543,"date":"2024-07-28T00:04:58","date_gmt":"2024-07-27T22:04:58","guid":{"rendered":"https:\/\/apolinar.eu\/zachovani-plodnosti-muzu\/"},"modified":"2025-09-03T23:24:22","modified_gmt":"2025-09-03T21:24:22","slug":"zachovani-plodnosti-muzu","status":"publish","type":"page","link":"https:\/\/apolinar.eu\/en\/zachovani-plodnosti-muzu\/","title":{"rendered":"Preservation of male fertility"},"content":{"rendered":"                <!-- TEXT BLOCK -->\r\n        <section\r\n                class=\"pdt-80 pdb-40 \"\r\n            >\r\n            <div class=\"wrapper2 text_block\">\r\n                <h2 class=\"title_h2 text_center_mdm\">Preservation of male fertility<\/h2>                                                                                                <div class=\"page_content reset_margins\">\r\n                                                        <\/div>\r\n            <\/div>\r\n        <\/section>\r\n    \n\n    <!-- ACCORD -->\r\n    <section\r\n            class=\"pdt-80 pdb-40 \"\r\n        >\r\n        <div class=\"wrapper2 anim_delay anim_drop1 observe\">\r\n                                                    <div class=\"accord mgt-30\">\r\n                                            <!-- ITEM -->\r\n                        <div class=\"item_accord item\">\r\n                            <a href=\"#\" role=\"button\" class=\"item_accord_head head\">\r\n                                <h3 class=\"item_accord_title\">Preservation of male fertility through cryopreservation<\/h3>\r\n                                <div class=\"item_accord_arrow\">\r\n                                    <svg class=\"sicofill\">\r\n                                        <use href=\"https:\/\/apolinar.eu\/wp-content\/themes\/apolinar\/assets\/layout\/icons.svg#s_ar2_d\"\/>\r\n                                    <\/svg>\r\n                                <\/div>\r\n                            <\/a>\r\n                            <div class=\"expand\">\r\n                                <div class=\"item_accord_inner page_content reset_margins\">\r\n                                                                                                                                                        <p>Sperm cryopreservation is a method that enables the long-term preservation of male fertility by freezing sperm. After semen collection and semen analysis, the sample is frozen in liquid nitrogen at extremely low temperatures, thereby maintaining sperm viability for an extended period. This method allows for the later use of sperm in assisted reproduction, which can be crucial for men who wish to have children later in life or for those facing the risk of infertility due to various medical reasons. Cryopreservation is a safe and effective method that offers hope and opportunities for many patients to preserve their fertility.<\/p>\n                                                                    <\/div>\r\n                            <\/div>\r\n                        <\/div>\r\n                                            <!-- ITEM -->\r\n                        <div class=\"item_accord item\">\r\n                            <a href=\"#\" role=\"button\" class=\"item_accord_head head\">\r\n                                <h3 class=\"item_accord_title\">Sperm cryopreservation for medical reasons<\/h3>\r\n                                <div class=\"item_accord_arrow\">\r\n                                    <svg class=\"sicofill\">\r\n                                        <use href=\"https:\/\/apolinar.eu\/wp-content\/themes\/apolinar\/assets\/layout\/icons.svg#s_ar2_d\"\/>\r\n                                    <\/svg>\r\n                                <\/div>\r\n                            <\/a>\r\n                            <div class=\"expand\">\r\n                                <div class=\"item_accord_inner page_content reset_margins\">\r\n                                                                                                                                                        <p>Sperm cryopreservation is a key tool for preserving fertility in men who face medical challenges that threaten their reproductive abilities. Thanks to this method, men can freeze their sperm before undergoing treatment or before further deterioration of the sperm count. In our laboratory, by prior arrangement, we perform sperm freezing for patients of the General University Hospital (VFN) and the Institute of Hematology and Blood Transfusion (\u00daHKT). Patients with a medical indication have sperm cryopreservation covered by public health insurance, provided they bring a valid referral for the collection. Storage of sperm in the cryobank is subject to a fee according to the <a href=\"https:\/\/apolinar.eu\/en\/centrum-asistovane-reprodukce\/prakticke-informace\/#01\" rel=\"noopener\">current CAR price list<\/a>.<\/p>\n                                                                    <\/div>\r\n                            <\/div>\r\n                        <\/div>\r\n                                            <!-- ITEM -->\r\n                        <div class=\"item_accord item\">\r\n                            <a href=\"#\" role=\"button\" class=\"item_accord_head head\">\r\n                                <h3 class=\"item_accord_title\">Cryopreservation of sperm before starting cancer treatment  <\/h3>\r\n                                <div class=\"item_accord_arrow\">\r\n                                    <svg class=\"sicofill\">\r\n                                        <use href=\"https:\/\/apolinar.eu\/wp-content\/themes\/apolinar\/assets\/layout\/icons.svg#s_ar2_d\"\/>\r\n                                    <\/svg>\r\n                                <\/div>\r\n                            <\/a>\r\n                            <div class=\"expand\">\r\n                                <div class=\"item_accord_inner page_content reset_margins\">\r\n                                                                                                                                                        <p>Oncological treatment, including chemotherapy, radiotherapy, or surgical procedures, can negatively affect spermatogenesis and cause temporary or permanent infertility. Cryopreservation before starting treatment gives patients the option to freeze sperm at a time when they are of good quality and ensures that the best possible samples will be available for future use.<\/p>\n<p>In the case of cryopreservation for oncological indications, upon presentation of a valid request form, the collection, freezing, and the first year of sperm storage are covered by public health insurance. After the first year, health insurance further covers up to 9 years of storage, provided the patient submits documentation confirming that treatment has been undertaken (see \u00a738a of Act No. 48\/1997 Coll., on Public Health Insurance and on Amendments and Supplements to Certain Related Acts, as amended). After 10 years of storage, sperm storage is subject to fees according to the <a href=\"https:\/\/apolinar.eu\/en\/zachovani-plodnosti-muzu\/#01\" rel=\"noopener\">current CAR price list<\/a>.  <\/p>\n                                                                    <\/div>\r\n                            <\/div>\r\n                        <\/div>\r\n                                            <!-- ITEM -->\r\n                        <div class=\"item_accord item\">\r\n                            <a href=\"#\" role=\"button\" class=\"item_accord_head head\">\r\n                                <h3 class=\"item_accord_title\">Cryopreservation within an IVF cycle  <\/h3>\r\n                                <div class=\"item_accord_arrow\">\r\n                                    <svg class=\"sicofill\">\r\n                                        <use href=\"https:\/\/apolinar.eu\/wp-content\/themes\/apolinar\/assets\/layout\/icons.svg#s_ar2_d\"\/>\r\n                                    <\/svg>\r\n                                <\/div>\r\n                            <\/a>\r\n                            <div class=\"expand\">\r\n                                <div class=\"item_accord_inner page_content reset_margins\">\r\n                                                                                                                                                        <p>Patients of our center can take advantage of the option to freeze sperm even in situations where they cannot attend on the day of oocyte retrieval, have difficulties with collection, or frequently travel. This procedure provides flexibility and assurance that sperm will be available on the day of oocyte retrieval. This service is subject to fees according to the <a href=\"https:\/\/apolinar.eu\/en\/zachovani-plodnosti-muzu\/#01\" rel=\"noopener\">current CAR price list<\/a>.  <\/p>\n                                                                    <\/div>\r\n                            <\/div>\r\n                        <\/div>\r\n                                            <!-- ITEM -->\r\n                        <div class=\"item_accord item\">\r\n                            <a href=\"#\" role=\"button\" class=\"item_accord_head head\">\r\n                                <h3 class=\"item_accord_title\">Procedure of collection and freezing  <\/h3>\r\n                                <div class=\"item_accord_arrow\">\r\n                                    <svg class=\"sicofill\">\r\n                                        <use href=\"https:\/\/apolinar.eu\/wp-content\/themes\/apolinar\/assets\/layout\/icons.svg#s_ar2_d\"\/>\r\n                                    <\/svg>\r\n                                <\/div>\r\n                            <\/a>\r\n                            <div class=\"expand\">\r\n                                <div class=\"item_accord_inner page_content reset_margins\">\r\n                                                                                                                                                        <p>The procedure includes sperm collection, evaluation, and subsequent freezing. If sperm cannot be obtained through masturbation or if no sperm are present in the ejaculate, it is also possible to collect sperm surgically at the Urology Clinic, with an expected hospitalization of 1-3 days. Collection is performed microsurgically by aspirating sperm from the epididymis and via biopsy, where tissue is obtained from the testicular tubules through small incisions. After collection, a spermogram is evaluated, the sample is mixed with a medium containing cryoprotectants, and it is frozen in special straws. The straws are stored in liquid nitrogen at a temperature of -196\u00b0C.<\/p>\n<p>Before sperm cryopreservation, a blood test for sexually transmitted infections is required. Blood can be drawn no earlier than 3 months before and no later than the day of sample freezing, and it is conducted at our clinic. In addition, the patient must sign an informed consent form confirming that they have been fully informed about the procedure, risks, and options for cryopreservation.  <\/p>\n                                                                    <\/div>\r\n                            <\/div>\r\n                        <\/div>\r\n                                            <!-- ITEM -->\r\n                        <div class=\"item_accord item\">\r\n                            <a href=\"#\" role=\"button\" class=\"item_accord_head head\">\r\n                                <h3 class=\"item_accord_title\">Use of cryopreserved sperm  <\/h3>\r\n                                <div class=\"item_accord_arrow\">\r\n                                    <svg class=\"sicofill\">\r\n                                        <use href=\"https:\/\/apolinar.eu\/wp-content\/themes\/apolinar\/assets\/layout\/icons.svg#s_ar2_d\"\/>\r\n                                    <\/svg>\r\n                                <\/div>\r\n                            <\/a>\r\n                            <div class=\"expand\">\r\n                                <div class=\"item_accord_inner page_content reset_margins\">\r\n                                                                                                                                                        <p>Cryopreserved sperm can be used for assisted reproduction methods after thawing. If sperm parameters are sufficient, the thawed sperm can be used for intrauterine insemination [IUI], where they are directly placed into the partner&#8217;s uterus. They are also used in in vitro fertilization [IVF], where sperm fertilizes eggs in laboratory conditions, and the resulting embryos are then transferred into the uterus. In cases where sperm quality or quantity is low, intracytoplasmic sperm injection [ICSI] is used, in which a single sperm is directly injected into an egg. The use of frozen sperm is determined by the man whose sperm was frozen and who gave consent for the freezing.<\/p>\n                                                                    <\/div>\r\n                            <\/div>\r\n                        <\/div>\r\n                                    <\/div>\r\n                    <\/div>\r\n    <\/section>\r\n\n\n    <!-- BLOK K -->\r\n    <section\r\n            class=\"pdt-80 pdb-80 \"\r\n        id=\"01\">\r\n        <div class=\"wrapper2\">\r\n                                                                                            <div class=\"grid small-space\">\r\n                                                                                <!-- ITEM 1 -->\r\n                            <div class=\"col1 bg3 radius10 pd-35 pd-25md observe anim_drop1 anim_delay dflex flex-dir-column offset_dist\">\r\n                                <div class=\"text_block w100p mgb-auto\">\r\n                                    <h3 class=\"title_h3\">Fees for assisted reproduction  <\/h3>\r\n                                                                                                        <\/div>\r\n                                <div class=\"pdt-20 w100p\">\r\n                                    <div class=\"grid small-space\">\r\n                                        <div class=\"col_default offset_half\">\r\n                                            <a href=\"https:\/\/apolinar.eu\/wp-content\/uploads\/2024\/07\/F-CAR-337-Ceny-uhrad-v-ramci-asistovane-reprodukce_leden-2024.pdf\"\r\n                                               title=\"Fees for assisted reproduction  \"\r\n                                               target=\"_blank\"\r\n                                               class=\"btn_basic\">\r\n                                                Show                                            <\/a>\r\n                                        <\/div>\r\n                                        <div class=\"col_default offset_half\">\r\n                                            <a href=\"https:\/\/apolinar.eu\/wp-content\/uploads\/2024\/07\/F-CAR-337-Ceny-uhrad-v-ramci-asistovane-reprodukce_leden-2024.pdf\"\r\n                                               title=\"Fees for assisted reproduction  \"\r\n                                               download\r\n                                               class=\"btn_basic border\">\r\n                                                Download                                            <\/a>\r\n                                        <\/div>\r\n                                    <\/div>\r\n                                <\/div>\r\n                            <\/div>\r\n                                            <\/div>\r\n                                    <\/div>\r\n    <\/section>\r\n","protected":false},"excerpt":{"rendered":"","protected":false},"author":6,"featured_media":0,"parent":0,"menu_order":0,"comment_status":"closed","ping_status":"closed","template":"","meta":{"_acf_changed":false,"footnotes":""},"class_list":["post-14543","page","type-page","status-publish","hentry"],"acf":[],"yoast_head":"<!-- This site is optimized with the Yoast SEO plugin v26.2 - https:\/\/yoast.com\/wordpress\/plugins\/seo\/ -->\n<title>Preservation of male fertility - Porodnice U Apolin\u00e1\u0159e<\/title>\n<meta name=\"robots\" content=\"index, follow, max-snippet:-1, max-image-preview:large, max-video-preview:-1\" \/>\n<link rel=\"canonical\" href=\"https:\/\/apolinar.eu\/en\/zachovani-plodnosti-muzu\/\" \/>\n<meta property=\"og:locale\" content=\"en_US\" \/>\n<meta property=\"og:type\" content=\"article\" \/>\n<meta property=\"og:title\" content=\"Preservation of male fertility - Porodnice U Apolin\u00e1\u0159e\" \/>\n<meta property=\"og:url\" content=\"https:\/\/apolinar.eu\/en\/zachovani-plodnosti-muzu\/\" \/>\n<meta property=\"og:site_name\" content=\"Porodnice U Apolin\u00e1\u0159e\" \/>\n<meta property=\"article:modified_time\" content=\"2025-09-03T21:24:22+00:00\" \/>\n<meta name=\"twitter:card\" content=\"summary_large_image\" \/>\n<script type=\"application\/ld+json\" class=\"yoast-schema-graph\">{\"@context\":\"https:\/\/schema.org\",\"@graph\":[{\"@type\":\"WebPage\",\"@id\":\"https:\/\/apolinar.eu\/en\/zachovani-plodnosti-muzu\/\",\"url\":\"https:\/\/apolinar.eu\/en\/zachovani-plodnosti-muzu\/\",\"name\":\"Preservation of male fertility - Porodnice U Apolin\u00e1\u0159e\",\"isPartOf\":{\"@id\":\"https:\/\/apolinar.eu\/en\/#website\"},\"datePublished\":\"2024-07-27T22:04:58+00:00\",\"dateModified\":\"2025-09-03T21:24:22+00:00\",\"breadcrumb\":{\"@id\":\"https:\/\/apolinar.eu\/en\/zachovani-plodnosti-muzu\/#breadcrumb\"},\"inLanguage\":\"en-US\",\"potentialAction\":[{\"@type\":\"ReadAction\",\"target\":[\"https:\/\/apolinar.eu\/en\/zachovani-plodnosti-muzu\/\"]}]},{\"@type\":\"BreadcrumbList\",\"@id\":\"https:\/\/apolinar.eu\/en\/zachovani-plodnosti-muzu\/#breadcrumb\",\"itemListElement\":[{\"@type\":\"ListItem\",\"position\":1,\"name\":\"Dom\u016f\",\"item\":\"https:\/\/apolinar.eu\/en\/\"},{\"@type\":\"ListItem\",\"position\":2,\"name\":\"Preservation of male fertility\"}]},{\"@type\":\"WebSite\",\"@id\":\"https:\/\/apolinar.eu\/en\/#website\",\"url\":\"https:\/\/apolinar.eu\/en\/\",\"name\":\"Porodnice U Apolin\u00e1\u0159e\",\"description\":\"Klinika gynekologie, porodnictv\u00ed a neonatologie 1. LF UK a VFN v Praze\",\"potentialAction\":[{\"@type\":\"SearchAction\",\"target\":{\"@type\":\"EntryPoint\",\"urlTemplate\":\"https:\/\/apolinar.eu\/en\/?s={search_term_string}\"},\"query-input\":{\"@type\":\"PropertyValueSpecification\",\"valueRequired\":true,\"valueName\":\"search_term_string\"}}],\"inLanguage\":\"en-US\"}]}<\/script>\n<!-- \/ Yoast SEO plugin. -->","yoast_head_json":{"title":"Preservation of male fertility - Porodnice U Apolin\u00e1\u0159e","robots":{"index":"index","follow":"follow","max-snippet":"max-snippet:-1","max-image-preview":"max-image-preview:large","max-video-preview":"max-video-preview:-1"},"canonical":"https:\/\/apolinar.eu\/en\/zachovani-plodnosti-muzu\/","og_locale":"en_US","og_type":"article","og_title":"Preservation of male fertility - Porodnice U Apolin\u00e1\u0159e","og_url":"https:\/\/apolinar.eu\/en\/zachovani-plodnosti-muzu\/","og_site_name":"Porodnice U Apolin\u00e1\u0159e","article_modified_time":"2025-09-03T21:24:22+00:00","twitter_card":"summary_large_image","schema":{"@context":"https:\/\/schema.org","@graph":[{"@type":"WebPage","@id":"https:\/\/apolinar.eu\/en\/zachovani-plodnosti-muzu\/","url":"https:\/\/apolinar.eu\/en\/zachovani-plodnosti-muzu\/","name":"Preservation of male fertility - Porodnice U Apolin\u00e1\u0159e","isPartOf":{"@id":"https:\/\/apolinar.eu\/en\/#website"},"datePublished":"2024-07-27T22:04:58+00:00","dateModified":"2025-09-03T21:24:22+00:00","breadcrumb":{"@id":"https:\/\/apolinar.eu\/en\/zachovani-plodnosti-muzu\/#breadcrumb"},"inLanguage":"en-US","potentialAction":[{"@type":"ReadAction","target":["https:\/\/apolinar.eu\/en\/zachovani-plodnosti-muzu\/"]}]},{"@type":"BreadcrumbList","@id":"https:\/\/apolinar.eu\/en\/zachovani-plodnosti-muzu\/#breadcrumb","itemListElement":[{"@type":"ListItem","position":1,"name":"Dom\u016f","item":"https:\/\/apolinar.eu\/en\/"},{"@type":"ListItem","position":2,"name":"Preservation of male fertility"}]},{"@type":"WebSite","@id":"https:\/\/apolinar.eu\/en\/#website","url":"https:\/\/apolinar.eu\/en\/","name":"Porodnice U Apolin\u00e1\u0159e","description":"Klinika gynekologie, porodnictv\u00ed a neonatologie 1. LF UK a VFN v Praze","potentialAction":[{"@type":"SearchAction","target":{"@type":"EntryPoint","urlTemplate":"https:\/\/apolinar.eu\/en\/?s={search_term_string}"},"query-input":{"@type":"PropertyValueSpecification","valueRequired":true,"valueName":"search_term_string"}}],"inLanguage":"en-US"}]}},"_links":{"self":[{"href":"https:\/\/apolinar.eu\/en\/wp-json\/wp\/v2\/pages\/14543","targetHints":{"allow":["GET"]}}],"collection":[{"href":"https:\/\/apolinar.eu\/en\/wp-json\/wp\/v2\/pages"}],"about":[{"href":"https:\/\/apolinar.eu\/en\/wp-json\/wp\/v2\/types\/page"}],"author":[{"embeddable":true,"href":"https:\/\/apolinar.eu\/en\/wp-json\/wp\/v2\/users\/6"}],"replies":[{"embeddable":true,"href":"https:\/\/apolinar.eu\/en\/wp-json\/wp\/v2\/comments?post=14543"}],"version-history":[{"count":6,"href":"https:\/\/apolinar.eu\/en\/wp-json\/wp\/v2\/pages\/14543\/revisions"}],"predecessor-version":[{"id":14551,"href":"https:\/\/apolinar.eu\/en\/wp-json\/wp\/v2\/pages\/14543\/revisions\/14551"}],"wp:attachment":[{"href":"https:\/\/apolinar.eu\/en\/wp-json\/wp\/v2\/media?parent=14543"}],"curies":[{"name":"wp","href":"https:\/\/api.w.org\/{rel}","templated":true}]}}