{"id":14539,"date":"2024-07-27T22:50:50","date_gmt":"2024-07-27T20:50:50","guid":{"rendered":"https:\/\/apolinar.eu\/zachovani-plodnosti-zen\/"},"modified":"2025-09-03T23:15:40","modified_gmt":"2025-09-03T21:15:40","slug":"zachovani-plodnosti-zen","status":"publish","type":"page","link":"https:\/\/apolinar.eu\/en\/zachovani-plodnosti-zen\/","title":{"rendered":"Preservation of female fertility"},"content":{"rendered":"                <!-- TEXT BLOCK -->\r\n        <section\r\n                class=\"pdt-80 pdb-80 \"\r\n            >\r\n            <div class=\"wrapper2 text_block\">\r\n                <h2 class=\"title_h2 text_center_mdm\">Preservation of female fertility<\/h2>                                                                                                <div class=\"page_content reset_margins\">\r\n                                                                                        <ol>\n<li>What preservation of female fertility means<\/li>\n<li>Women before treatment for oncological disease<\/li>\n<li>Social freezing (egg freezing on personal request)<\/li>\n<li>What to consider when deciding to undergo egg retrieval and freezing<\/li>\n<li>How to proceed when a woman decides to become pregnant using frozen eggs<\/li>\n<\/ol>\n                                    <\/div>\r\n            <\/div>\r\n        <\/section>\r\n    \n\n    <!-- ACCORD -->\r\n    <section\r\n            class=\"pdt-80 pdb-80 bg3\"\r\n        >\r\n        <div class=\"wrapper2 anim_delay anim_drop1 observe\">\r\n                                                    <div class=\"accord mgt-30\">\r\n                                            <!-- ITEM -->\r\n                        <div class=\"item_accord item\">\r\n                            <a href=\"#\" role=\"button\" class=\"item_accord_head head\">\r\n                                <h3 class=\"item_accord_title\">What preservation of female fertility means<\/h3>\r\n                                <div class=\"item_accord_arrow\">\r\n                                    <svg class=\"sicofill\">\r\n                                        <use href=\"https:\/\/apolinar.eu\/wp-content\/themes\/apolinar\/assets\/layout\/icons.svg#s_ar2_d\"\/>\r\n                                    <\/svg>\r\n                                <\/div>\r\n                            <\/a>\r\n                            <div class=\"expand\">\r\n                                <div class=\"item_accord_inner page_content reset_margins\">\r\n                                                                                                                                                        <p>Preservation of female fertility involves the retrieval and freezing of eggs, or oocytes, and sometimes embryos, for future use, usually several months or even years later.<\/p>\n<p>To obtain oocytes suitable for freezing, a woman undergoes the same treatment procedure as a woman seeking infertility treatment, after examination and consultation with a doctor. The process is completed by retrieving follicular fluid containing oocytes from the ovaries under short-term anesthesia. In the IVF laboratory, the oocytes are then identified and transferred into culture media. After standard procedures, the oocytes are vitrified, meaning they are rapidly frozen in a special medium to the temperature of liquid nitrogen (-196\u00b0C). All quality oocytes are frozen, usually two to three per separate straw (comparable to a special straw). Freezing oocytes (or embryos) halts their biochemical processes, and at -196\u00b0C they remain unchanged throughout their storage in a cryogenic container with liquid nitrogen.<\/p>\n                                                                    <\/div>\r\n                            <\/div>\r\n                        <\/div>\r\n                                            <!-- ITEM -->\r\n                        <div class=\"item_accord item\">\r\n                            <a href=\"#\" role=\"button\" class=\"item_accord_head head\">\r\n                                <h3 class=\"item_accord_title\">Women before treatment for oncological disease<\/h3>\r\n                                <div class=\"item_accord_arrow\">\r\n                                    <svg class=\"sicofill\">\r\n                                        <use href=\"https:\/\/apolinar.eu\/wp-content\/themes\/apolinar\/assets\/layout\/icons.svg#s_ar2_d\"\/>\r\n                                    <\/svg>\r\n                                <\/div>\r\n                            <\/a>\r\n                            <div class=\"expand\">\r\n                                <div class=\"item_accord_inner page_content reset_margins\">\r\n                                                                                                                                                        <p>For women undergoing treatment for an oncological disease (chemotherapy, radiotherapy), which is expected to potentially negatively affect future fertility, the entire process is initiated as quickly as possible. A gynecologist specializing in assisted reproduction, in collaboration with an oncologist, optimizes the treatment for the specific woman. If the woman&#8217;s health allows, repeated ovarian stimulation and oocyte retrieval are possible to maximize the chances of future pregnancy and childbirth. <\/p>\n<p>If the woman has a partner with whom she plans to have a child, it is optimal to fertilize the oocytes with the partner\u2019s sperm, culture the resulting embryos, and after several days, usually five, freeze the embryos with potential for further development. If the woman does not have a partner, the oocytes are frozen. Alternatively, with agreement, both approaches can be combined.<\/p>\n<p>In rare cases, e.g., when planned removal of the ovaries is indicated, retrieval and freezing of ovarian tissue may be considered. This is a very exceptional and special situation that goes beyond the general information; if this approach is required, the physician will consult directly with the patient.<\/p>\n<p>For patients with an oncological diagnosis, the health insurance covers IVF treatment, freezing, and storage of reproductive cells.<\/p>\n                                                                    <\/div>\r\n                            <\/div>\r\n                        <\/div>\r\n                                            <!-- ITEM -->\r\n                        <div class=\"item_accord item\">\r\n                            <a href=\"#\" role=\"button\" class=\"item_accord_head head\">\r\n                                <h3 class=\"item_accord_title\">Social freezing (egg freezing on personal request)<\/h3>\r\n                                <div class=\"item_accord_arrow\">\r\n                                    <svg class=\"sicofill\">\r\n                                        <use href=\"https:\/\/apolinar.eu\/wp-content\/themes\/apolinar\/assets\/layout\/icons.svg#s_ar2_d\"\/>\r\n                                    <\/svg>\r\n                                <\/div>\r\n                            <\/a>\r\n                            <div class=\"expand\">\r\n                                <div class=\"item_accord_inner page_content reset_margins\">\r\n                                                                                                                                                        <p>For women who are healthy but plan to have children later for any reason (socioeconomic reasons, lack of a partner, etc.), it is possible to freeze and store eggs \u2013 oocytes \u2013 in a cryogenic container with liquid nitrogen at a temperature of -196\u00b0C for later use. This method of fertility preservation is referred to as social freezing. Health insurance does not cover this treatment.<\/p>\n                                                                    <\/div>\r\n                            <\/div>\r\n                        <\/div>\r\n                                            <!-- ITEM -->\r\n                        <div class=\"item_accord item\">\r\n                            <a href=\"#\" role=\"button\" class=\"item_accord_head head\">\r\n                                <h3 class=\"item_accord_title\">What to consider when deciding to undergo egg (oocyte) retrieval and freezing:<\/h3>\r\n                                <div class=\"item_accord_arrow\">\r\n                                    <svg class=\"sicofill\">\r\n                                        <use href=\"https:\/\/apolinar.eu\/wp-content\/themes\/apolinar\/assets\/layout\/icons.svg#s_ar2_d\"\/>\r\n                                    <\/svg>\r\n                                <\/div>\r\n                            <\/a>\r\n                            <div class=\"expand\">\r\n                                <div class=\"item_accord_inner page_content reset_margins\">\r\n                                                                                                                                                        <ul>\n<li>Quality of oocytes varies for each woman; the number retrieved can differ even with similar ovarian stimulation.<\/li>\n<li>Oocyte quality declines with age; optimal ovarian stimulation and egg retrieval is before 30 years old, or up to 35. After that, both quantity and quality usually decrease.<\/li>\n<li>Not every retrieved egg will develop into a viable embryo. For example, around age 30, roughly one-third to half of retrieved oocytes are of good quality.<\/li>\n<li>Oocyte assessment is based only on morphological parameters visible under a microscope; chromosome count (e.g., aneuploidy, the most common reason for embryo development arrest) cannot be seen.<\/li>\n<li>Retrieving oocytes does not guarantee that all good-quality eggs will develop into viable embryos.<\/li>\n<li>To obtain a sufficient number of frozen eggs for future use, ovarian stimulation and egg retrieval can be repeated (e.g., twice).<\/li>\n<li>After thawing and fertilization, sperm quality is important for successful fertilization.<\/li>\n<li>The woman\u2019s health at the time of embryo transfer must be considered.<\/li>\n<li>Generally, the probability of embryo implantation in a healthy woman\u2019s uterus does not change with age; what matters is the age at which the oocytes were retrieved.<\/li>\n<li>The likelihood of pregnancy using thawed oocytes is individual, just like with standard assisted reproduction. Some women conceive on the first cycle, others on the second, third, or fourth attempt. Rarely, assisted reproduction may not lead to pregnancy.<\/li>\n<li>If you are 30 and plan pregnancy in 1\u20132 years, assess your fertility first; if it\u2019s normal, social freezing may not be necessary.<\/li>\n<li>If you are 30 and plan pregnancy in 10\u201315 years, social freezing can be a suitable option.<\/li>\n<\/ul>\n<p><strong>IT IS GOOD TO BE A REALISTIC OPTIMIST \u263a<\/strong><\/p>\n<p>If you are considering freezing oocytes or embryos, schedule a consultation at the Assisted Reproduction Center, where the doctor will discuss the process in detail and recommend the optimal procedure after examinations and blood tests.<\/p>\n                                                                    <\/div>\r\n                            <\/div>\r\n                        <\/div>\r\n                                            <!-- ITEM -->\r\n                        <div class=\"item_accord item\">\r\n                            <a href=\"#\" role=\"button\" class=\"item_accord_head head\">\r\n                                <h3 class=\"item_accord_title\">How to proceed when a woman decides to conceive using frozen eggs<\/h3>\r\n                                <div class=\"item_accord_arrow\">\r\n                                    <svg class=\"sicofill\">\r\n                                        <use href=\"https:\/\/apolinar.eu\/wp-content\/themes\/apolinar\/assets\/layout\/icons.svg#s_ar2_d\"\/>\r\n                                    <\/svg>\r\n                                <\/div>\r\n                            <\/a>\r\n                            <div class=\"expand\">\r\n                                <div class=\"item_accord_inner page_content reset_margins\">\r\n                                                                                                                                                        <p>If you have frozen oocytes or embryos and wish to conceive using assisted reproduction, you will schedule an appointment at the clinic (both woman and man), where the doctor will perform the necessary examinations and determine the timing for the embryo transfer into the woman&#8217;s uterus. In the laboratory, a suitable number of oocytes will be thawed several days in advance, as agreed with the doctor or embryologist. They will be fertilized with the partner&#8217;s sperm, cultured for 2-6 days, and the embryo with the highest potential for further development will be prepared for transfer into the uterus on the designated day. If there are multiple suitable embryos, the remaining ones will be frozen. If a frozen embryo already exists, it will be thawed on the day of the planned transfer, and embryo culture in the nutrient medium occurs only on that day. The embryo transfer into the uterus is painless, performed using a special catheter under ultrasound guidance. Whether the embryo has implanted into the uterine lining will be known within 2-3 weeks.<\/p>\n                                                                    <\/div>\r\n                            <\/div>\r\n                        <\/div>\r\n                                    <\/div>\r\n                    <\/div>\r\n    <\/section>\r\n","protected":false},"excerpt":{"rendered":"","protected":false},"author":6,"featured_media":0,"parent":0,"menu_order":0,"comment_status":"closed","ping_status":"closed","template":"","meta":{"_acf_changed":false,"footnotes":""},"class_list":["post-14539","page","type-page","status-publish","hentry"],"acf":[],"yoast_head":"<!-- This site is optimized with the Yoast SEO plugin v26.2 - https:\/\/yoast.com\/wordpress\/plugins\/seo\/ -->\n<title>Preservation of female fertility - Porodnice U Apolin\u00e1\u0159e<\/title>\n<meta name=\"robots\" content=\"index, follow, max-snippet:-1, max-image-preview:large, max-video-preview:-1\" \/>\n<link rel=\"canonical\" href=\"https:\/\/apolinar.eu\/en\/zachovani-plodnosti-zen\/\" \/>\n<meta property=\"og:locale\" content=\"en_US\" \/>\n<meta property=\"og:type\" content=\"article\" \/>\n<meta property=\"og:title\" content=\"Preservation of female fertility - Porodnice U Apolin\u00e1\u0159e\" \/>\n<meta property=\"og:url\" content=\"https:\/\/apolinar.eu\/en\/zachovani-plodnosti-zen\/\" \/>\n<meta property=\"og:site_name\" content=\"Porodnice U Apolin\u00e1\u0159e\" \/>\n<meta property=\"article:modified_time\" content=\"2025-09-03T21:15:40+00:00\" \/>\n<meta name=\"twitter:card\" content=\"summary_large_image\" \/>\n<script type=\"application\/ld+json\" class=\"yoast-schema-graph\">{\"@context\":\"https:\/\/schema.org\",\"@graph\":[{\"@type\":\"WebPage\",\"@id\":\"https:\/\/apolinar.eu\/en\/zachovani-plodnosti-zen\/\",\"url\":\"https:\/\/apolinar.eu\/en\/zachovani-plodnosti-zen\/\",\"name\":\"Preservation of female fertility - Porodnice U Apolin\u00e1\u0159e\",\"isPartOf\":{\"@id\":\"https:\/\/apolinar.eu\/en\/#website\"},\"datePublished\":\"2024-07-27T20:50:50+00:00\",\"dateModified\":\"2025-09-03T21:15:40+00:00\",\"breadcrumb\":{\"@id\":\"https:\/\/apolinar.eu\/en\/zachovani-plodnosti-zen\/#breadcrumb\"},\"inLanguage\":\"en-US\",\"potentialAction\":[{\"@type\":\"ReadAction\",\"target\":[\"https:\/\/apolinar.eu\/en\/zachovani-plodnosti-zen\/\"]}]},{\"@type\":\"BreadcrumbList\",\"@id\":\"https:\/\/apolinar.eu\/en\/zachovani-plodnosti-zen\/#breadcrumb\",\"itemListElement\":[{\"@type\":\"ListItem\",\"position\":1,\"name\":\"Dom\u016f\",\"item\":\"https:\/\/apolinar.eu\/en\/\"},{\"@type\":\"ListItem\",\"position\":2,\"name\":\"Preservation of female fertility\"}]},{\"@type\":\"WebSite\",\"@id\":\"https:\/\/apolinar.eu\/en\/#website\",\"url\":\"https:\/\/apolinar.eu\/en\/\",\"name\":\"Porodnice U Apolin\u00e1\u0159e\",\"description\":\"Klinika gynekologie, porodnictv\u00ed a neonatologie 1. LF UK a VFN v Praze\",\"potentialAction\":[{\"@type\":\"SearchAction\",\"target\":{\"@type\":\"EntryPoint\",\"urlTemplate\":\"https:\/\/apolinar.eu\/en\/?s={search_term_string}\"},\"query-input\":{\"@type\":\"PropertyValueSpecification\",\"valueRequired\":true,\"valueName\":\"search_term_string\"}}],\"inLanguage\":\"en-US\"}]}<\/script>\n<!-- \/ Yoast SEO plugin. -->","yoast_head_json":{"title":"Preservation of female fertility - Porodnice U Apolin\u00e1\u0159e","robots":{"index":"index","follow":"follow","max-snippet":"max-snippet:-1","max-image-preview":"max-image-preview:large","max-video-preview":"max-video-preview:-1"},"canonical":"https:\/\/apolinar.eu\/en\/zachovani-plodnosti-zen\/","og_locale":"en_US","og_type":"article","og_title":"Preservation of female fertility - Porodnice U Apolin\u00e1\u0159e","og_url":"https:\/\/apolinar.eu\/en\/zachovani-plodnosti-zen\/","og_site_name":"Porodnice U Apolin\u00e1\u0159e","article_modified_time":"2025-09-03T21:15:40+00:00","twitter_card":"summary_large_image","schema":{"@context":"https:\/\/schema.org","@graph":[{"@type":"WebPage","@id":"https:\/\/apolinar.eu\/en\/zachovani-plodnosti-zen\/","url":"https:\/\/apolinar.eu\/en\/zachovani-plodnosti-zen\/","name":"Preservation of female fertility - Porodnice U Apolin\u00e1\u0159e","isPartOf":{"@id":"https:\/\/apolinar.eu\/en\/#website"},"datePublished":"2024-07-27T20:50:50+00:00","dateModified":"2025-09-03T21:15:40+00:00","breadcrumb":{"@id":"https:\/\/apolinar.eu\/en\/zachovani-plodnosti-zen\/#breadcrumb"},"inLanguage":"en-US","potentialAction":[{"@type":"ReadAction","target":["https:\/\/apolinar.eu\/en\/zachovani-plodnosti-zen\/"]}]},{"@type":"BreadcrumbList","@id":"https:\/\/apolinar.eu\/en\/zachovani-plodnosti-zen\/#breadcrumb","itemListElement":[{"@type":"ListItem","position":1,"name":"Dom\u016f","item":"https:\/\/apolinar.eu\/en\/"},{"@type":"ListItem","position":2,"name":"Preservation of female fertility"}]},{"@type":"WebSite","@id":"https:\/\/apolinar.eu\/en\/#website","url":"https:\/\/apolinar.eu\/en\/","name":"Porodnice U Apolin\u00e1\u0159e","description":"Klinika gynekologie, porodnictv\u00ed a neonatologie 1. LF UK a VFN v Praze","potentialAction":[{"@type":"SearchAction","target":{"@type":"EntryPoint","urlTemplate":"https:\/\/apolinar.eu\/en\/?s={search_term_string}"},"query-input":{"@type":"PropertyValueSpecification","valueRequired":true,"valueName":"search_term_string"}}],"inLanguage":"en-US"}]}},"_links":{"self":[{"href":"https:\/\/apolinar.eu\/en\/wp-json\/wp\/v2\/pages\/14539","targetHints":{"allow":["GET"]}}],"collection":[{"href":"https:\/\/apolinar.eu\/en\/wp-json\/wp\/v2\/pages"}],"about":[{"href":"https:\/\/apolinar.eu\/en\/wp-json\/wp\/v2\/types\/page"}],"author":[{"embeddable":true,"href":"https:\/\/apolinar.eu\/en\/wp-json\/wp\/v2\/users\/6"}],"replies":[{"embeddable":true,"href":"https:\/\/apolinar.eu\/en\/wp-json\/wp\/v2\/comments?post=14539"}],"version-history":[{"count":2,"href":"https:\/\/apolinar.eu\/en\/wp-json\/wp\/v2\/pages\/14539\/revisions"}],"predecessor-version":[{"id":14542,"href":"https:\/\/apolinar.eu\/en\/wp-json\/wp\/v2\/pages\/14539\/revisions\/14542"}],"wp:attachment":[{"href":"https:\/\/apolinar.eu\/en\/wp-json\/wp\/v2\/media?parent=14539"}],"curies":[{"name":"wp","href":"https:\/\/api.w.org\/{rel}","templated":true}]}}