{"id":14507,"date":"2024-07-23T12:51:51","date_gmt":"2024-07-23T10:51:51","guid":{"rendered":"https:\/\/apolinar.eu\/o-nas-2\/"},"modified":"2025-09-03T22:48:33","modified_gmt":"2025-09-03T20:48:33","slug":"o-nas-2","status":"publish","type":"page","link":"https:\/\/apolinar.eu\/en\/o-nas-2\/","title":{"rendered":"About us"},"content":{"rendered":"                <!-- TEXT BLOCK -->\r\n        <section\r\n                class=\"pdt-80 pdb-40 \"\r\n            >\r\n            <div class=\"wrapper2 text_block\">\r\n                <h2 class=\"title_h2 text_center_mdm\">About us<\/h2>                                                                                                <div class=\"page_content reset_margins\">\r\n                                                                                        <ul>\n<li>Top-level care in the field of assisted reproduction<\/li>\n<li>The largest public IVF center in the Czech Republic with over 30 years of tradition<\/li>\n<\/ul>\n<p>&nbsp;<\/p>\n                                    <\/div>\r\n            <\/div>\r\n        <\/section>\r\n    \n\n                <!-- TEXT BLOCK -->\r\n        <section\r\n                class=\"pdt-40 pdb-40 bg3\"\r\n            >\r\n            <div class=\"wrapper2 text_block\">\r\n                                                                                                                <div class=\"page_content reset_margins\">\r\n                                                                                        <h3><a href=\"https:\/\/youtu.be\/iOw69xykds4\" target=\"_blank\" rel=\"noopener\"><img decoding=\"async\" class=\"size-full wp-image-10354 alignleft\" src=\"https:\/\/apolinar.eu\/wp-content\/uploads\/2024\/10\/Snimek-obrazovky-2024-10-11-115807.png\" alt=\"\" width=\"171\" height=\"124\" srcset=\"https:\/\/apolinar.eu\/wp-content\/uploads\/2024\/10\/Snimek-obrazovky-2024-10-11-115807.png 171w, https:\/\/apolinar.eu\/wp-content\/uploads\/2024\/10\/Snimek-obrazovky-2024-10-11-115807-60x44.png 60w, https:\/\/apolinar.eu\/wp-content\/uploads\/2024\/10\/Snimek-obrazovky-2024-10-11-115807-104x75.png 104w, https:\/\/apolinar.eu\/wp-content\/uploads\/2024\/10\/Snimek-obrazovky-2024-10-11-115807-165x120.png 165w\" sizes=\"(max-width: 171px) 100vw, 171px\" \/>SEE WHAT OUR CLINIC LOOKS LIKE.<\/a><\/h3>\n                                    <\/div>\r\n            <\/div>\r\n        <\/section>\r\n    \n\n                <!-- TEXT BLOCK -->\r\n        <section\r\n                class=\"pdt-40 pdb-40 \"\r\n            >\r\n            <div class=\"wrapper2 text_block\">\r\n                                                                                                    <h3 class=\"title_h3 text_center_mdm\">Comprehensive care for couples with fertility problems<\/h3>\r\n                                                <div class=\"page_content reset_margins\">\r\n                                                                                        <p>Our IVF center is part of the Clinic of Gynecology, Obstetrics, and Neonatology at the 1st Faculty of Medicine, Charles University and VFN in Prague. We provide comprehensive care in infertility treatment and collaborate with other gynecological specialties, such as:<\/p>\n<ul>\n<li>Treatment of fibroids and endometriosis<\/li>\n<li>Care for oncology patients<\/li>\n<li>Pregnancy counseling and early screening for congenital anomalies<\/li>\n<\/ul>\n                                    <\/div>\r\n            <\/div>\r\n        <\/section>\r\n    \n\n                <!-- TEXT BLOCK -->\r\n        <section\r\n                class=\"pdt-40 pdb-40 bg3\"\r\n            >\r\n            <div class=\"wrapper2 text_block\">\r\n                                                                                                    <h3 class=\"title_h3 text_center_mdm\">Modern methods and top experts<\/h3>\r\n                                                <div class=\"page_content reset_margins\">\r\n                                                                                        <ul>\n<li>We work in accordance with the latest scientific knowledge and recommendations of the European Society of Human Reproduction and Embryology (ESHRE).<\/li>\n<li>Our patients are cared for by a team of experienced doctors certified in reproductive medicine, embryologists with ESHRE certification, and specialists in clinical embryology.<\/li>\n<li>We provide super-consultative treatment for polymorbid patients and those with internal diseases who require care in a higher-level medical facility.<\/li>\n<\/ul>\n                                    <\/div>\r\n            <\/div>\r\n        <\/section>\r\n    \n\n                <!-- TEXT BLOCK -->\r\n        <section\r\n                class=\"pdt-40 pdb-40 \"\r\n            >\r\n            <div class=\"wrapper2 text_block\">\r\n                                                                                                    <h3 class=\"title_h3 text_center_mdm\">Individual approach and fertility preservation<\/h3>\r\n                                                <div class=\"page_content reset_margins\">\r\n                                                                                        <p>Every couple is unique \u2013 all physical and laboratory examinations are tailored to individual needs. We offer all fertility preservation methods for women and men prior to oncological treatment:<\/p>\n<ul>\n<li>Freezing of oocytes, sperm, and embryos<\/li>\n<li>Conservation of ovarian and testicular tissue<\/li>\n<\/ul>\n                                    <\/div>\r\n            <\/div>\r\n        <\/section>\r\n    \n\n                <!-- TEXT BLOCK -->\r\n        <section\r\n                class=\"pdt-40 pdb-80 bg3\"\r\n            >\r\n            <div class=\"wrapper2 text_block\">\r\n                                                                                                    <h3 class=\"title_h3 text_center_mdm\">We are looking for egg donors and sperm donors<\/h3>\r\n                                                <div class=\"page_content reset_margins\">\r\n                                                                                        <ul>\n<li>Donation program to help infertile couples \u2013 we assist those who cannot have their own children due to medical reasons (e.g., after oncological treatment, endometriosis treatment, or autoimmune diseases).<\/li>\n<li>Sperm bank \u2013 we have our own sperm bank with guaranteed sperm quality.<\/li>\n<li>Egg donors \u2013 we are looking for suitable egg donors for our patients.<\/li>\n<\/ul>\n<p><strong>Would you like to learn more about the donation program?<\/strong><\/p>\n<p>&nbsp;<\/p>\n                                    <\/div>\r\n            <\/div>\r\n        <\/section>\r\n    \n\n    <!-- BLOK K -->\r\n    <section\r\n            class=\"pdt-40 pdb-80 \"\r\n        >\r\n        <div class=\"wrapper2\">\r\n                                                                                            <div class=\"grid small-space\">\r\n                                                                                <!-- ITEM 1 -->\r\n                            <div class=\"col1 bg3 radius10 pd-35 pd-25md observe anim_drop1 anim_delay dflex flex-dir-column offset_dist\">\r\n                                <div class=\"text_block w100p mgb-auto\">\r\n                                    <h3 class=\"title_h3\">Annual Report of the Tissue Facility for 2024<\/h3>\r\n                                                                                                                <div class=\"page_content reset_margins\">\r\n                                            <p>Reproductive cells\r\n<\/p>\r\n                                        <\/div>\r\n                                                                    <\/div>\r\n                                <div class=\"pdt-20 w100p\">\r\n                                    <div class=\"grid small-space\">\r\n                                        <div class=\"col_default offset_half\">\r\n                                            <a href=\"https:\/\/apolinar.eu\/wp-content\/uploads\/2025\/04\/Vyrocni-zprava-TZ-2024-CAR-GPKN-VFN-2024VYR-42-004.pdf\"\r\n                                               title=\"Annual Report of the Tissue Facility for 2024\"\r\n                                               target=\"_blank\"\r\n                                               class=\"btn_basic\">\r\n                                                Show                                            <\/a>\r\n                                        <\/div>\r\n                                        <div class=\"col_default offset_half\">\r\n                                            <a href=\"https:\/\/apolinar.eu\/wp-content\/uploads\/2025\/04\/Vyrocni-zprava-TZ-2024-CAR-GPKN-VFN-2024VYR-42-004.pdf\"\r\n                                               title=\"Annual Report of the Tissue Facility for 2024\"\r\n                                               download\r\n                                               class=\"btn_basic border\">\r\n                                                Download                                            <\/a>\r\n                                        <\/div>\r\n                                    <\/div>\r\n                                <\/div>\r\n                            <\/div>\r\n                                            <\/div>\r\n                                    <\/div>\r\n    <\/section>\r\n","protected":false},"excerpt":{"rendered":"","protected":false},"author":6,"featured_media":0,"parent":0,"menu_order":0,"comment_status":"closed","ping_status":"closed","template":"","meta":{"_acf_changed":false,"footnotes":""},"class_list":["post-14507","page","type-page","status-publish","hentry"],"acf":[],"yoast_head":"<!-- This site is optimized with the Yoast SEO plugin v26.2 - https:\/\/yoast.com\/wordpress\/plugins\/seo\/ -->\n<title>About us - Porodnice U Apolin\u00e1\u0159e<\/title>\n<meta name=\"robots\" content=\"index, follow, max-snippet:-1, max-image-preview:large, max-video-preview:-1\" \/>\n<link rel=\"canonical\" href=\"https:\/\/apolinar.eu\/en\/o-nas-2\/\" \/>\n<meta property=\"og:locale\" content=\"en_US\" \/>\n<meta property=\"og:type\" content=\"article\" \/>\n<meta property=\"og:title\" content=\"About us - Porodnice U Apolin\u00e1\u0159e\" \/>\n<meta property=\"og:url\" content=\"https:\/\/apolinar.eu\/en\/o-nas-2\/\" \/>\n<meta property=\"og:site_name\" content=\"Porodnice U Apolin\u00e1\u0159e\" \/>\n<meta property=\"article:modified_time\" content=\"2025-09-03T20:48:33+00:00\" \/>\n<meta name=\"twitter:card\" content=\"summary_large_image\" \/>\n<script type=\"application\/ld+json\" class=\"yoast-schema-graph\">{\"@context\":\"https:\/\/schema.org\",\"@graph\":[{\"@type\":\"WebPage\",\"@id\":\"https:\/\/apolinar.eu\/en\/o-nas-2\/\",\"url\":\"https:\/\/apolinar.eu\/en\/o-nas-2\/\",\"name\":\"About us - Porodnice U Apolin\u00e1\u0159e\",\"isPartOf\":{\"@id\":\"https:\/\/apolinar.eu\/en\/#website\"},\"datePublished\":\"2024-07-23T10:51:51+00:00\",\"dateModified\":\"2025-09-03T20:48:33+00:00\",\"breadcrumb\":{\"@id\":\"https:\/\/apolinar.eu\/en\/o-nas-2\/#breadcrumb\"},\"inLanguage\":\"en-US\",\"potentialAction\":[{\"@type\":\"ReadAction\",\"target\":[\"https:\/\/apolinar.eu\/en\/o-nas-2\/\"]}]},{\"@type\":\"BreadcrumbList\",\"@id\":\"https:\/\/apolinar.eu\/en\/o-nas-2\/#breadcrumb\",\"itemListElement\":[{\"@type\":\"ListItem\",\"position\":1,\"name\":\"Dom\u016f\",\"item\":\"https:\/\/apolinar.eu\/en\/\"},{\"@type\":\"ListItem\",\"position\":2,\"name\":\"About us\"}]},{\"@type\":\"WebSite\",\"@id\":\"https:\/\/apolinar.eu\/en\/#website\",\"url\":\"https:\/\/apolinar.eu\/en\/\",\"name\":\"Porodnice U Apolin\u00e1\u0159e\",\"description\":\"Klinika gynekologie, porodnictv\u00ed a neonatologie 1. LF UK a VFN v Praze\",\"potentialAction\":[{\"@type\":\"SearchAction\",\"target\":{\"@type\":\"EntryPoint\",\"urlTemplate\":\"https:\/\/apolinar.eu\/en\/?s={search_term_string}\"},\"query-input\":{\"@type\":\"PropertyValueSpecification\",\"valueRequired\":true,\"valueName\":\"search_term_string\"}}],\"inLanguage\":\"en-US\"}]}<\/script>\n<!-- \/ Yoast SEO plugin. -->","yoast_head_json":{"title":"About us - Porodnice U Apolin\u00e1\u0159e","robots":{"index":"index","follow":"follow","max-snippet":"max-snippet:-1","max-image-preview":"max-image-preview:large","max-video-preview":"max-video-preview:-1"},"canonical":"https:\/\/apolinar.eu\/en\/o-nas-2\/","og_locale":"en_US","og_type":"article","og_title":"About us - Porodnice U Apolin\u00e1\u0159e","og_url":"https:\/\/apolinar.eu\/en\/o-nas-2\/","og_site_name":"Porodnice U Apolin\u00e1\u0159e","article_modified_time":"2025-09-03T20:48:33+00:00","twitter_card":"summary_large_image","schema":{"@context":"https:\/\/schema.org","@graph":[{"@type":"WebPage","@id":"https:\/\/apolinar.eu\/en\/o-nas-2\/","url":"https:\/\/apolinar.eu\/en\/o-nas-2\/","name":"About us - Porodnice U Apolin\u00e1\u0159e","isPartOf":{"@id":"https:\/\/apolinar.eu\/en\/#website"},"datePublished":"2024-07-23T10:51:51+00:00","dateModified":"2025-09-03T20:48:33+00:00","breadcrumb":{"@id":"https:\/\/apolinar.eu\/en\/o-nas-2\/#breadcrumb"},"inLanguage":"en-US","potentialAction":[{"@type":"ReadAction","target":["https:\/\/apolinar.eu\/en\/o-nas-2\/"]}]},{"@type":"BreadcrumbList","@id":"https:\/\/apolinar.eu\/en\/o-nas-2\/#breadcrumb","itemListElement":[{"@type":"ListItem","position":1,"name":"Dom\u016f","item":"https:\/\/apolinar.eu\/en\/"},{"@type":"ListItem","position":2,"name":"About us"}]},{"@type":"WebSite","@id":"https:\/\/apolinar.eu\/en\/#website","url":"https:\/\/apolinar.eu\/en\/","name":"Porodnice U Apolin\u00e1\u0159e","description":"Klinika gynekologie, porodnictv\u00ed a neonatologie 1. LF UK a VFN v Praze","potentialAction":[{"@type":"SearchAction","target":{"@type":"EntryPoint","urlTemplate":"https:\/\/apolinar.eu\/en\/?s={search_term_string}"},"query-input":{"@type":"PropertyValueSpecification","valueRequired":true,"valueName":"search_term_string"}}],"inLanguage":"en-US"}]}},"_links":{"self":[{"href":"https:\/\/apolinar.eu\/en\/wp-json\/wp\/v2\/pages\/14507","targetHints":{"allow":["GET"]}}],"collection":[{"href":"https:\/\/apolinar.eu\/en\/wp-json\/wp\/v2\/pages"}],"about":[{"href":"https:\/\/apolinar.eu\/en\/wp-json\/wp\/v2\/types\/page"}],"author":[{"embeddable":true,"href":"https:\/\/apolinar.eu\/en\/wp-json\/wp\/v2\/users\/6"}],"replies":[{"embeddable":true,"href":"https:\/\/apolinar.eu\/en\/wp-json\/wp\/v2\/comments?post=14507"}],"version-history":[{"count":2,"href":"https:\/\/apolinar.eu\/en\/wp-json\/wp\/v2\/pages\/14507\/revisions"}],"predecessor-version":[{"id":14510,"href":"https:\/\/apolinar.eu\/en\/wp-json\/wp\/v2\/pages\/14507\/revisions\/14510"}],"wp:attachment":[{"href":"https:\/\/apolinar.eu\/en\/wp-json\/wp\/v2\/media?parent=14507"}],"curies":[{"name":"wp","href":"https:\/\/api.w.org\/{rel}","templated":true}]}}