{"id":14497,"date":"2023-06-30T14:12:37","date_gmt":"2023-06-30T12:12:37","guid":{"rendered":"https:\/\/apolinar.eu\/pece-o-devce-ci-dospivajici-divku-do-19-let\/"},"modified":"2025-09-03T22:37:44","modified_gmt":"2025-09-03T20:37:44","slug":"pece-o-devce-ci-dospivajici-divku-do-19-let","status":"publish","type":"page","link":"https:\/\/apolinar.eu\/en\/pece-o-devce-ci-dospivajici-divku-do-19-let\/","title":{"rendered":"Care for a girl or adolescent (up to 19 years old)"},"content":{"rendered":"                <!-- TEXT BLOCK -->\r\n        <section\r\n                class=\"pdt-80 pdb-20 \"\r\n            >\r\n            <div class=\"wrapper2 text_block\">\r\n                <h1 class=\"title_h2 text_center_mdm\">Care for a girl or adolescent (up to 19 years old)<\/h1>                                                                                                <div class=\"page_content reset_margins\">\r\n                                                                                        <h4>The Pediatric and Adolescent Gynecology Clinic provides modern, highly specialized outpatient diagnostic and therapeutic care for patients with gynecological conditions. It is an integral part of comprehensive gynecological care for women at all stages of life.<\/h4>\n                                    <\/div>\r\n            <\/div>\r\n        <\/section>\r\n    \n\n                <!-- TEXT BLOCK -->\r\n        <section\r\n                class=\"pdt-40 pdb-40 bg3\"\r\n            >\r\n            <div class=\"wrapper2 text_block\">\r\n                                                                                                                <div class=\"page_content reset_margins\">\r\n                                                                                        <h3><img decoding=\"async\" class=\"size-full wp-image-10354 alignleft\" src=\"https:\/\/apolinar.eu\/wp-content\/uploads\/2024\/10\/Snimek-obrazovky-2024-10-11-115807.png\" alt=\"\" width=\"171\" height=\"124\" srcset=\"https:\/\/apolinar.eu\/wp-content\/uploads\/2024\/10\/Snimek-obrazovky-2024-10-11-115807.png 171w, https:\/\/apolinar.eu\/wp-content\/uploads\/2024\/10\/Snimek-obrazovky-2024-10-11-115807-60x44.png 60w, https:\/\/apolinar.eu\/wp-content\/uploads\/2024\/10\/Snimek-obrazovky-2024-10-11-115807-104x75.png 104w, https:\/\/apolinar.eu\/wp-content\/uploads\/2024\/10\/Snimek-obrazovky-2024-10-11-115807-165x120.png 165w\" sizes=\"(max-width: 171px) 100vw, 171px\" \/><a href=\"https:\/\/youtu.be\/HCJoK_yY69A\" target=\"_blank\" rel=\"noopener\">SEE WHAT OUR CLINIC LOOKS LIKE.<\/a><\/h3>\n                                    <\/div>\r\n            <\/div>\r\n        <\/section>\r\n    \n\n                <!-- TEXT BLOCK -->\r\n        <section\r\n                class=\"pdt-20 pdb-20 \"\r\n            >\r\n            <div class=\"wrapper2 text_block\">\r\n                                                                                                    <h3 class=\"title_h3 text_center_mdm\">What diseases or conditions can girls and adolescent patients consult us for?<\/h3>\r\n                                                <div class=\"page_content reset_margins\">\r\n                                                                                        <ul>\n<li>Vaginal discharge and diseases of the external genitalia<\/li>\n<li>Adhesions in the area of the external genitalia (synechiae)<\/li>\n<li>Disorders of sexual development<\/li>\n<li>Menstrual cycle disorders\n<ul>\n<li>metabolic (hereditary disorders)<\/li>\n<li>endocrinological (diabetes, thyroid diseases)<\/li>\n<li>gastroenterological (intestinal inflammations)<\/li>\n<li>psychiatric (eating disorders)<\/li>\n<li>rheumatological and others<\/li>\n<\/ul>\n<\/li>\n<li>Painful menstruation<\/li>\n<li>Diagnosis of congenital developmental anomalies of the reproductive organs<\/li>\n<li>Inflammation of internal genital organs<\/li>\n<li>Preventive gynecological check-ups for adolescent girls, including sexual education<\/li>\n<li>HPV vaccination against cervical cancer<\/li>\n<li>Providing individual consultations and application of the most suitable contraceptive methods, including intrauterine devices for adolescents<\/li>\n<\/ul>\n                                    <\/div>\r\n            <\/div>\r\n        <\/section>\r\n    \n\n    <!-- BLOK I - Neonatologie -->\r\n    <section\r\n            class=\"pdt-40 pdb-40 bg3\"\r\n        >\r\n        <div class=\"wrapper2\">\r\n            <div class=\"grid small-space\">\r\n                <!-- LEFT SIDE -->\r\n                <div class=\"text_block col_equal col1_lgm pdr-20 pd-0lg observe anim_drop1 anim_delay\">\r\n                    <h2 class=\"title_h3 \">When and where do we hold consultations?<\/h2>                    <div class=\"tags responsive text_w500\">\r\n                        <div class=\"inner\">\r\n                                                                                                                                                <a href=\"tel:224967024\">224 967 024<\/a>\r\n                                                                                                                    <span>Ke Karlovu 2, Prague 2, Building E2, 1st Floor<\/span>\r\n                                                    <\/div>\r\n                    <\/div>\r\n                    <div class=\"page_content reset_margins\">\r\n                        You can find our clinic in the Children&#8217;s Clinic complex at Ke Karlovu 2, Prague 2, Building E2, 1st Floor (no elevator available).  \r\n<b>Appointments must be made by phone.<\/b>\r\n                    <\/div>\r\n                                                        <\/div>\r\n                <!-- RIGHT SIDE -->\r\n                <div class=\"col_default w370_lg col1_lgm list_items mgt-40lg observe anim_drop1 anim_delay\">\r\n                    <div class=\"bg3 radius10 pd-30 pd-25md\">\r\n                        <h3 class=\"title_h5 color2 text_uc text_w500\">\r\n                            Office hours                        <\/h3>\r\n                                                                            <table class=\"table_hours text_s16 mgt-10\">\r\n                                                                    <tr>\r\n                                        <th scope=\"row\">Monday<\/th>\r\n                                                                                    <td>9:15 \u2013 12:30<\/td>\r\n                                                                            <\/tr>\r\n                                                                    <tr>\r\n                                        <th scope=\"row\">Tuesday<\/th>\r\n                                                                                    <td>9:15 \u2013 12:30<\/td>\r\n                                                                            <\/tr>\r\n                                                                    <tr>\r\n                                        <th scope=\"row\">Thursday<\/th>\r\n                                                                                    <td>9:15 \u2013 12:30<\/td>\r\n                                                                            <\/tr>\r\n                                                                    <tr>\r\n                                        <th scope=\"row\">Friday<\/th>\r\n                                                                                    <td>9:15 \u2013 12:30<\/td>\r\n                                                                            <\/tr>\r\n                                                            <\/table>\r\n                                            <\/div>\r\n                <\/div>\r\n            <\/div>\r\n        <\/div>\r\n    <\/section>\r\n\n\n                <!-- TEXT BLOCK -->\r\n        <section\r\n                class=\"pdt-40 pdb-40 \"\r\n            >\r\n            <div class=\"wrapper2 text_block\">\r\n                                                                                                    <h3 class=\"title_h3 text_center_mdm\">How is the examination conducted?<\/h3>\r\n                                                <div class=\"page_content reset_margins\">\r\n                                                                                        <ul>\n<li>Taking medical history.<\/li>\n<li>Comprehensive examination of the whole body to assess development.<\/li>\n<li>Examination of the vagina and cervix using a vaginoscope with possible sample collection (the vaginoscope is a thin metal tube that allows a painless examination of the vagina without damaging the hymen).<\/li>\n<li>Palpation examination through the rectum.<\/li>\n<li>Ultrasound examination with a full bladder.<\/li>\n<\/ul>\n                                    <\/div>\r\n            <\/div>\r\n        <\/section>\r\n    \n\n                <!-- TEXT BLOCK -->\r\n        <section\r\n                class=\"pdt-40 pdb-40 bg3\"\r\n            >\r\n            <div class=\"wrapper2 text_block\">\r\n                                                                                                    <h3 class=\"title_h3 text_center_mdm\">What should you bring with you?<\/h3>\r\n                                                <div class=\"page_content reset_margins\">\r\n                                                                                        <ul>\n<li>Health insurance card<\/li>\n<li>Referral from the attending pediatrician, providing information about the child\u2019s medical history and results of previous examinations<\/li>\n<li>Completed menstrual calendar in written form<\/li>\n<li>If you have a respiratory illness and a gynecological examination is necessary, do not forget to wear a mask or respirator to protect other patients and healthcare staff.<\/li>\n<\/ul>\n                                    <\/div>\r\n            <\/div>\r\n        <\/section>\r\n    \n\n    <!-- BLOK K -->\r\n    <section\r\n            class=\"pdt-20 pdb-80 \"\r\n        >\r\n        <div class=\"wrapper2\">\r\n                                        <div class=\"text_block\">\r\n                 <h2 class=\"title_h2 \">Downloadable files<\/h2>                    <div class=\"page_content reset_margins\">\r\n                        <p><\/p>\r\n                    <\/div>\r\n                <\/div>\r\n                                                                                <div class=\"grid small-space mgt-5\">\r\n                                                                                <!-- ITEM 1 -->\r\n                            <div class=\"col2 col1_mdm bg3 radius10 pd-35 pd-25md observe anim_drop1 anim_delay dflex flex-dir-column offset_dist\">\r\n                                <div class=\"text_block w100p mgb-auto\">\r\n                                    <h3 class=\"title_h3\">Gynecological examination of a girl<\/h3>\r\n                                                                                                                <div class=\"page_content reset_margins\">\r\n                                            <p>More information\r\n<\/p>\r\n                                        <\/div>\r\n                                                                    <\/div>\r\n                                <div class=\"pdt-20 w100p\">\r\n                                    <div class=\"grid small-space\">\r\n                                        <div class=\"col_default offset_half\">\r\n                                            <a href=\"https:\/\/apolinar.eu\/wp-content\/uploads\/2023\/07\/Gynekologicke-vysetreni-divky-web.pdf\"\r\n                                               title=\"Gynecological examination of a girl\"\r\n                                               target=\"_blank\"\r\n                                               class=\"btn_basic\">\r\n                                                Show                                            <\/a>\r\n                                        <\/div>\r\n                                        <div class=\"col_default offset_half\">\r\n                                            <a href=\"https:\/\/apolinar.eu\/wp-content\/uploads\/2023\/07\/Gynekologicke-vysetreni-divky-web.pdf\"\r\n                                               title=\"Gynecological examination of a girl\"\r\n                                               download\r\n                                               class=\"btn_basic border\">\r\n                                                Download                                            <\/a>\r\n                                        <\/div>\r\n                                    <\/div>\r\n                                <\/div>\r\n                            <\/div>\r\n                                                                                <!-- ITEM 1 -->\r\n                            <div class=\"col2 col1_mdm bg3 radius10 pd-35 pd-25md observe anim_drop1 anim_delay dflex flex-dir-column offset_dist\">\r\n                                <div class=\"text_block w100p mgb-auto\">\r\n                                    <h3 class=\"title_h3\">Vulvovaginitis<\/h3>\r\n                                                                                                                <div class=\"page_content reset_margins\">\r\n                                            <p>More information\r\n<\/p>\r\n                                        <\/div>\r\n                                                                    <\/div>\r\n                                <div class=\"pdt-20 w100p\">\r\n                                    <div class=\"grid small-space\">\r\n                                        <div class=\"col_default offset_half\">\r\n                                            <a href=\"https:\/\/apolinar.eu\/wp-content\/uploads\/2023\/07\/vulvovaginitidy-web.pdf\"\r\n                                               title=\"Vulvovaginitis\"\r\n                                               target=\"_blank\"\r\n                                               class=\"btn_basic\">\r\n                                                Show                                            <\/a>\r\n                                        <\/div>\r\n                                        <div class=\"col_default offset_half\">\r\n                                            <a href=\"https:\/\/apolinar.eu\/wp-content\/uploads\/2023\/07\/vulvovaginitidy-web.pdf\"\r\n                                               title=\"Vulvovaginitis\"\r\n                                               download\r\n                                               class=\"btn_basic border\">\r\n                                                Download                                            <\/a>\r\n                                        <\/div>\r\n                                    <\/div>\r\n                                <\/div>\r\n                            <\/div>\r\n                                                                                <!-- ITEM 1 -->\r\n                            <div class=\"col2 col1_mdm bg3 radius10 pd-35 pd-25md observe anim_drop1 anim_delay dflex flex-dir-column offset_dist\">\r\n                                <div class=\"text_block w100p mgb-auto\">\r\n                                    <h3 class=\"title_h3\">Vulvar synechiae<\/h3>\r\n                                                                                                                <div class=\"page_content reset_margins\">\r\n                                            <p>More information\r\n<\/p>\r\n                                        <\/div>\r\n                                                                    <\/div>\r\n                                <div class=\"pdt-20 w100p\">\r\n                                    <div class=\"grid small-space\">\r\n                                        <div class=\"col_default offset_half\">\r\n                                            <a href=\"https:\/\/apolinar.eu\/wp-content\/uploads\/2023\/07\/Synechie-vulvy-pro-webove-stranky-GPK-2023.pdf\"\r\n                                               title=\"Vulvar synechiae\"\r\n                                               target=\"_blank\"\r\n                                               class=\"btn_basic\">\r\n                                                Show                                            <\/a>\r\n                                        <\/div>\r\n                                        <div class=\"col_default offset_half\">\r\n                                            <a href=\"https:\/\/apolinar.eu\/wp-content\/uploads\/2023\/07\/Synechie-vulvy-pro-webove-stranky-GPK-2023.pdf\"\r\n                                               title=\"Vulvar synechiae\"\r\n                                               download\r\n                                               class=\"btn_basic border\">\r\n                                                Download                                            <\/a>\r\n                                        <\/div>\r\n                                    <\/div>\r\n                                <\/div>\r\n                            <\/div>\r\n                                            <\/div>\r\n                                    <\/div>\r\n    <\/section>\r\n","protected":false},"excerpt":{"rendered":"","protected":false},"author":3,"featured_media":0,"parent":0,"menu_order":0,"comment_status":"closed","ping_status":"closed","template":"","meta":{"_acf_changed":false,"footnotes":""},"class_list":["post-14497","page","type-page","status-publish","hentry"],"acf":[],"yoast_head":"<!-- This site is optimized with the Yoast SEO plugin v26.2 - https:\/\/yoast.com\/wordpress\/plugins\/seo\/ -->\n<title>Care for a girl or adolescent (up to 19 years old) - Porodnice U Apolin\u00e1\u0159e<\/title>\n<meta name=\"robots\" content=\"index, follow, max-snippet:-1, max-image-preview:large, max-video-preview:-1\" \/>\n<link rel=\"canonical\" href=\"https:\/\/apolinar.eu\/en\/pece-o-devce-ci-dospivajici-divku-do-19-let\/\" \/>\n<meta property=\"og:locale\" content=\"en_US\" \/>\n<meta property=\"og:type\" content=\"article\" \/>\n<meta property=\"og:title\" content=\"Care for a girl or adolescent (up to 19 years old) - Porodnice U Apolin\u00e1\u0159e\" \/>\n<meta property=\"og:url\" content=\"https:\/\/apolinar.eu\/en\/pece-o-devce-ci-dospivajici-divku-do-19-let\/\" \/>\n<meta property=\"og:site_name\" content=\"Porodnice U Apolin\u00e1\u0159e\" \/>\n<meta property=\"article:modified_time\" content=\"2025-09-03T20:37:44+00:00\" \/>\n<meta name=\"twitter:card\" content=\"summary_large_image\" \/>\n<script type=\"application\/ld+json\" class=\"yoast-schema-graph\">{\"@context\":\"https:\/\/schema.org\",\"@graph\":[{\"@type\":\"WebPage\",\"@id\":\"https:\/\/apolinar.eu\/en\/pece-o-devce-ci-dospivajici-divku-do-19-let\/\",\"url\":\"https:\/\/apolinar.eu\/en\/pece-o-devce-ci-dospivajici-divku-do-19-let\/\",\"name\":\"Care for a girl or adolescent (up to 19 years old) - Porodnice U Apolin\u00e1\u0159e\",\"isPartOf\":{\"@id\":\"https:\/\/apolinar.eu\/en\/#website\"},\"datePublished\":\"2023-06-30T12:12:37+00:00\",\"dateModified\":\"2025-09-03T20:37:44+00:00\",\"breadcrumb\":{\"@id\":\"https:\/\/apolinar.eu\/en\/pece-o-devce-ci-dospivajici-divku-do-19-let\/#breadcrumb\"},\"inLanguage\":\"en-US\",\"potentialAction\":[{\"@type\":\"ReadAction\",\"target\":[\"https:\/\/apolinar.eu\/en\/pece-o-devce-ci-dospivajici-divku-do-19-let\/\"]}]},{\"@type\":\"BreadcrumbList\",\"@id\":\"https:\/\/apolinar.eu\/en\/pece-o-devce-ci-dospivajici-divku-do-19-let\/#breadcrumb\",\"itemListElement\":[{\"@type\":\"ListItem\",\"position\":1,\"name\":\"Dom\u016f\",\"item\":\"https:\/\/apolinar.eu\/en\/\"},{\"@type\":\"ListItem\",\"position\":2,\"name\":\"Care for a girl or adolescent (up to 19 years old)\"}]},{\"@type\":\"WebSite\",\"@id\":\"https:\/\/apolinar.eu\/en\/#website\",\"url\":\"https:\/\/apolinar.eu\/en\/\",\"name\":\"Porodnice U Apolin\u00e1\u0159e\",\"description\":\"Klinika gynekologie, porodnictv\u00ed a neonatologie 1. LF UK a VFN v Praze\",\"potentialAction\":[{\"@type\":\"SearchAction\",\"target\":{\"@type\":\"EntryPoint\",\"urlTemplate\":\"https:\/\/apolinar.eu\/en\/?s={search_term_string}\"},\"query-input\":{\"@type\":\"PropertyValueSpecification\",\"valueRequired\":true,\"valueName\":\"search_term_string\"}}],\"inLanguage\":\"en-US\"}]}<\/script>\n<!-- \/ Yoast SEO plugin. -->","yoast_head_json":{"title":"Care for a girl or adolescent (up to 19 years old) - Porodnice U Apolin\u00e1\u0159e","robots":{"index":"index","follow":"follow","max-snippet":"max-snippet:-1","max-image-preview":"max-image-preview:large","max-video-preview":"max-video-preview:-1"},"canonical":"https:\/\/apolinar.eu\/en\/pece-o-devce-ci-dospivajici-divku-do-19-let\/","og_locale":"en_US","og_type":"article","og_title":"Care for a girl or adolescent (up to 19 years old) - Porodnice U Apolin\u00e1\u0159e","og_url":"https:\/\/apolinar.eu\/en\/pece-o-devce-ci-dospivajici-divku-do-19-let\/","og_site_name":"Porodnice U Apolin\u00e1\u0159e","article_modified_time":"2025-09-03T20:37:44+00:00","twitter_card":"summary_large_image","schema":{"@context":"https:\/\/schema.org","@graph":[{"@type":"WebPage","@id":"https:\/\/apolinar.eu\/en\/pece-o-devce-ci-dospivajici-divku-do-19-let\/","url":"https:\/\/apolinar.eu\/en\/pece-o-devce-ci-dospivajici-divku-do-19-let\/","name":"Care for a girl or adolescent (up to 19 years old) - Porodnice U Apolin\u00e1\u0159e","isPartOf":{"@id":"https:\/\/apolinar.eu\/en\/#website"},"datePublished":"2023-06-30T12:12:37+00:00","dateModified":"2025-09-03T20:37:44+00:00","breadcrumb":{"@id":"https:\/\/apolinar.eu\/en\/pece-o-devce-ci-dospivajici-divku-do-19-let\/#breadcrumb"},"inLanguage":"en-US","potentialAction":[{"@type":"ReadAction","target":["https:\/\/apolinar.eu\/en\/pece-o-devce-ci-dospivajici-divku-do-19-let\/"]}]},{"@type":"BreadcrumbList","@id":"https:\/\/apolinar.eu\/en\/pece-o-devce-ci-dospivajici-divku-do-19-let\/#breadcrumb","itemListElement":[{"@type":"ListItem","position":1,"name":"Dom\u016f","item":"https:\/\/apolinar.eu\/en\/"},{"@type":"ListItem","position":2,"name":"Care for a girl or adolescent (up to 19 years old)"}]},{"@type":"WebSite","@id":"https:\/\/apolinar.eu\/en\/#website","url":"https:\/\/apolinar.eu\/en\/","name":"Porodnice U Apolin\u00e1\u0159e","description":"Klinika gynekologie, porodnictv\u00ed a neonatologie 1. LF UK a VFN v Praze","potentialAction":[{"@type":"SearchAction","target":{"@type":"EntryPoint","urlTemplate":"https:\/\/apolinar.eu\/en\/?s={search_term_string}"},"query-input":{"@type":"PropertyValueSpecification","valueRequired":true,"valueName":"search_term_string"}}],"inLanguage":"en-US"}]}},"_links":{"self":[{"href":"https:\/\/apolinar.eu\/en\/wp-json\/wp\/v2\/pages\/14497","targetHints":{"allow":["GET"]}}],"collection":[{"href":"https:\/\/apolinar.eu\/en\/wp-json\/wp\/v2\/pages"}],"about":[{"href":"https:\/\/apolinar.eu\/en\/wp-json\/wp\/v2\/types\/page"}],"author":[{"embeddable":true,"href":"https:\/\/apolinar.eu\/en\/wp-json\/wp\/v2\/users\/3"}],"replies":[{"embeddable":true,"href":"https:\/\/apolinar.eu\/en\/wp-json\/wp\/v2\/comments?post=14497"}],"version-history":[{"count":2,"href":"https:\/\/apolinar.eu\/en\/wp-json\/wp\/v2\/pages\/14497\/revisions"}],"predecessor-version":[{"id":14500,"href":"https:\/\/apolinar.eu\/en\/wp-json\/wp\/v2\/pages\/14497\/revisions\/14500"}],"wp:attachment":[{"href":"https:\/\/apolinar.eu\/en\/wp-json\/wp\/v2\/media?parent=14497"}],"curies":[{"name":"wp","href":"https:\/\/api.w.org\/{rel}","templated":true}]}}