{"id":14492,"date":"2023-12-18T08:11:33","date_gmt":"2023-12-18T07:11:33","guid":{"rendered":"https:\/\/apolinar.eu\/gynekologicke-ambulance-na-fakultni-poliklinice\/"},"modified":"2025-09-03T22:33:09","modified_gmt":"2025-09-03T20:33:09","slug":"gynekologicke-ambulance-na-fakultni-poliklinice","status":"publish","type":"page","link":"https:\/\/apolinar.eu\/en\/gynekologicke-ambulance-na-fakultni-poliklinice\/","title":{"rendered":"Gynecology Clinics at the Faculty Polyclinic"},"content":{"rendered":"                <!-- TEXT BLOCK -->\r\n        <section\r\n                class=\"pdt-80 pdb-40 \"\r\n            >\r\n            <div class=\"wrapper2 text_block\">\r\n                <h1 class=\"title_h2 text_center_mdm\">Gynecology Clinics at the Faculty Polyclinic<\/h1>                                                                                                <div class=\"page_content reset_margins\">\r\n                                                        <\/div>\r\n            <\/div>\r\n        <\/section>\r\n    \n\n                <!-- TEXT BLOCK -->\r\n        <section\r\n                class=\"pdt-20 pdb-20 bg3\"\r\n            >\r\n            <div class=\"wrapper2 text_block\">\r\n                                                                                                                <div class=\"page_content reset_margins\">\r\n                                                                                        <h3><b>MUDr. Natalia Jan\u010d\u00e1rkov\u00e1, Ph.D.<\/b><\/h3>\n<p><strong>You can find the gynecology clinic<\/strong> within the Faculty Polyclinic VFN complex in <strong>BUILDING C1 (A) CENTER, 2nd FLOOR<\/strong>.<\/p>\n<p><strong>Make an appointment by phone:<\/strong> +420 224 966 624, +420 224 966 643<\/p>\n                                    <\/div>\r\n            <\/div>\r\n        <\/section>\r\n    \n\n                <!-- TEXT BLOCK -->\r\n        <section\r\n                class=\"pdt-40 pdb-40 \"\r\n            >\r\n            <div class=\"wrapper2 text_block\">\r\n                                                                                                                <div class=\"page_content reset_margins\">\r\n                                                                                        <p>The Faculty Polyclinic department provides primary gynecological care, offers consultation examinations for VFN patients, and also provides services of the Cancer Prevention Center (colposcopic expertise). At the same time, it provides gynecological and obstetric care for employees of VFN and the 1st Faculty of Medicine, Charles University.<br \/>\n<strong>It is possible to register with the clinic for a general gynecologist.<\/strong><\/p>\n<p>On weekdays from Monday to Friday, the clinic primarily serves scheduled patients. Examinations can also be performed for patients without an appointment, but only with a referral from their registered gynecologist and without a guaranteed waiting time. The referral should not be older than one month.<br \/>\n<strong>Additionally, you must present:<\/strong><\/p>\n<ul>\n<li>a valid health insurance card<\/li>\n<li>an identity card<\/li>\n<\/ul>\n<p><strong>Appointments:<\/strong><\/p>\n<ul>\n<li>by phone<\/li>\n<li>via <a href=\"https:\/\/webdiar.vfn.cz\/webdiar\/Tree.aspx?pracoviste=531\" target=\"_blank\" rel=\"noopener\">web diary<\/a> (currently only Clinic No. 2, only on Wednesdays)<\/li>\n<\/ul>\n<p>Without a referral, only patients with acute problems (urgent, life-threatening conditions where delay poses a danger) can be treated at the clinic.<\/p>\n<p>After working hours, at night, on weekends, and holidays, gynecological care is available at <strong>Clinic of Gynecology, Obstetrics and Neonatology \u2013 Apolin\u00e1\u0159sk\u00e1 18, Prague 2.<\/strong><\/p>\n                                    <\/div>\r\n            <\/div>\r\n        <\/section>\r\n    \n\n    <!-- BLOK I - Neonatologie -->\r\n    <section\r\n            class=\"pdt-40 pdb-80 \"\r\n        >\r\n        <div class=\"wrapper2\">\r\n            <div class=\"grid small-space\">\r\n                <!-- LEFT SIDE -->\r\n                <div class=\"text_block col_equal col1_lgm pdr-20 pd-0lg observe anim_drop1 anim_delay\">\r\n                    <h2 class=\"title_h3 \">APPOINTMENTS for the gynecology clinic at the Faculty Polyclinic<\/h2>                    <div class=\"tags responsive text_w500\">\r\n                        <div class=\"inner\">\r\n                                                                                                                                                <a href=\"tel:+420224966643\">+420 224 966 643<\/a>\r\n                                                                                                                    <span>Karlovo n\u00e1m. 32, 128 08 Prague 2, (Faculty Polyclinic)<\/span>\r\n                                                    <\/div>\r\n                    <\/div>\r\n                    <div class=\"page_content reset_margins\">\r\n                                            <\/div>\r\n                                                        <\/div>\r\n                <!-- RIGHT SIDE -->\r\n                <div class=\"col_default w370_lg col1_lgm list_items mgt-40lg observe anim_drop1 anim_delay\">\r\n                    <div class=\"bg3 radius10 pd-30 pd-25md\">\r\n                        <h3 class=\"title_h5 color2 text_uc text_w500\">\r\n                            Office hours                        <\/h3>\r\n                                                                            <table class=\"table_hours text_s16 mgt-10\">\r\n                                                                    <tr>\r\n                                        <th scope=\"row\">Monday<\/th>\r\n                                                                                    <td>7:30 -15:30<\/td>\r\n                                                                            <\/tr>\r\n                                                                    <tr>\r\n                                        <th scope=\"row\">Tuesday<\/th>\r\n                                                                                    <td>7:30 -15:30<\/td>\r\n                                                                            <\/tr>\r\n                                                                    <tr>\r\n                                        <th scope=\"row\">Wednesday<\/th>\r\n                                                                                    <td>7:30 &#8211; 17:00<\/td>\r\n                                                                            <\/tr>\r\n                                                                    <tr>\r\n                                        <th scope=\"row\">Thursday<\/th>\r\n                                                                                    <td>7:30 &#8211; 17:00<\/td>\r\n                                                                            <\/tr>\r\n                                                                    <tr>\r\n                                        <th scope=\"row\">Friday<\/th>\r\n                                                                                    <td>7:30 &#8211; 13:30<\/td>\r\n                                                                            <\/tr>\r\n                                                            <\/table>\r\n                                            <\/div>\r\n                <\/div>\r\n            <\/div>\r\n        <\/div>\r\n    <\/section>\r\n\n\n                <!-- TEXT BLOCK -->\r\n        <section\r\n                class=\"pdt-40 pdb-40 bg3\"\r\n            >\r\n            <div class=\"wrapper2 text_block\">\r\n                                                                                                    <h3 class=\"title_h3 text_center_mdm\">Choose premium physiotherapy at affordable prices \u2013 Fyzio Medico Clinic<\/h3>\r\n                                                <div class=\"page_content reset_margins\">\r\n                                                                                        <p>At Fyzio Medico Clinic, you will find a team of smiling physiotherapists who offer friendly and affordable care. Come visit us and experience fast, empathetic service where your well-being is our priority. Whatever challenge you face, we provide effective therapy within 48 hours. Become part of our community, where you will receive not only professional help but also a smile and understanding.<\/p>\n<p><a href=\"https:\/\/www.fyziomedico.cz\/\" target=\"_blank\" rel=\"noopener\">FYZIOMEDICO<\/a><\/p>\n<p>&nbsp;<\/p>\n<p><img decoding=\"async\" class=\"wp-image-10116 aligncenter\" src=\"https:\/\/apolinar.eu\/wp-content\/uploads\/2024\/09\/FMC_apolinar_2-300x150.jpg\" alt=\"\" width=\"742\" height=\"371\" srcset=\"https:\/\/apolinar.eu\/wp-content\/uploads\/2024\/09\/FMC_apolinar_2-300x150.jpg 300w, https:\/\/apolinar.eu\/wp-content\/uploads\/2024\/09\/FMC_apolinar_2-1024x512.jpg 1024w, https:\/\/apolinar.eu\/wp-content\/uploads\/2024\/09\/FMC_apolinar_2-768x384.jpg 768w, https:\/\/apolinar.eu\/wp-content\/uploads\/2024\/09\/FMC_apolinar_2-1536x768.jpg 1536w, https:\/\/apolinar.eu\/wp-content\/uploads\/2024\/09\/FMC_apolinar_2-60x30.jpg 60w, https:\/\/apolinar.eu\/wp-content\/uploads\/2024\/09\/FMC_apolinar_2-468x234.jpg 468w, https:\/\/apolinar.eu\/wp-content\/uploads\/2024\/09\/FMC_apolinar_2-104x52.jpg 104w, https:\/\/apolinar.eu\/wp-content\/uploads\/2024\/09\/FMC_apolinar_2-396x198.jpg 396w, https:\/\/apolinar.eu\/wp-content\/uploads\/2024\/09\/FMC_apolinar_2-286x143.jpg 286w, https:\/\/apolinar.eu\/wp-content\/uploads\/2024\/09\/FMC_apolinar_2-440x220.jpg 440w, https:\/\/apolinar.eu\/wp-content\/uploads\/2024\/09\/FMC_apolinar_2-533x267.jpg 533w, https:\/\/apolinar.eu\/wp-content\/uploads\/2024\/09\/FMC_apolinar_2-240x120.jpg 240w, https:\/\/apolinar.eu\/wp-content\/uploads\/2024\/09\/FMC_apolinar_2-600x300.jpg 600w, https:\/\/apolinar.eu\/wp-content\/uploads\/2024\/09\/FMC_apolinar_2.jpg 1920w\" sizes=\"(max-width: 742px) 100vw, 742px\" \/><\/p>\n                                    <\/div>\r\n            <\/div>\r\n        <\/section>\r\n    ","protected":false},"excerpt":{"rendered":"","protected":false},"author":6,"featured_media":0,"parent":0,"menu_order":0,"comment_status":"closed","ping_status":"closed","template":"","meta":{"_acf_changed":false,"footnotes":""},"class_list":["post-14492","page","type-page","status-publish","hentry"],"acf":[],"yoast_head":"<!-- This site is optimized with the Yoast SEO plugin v26.2 - https:\/\/yoast.com\/wordpress\/plugins\/seo\/ -->\n<title>Gynecology Clinics at the Faculty Polyclinic - Porodnice U Apolin\u00e1\u0159e<\/title>\n<meta name=\"robots\" content=\"index, follow, max-snippet:-1, max-image-preview:large, max-video-preview:-1\" \/>\n<link rel=\"canonical\" href=\"https:\/\/apolinar.eu\/en\/gynekologicke-ambulance-na-fakultni-poliklinice\/\" \/>\n<meta property=\"og:locale\" content=\"en_US\" \/>\n<meta property=\"og:type\" content=\"article\" \/>\n<meta property=\"og:title\" content=\"Gynecology Clinics at the Faculty Polyclinic - Porodnice U Apolin\u00e1\u0159e\" \/>\n<meta property=\"og:url\" content=\"https:\/\/apolinar.eu\/en\/gynekologicke-ambulance-na-fakultni-poliklinice\/\" \/>\n<meta property=\"og:site_name\" content=\"Porodnice U Apolin\u00e1\u0159e\" \/>\n<meta property=\"article:modified_time\" content=\"2025-09-03T20:33:09+00:00\" \/>\n<meta name=\"twitter:card\" content=\"summary_large_image\" \/>\n<script type=\"application\/ld+json\" class=\"yoast-schema-graph\">{\"@context\":\"https:\/\/schema.org\",\"@graph\":[{\"@type\":\"WebPage\",\"@id\":\"https:\/\/apolinar.eu\/en\/gynekologicke-ambulance-na-fakultni-poliklinice\/\",\"url\":\"https:\/\/apolinar.eu\/en\/gynekologicke-ambulance-na-fakultni-poliklinice\/\",\"name\":\"Gynecology Clinics at the Faculty Polyclinic - Porodnice U Apolin\u00e1\u0159e\",\"isPartOf\":{\"@id\":\"https:\/\/apolinar.eu\/en\/#website\"},\"datePublished\":\"2023-12-18T07:11:33+00:00\",\"dateModified\":\"2025-09-03T20:33:09+00:00\",\"breadcrumb\":{\"@id\":\"https:\/\/apolinar.eu\/en\/gynekologicke-ambulance-na-fakultni-poliklinice\/#breadcrumb\"},\"inLanguage\":\"en-US\",\"potentialAction\":[{\"@type\":\"ReadAction\",\"target\":[\"https:\/\/apolinar.eu\/en\/gynekologicke-ambulance-na-fakultni-poliklinice\/\"]}]},{\"@type\":\"BreadcrumbList\",\"@id\":\"https:\/\/apolinar.eu\/en\/gynekologicke-ambulance-na-fakultni-poliklinice\/#breadcrumb\",\"itemListElement\":[{\"@type\":\"ListItem\",\"position\":1,\"name\":\"Dom\u016f\",\"item\":\"https:\/\/apolinar.eu\/en\/\"},{\"@type\":\"ListItem\",\"position\":2,\"name\":\"Gynecology Clinics at the Faculty Polyclinic\"}]},{\"@type\":\"WebSite\",\"@id\":\"https:\/\/apolinar.eu\/en\/#website\",\"url\":\"https:\/\/apolinar.eu\/en\/\",\"name\":\"Porodnice U Apolin\u00e1\u0159e\",\"description\":\"Klinika gynekologie, porodnictv\u00ed a neonatologie 1. LF UK a VFN v Praze\",\"potentialAction\":[{\"@type\":\"SearchAction\",\"target\":{\"@type\":\"EntryPoint\",\"urlTemplate\":\"https:\/\/apolinar.eu\/en\/?s={search_term_string}\"},\"query-input\":{\"@type\":\"PropertyValueSpecification\",\"valueRequired\":true,\"valueName\":\"search_term_string\"}}],\"inLanguage\":\"en-US\"}]}<\/script>\n<!-- \/ Yoast SEO plugin. -->","yoast_head_json":{"title":"Gynecology Clinics at the Faculty Polyclinic - Porodnice U Apolin\u00e1\u0159e","robots":{"index":"index","follow":"follow","max-snippet":"max-snippet:-1","max-image-preview":"max-image-preview:large","max-video-preview":"max-video-preview:-1"},"canonical":"https:\/\/apolinar.eu\/en\/gynekologicke-ambulance-na-fakultni-poliklinice\/","og_locale":"en_US","og_type":"article","og_title":"Gynecology Clinics at the Faculty Polyclinic - Porodnice U Apolin\u00e1\u0159e","og_url":"https:\/\/apolinar.eu\/en\/gynekologicke-ambulance-na-fakultni-poliklinice\/","og_site_name":"Porodnice U Apolin\u00e1\u0159e","article_modified_time":"2025-09-03T20:33:09+00:00","twitter_card":"summary_large_image","schema":{"@context":"https:\/\/schema.org","@graph":[{"@type":"WebPage","@id":"https:\/\/apolinar.eu\/en\/gynekologicke-ambulance-na-fakultni-poliklinice\/","url":"https:\/\/apolinar.eu\/en\/gynekologicke-ambulance-na-fakultni-poliklinice\/","name":"Gynecology Clinics at the Faculty Polyclinic - Porodnice U Apolin\u00e1\u0159e","isPartOf":{"@id":"https:\/\/apolinar.eu\/en\/#website"},"datePublished":"2023-12-18T07:11:33+00:00","dateModified":"2025-09-03T20:33:09+00:00","breadcrumb":{"@id":"https:\/\/apolinar.eu\/en\/gynekologicke-ambulance-na-fakultni-poliklinice\/#breadcrumb"},"inLanguage":"en-US","potentialAction":[{"@type":"ReadAction","target":["https:\/\/apolinar.eu\/en\/gynekologicke-ambulance-na-fakultni-poliklinice\/"]}]},{"@type":"BreadcrumbList","@id":"https:\/\/apolinar.eu\/en\/gynekologicke-ambulance-na-fakultni-poliklinice\/#breadcrumb","itemListElement":[{"@type":"ListItem","position":1,"name":"Dom\u016f","item":"https:\/\/apolinar.eu\/en\/"},{"@type":"ListItem","position":2,"name":"Gynecology Clinics at the Faculty Polyclinic"}]},{"@type":"WebSite","@id":"https:\/\/apolinar.eu\/en\/#website","url":"https:\/\/apolinar.eu\/en\/","name":"Porodnice U Apolin\u00e1\u0159e","description":"Klinika gynekologie, porodnictv\u00ed a neonatologie 1. LF UK a VFN v Praze","potentialAction":[{"@type":"SearchAction","target":{"@type":"EntryPoint","urlTemplate":"https:\/\/apolinar.eu\/en\/?s={search_term_string}"},"query-input":{"@type":"PropertyValueSpecification","valueRequired":true,"valueName":"search_term_string"}}],"inLanguage":"en-US"}]}},"_links":{"self":[{"href":"https:\/\/apolinar.eu\/en\/wp-json\/wp\/v2\/pages\/14492","targetHints":{"allow":["GET"]}}],"collection":[{"href":"https:\/\/apolinar.eu\/en\/wp-json\/wp\/v2\/pages"}],"about":[{"href":"https:\/\/apolinar.eu\/en\/wp-json\/wp\/v2\/types\/page"}],"author":[{"embeddable":true,"href":"https:\/\/apolinar.eu\/en\/wp-json\/wp\/v2\/users\/6"}],"replies":[{"embeddable":true,"href":"https:\/\/apolinar.eu\/en\/wp-json\/wp\/v2\/comments?post=14492"}],"version-history":[{"count":2,"href":"https:\/\/apolinar.eu\/en\/wp-json\/wp\/v2\/pages\/14492\/revisions"}],"predecessor-version":[{"id":14496,"href":"https:\/\/apolinar.eu\/en\/wp-json\/wp\/v2\/pages\/14492\/revisions\/14496"}],"wp:attachment":[{"href":"https:\/\/apolinar.eu\/en\/wp-json\/wp\/v2\/media?parent=14492"}],"curies":[{"name":"wp","href":"https:\/\/api.w.org\/{rel}","templated":true}]}}