{"id":14455,"date":"2024-10-17T17:27:35","date_gmt":"2024-10-17T15:27:35","guid":{"rendered":"https:\/\/apolinar.eu\/chci-se-objednat-do-urogynekologickeho-centra\/specializovana-fyzioterapie\/"},"modified":"2025-09-02T00:03:45","modified_gmt":"2025-09-01T22:03:45","slug":"specializovana-fyzioterapie","status":"publish","type":"page","link":"https:\/\/apolinar.eu\/en\/chci-se-objednat-do-urogynekologickeho-centra\/specializovana-fyzioterapie\/","title":{"rendered":"Specialized Physiotherapy"},"content":{"rendered":"                <!-- TEXT BLOCK -->\r\n        <section\r\n                class=\"pdt-80 pdb-40 \"\r\n            >\r\n            <div class=\"wrapper2 text_block\">\r\n                <h2 class=\"title_h2 text_center_mdm\">Specialized Physiotherapy<\/h2>                                                                                    <h3 class=\"title_h3 text_center_mdm\">The clinic provides comprehensive rehabilitation treatment to patients of the Clinic of Gynecology, Obstetrics, and Neonatology, First Faculty of Medicine, Charles University and General University Hospital in Prague.<\/h3>\r\n                                                <div class=\"page_content reset_margins\">\r\n                                                                                        <h3><span data-olk-copy-source=\"MessageBody\">A doctor&#8217;s referral from this clinic is required to schedule therapies.<\/span><\/h3>\n<div>We provide assistance for:<\/div>\n<ul>\n<li>Pain in the pelvis and lower abdomen<\/li>\n<li>Urinary incontinence<\/li>\n<li>After traumatic childbirth<\/li>\n<li>After gynecological surgeries<\/li>\n<li>During pregnancy-related complications<\/li>\n<li>Pelvic organ prolapse<\/li>\n<\/ul>\n                                    <\/div>\r\n            <\/div>\r\n        <\/section>\r\n    \n\n    <!-- BLOK I - Neonatologie -->\r\n    <section\r\n            class=\"pdt-40 pdb-80 \"\r\n        >\r\n        <div class=\"wrapper2\">\r\n            <div class=\"grid small-space\">\r\n                <!-- LEFT SIDE -->\r\n                <div class=\"text_block col_equal col1_lgm pdr-20 pd-0lg observe anim_drop1 anim_delay\">\r\n                    <h2 class=\"title_h3 \">Mgr. Ida Hurt\u00edkov\u00e1<\/h2>                    <div class=\"tags responsive text_w500\">\r\n                        <div class=\"inner\">\r\n                                                                                        <a href=\"mailto:ida.hurtikova@vfn.cz\">ida.hurtikova@vfn.cz<\/a>\r\n                                                                                                                    <a href=\"tel:224966625\">+420\u00a0224 966 625<\/a>\r\n                                                                                                                    <span>Faculty Polyclinic, Prague 2, Karlovo n\u00e1m\u011bst\u00ed 32, Building C2, 4th floor, Clinic No. 8  <\/span>\r\n                                                    <\/div>\r\n                    <\/div>\r\n                    <div class=\"page_content reset_margins\">\r\n                                            <\/div>\r\n                                                        <\/div>\r\n                <!-- RIGHT SIDE -->\r\n                <div class=\"col_default w370_lg col1_lgm list_items mgt-40lg observe anim_drop1 anim_delay\">\r\n                    <div class=\"bg3 radius10 pd-30 pd-25md\">\r\n                        <h3 class=\"title_h5 color2 text_uc text_w500\">\r\n                            Office hours                        <\/h3>\r\n                                                                            <table class=\"table_hours text_s16 mgt-10\">\r\n                                                                    <tr>\r\n                                        <th scope=\"row\">Monday<\/th>\r\n                                                                                    <td>8:00 &#8211; 15:30<\/td>\r\n                                                                            <\/tr>\r\n                                                                    <tr>\r\n                                        <th scope=\"row\">Tuesday<\/th>\r\n                                                                                    <td>8:00 &#8211; 15:30<\/td>\r\n                                                                            <\/tr>\r\n                                                                    <tr>\r\n                                        <th scope=\"row\">Wednesday<\/th>\r\n                                                                                    <td>8:00 &#8211; 15:30<\/td>\r\n                                                                            <\/tr>\r\n                                                                    <tr>\r\n                                        <th scope=\"row\">Thursday<\/th>\r\n                                                                                    <td>8:00 &#8211; 15:30<\/td>\r\n                                                                            <\/tr>\r\n                                                            <\/table>\r\n                                            <\/div>\r\n                <\/div>\r\n            <\/div>\r\n        <\/div>\r\n    <\/section>\r\n","protected":false},"excerpt":{"rendered":"","protected":false},"author":6,"featured_media":0,"parent":14447,"menu_order":0,"comment_status":"closed","ping_status":"closed","template":"","meta":{"_acf_changed":false,"footnotes":""},"class_list":["post-14455","page","type-page","status-publish","hentry"],"acf":[],"yoast_head":"<!-- This site is optimized with the Yoast SEO plugin v26.2 - https:\/\/yoast.com\/wordpress\/plugins\/seo\/ -->\n<title>Specialized Physiotherapy - Porodnice U Apolin\u00e1\u0159e<\/title>\n<meta name=\"robots\" content=\"index, follow, max-snippet:-1, max-image-preview:large, max-video-preview:-1\" \/>\n<link rel=\"canonical\" href=\"https:\/\/apolinar.eu\/en\/chci-se-objednat-do-urogynekologickeho-centra\/specializovana-fyzioterapie\/\" \/>\n<meta property=\"og:locale\" content=\"en_US\" \/>\n<meta property=\"og:type\" content=\"article\" \/>\n<meta property=\"og:title\" content=\"Specialized Physiotherapy - Porodnice U Apolin\u00e1\u0159e\" \/>\n<meta property=\"og:url\" content=\"https:\/\/apolinar.eu\/en\/chci-se-objednat-do-urogynekologickeho-centra\/specializovana-fyzioterapie\/\" \/>\n<meta property=\"og:site_name\" content=\"Porodnice U Apolin\u00e1\u0159e\" \/>\n<meta property=\"article:modified_time\" content=\"2025-09-01T22:03:45+00:00\" \/>\n<meta name=\"twitter:card\" content=\"summary_large_image\" \/>\n<script type=\"application\/ld+json\" class=\"yoast-schema-graph\">{\"@context\":\"https:\/\/schema.org\",\"@graph\":[{\"@type\":\"WebPage\",\"@id\":\"https:\/\/apolinar.eu\/en\/chci-se-objednat-do-urogynekologickeho-centra\/specializovana-fyzioterapie\/\",\"url\":\"https:\/\/apolinar.eu\/en\/chci-se-objednat-do-urogynekologickeho-centra\/specializovana-fyzioterapie\/\",\"name\":\"Specialized Physiotherapy - Porodnice U Apolin\u00e1\u0159e\",\"isPartOf\":{\"@id\":\"https:\/\/apolinar.eu\/en\/#website\"},\"datePublished\":\"2024-10-17T15:27:35+00:00\",\"dateModified\":\"2025-09-01T22:03:45+00:00\",\"breadcrumb\":{\"@id\":\"https:\/\/apolinar.eu\/en\/chci-se-objednat-do-urogynekologickeho-centra\/specializovana-fyzioterapie\/#breadcrumb\"},\"inLanguage\":\"en-US\",\"potentialAction\":[{\"@type\":\"ReadAction\",\"target\":[\"https:\/\/apolinar.eu\/en\/chci-se-objednat-do-urogynekologickeho-centra\/specializovana-fyzioterapie\/\"]}]},{\"@type\":\"BreadcrumbList\",\"@id\":\"https:\/\/apolinar.eu\/en\/chci-se-objednat-do-urogynekologickeho-centra\/specializovana-fyzioterapie\/#breadcrumb\",\"itemListElement\":[{\"@type\":\"ListItem\",\"position\":1,\"name\":\"Dom\u016f\",\"item\":\"https:\/\/apolinar.eu\/en\/\"},{\"@type\":\"ListItem\",\"position\":2,\"name\":\"I want to make an appointment at the urogynecology center\",\"item\":\"https:\/\/apolinar.eu\/en\/chci-se-objednat-do-urogynekologickeho-centra\/\"},{\"@type\":\"ListItem\",\"position\":3,\"name\":\"Specialized Physiotherapy\"}]},{\"@type\":\"WebSite\",\"@id\":\"https:\/\/apolinar.eu\/en\/#website\",\"url\":\"https:\/\/apolinar.eu\/en\/\",\"name\":\"Porodnice U Apolin\u00e1\u0159e\",\"description\":\"Klinika gynekologie, porodnictv\u00ed a neonatologie 1. LF UK a VFN v Praze\",\"potentialAction\":[{\"@type\":\"SearchAction\",\"target\":{\"@type\":\"EntryPoint\",\"urlTemplate\":\"https:\/\/apolinar.eu\/en\/?s={search_term_string}\"},\"query-input\":{\"@type\":\"PropertyValueSpecification\",\"valueRequired\":true,\"valueName\":\"search_term_string\"}}],\"inLanguage\":\"en-US\"}]}<\/script>\n<!-- \/ Yoast SEO plugin. -->","yoast_head_json":{"title":"Specialized Physiotherapy - Porodnice U Apolin\u00e1\u0159e","robots":{"index":"index","follow":"follow","max-snippet":"max-snippet:-1","max-image-preview":"max-image-preview:large","max-video-preview":"max-video-preview:-1"},"canonical":"https:\/\/apolinar.eu\/en\/chci-se-objednat-do-urogynekologickeho-centra\/specializovana-fyzioterapie\/","og_locale":"en_US","og_type":"article","og_title":"Specialized Physiotherapy - Porodnice U Apolin\u00e1\u0159e","og_url":"https:\/\/apolinar.eu\/en\/chci-se-objednat-do-urogynekologickeho-centra\/specializovana-fyzioterapie\/","og_site_name":"Porodnice U Apolin\u00e1\u0159e","article_modified_time":"2025-09-01T22:03:45+00:00","twitter_card":"summary_large_image","schema":{"@context":"https:\/\/schema.org","@graph":[{"@type":"WebPage","@id":"https:\/\/apolinar.eu\/en\/chci-se-objednat-do-urogynekologickeho-centra\/specializovana-fyzioterapie\/","url":"https:\/\/apolinar.eu\/en\/chci-se-objednat-do-urogynekologickeho-centra\/specializovana-fyzioterapie\/","name":"Specialized Physiotherapy - Porodnice U Apolin\u00e1\u0159e","isPartOf":{"@id":"https:\/\/apolinar.eu\/en\/#website"},"datePublished":"2024-10-17T15:27:35+00:00","dateModified":"2025-09-01T22:03:45+00:00","breadcrumb":{"@id":"https:\/\/apolinar.eu\/en\/chci-se-objednat-do-urogynekologickeho-centra\/specializovana-fyzioterapie\/#breadcrumb"},"inLanguage":"en-US","potentialAction":[{"@type":"ReadAction","target":["https:\/\/apolinar.eu\/en\/chci-se-objednat-do-urogynekologickeho-centra\/specializovana-fyzioterapie\/"]}]},{"@type":"BreadcrumbList","@id":"https:\/\/apolinar.eu\/en\/chci-se-objednat-do-urogynekologickeho-centra\/specializovana-fyzioterapie\/#breadcrumb","itemListElement":[{"@type":"ListItem","position":1,"name":"Dom\u016f","item":"https:\/\/apolinar.eu\/en\/"},{"@type":"ListItem","position":2,"name":"I want to make an appointment at the urogynecology center","item":"https:\/\/apolinar.eu\/en\/chci-se-objednat-do-urogynekologickeho-centra\/"},{"@type":"ListItem","position":3,"name":"Specialized Physiotherapy"}]},{"@type":"WebSite","@id":"https:\/\/apolinar.eu\/en\/#website","url":"https:\/\/apolinar.eu\/en\/","name":"Porodnice U Apolin\u00e1\u0159e","description":"Klinika gynekologie, porodnictv\u00ed a neonatologie 1. LF UK a VFN v Praze","potentialAction":[{"@type":"SearchAction","target":{"@type":"EntryPoint","urlTemplate":"https:\/\/apolinar.eu\/en\/?s={search_term_string}"},"query-input":{"@type":"PropertyValueSpecification","valueRequired":true,"valueName":"search_term_string"}}],"inLanguage":"en-US"}]}},"_links":{"self":[{"href":"https:\/\/apolinar.eu\/en\/wp-json\/wp\/v2\/pages\/14455","targetHints":{"allow":["GET"]}}],"collection":[{"href":"https:\/\/apolinar.eu\/en\/wp-json\/wp\/v2\/pages"}],"about":[{"href":"https:\/\/apolinar.eu\/en\/wp-json\/wp\/v2\/types\/page"}],"author":[{"embeddable":true,"href":"https:\/\/apolinar.eu\/en\/wp-json\/wp\/v2\/users\/6"}],"replies":[{"embeddable":true,"href":"https:\/\/apolinar.eu\/en\/wp-json\/wp\/v2\/comments?post=14455"}],"version-history":[{"count":4,"href":"https:\/\/apolinar.eu\/en\/wp-json\/wp\/v2\/pages\/14455\/revisions"}],"predecessor-version":[{"id":14461,"href":"https:\/\/apolinar.eu\/en\/wp-json\/wp\/v2\/pages\/14455\/revisions\/14461"}],"up":[{"embeddable":true,"href":"https:\/\/apolinar.eu\/en\/wp-json\/wp\/v2\/pages\/14447"}],"wp:attachment":[{"href":"https:\/\/apolinar.eu\/en\/wp-json\/wp\/v2\/media?parent=14455"}],"curies":[{"name":"wp","href":"https:\/\/api.w.org\/{rel}","templated":true}]}}