{"id":14444,"date":"2024-05-30T14:44:15","date_gmt":"2024-05-30T12:44:15","guid":{"rendered":"https:\/\/apolinar.eu\/pruvodce-pred-laparoskopii\/"},"modified":"2025-09-01T23:54:07","modified_gmt":"2025-09-01T21:54:07","slug":"pruvodce-pred-laparoskopii","status":"publish","type":"page","link":"https:\/\/apolinar.eu\/en\/pruvodce-pred-laparoskopii\/","title":{"rendered":"Pre-Laparoscopy Guide"},"content":{"rendered":"                <!-- TEXT BLOCK -->\r\n        <section\r\n                class=\"pdt-80 pdb-40 \"\r\n            >\r\n            <div class=\"wrapper2 text_block\">\r\n                <h2 class=\"title_h2 text_center_mdm\">Pre-Laparoscopy Guide<\/h2>                                                                                    <h3 class=\"title_h3 text_center_mdm\">What to Expect and How to Prepare:<\/h3>\r\n                                                <div class=\"page_content reset_margins\">\r\n                                                                                        <p>If you have received a referral from your primary gynecologist for a laparoscopy, the information below will help you better understand the process before, during, and after the procedure.<\/p>\n                                    <\/div>\r\n            <\/div>\r\n        <\/section>\r\n    \n\n                <!-- TEXT BLOCK -->\r\n        <section\r\n                class=\"pdt-40 pdb-40 bg3\"\r\n            >\r\n            <div class=\"wrapper2 text_block\">\r\n                                                                                                                <div class=\"page_content reset_margins\">\r\n                                                                                        <p><strong>1. Scheduling an Appointment:<\/strong><br \/>\nVisit the General Clinic reception (ground floor, right) on weekdays in the morning or call +420 224 967 019 to schedule your appointment.<\/p>\n<p><strong>2. First Visit:<\/strong><br \/>\nArrive for your scheduled examination, during which our doctor will examine you. If a procedure is needed, you can immediately schedule a date.<\/p>\n<p>During the visit, you will receive all necessary information about the procedure, the required documents, and answers to any questions you may have.<\/p>\n<p><strong>3. Preoperative Examination:<\/strong><br \/>\nOnce you know the date of your laparoscopy, schedule a preoperative examination with your general practitioner, which is required before the procedure.<\/p>\n<p><strong>4. Day of the Procedure:<\/strong><br \/>\nArrive on the scheduled date at the General Clinic reception (ground floor, right) for admission. After admission, a nurse will inform you about the procedure and what to expect.<\/p>\n<p><strong>5. Procedure and Discharge:<\/strong><br \/>\nIf everything goes without complications, you may be discharged the day after the procedure, depending on the type of surgery. It is recommended to have someone accompany you to assist with any belongings.<\/p>\n                                    <\/div>\r\n            <\/div>\r\n        <\/section>\r\n    ","protected":false},"excerpt":{"rendered":"","protected":false},"author":6,"featured_media":0,"parent":0,"menu_order":0,"comment_status":"closed","ping_status":"closed","template":"","meta":{"_acf_changed":false,"footnotes":""},"class_list":["post-14444","page","type-page","status-publish","hentry"],"acf":[],"yoast_head":"<!-- This site is optimized with the Yoast SEO plugin v26.2 - https:\/\/yoast.com\/wordpress\/plugins\/seo\/ -->\n<title>Pre-Laparoscopy Guide - Porodnice U Apolin\u00e1\u0159e<\/title>\n<meta name=\"robots\" content=\"index, follow, max-snippet:-1, max-image-preview:large, max-video-preview:-1\" \/>\n<link rel=\"canonical\" href=\"https:\/\/apolinar.eu\/en\/pruvodce-pred-laparoskopii\/\" \/>\n<meta property=\"og:locale\" content=\"en_US\" \/>\n<meta property=\"og:type\" content=\"article\" \/>\n<meta property=\"og:title\" content=\"Pre-Laparoscopy Guide - Porodnice U Apolin\u00e1\u0159e\" \/>\n<meta property=\"og:url\" content=\"https:\/\/apolinar.eu\/en\/pruvodce-pred-laparoskopii\/\" \/>\n<meta property=\"og:site_name\" content=\"Porodnice U Apolin\u00e1\u0159e\" \/>\n<meta property=\"article:modified_time\" content=\"2025-09-01T21:54:07+00:00\" \/>\n<meta name=\"twitter:card\" content=\"summary_large_image\" \/>\n<script type=\"application\/ld+json\" class=\"yoast-schema-graph\">{\"@context\":\"https:\/\/schema.org\",\"@graph\":[{\"@type\":\"WebPage\",\"@id\":\"https:\/\/apolinar.eu\/en\/pruvodce-pred-laparoskopii\/\",\"url\":\"https:\/\/apolinar.eu\/en\/pruvodce-pred-laparoskopii\/\",\"name\":\"Pre-Laparoscopy Guide - Porodnice U Apolin\u00e1\u0159e\",\"isPartOf\":{\"@id\":\"https:\/\/apolinar.eu\/en\/#website\"},\"datePublished\":\"2024-05-30T12:44:15+00:00\",\"dateModified\":\"2025-09-01T21:54:07+00:00\",\"breadcrumb\":{\"@id\":\"https:\/\/apolinar.eu\/en\/pruvodce-pred-laparoskopii\/#breadcrumb\"},\"inLanguage\":\"en-US\",\"potentialAction\":[{\"@type\":\"ReadAction\",\"target\":[\"https:\/\/apolinar.eu\/en\/pruvodce-pred-laparoskopii\/\"]}]},{\"@type\":\"BreadcrumbList\",\"@id\":\"https:\/\/apolinar.eu\/en\/pruvodce-pred-laparoskopii\/#breadcrumb\",\"itemListElement\":[{\"@type\":\"ListItem\",\"position\":1,\"name\":\"Dom\u016f\",\"item\":\"https:\/\/apolinar.eu\/en\/\"},{\"@type\":\"ListItem\",\"position\":2,\"name\":\"Pre-Laparoscopy Guide\"}]},{\"@type\":\"WebSite\",\"@id\":\"https:\/\/apolinar.eu\/en\/#website\",\"url\":\"https:\/\/apolinar.eu\/en\/\",\"name\":\"Porodnice U Apolin\u00e1\u0159e\",\"description\":\"Klinika gynekologie, porodnictv\u00ed a neonatologie 1. LF UK a VFN v Praze\",\"potentialAction\":[{\"@type\":\"SearchAction\",\"target\":{\"@type\":\"EntryPoint\",\"urlTemplate\":\"https:\/\/apolinar.eu\/en\/?s={search_term_string}\"},\"query-input\":{\"@type\":\"PropertyValueSpecification\",\"valueRequired\":true,\"valueName\":\"search_term_string\"}}],\"inLanguage\":\"en-US\"}]}<\/script>\n<!-- \/ Yoast SEO plugin. -->","yoast_head_json":{"title":"Pre-Laparoscopy Guide - Porodnice U Apolin\u00e1\u0159e","robots":{"index":"index","follow":"follow","max-snippet":"max-snippet:-1","max-image-preview":"max-image-preview:large","max-video-preview":"max-video-preview:-1"},"canonical":"https:\/\/apolinar.eu\/en\/pruvodce-pred-laparoskopii\/","og_locale":"en_US","og_type":"article","og_title":"Pre-Laparoscopy Guide - Porodnice U Apolin\u00e1\u0159e","og_url":"https:\/\/apolinar.eu\/en\/pruvodce-pred-laparoskopii\/","og_site_name":"Porodnice U Apolin\u00e1\u0159e","article_modified_time":"2025-09-01T21:54:07+00:00","twitter_card":"summary_large_image","schema":{"@context":"https:\/\/schema.org","@graph":[{"@type":"WebPage","@id":"https:\/\/apolinar.eu\/en\/pruvodce-pred-laparoskopii\/","url":"https:\/\/apolinar.eu\/en\/pruvodce-pred-laparoskopii\/","name":"Pre-Laparoscopy Guide - Porodnice U Apolin\u00e1\u0159e","isPartOf":{"@id":"https:\/\/apolinar.eu\/en\/#website"},"datePublished":"2024-05-30T12:44:15+00:00","dateModified":"2025-09-01T21:54:07+00:00","breadcrumb":{"@id":"https:\/\/apolinar.eu\/en\/pruvodce-pred-laparoskopii\/#breadcrumb"},"inLanguage":"en-US","potentialAction":[{"@type":"ReadAction","target":["https:\/\/apolinar.eu\/en\/pruvodce-pred-laparoskopii\/"]}]},{"@type":"BreadcrumbList","@id":"https:\/\/apolinar.eu\/en\/pruvodce-pred-laparoskopii\/#breadcrumb","itemListElement":[{"@type":"ListItem","position":1,"name":"Dom\u016f","item":"https:\/\/apolinar.eu\/en\/"},{"@type":"ListItem","position":2,"name":"Pre-Laparoscopy Guide"}]},{"@type":"WebSite","@id":"https:\/\/apolinar.eu\/en\/#website","url":"https:\/\/apolinar.eu\/en\/","name":"Porodnice U Apolin\u00e1\u0159e","description":"Klinika gynekologie, porodnictv\u00ed a neonatologie 1. LF UK a VFN v Praze","potentialAction":[{"@type":"SearchAction","target":{"@type":"EntryPoint","urlTemplate":"https:\/\/apolinar.eu\/en\/?s={search_term_string}"},"query-input":{"@type":"PropertyValueSpecification","valueRequired":true,"valueName":"search_term_string"}}],"inLanguage":"en-US"}]}},"_links":{"self":[{"href":"https:\/\/apolinar.eu\/en\/wp-json\/wp\/v2\/pages\/14444","targetHints":{"allow":["GET"]}}],"collection":[{"href":"https:\/\/apolinar.eu\/en\/wp-json\/wp\/v2\/pages"}],"about":[{"href":"https:\/\/apolinar.eu\/en\/wp-json\/wp\/v2\/types\/page"}],"author":[{"embeddable":true,"href":"https:\/\/apolinar.eu\/en\/wp-json\/wp\/v2\/users\/6"}],"replies":[{"embeddable":true,"href":"https:\/\/apolinar.eu\/en\/wp-json\/wp\/v2\/comments?post=14444"}],"version-history":[{"count":2,"href":"https:\/\/apolinar.eu\/en\/wp-json\/wp\/v2\/pages\/14444\/revisions"}],"predecessor-version":[{"id":14446,"href":"https:\/\/apolinar.eu\/en\/wp-json\/wp\/v2\/pages\/14444\/revisions\/14446"}],"wp:attachment":[{"href":"https:\/\/apolinar.eu\/en\/wp-json\/wp\/v2\/media?parent=14444"}],"curies":[{"name":"wp","href":"https:\/\/api.w.org\/{rel}","templated":true}]}}