{"id":14438,"date":"2024-05-30T14:41:14","date_gmt":"2024-05-30T12:41:14","guid":{"rendered":"https:\/\/apolinar.eu\/pruvodce-pred-hysteroskopii\/"},"modified":"2025-09-01T23:52:18","modified_gmt":"2025-09-01T21:52:18","slug":"pruvodce-pred-hysteroskopii","status":"publish","type":"page","link":"https:\/\/apolinar.eu\/en\/pruvodce-pred-hysteroskopii\/","title":{"rendered":"Guide Before Hysteroscopy"},"content":{"rendered":"                <!-- TEXT BLOCK -->\r\n        <section\r\n                class=\"pdt-80 pdb-40 \"\r\n            >\r\n            <div class=\"wrapper2 text_block\">\r\n                <h2 class=\"title_h2 text_center_mdm\">Pre-Hysteroscopy Guide<\/h2>                                                                                    <h3 class=\"title_h3 text_center_mdm\">What to Expect and How to Prepare:<\/h3>\r\n                                                <div class=\"page_content reset_margins\">\r\n                                                                                        <p>If you have received a referral from your primary gynecologist for a hysteroscopy, the information below will help you better understand the process before, during, and after the procedure.<\/p>\n                                    <\/div>\r\n            <\/div>\r\n        <\/section>\r\n    \n\n                <!-- TEXT BLOCK -->\r\n        <section\r\n                class=\"pdt-40 pdb-80 \"\r\n            >\r\n            <div class=\"wrapper2 text_block\">\r\n                                                                                                                <div class=\"page_content reset_margins\">\r\n                                                                                        <p><strong>1. Scheduling an Appointment:<img decoding=\"async\" class=\"size-full wp-image-191 alignright\" src=\"https:\/\/apolinar.eu\/wp-content\/uploads\/2023\/06\/l9.svg\" alt=\"\" \/><\/strong><br \/>\nCall +420 224 967 491 to schedule your visit.<\/p>\n<p><strong>2. First Visit:<\/strong><br \/>\nArrive for your scheduled examination, during which our doctor will examine you. If a procedure is needed, you can immediately schedule a date.<\/p>\n<p>During the visit, you will receive all necessary information about the procedure, the required documents, and answers to any questions you may have.<\/p>\n<p><strong>3. Preoperative Examination:<\/strong><br \/>\nOnce you know the date of your hysteroscopy, schedule a preoperative examination with your general practitioner, which is required before the procedure.<\/p>\n<p><strong>4. Day of the Procedure:<\/strong><br \/>\nArrive at 7:00 AM at the General Clinic reception (ground floor, right), where you will be admitted. After admission, a nurse will inform you about the procedure and what to expect.<\/p>\n<p><strong>5. Procedure and Discharge:<\/strong><br \/>\nProcedures are performed in the morning. If everything goes without complications, you may be discharged after 4 hours. However, you cannot leave the department alone, so please arrange for someone to pick you up from the hospital. You should also not drive any vehicles on the day of the procedure.<\/p>\n                                    <\/div>\r\n            <\/div>\r\n        <\/section>\r\n    ","protected":false},"excerpt":{"rendered":"","protected":false},"author":6,"featured_media":0,"parent":0,"menu_order":0,"comment_status":"closed","ping_status":"closed","template":"","meta":{"_acf_changed":false,"footnotes":""},"class_list":["post-14438","page","type-page","status-publish","hentry"],"acf":[],"yoast_head":"<!-- This site is optimized with the Yoast SEO plugin v26.2 - https:\/\/yoast.com\/wordpress\/plugins\/seo\/ -->\n<title>Guide Before Hysteroscopy - Porodnice U Apolin\u00e1\u0159e<\/title>\n<meta name=\"robots\" content=\"index, follow, max-snippet:-1, max-image-preview:large, max-video-preview:-1\" \/>\n<link rel=\"canonical\" href=\"https:\/\/apolinar.eu\/en\/pruvodce-pred-hysteroskopii\/\" \/>\n<meta property=\"og:locale\" content=\"en_US\" \/>\n<meta property=\"og:type\" content=\"article\" \/>\n<meta property=\"og:title\" content=\"Guide Before Hysteroscopy - Porodnice U Apolin\u00e1\u0159e\" \/>\n<meta property=\"og:url\" content=\"https:\/\/apolinar.eu\/en\/pruvodce-pred-hysteroskopii\/\" \/>\n<meta property=\"og:site_name\" content=\"Porodnice U Apolin\u00e1\u0159e\" \/>\n<meta property=\"article:modified_time\" content=\"2025-09-01T21:52:18+00:00\" \/>\n<meta name=\"twitter:card\" content=\"summary_large_image\" \/>\n<script type=\"application\/ld+json\" class=\"yoast-schema-graph\">{\"@context\":\"https:\/\/schema.org\",\"@graph\":[{\"@type\":\"WebPage\",\"@id\":\"https:\/\/apolinar.eu\/en\/pruvodce-pred-hysteroskopii\/\",\"url\":\"https:\/\/apolinar.eu\/en\/pruvodce-pred-hysteroskopii\/\",\"name\":\"Guide Before Hysteroscopy - Porodnice U Apolin\u00e1\u0159e\",\"isPartOf\":{\"@id\":\"https:\/\/apolinar.eu\/en\/#website\"},\"datePublished\":\"2024-05-30T12:41:14+00:00\",\"dateModified\":\"2025-09-01T21:52:18+00:00\",\"breadcrumb\":{\"@id\":\"https:\/\/apolinar.eu\/en\/pruvodce-pred-hysteroskopii\/#breadcrumb\"},\"inLanguage\":\"en-US\",\"potentialAction\":[{\"@type\":\"ReadAction\",\"target\":[\"https:\/\/apolinar.eu\/en\/pruvodce-pred-hysteroskopii\/\"]}]},{\"@type\":\"BreadcrumbList\",\"@id\":\"https:\/\/apolinar.eu\/en\/pruvodce-pred-hysteroskopii\/#breadcrumb\",\"itemListElement\":[{\"@type\":\"ListItem\",\"position\":1,\"name\":\"Dom\u016f\",\"item\":\"https:\/\/apolinar.eu\/en\/\"},{\"@type\":\"ListItem\",\"position\":2,\"name\":\"Guide Before Hysteroscopy\"}]},{\"@type\":\"WebSite\",\"@id\":\"https:\/\/apolinar.eu\/en\/#website\",\"url\":\"https:\/\/apolinar.eu\/en\/\",\"name\":\"Porodnice U Apolin\u00e1\u0159e\",\"description\":\"Klinika gynekologie, porodnictv\u00ed a neonatologie 1. LF UK a VFN v Praze\",\"potentialAction\":[{\"@type\":\"SearchAction\",\"target\":{\"@type\":\"EntryPoint\",\"urlTemplate\":\"https:\/\/apolinar.eu\/en\/?s={search_term_string}\"},\"query-input\":{\"@type\":\"PropertyValueSpecification\",\"valueRequired\":true,\"valueName\":\"search_term_string\"}}],\"inLanguage\":\"en-US\"}]}<\/script>\n<!-- \/ Yoast SEO plugin. -->","yoast_head_json":{"title":"Guide Before Hysteroscopy - Porodnice U Apolin\u00e1\u0159e","robots":{"index":"index","follow":"follow","max-snippet":"max-snippet:-1","max-image-preview":"max-image-preview:large","max-video-preview":"max-video-preview:-1"},"canonical":"https:\/\/apolinar.eu\/en\/pruvodce-pred-hysteroskopii\/","og_locale":"en_US","og_type":"article","og_title":"Guide Before Hysteroscopy - Porodnice U Apolin\u00e1\u0159e","og_url":"https:\/\/apolinar.eu\/en\/pruvodce-pred-hysteroskopii\/","og_site_name":"Porodnice U Apolin\u00e1\u0159e","article_modified_time":"2025-09-01T21:52:18+00:00","twitter_card":"summary_large_image","schema":{"@context":"https:\/\/schema.org","@graph":[{"@type":"WebPage","@id":"https:\/\/apolinar.eu\/en\/pruvodce-pred-hysteroskopii\/","url":"https:\/\/apolinar.eu\/en\/pruvodce-pred-hysteroskopii\/","name":"Guide Before Hysteroscopy - Porodnice U Apolin\u00e1\u0159e","isPartOf":{"@id":"https:\/\/apolinar.eu\/en\/#website"},"datePublished":"2024-05-30T12:41:14+00:00","dateModified":"2025-09-01T21:52:18+00:00","breadcrumb":{"@id":"https:\/\/apolinar.eu\/en\/pruvodce-pred-hysteroskopii\/#breadcrumb"},"inLanguage":"en-US","potentialAction":[{"@type":"ReadAction","target":["https:\/\/apolinar.eu\/en\/pruvodce-pred-hysteroskopii\/"]}]},{"@type":"BreadcrumbList","@id":"https:\/\/apolinar.eu\/en\/pruvodce-pred-hysteroskopii\/#breadcrumb","itemListElement":[{"@type":"ListItem","position":1,"name":"Dom\u016f","item":"https:\/\/apolinar.eu\/en\/"},{"@type":"ListItem","position":2,"name":"Guide Before Hysteroscopy"}]},{"@type":"WebSite","@id":"https:\/\/apolinar.eu\/en\/#website","url":"https:\/\/apolinar.eu\/en\/","name":"Porodnice U Apolin\u00e1\u0159e","description":"Klinika gynekologie, porodnictv\u00ed a neonatologie 1. LF UK a VFN v Praze","potentialAction":[{"@type":"SearchAction","target":{"@type":"EntryPoint","urlTemplate":"https:\/\/apolinar.eu\/en\/?s={search_term_string}"},"query-input":{"@type":"PropertyValueSpecification","valueRequired":true,"valueName":"search_term_string"}}],"inLanguage":"en-US"}]}},"_links":{"self":[{"href":"https:\/\/apolinar.eu\/en\/wp-json\/wp\/v2\/pages\/14438","targetHints":{"allow":["GET"]}}],"collection":[{"href":"https:\/\/apolinar.eu\/en\/wp-json\/wp\/v2\/pages"}],"about":[{"href":"https:\/\/apolinar.eu\/en\/wp-json\/wp\/v2\/types\/page"}],"author":[{"embeddable":true,"href":"https:\/\/apolinar.eu\/en\/wp-json\/wp\/v2\/users\/6"}],"replies":[{"embeddable":true,"href":"https:\/\/apolinar.eu\/en\/wp-json\/wp\/v2\/comments?post=14438"}],"version-history":[{"count":1,"href":"https:\/\/apolinar.eu\/en\/wp-json\/wp\/v2\/pages\/14438\/revisions"}],"predecessor-version":[{"id":14441,"href":"https:\/\/apolinar.eu\/en\/wp-json\/wp\/v2\/pages\/14438\/revisions\/14441"}],"wp:attachment":[{"href":"https:\/\/apolinar.eu\/en\/wp-json\/wp\/v2\/media?parent=14438"}],"curies":[{"name":"wp","href":"https:\/\/api.w.org\/{rel}","templated":true}]}}