{"id":14431,"date":"2025-02-19T15:00:17","date_gmt":"2025-02-19T14:00:17","guid":{"rendered":"https:\/\/apolinar.eu\/hpv-dna-testovani\/"},"modified":"2025-09-01T23:48:29","modified_gmt":"2025-09-01T21:48:29","slug":"hpv-dna-testovani","status":"publish","type":"page","link":"https:\/\/apolinar.eu\/en\/hpv-dna-testovani\/","title":{"rendered":"HPV DNA Testing"},"content":{"rendered":"                <!-- TEXT BLOCK -->\r\n        <section\r\n                class=\"pdt-80 pdb-40 \"\r\n            >\r\n            <div class=\"wrapper2 text_block\">\r\n                <h2 class=\"title_h2 text_center_mdm\">HPV DNA Testing<\/h2>                                                                                    <h3 class=\"title_h3 text_center_mdm\">Self-sampling Kit for HPV DNA<\/h3>\r\n                                                <div class=\"page_content reset_margins\">\r\n                                                                                        <p><strong>You can purchase a self-sampling kit, also known as an HPV DNA test, every Wednesday from 9:00 AM \u2013 2:00 PM for 1500 CZK at the Patient Information Center at Apolin\u00e1\u0159<\/strong> \u2013 we are located on the ground floor next to the ultrasound records; upon entering the building, turn left.<\/p>\n<p>You will then collect the sample yourself discreetly in the restroom. Submit the sample at the Center, and a nurse will call you with the results within 2\u20133 weeks. If the laboratory confirms the presence of an HPV infection, the nurse will immediately schedule you at the Oncology Prevention Center here at the clinic, where a doctor will explain everything and propose a course of action. Examinations for women who test positive are covered by public health insurance. The sale of self-sampling kits generates no profit for the Patient Organization VERONICA; you only pay for the laboratory testing costs.<\/p>\n<h4><strong>Contact: <a href=\"mailto:hippokrates@veronikacibulova.cz\">hippokrates@veronikacibulova.cz<\/a>, tel.: +420 601 222 929<\/strong><\/h4>\n                                    <\/div>\r\n            <\/div>\r\n        <\/section>\r\n    \n\n                <!-- TEXT BLOCK -->\r\n        <section\r\n                class=\"pdt-40 pdb-40 bg3\"\r\n            >\r\n            <div class=\"wrapper2 text_block\">\r\n                                                                                                    <h3 class=\"title_h3 text_center_mdm\">HPV DNA Testing Kit: The Key to Early Detection of Cervical Cancer Risk<\/h3>\r\n                                                <div class=\"page_content reset_margins\">\r\n                                                                                        <p>In the Czech Republic, cervical cancer is diagnosed in approximately 750 women each year, and about 300 women die from this malignant tumor (source: \u00daZIS). The disease can affect women of any age and is almost always caused by a long-lasting infection with human papillomaviruses (HPV). Affected women usually do not notice the disease because the early stages have no specific symptoms.<\/p>\n<p>All women from the age of 15 are entitled to an annual gynecological examination, which includes a Pap smear to detect cellular changes on the cervix. However, cytological smears may not be entirely accurate, as changes can be caused and influenced by a variety of factors. To achieve higher accuracy in screening, funded viral infection testing (so-called HPV DNA test) has been introduced for women aged 35, 45, and 55 + 364 days. For women over 30, it would be advisable to perform an HPV test every 5 years, which is not yet covered by health insurance. At the same time, there are many women in the Czech Republic who, for various reasons, do not visit a gynecologist or have missed the opportunity for HPV DNA testing covered by insurance, especially if they are over 55. For all such women, it is highly recommended to undergo an HPV DNA test as self-payers to obtain highly accurate information about their risk of cervical cancer.<\/p>\n<p>&nbsp;<\/p>\n<p><em>\u201cThe HPV DNA test in the form of a self-test is an exceptionally sensitive and highly effective method to determine the risk of presence or development of cervical cancer. Moreover, a negative result means that the risk of developing severe precancerous changes or cervical cancer itself is extremely low for at least 3\u20135 years. It is a simple and cost-effective test suitable for every woman over 30 years of age,\u201d<\/em> explains Prof. MUDr. Ji\u0159\u00ed Sl\u00e1ma, Ph.D., Head Physician of the Oncogynecology Department and Deputy Chief of the Clinic of Gynecology, Obstetrics, and Neonatology, First Faculty of Medicine, Charles University and General University Hospital in Prague.<\/p>\n                                    <\/div>\r\n            <\/div>\r\n        <\/section>\r\n    \n\n                <!-- TEXT BLOCK -->\r\n        <section\r\n                class=\"pdt-40 pdb-40 \"\r\n            >\r\n            <div class=\"wrapper2 text_block\">\r\n                                                                                                    <h3 class=\"title_h3 text_center_mdm\">Project ASTRA<\/h3>\r\n                                                <div class=\"page_content reset_margins\">\r\n                                                                                        <p>In February 2024, the ASTRA program (Ambulatory Swab Against Cancer) was launched under the auspices of the Patient Organization VERONICA. It is a pilot cervical cancer screening project aimed at introducing human papillomavirus genome detection using self-sampling kits for women who have not participated in existing screening programs for a long time. HPV tests are then analyzed using PCR technology in a certified laboratory. The ASTRA project was approved by the Central Ethics Committee in Hradec Kr\u00e1lov\u00e9. Anonymous data from the ASTRA project will be evaluated by \u00daZIS \u2013 the National Screening Center.<\/p>\n                                    <\/div>\r\n            <\/div>\r\n        <\/section>\r\n    \n\n                <!-- TEXT BLOCK -->\r\n        <section\r\n                class=\"pdt-40 pdb-80 mgt-40 bg3\"\r\n            >\r\n            <div class=\"wrapper2 text_block\">\r\n                                                                                                    <h3 class=\"title_h3 text_center_mdm\">More information here:<\/h3>\r\n                                                <div class=\"page_content reset_margins\">\r\n                                                                                        <p><a href=\"https:\/\/www.pacientska-organizace.cz\/hpv-projekt-astra\/\">https:\/\/www.pacientska-organizace.cz\/hpv-projekt-astra\/<\/a><\/p>\n                                    <\/div>\r\n            <\/div>\r\n        <\/section>\r\n    \n\n    <!-- BLOK J GALERIA -->\r\n    <section\r\n            class=\"pdt-80 pdb-80 \"\r\n        >\r\n        <div class=\"wrapper2\">\r\n            <div class=\"text_block\">\r\n                                <div class=\"page_content reset_margins\">\r\n                                    <\/div>\r\n            <\/div>\r\n            <!-- SET LENGTH max 10 .. 10 > set length_more  -->\r\n                                                                            <div class=\"gal2 mgt-25 length3\"\r\n                         data-pswp-gallery='[{\"src\":\"https:\\\/\\\/apolinar.eu\\\/wp-content\\\/uploads\\\/2025\\\/02\\\/1-1.jpg\",\"w\":1125,\"h\":1258,\"title\":\"1 (1)\"},{\"src\":\"https:\\\/\\\/apolinar.eu\\\/wp-content\\\/uploads\\\/2025\\\/02\\\/2-1.jpg\",\"w\":1125,\"h\":1402,\"title\":\"2 (1)\"},{\"src\":\"https:\\\/\\\/apolinar.eu\\\/wp-content\\\/uploads\\\/2025\\\/02\\\/3.jpg\",\"w\":1125,\"h\":1410,\"title\":\"3\"}]'>\r\n                                                    <a href=\"\"\r\n                               title=\"1 (1)\"\r\n                               data-pswp-index=\"0\">\r\n                                <img decoding=\"async\" width=\"236\" height=\"264\" src=\"https:\/\/apolinar.eu\/wp-content\/uploads\/2025\/02\/1-1-236x264.jpg\" class=\"attachment-gallery_item size-gallery_item\" alt=\"\" srcset=\"https:\/\/apolinar.eu\/wp-content\/uploads\/2025\/02\/1-1-236x264.jpg 236w, https:\/\/apolinar.eu\/wp-content\/uploads\/2025\/02\/1-1-268x300.jpg 268w, https:\/\/apolinar.eu\/wp-content\/uploads\/2025\/02\/1-1-916x1024.jpg 916w, https:\/\/apolinar.eu\/wp-content\/uploads\/2025\/02\/1-1-768x859.jpg 768w, https:\/\/apolinar.eu\/wp-content\/uploads\/2025\/02\/1-1-54x60.jpg 54w, https:\/\/apolinar.eu\/wp-content\/uploads\/2025\/02\/1-1-93x104.jpg 93w, https:\/\/apolinar.eu\/wp-content\/uploads\/2025\/02\/1-1-396x443.jpg 396w, https:\/\/apolinar.eu\/wp-content\/uploads\/2025\/02\/1-1-300x335.jpg 300w, https:\/\/apolinar.eu\/wp-content\/uploads\/2025\/02\/1-1-172x192.jpg 172w, https:\/\/apolinar.eu\/wp-content\/uploads\/2025\/02\/1-1-393x440.jpg 393w, https:\/\/apolinar.eu\/wp-content\/uploads\/2025\/02\/1-1-495x553.jpg 495w, https:\/\/apolinar.eu\/wp-content\/uploads\/2025\/02\/1-1-477x533.jpg 477w, https:\/\/apolinar.eu\/wp-content\/uploads\/2025\/02\/1-1-107x120.jpg 107w, https:\/\/apolinar.eu\/wp-content\/uploads\/2025\/02\/1-1-600x671.jpg 600w, https:\/\/apolinar.eu\/wp-content\/uploads\/2025\/02\/1-1.jpg 1125w\" sizes=\"(max-width: 236px) 100vw, 236px\" \/>                                                            <\/a>\r\n                                                    <a href=\"\"\r\n                               title=\"2 (1)\"\r\n                               data-pswp-index=\"1\">\r\n                                <img decoding=\"async\" width=\"212\" height=\"264\" src=\"https:\/\/apolinar.eu\/wp-content\/uploads\/2025\/02\/2-1-212x264.jpg\" class=\"attachment-gallery_item size-gallery_item\" alt=\"\" srcset=\"https:\/\/apolinar.eu\/wp-content\/uploads\/2025\/02\/2-1-212x264.jpg 212w, https:\/\/apolinar.eu\/wp-content\/uploads\/2025\/02\/2-1-241x300.jpg 241w, https:\/\/apolinar.eu\/wp-content\/uploads\/2025\/02\/2-1-822x1024.jpg 822w, https:\/\/apolinar.eu\/wp-content\/uploads\/2025\/02\/2-1-768x957.jpg 768w, https:\/\/apolinar.eu\/wp-content\/uploads\/2025\/02\/2-1-48x60.jpg 48w, https:\/\/apolinar.eu\/wp-content\/uploads\/2025\/02\/2-1-83x104.jpg 83w, https:\/\/apolinar.eu\/wp-content\/uploads\/2025\/02\/2-1-378x471.jpg 378w, https:\/\/apolinar.eu\/wp-content\/uploads\/2025\/02\/2-1-269x335.jpg 269w, https:\/\/apolinar.eu\/wp-content\/uploads\/2025\/02\/2-1-154x192.jpg 154w, https:\/\/apolinar.eu\/wp-content\/uploads\/2025\/02\/2-1-353x440.jpg 353w, https:\/\/apolinar.eu\/wp-content\/uploads\/2025\/02\/2-1-444x553.jpg 444w, https:\/\/apolinar.eu\/wp-content\/uploads\/2025\/02\/2-1-428x533.jpg 428w, https:\/\/apolinar.eu\/wp-content\/uploads\/2025\/02\/2-1-96x120.jpg 96w, https:\/\/apolinar.eu\/wp-content\/uploads\/2025\/02\/2-1-600x748.jpg 600w, https:\/\/apolinar.eu\/wp-content\/uploads\/2025\/02\/2-1.jpg 1125w\" sizes=\"(max-width: 212px) 100vw, 212px\" \/>                                                            <\/a>\r\n                                                    <a href=\"\"\r\n                               title=\"3\"\r\n                               data-pswp-index=\"2\">\r\n                                <img decoding=\"async\" width=\"211\" height=\"264\" src=\"https:\/\/apolinar.eu\/wp-content\/uploads\/2025\/02\/3-211x264.jpg\" class=\"attachment-gallery_item size-gallery_item\" alt=\"\" srcset=\"https:\/\/apolinar.eu\/wp-content\/uploads\/2025\/02\/3-211x264.jpg 211w, https:\/\/apolinar.eu\/wp-content\/uploads\/2025\/02\/3-239x300.jpg 239w, https:\/\/apolinar.eu\/wp-content\/uploads\/2025\/02\/3-817x1024.jpg 817w, https:\/\/apolinar.eu\/wp-content\/uploads\/2025\/02\/3-768x963.jpg 768w, https:\/\/apolinar.eu\/wp-content\/uploads\/2025\/02\/3-48x60.jpg 48w, https:\/\/apolinar.eu\/wp-content\/uploads\/2025\/02\/3-83x104.jpg 83w, https:\/\/apolinar.eu\/wp-content\/uploads\/2025\/02\/3-376x471.jpg 376w, https:\/\/apolinar.eu\/wp-content\/uploads\/2025\/02\/3-267x335.jpg 267w, https:\/\/apolinar.eu\/wp-content\/uploads\/2025\/02\/3-153x192.jpg 153w, https:\/\/apolinar.eu\/wp-content\/uploads\/2025\/02\/3-351x440.jpg 351w, https:\/\/apolinar.eu\/wp-content\/uploads\/2025\/02\/3-441x553.jpg 441w, https:\/\/apolinar.eu\/wp-content\/uploads\/2025\/02\/3-425x533.jpg 425w, https:\/\/apolinar.eu\/wp-content\/uploads\/2025\/02\/3-96x120.jpg 96w, https:\/\/apolinar.eu\/wp-content\/uploads\/2025\/02\/3-600x752.jpg 600w, https:\/\/apolinar.eu\/wp-content\/uploads\/2025\/02\/3.jpg 1125w\" sizes=\"(max-width: 211px) 100vw, 211px\" \/>                                                            <\/a>\r\n                                            <\/div>\r\n                                    <\/div>\r\n    <\/section>\r\n","protected":false},"excerpt":{"rendered":"","protected":false},"author":6,"featured_media":0,"parent":0,"menu_order":0,"comment_status":"closed","ping_status":"closed","template":"","meta":{"_acf_changed":false,"footnotes":""},"class_list":["post-14431","page","type-page","status-publish","hentry"],"acf":[],"yoast_head":"<!-- This site is optimized with the Yoast SEO plugin v26.2 - https:\/\/yoast.com\/wordpress\/plugins\/seo\/ -->\n<title>HPV DNA Testing - Porodnice U Apolin\u00e1\u0159e<\/title>\n<meta name=\"robots\" content=\"index, follow, max-snippet:-1, max-image-preview:large, max-video-preview:-1\" \/>\n<link rel=\"canonical\" href=\"https:\/\/apolinar.eu\/en\/hpv-dna-testovani\/\" \/>\n<meta property=\"og:locale\" content=\"en_US\" \/>\n<meta property=\"og:type\" content=\"article\" \/>\n<meta property=\"og:title\" content=\"HPV DNA Testing - Porodnice U Apolin\u00e1\u0159e\" \/>\n<meta property=\"og:url\" content=\"https:\/\/apolinar.eu\/en\/hpv-dna-testovani\/\" \/>\n<meta property=\"og:site_name\" content=\"Porodnice U Apolin\u00e1\u0159e\" \/>\n<meta property=\"article:modified_time\" content=\"2025-09-01T21:48:29+00:00\" \/>\n<meta name=\"twitter:card\" content=\"summary_large_image\" \/>\n<script type=\"application\/ld+json\" class=\"yoast-schema-graph\">{\"@context\":\"https:\/\/schema.org\",\"@graph\":[{\"@type\":\"WebPage\",\"@id\":\"https:\/\/apolinar.eu\/en\/hpv-dna-testovani\/\",\"url\":\"https:\/\/apolinar.eu\/en\/hpv-dna-testovani\/\",\"name\":\"HPV DNA Testing - Porodnice U Apolin\u00e1\u0159e\",\"isPartOf\":{\"@id\":\"https:\/\/apolinar.eu\/en\/#website\"},\"datePublished\":\"2025-02-19T14:00:17+00:00\",\"dateModified\":\"2025-09-01T21:48:29+00:00\",\"breadcrumb\":{\"@id\":\"https:\/\/apolinar.eu\/en\/hpv-dna-testovani\/#breadcrumb\"},\"inLanguage\":\"en-US\",\"potentialAction\":[{\"@type\":\"ReadAction\",\"target\":[\"https:\/\/apolinar.eu\/en\/hpv-dna-testovani\/\"]}]},{\"@type\":\"BreadcrumbList\",\"@id\":\"https:\/\/apolinar.eu\/en\/hpv-dna-testovani\/#breadcrumb\",\"itemListElement\":[{\"@type\":\"ListItem\",\"position\":1,\"name\":\"Dom\u016f\",\"item\":\"https:\/\/apolinar.eu\/en\/\"},{\"@type\":\"ListItem\",\"position\":2,\"name\":\"HPV DNA Testing\"}]},{\"@type\":\"WebSite\",\"@id\":\"https:\/\/apolinar.eu\/en\/#website\",\"url\":\"https:\/\/apolinar.eu\/en\/\",\"name\":\"Porodnice U Apolin\u00e1\u0159e\",\"description\":\"Klinika gynekologie, porodnictv\u00ed a neonatologie 1. LF UK a VFN v Praze\",\"potentialAction\":[{\"@type\":\"SearchAction\",\"target\":{\"@type\":\"EntryPoint\",\"urlTemplate\":\"https:\/\/apolinar.eu\/en\/?s={search_term_string}\"},\"query-input\":{\"@type\":\"PropertyValueSpecification\",\"valueRequired\":true,\"valueName\":\"search_term_string\"}}],\"inLanguage\":\"en-US\"}]}<\/script>\n<!-- \/ Yoast SEO plugin. -->","yoast_head_json":{"title":"HPV DNA Testing - Porodnice U Apolin\u00e1\u0159e","robots":{"index":"index","follow":"follow","max-snippet":"max-snippet:-1","max-image-preview":"max-image-preview:large","max-video-preview":"max-video-preview:-1"},"canonical":"https:\/\/apolinar.eu\/en\/hpv-dna-testovani\/","og_locale":"en_US","og_type":"article","og_title":"HPV DNA Testing - Porodnice U Apolin\u00e1\u0159e","og_url":"https:\/\/apolinar.eu\/en\/hpv-dna-testovani\/","og_site_name":"Porodnice U Apolin\u00e1\u0159e","article_modified_time":"2025-09-01T21:48:29+00:00","twitter_card":"summary_large_image","schema":{"@context":"https:\/\/schema.org","@graph":[{"@type":"WebPage","@id":"https:\/\/apolinar.eu\/en\/hpv-dna-testovani\/","url":"https:\/\/apolinar.eu\/en\/hpv-dna-testovani\/","name":"HPV DNA Testing - Porodnice U Apolin\u00e1\u0159e","isPartOf":{"@id":"https:\/\/apolinar.eu\/en\/#website"},"datePublished":"2025-02-19T14:00:17+00:00","dateModified":"2025-09-01T21:48:29+00:00","breadcrumb":{"@id":"https:\/\/apolinar.eu\/en\/hpv-dna-testovani\/#breadcrumb"},"inLanguage":"en-US","potentialAction":[{"@type":"ReadAction","target":["https:\/\/apolinar.eu\/en\/hpv-dna-testovani\/"]}]},{"@type":"BreadcrumbList","@id":"https:\/\/apolinar.eu\/en\/hpv-dna-testovani\/#breadcrumb","itemListElement":[{"@type":"ListItem","position":1,"name":"Dom\u016f","item":"https:\/\/apolinar.eu\/en\/"},{"@type":"ListItem","position":2,"name":"HPV DNA Testing"}]},{"@type":"WebSite","@id":"https:\/\/apolinar.eu\/en\/#website","url":"https:\/\/apolinar.eu\/en\/","name":"Porodnice U Apolin\u00e1\u0159e","description":"Klinika gynekologie, porodnictv\u00ed a neonatologie 1. LF UK a VFN v Praze","potentialAction":[{"@type":"SearchAction","target":{"@type":"EntryPoint","urlTemplate":"https:\/\/apolinar.eu\/en\/?s={search_term_string}"},"query-input":{"@type":"PropertyValueSpecification","valueRequired":true,"valueName":"search_term_string"}}],"inLanguage":"en-US"}]}},"_links":{"self":[{"href":"https:\/\/apolinar.eu\/en\/wp-json\/wp\/v2\/pages\/14431","targetHints":{"allow":["GET"]}}],"collection":[{"href":"https:\/\/apolinar.eu\/en\/wp-json\/wp\/v2\/pages"}],"about":[{"href":"https:\/\/apolinar.eu\/en\/wp-json\/wp\/v2\/types\/page"}],"author":[{"embeddable":true,"href":"https:\/\/apolinar.eu\/en\/wp-json\/wp\/v2\/users\/6"}],"replies":[{"embeddable":true,"href":"https:\/\/apolinar.eu\/en\/wp-json\/wp\/v2\/comments?post=14431"}],"version-history":[{"count":2,"href":"https:\/\/apolinar.eu\/en\/wp-json\/wp\/v2\/pages\/14431\/revisions"}],"predecessor-version":[{"id":14434,"href":"https:\/\/apolinar.eu\/en\/wp-json\/wp\/v2\/pages\/14431\/revisions\/14434"}],"wp:attachment":[{"href":"https:\/\/apolinar.eu\/en\/wp-json\/wp\/v2\/media?parent=14431"}],"curies":[{"name":"wp","href":"https:\/\/api.w.org\/{rel}","templated":true}]}}