{"id":14427,"date":"2023-07-10T11:13:36","date_gmt":"2023-07-10T09:13:36","guid":{"rendered":"https:\/\/apolinar.eu\/jsem-onkologicky-lecena-pacientka\/"},"modified":"2025-09-01T23:45:49","modified_gmt":"2025-09-01T21:45:49","slug":"jsem-onkologicky-lecena-pacientka","status":"publish","type":"page","link":"https:\/\/apolinar.eu\/en\/jsem-onkologicky-lecena-pacientka\/","title":{"rendered":"I am an oncology patient"},"content":{"rendered":"                <!-- TEXT BLOCK -->\r\n        <section\r\n                class=\"pdt-80 pdb-40 \"\r\n            >\r\n            <div class=\"wrapper2 text_block\">\r\n                <h2 class=\"title_h2 text_center_mdm\">I am an oncology patient<\/h2>                                                                                                <div class=\"page_content reset_margins\">\r\n                                                        <\/div>\r\n            <\/div>\r\n        <\/section>\r\n    \n\n                <!-- TEXT BLOCK -->\r\n        <section\r\n                class=\"pdt-40 pdb-40 \"\r\n            >\r\n            <div class=\"wrapper2 text_block\">\r\n                                                                                                    <h3 class=\"title_h3 text_center_mdm\">You have been recommended chemotherapy<\/h3>\r\n                                                <div class=\"page_content reset_margins\">\r\n                                                                                        <p>Chemotherapy, targeted therapy, or treatment within clinical trials is administered at the outpatient clinic of our department. Although these treatments today are not associated with as many side effects as in the past, some complications may still occur.<\/p>\n<p><strong>Contact:<\/strong><br \/>\nTo schedule chemotherapy, please call <strong>+420 224 967 021<\/strong> or email us at <strong><a href=\"mailto:apolinar.stacionar@vfn.cz\"><b>apolinar.stacionar@vfn.cz<\/b><\/a><\/strong><\/p>\n                                    <\/div>\r\n            <\/div>\r\n        <\/section>\r\n    \n\n                <!-- TEXT BLOCK -->\r\n        <section\r\n                class=\"pdt-40 pdb-40 bg3\"\r\n            >\r\n            <div class=\"wrapper2 text_block\">\r\n                                                                                                                <div class=\"page_content reset_margins\">\r\n                                                                                        <h3><a href=\"https:\/\/youtu.be\/MjbeIyxoioE\" target=\"_blank\" rel=\"noopener\"><img decoding=\"async\" class=\"size-full wp-image-10354 alignleft\" src=\"https:\/\/apolinar.eu\/wp-content\/uploads\/2024\/10\/Snimek-obrazovky-2024-10-11-115807.png\" alt=\"\" width=\"171\" height=\"124\" srcset=\"https:\/\/apolinar.eu\/wp-content\/uploads\/2024\/10\/Snimek-obrazovky-2024-10-11-115807.png 171w, https:\/\/apolinar.eu\/wp-content\/uploads\/2024\/10\/Snimek-obrazovky-2024-10-11-115807-60x44.png 60w, https:\/\/apolinar.eu\/wp-content\/uploads\/2024\/10\/Snimek-obrazovky-2024-10-11-115807-104x75.png 104w, https:\/\/apolinar.eu\/wp-content\/uploads\/2024\/10\/Snimek-obrazovky-2024-10-11-115807-165x120.png 165w\" sizes=\"(max-width: 171px) 100vw, 171px\" \/>SEE WHAT IT LOOKS LIKE HERE WITH US.<\/a><\/h3>\n                                    <\/div>\r\n            <\/div>\r\n        <\/section>\r\n    \n\n                <!-- TEXT BLOCK -->\r\n        <section\r\n                class=\"pdt-40 pdb-40 \"\r\n            >\r\n            <div class=\"wrapper2 text_block\">\r\n                                                                                                    <h3 class=\"title_h3 text_center_mdm\">Inpatient Oncogynecology Department (G1)<\/h3>\r\n                                                <div class=\"page_content reset_margins\">\r\n                                                                                        <p>The G1 inpatient Oncogynecology Department admits patients after oncogynecological surgeries, for chemotherapy administration, or in case of deterioration during oncogynecological treatment. Patients have access to renovated double or triple rooms with private bathrooms, a library, and a garden. Care is provided by a friendly team of nurses and doctors.<\/p>\n                                    <\/div>\r\n            <\/div>\r\n        <\/section>\r\n    \n\n                <!-- TEXT BLOCK -->\r\n        <section\r\n                class=\"pdt-40 pdb-40 \"\r\n            >\r\n            <div class=\"wrapper2 text_block\">\r\n                                                                                                    <h3 class=\"title_h3 text_center_mdm\">Inpatient Oncogynecology Department (G1)<\/h3>\r\n                                                <div class=\"page_content reset_margins\">\r\n                                                                                        <p>The inpatient oncogynecology department G1 admits patients after oncogynecological surgeries, for chemotherapy administration, or in case of deterioration during oncogynecological treatment. Patients have access to renovated double and triple rooms with private bathrooms, a library, and a garden. They are cared for by a friendly team of nurses and doctors.<\/p>\n                                    <\/div>\r\n            <\/div>\r\n        <\/section>\r\n    \n\n        <section\r\n            class=\"pdt-40 pdb-80 \"\r\n        >\r\n        <div class=\"wrapper2\">\r\n                            <div class=\"text_block observe anim_drop1 anim_delay\">\r\n                    <h2 class=\"title_h2 \">Pain Management in Oncogynecology Patients<\/h2>                                            <div class=\"tags responsive\">\r\n                            <div class=\"inner justify-center-mdm\">\r\n                                                                                                            <a href=\"https:\/\/www.nadace-hippokrates.cz\/\"\r\n                                           title=\"HIPPOCRATES FOUNDATION FUND\"\r\n                                           target=\"_blank\">\r\n                                            HIPPOCRATES FOUNDATION FUND                                        <\/a>\r\n                                                                                                <\/div>\r\n                        <\/div>\r\n                                                            <div class=\"page_content reset_margins\">\r\n                        <p><p>MUDr. Pavl\u00edna Noskov\u00e1, Ph.D., Head Physician of the Anesthesiology Department at the Clinic of Gynecology, Obstetrics, and Neonatology, First Faculty of Medicine, Charles University and General University Hospital in Prague. The video was created as part of the educational activities of the Hippocrates Foundation Fund.<\/p>\n<\/p>\r\n                    <\/div>\r\n                                            <a href=\"https:\/\/www.youtube.com\/watch?time_continue=1&#038;v=n1xPXnPvCf0&#038;embeds_referring_euri=https%3A%2F%2Fwww.nadace-apolinar.cz%2F&#038;source_ve_path=MTM5MTE3LDI4NjY2&#038;feature=emb_logo\"\r\n                           title=\"WATCH\"\r\n                           target=\"_blank\"                           class=\"btn_basic\">\r\n                            WATCH                        <\/a>\r\n                                    <\/div>\r\n                    <\/div>\r\n    <\/section>\r\n","protected":false},"excerpt":{"rendered":"","protected":false},"author":4,"featured_media":0,"parent":0,"menu_order":0,"comment_status":"closed","ping_status":"closed","template":"","meta":{"_acf_changed":false,"footnotes":""},"class_list":["post-14427","page","type-page","status-publish","hentry"],"acf":[],"yoast_head":"<!-- This site is optimized with the Yoast SEO plugin v26.2 - https:\/\/yoast.com\/wordpress\/plugins\/seo\/ -->\n<title>I am an oncology patient - Porodnice U Apolin\u00e1\u0159e<\/title>\n<meta name=\"robots\" content=\"index, follow, max-snippet:-1, max-image-preview:large, max-video-preview:-1\" \/>\n<link rel=\"canonical\" href=\"https:\/\/apolinar.eu\/en\/jsem-onkologicky-lecena-pacientka\/\" \/>\n<meta property=\"og:locale\" content=\"en_US\" \/>\n<meta property=\"og:type\" content=\"article\" \/>\n<meta property=\"og:title\" content=\"I am an oncology patient - Porodnice U Apolin\u00e1\u0159e\" \/>\n<meta property=\"og:url\" content=\"https:\/\/apolinar.eu\/en\/jsem-onkologicky-lecena-pacientka\/\" \/>\n<meta property=\"og:site_name\" content=\"Porodnice U Apolin\u00e1\u0159e\" \/>\n<meta property=\"article:modified_time\" content=\"2025-09-01T21:45:49+00:00\" \/>\n<meta name=\"twitter:card\" content=\"summary_large_image\" \/>\n<script type=\"application\/ld+json\" class=\"yoast-schema-graph\">{\"@context\":\"https:\/\/schema.org\",\"@graph\":[{\"@type\":\"WebPage\",\"@id\":\"https:\/\/apolinar.eu\/en\/jsem-onkologicky-lecena-pacientka\/\",\"url\":\"https:\/\/apolinar.eu\/en\/jsem-onkologicky-lecena-pacientka\/\",\"name\":\"I am an oncology patient - Porodnice U Apolin\u00e1\u0159e\",\"isPartOf\":{\"@id\":\"https:\/\/apolinar.eu\/en\/#website\"},\"datePublished\":\"2023-07-10T09:13:36+00:00\",\"dateModified\":\"2025-09-01T21:45:49+00:00\",\"breadcrumb\":{\"@id\":\"https:\/\/apolinar.eu\/en\/jsem-onkologicky-lecena-pacientka\/#breadcrumb\"},\"inLanguage\":\"en-US\",\"potentialAction\":[{\"@type\":\"ReadAction\",\"target\":[\"https:\/\/apolinar.eu\/en\/jsem-onkologicky-lecena-pacientka\/\"]}]},{\"@type\":\"BreadcrumbList\",\"@id\":\"https:\/\/apolinar.eu\/en\/jsem-onkologicky-lecena-pacientka\/#breadcrumb\",\"itemListElement\":[{\"@type\":\"ListItem\",\"position\":1,\"name\":\"Dom\u016f\",\"item\":\"https:\/\/apolinar.eu\/en\/\"},{\"@type\":\"ListItem\",\"position\":2,\"name\":\"I am an oncology patient\"}]},{\"@type\":\"WebSite\",\"@id\":\"https:\/\/apolinar.eu\/en\/#website\",\"url\":\"https:\/\/apolinar.eu\/en\/\",\"name\":\"Porodnice U Apolin\u00e1\u0159e\",\"description\":\"Klinika gynekologie, porodnictv\u00ed a neonatologie 1. LF UK a VFN v Praze\",\"potentialAction\":[{\"@type\":\"SearchAction\",\"target\":{\"@type\":\"EntryPoint\",\"urlTemplate\":\"https:\/\/apolinar.eu\/en\/?s={search_term_string}\"},\"query-input\":{\"@type\":\"PropertyValueSpecification\",\"valueRequired\":true,\"valueName\":\"search_term_string\"}}],\"inLanguage\":\"en-US\"}]}<\/script>\n<!-- \/ Yoast SEO plugin. -->","yoast_head_json":{"title":"I am an oncology patient - Porodnice U Apolin\u00e1\u0159e","robots":{"index":"index","follow":"follow","max-snippet":"max-snippet:-1","max-image-preview":"max-image-preview:large","max-video-preview":"max-video-preview:-1"},"canonical":"https:\/\/apolinar.eu\/en\/jsem-onkologicky-lecena-pacientka\/","og_locale":"en_US","og_type":"article","og_title":"I am an oncology patient - Porodnice U Apolin\u00e1\u0159e","og_url":"https:\/\/apolinar.eu\/en\/jsem-onkologicky-lecena-pacientka\/","og_site_name":"Porodnice U Apolin\u00e1\u0159e","article_modified_time":"2025-09-01T21:45:49+00:00","twitter_card":"summary_large_image","schema":{"@context":"https:\/\/schema.org","@graph":[{"@type":"WebPage","@id":"https:\/\/apolinar.eu\/en\/jsem-onkologicky-lecena-pacientka\/","url":"https:\/\/apolinar.eu\/en\/jsem-onkologicky-lecena-pacientka\/","name":"I am an oncology patient - Porodnice U Apolin\u00e1\u0159e","isPartOf":{"@id":"https:\/\/apolinar.eu\/en\/#website"},"datePublished":"2023-07-10T09:13:36+00:00","dateModified":"2025-09-01T21:45:49+00:00","breadcrumb":{"@id":"https:\/\/apolinar.eu\/en\/jsem-onkologicky-lecena-pacientka\/#breadcrumb"},"inLanguage":"en-US","potentialAction":[{"@type":"ReadAction","target":["https:\/\/apolinar.eu\/en\/jsem-onkologicky-lecena-pacientka\/"]}]},{"@type":"BreadcrumbList","@id":"https:\/\/apolinar.eu\/en\/jsem-onkologicky-lecena-pacientka\/#breadcrumb","itemListElement":[{"@type":"ListItem","position":1,"name":"Dom\u016f","item":"https:\/\/apolinar.eu\/en\/"},{"@type":"ListItem","position":2,"name":"I am an oncology patient"}]},{"@type":"WebSite","@id":"https:\/\/apolinar.eu\/en\/#website","url":"https:\/\/apolinar.eu\/en\/","name":"Porodnice U Apolin\u00e1\u0159e","description":"Klinika gynekologie, porodnictv\u00ed a neonatologie 1. LF UK a VFN v Praze","potentialAction":[{"@type":"SearchAction","target":{"@type":"EntryPoint","urlTemplate":"https:\/\/apolinar.eu\/en\/?s={search_term_string}"},"query-input":{"@type":"PropertyValueSpecification","valueRequired":true,"valueName":"search_term_string"}}],"inLanguage":"en-US"}]}},"_links":{"self":[{"href":"https:\/\/apolinar.eu\/en\/wp-json\/wp\/v2\/pages\/14427","targetHints":{"allow":["GET"]}}],"collection":[{"href":"https:\/\/apolinar.eu\/en\/wp-json\/wp\/v2\/pages"}],"about":[{"href":"https:\/\/apolinar.eu\/en\/wp-json\/wp\/v2\/types\/page"}],"author":[{"embeddable":true,"href":"https:\/\/apolinar.eu\/en\/wp-json\/wp\/v2\/users\/4"}],"replies":[{"embeddable":true,"href":"https:\/\/apolinar.eu\/en\/wp-json\/wp\/v2\/comments?post=14427"}],"version-history":[{"count":2,"href":"https:\/\/apolinar.eu\/en\/wp-json\/wp\/v2\/pages\/14427\/revisions"}],"predecessor-version":[{"id":14430,"href":"https:\/\/apolinar.eu\/en\/wp-json\/wp\/v2\/pages\/14427\/revisions\/14430"}],"wp:attachment":[{"href":"https:\/\/apolinar.eu\/en\/wp-json\/wp\/v2\/media?parent=14427"}],"curies":[{"name":"wp","href":"https:\/\/api.w.org\/{rel}","templated":true}]}}