{"id":14418,"date":"2024-09-06T10:37:23","date_gmt":"2024-09-06T08:37:23","guid":{"rendered":"https:\/\/apolinar.eu\/informace-pred-planovanou-onkogynekologickou-operaci\/"},"modified":"2025-09-01T23:21:54","modified_gmt":"2025-09-01T21:21:54","slug":"informace-pred-planovanou-onkogynekologickou-operaci","status":"publish","type":"page","link":"https:\/\/apolinar.eu\/en\/informace-pred-planovanou-onkogynekologickou-operaci\/","title":{"rendered":"INFORMATION BEFORE A PLANNED ONCOGYNECOLOGICAL SURGERY"},"content":{"rendered":"                <!-- TEXT BLOCK -->\r\n        <section\r\n                class=\"pdt-80 pdb-40 \"\r\n            >\r\n            <div class=\"wrapper2 text_block\">\r\n                <h2 class=\"title_h2 text_center_mdm\">Information before a planned oncogynecological surgery<\/h2>                                                                                                <div class=\"page_content reset_margins\">\r\n                                                                                        <p>Dear Madam,<\/p>\n<p><strong>Please report for hospitalization one day before the scheduled surgery to the Oncogynecology Department.<\/strong><\/p>\n<p>The following information will answer the most important questions before your hospital admission for surgery and help facilitate preoperative care.<\/p>\n<p><strong>The purpose of the indication examination was to make the final decision regarding the type and extent of the surgical procedure.<\/strong> Additionally, a consultation took place with a specialist in internal medicine (internist) and an anesthesiologist, who discussed aspects of preoperative care with you and how you will be prepared and anesthetized for the surgery. A doctor from the Oncogynecology Department has recorded your medical history and provided you with the Informed Consent for the surgery.<\/p>\n<p>The date of the surgery is always determined after evaluating all patients, considering the severity of their conditions. We aim to schedule the surgery as early as possible, but it may be necessary to wait for your procedure.<\/p>\n<p>The surgery schedule, listing all patients to be operated on the following week, will be available on Friday after 1:00 PM. Information about your admission and the day of surgery will be provided by the nurses from the <strong>Oncogynecology Department, so please call them on Friday after 1:00 PM (preferably later) at +420 224 967 440.<\/strong> Have a pen and paper ready for any notes. For older patients or those with hearing difficulties, family members may call on their behalf. If your surgery is not scheduled for the following week, you must call <strong>again next Friday after 1:00 PM<\/strong> at the same number to check whether a date has been set.<\/p>\n<p>If the consultation indicates the need for additional examinations, please arrange them as soon as possible so that they are available at the time of your hospital admission.<\/p>\n                                    <\/div>\r\n            <\/div>\r\n        <\/section>\r\n    \n\n                <div class=\"pdt-40 pdb-40 bg3\"\r\n            >\r\n            <div class=\"wrapper2 anim_delay anim_drop1 observe\">\r\n                                <div class=\"page_content reset_margins mgt-30\">\r\n                                                                                        <h3><img decoding=\"async\" class=\"alignnone size-full wp-image-10354\" src=\"https:\/\/apolinar.eu\/wp-content\/uploads\/2024\/10\/Snimek-obrazovky-2024-10-11-115807.png\" alt=\"\" width=\"171\" height=\"124\" srcset=\"https:\/\/apolinar.eu\/wp-content\/uploads\/2024\/10\/Snimek-obrazovky-2024-10-11-115807.png 171w, https:\/\/apolinar.eu\/wp-content\/uploads\/2024\/10\/Snimek-obrazovky-2024-10-11-115807-60x44.png 60w, https:\/\/apolinar.eu\/wp-content\/uploads\/2024\/10\/Snimek-obrazovky-2024-10-11-115807-104x75.png 104w, https:\/\/apolinar.eu\/wp-content\/uploads\/2024\/10\/Snimek-obrazovky-2024-10-11-115807-165x120.png 165w\" sizes=\"(max-width: 171px) 100vw, 171px\" \/> <a href=\"https:\/\/youtu.be\/d8T4hOmrI2c\" target=\"_blank\" rel=\"noopener\">SEE WHAT IT LOOKS LIKE HERE WITH US.<\/a><\/h3>\n                                    <\/div>\r\n            <\/div>\r\n        <\/div>\r\n    \n\n    <!-- ACCORD -->\r\n    <section\r\n            class=\"pdt-80 pdb-80 \"\r\n        >\r\n        <div class=\"wrapper2 anim_delay anim_drop1 observe\">\r\n            <h2 class=\"title_h3 \">Premium services in the oncogynecology department:<\/h2>                                        <div class=\"accord mgt-30\">\r\n                                            <!-- ITEM -->\r\n                        <div class=\"item_accord item\">\r\n                            <a href=\"#\" role=\"button\" class=\"item_accord_head head\">\r\n                                <h3 class=\"item_accord_title\">Premium room<\/h3>\r\n                                <div class=\"item_accord_arrow\">\r\n                                    <svg class=\"sicofill\">\r\n                                        <use href=\"https:\/\/apolinar.eu\/wp-content\/themes\/apolinar\/assets\/layout\/icons.svg#s_ar2_d\"\/>\r\n                                    <\/svg>\r\n                                <\/div>\r\n                            <\/a>\r\n                            <div class=\"expand\">\r\n                                <div class=\"item_accord_inner page_content reset_margins\">\r\n                                                                                                                                                        <p>The oncogynecology department is equipped with one premium room. This is a single room with a television and a refrigerator. Free access to the wireless network and a nearby entrance to the spacious garden, separated from the busy Prague environment, are also included. The room also has a fold-out chair, which your companion may use upon arrangement. Please note that room reservation cannot be guaranteed. It may happen that the room you reserved is not available due to departmental operations.<\/p>\n                                                                    <\/div>\r\n                            <\/div>\r\n                        <\/div>\r\n                                            <!-- ITEM -->\r\n                        <div class=\"item_accord item\">\r\n                            <a href=\"#\" role=\"button\" class=\"item_accord_head head\">\r\n                                <h3 class=\"item_accord_title\">Premium companion service for the surgical procedure<\/h3>\r\n                                <div class=\"item_accord_arrow\">\r\n                                    <svg class=\"sicofill\">\r\n                                        <use href=\"https:\/\/apolinar.eu\/wp-content\/themes\/apolinar\/assets\/layout\/icons.svg#s_ar2_d\"\/>\r\n                                    <\/svg>\r\n                                <\/div>\r\n                            <\/a>\r\n                            <div class=\"expand\">\r\n                                <div class=\"item_accord_inner page_content reset_margins\">\r\n                                                                                                                                                        <p>Doprovod bl\u00edzk\u00e9 osoby k opera\u010dn\u00edmu v\u00fdkonu v\u00fdznamn\u00fdm zp\u016fsobem p\u0159isp\u00edv\u00e1 ke sn\u00ed\u017een\u00ed sHaving a close companion present during the surgical procedure significantly helps reduce the patient\u2019s stress. For this reason, we allow the presence of a companion even in the operating room before the start of the surgery itself.  <\/p>\n<p>As part of this premium service, we provide accompaniment to the operating room, the option to spend the duration of the surgery in the clinic\u2019s private library, consultation with the head of the clinic, chief physician, or senior doctor in case of complications or unexpected prolongation of the surgery, and consultation with the senior doctor after the procedure.<\/p>\n<p>If you are interested in any premium service, please inform the nurse in the Oncogynecology Department on the Friday when the type and extent of the surgery (oncogynecological indications) are communicated to you. During the subsequent Friday phone call (when the exact date of the surgery is provided), you will be confirmed whether a premium room will be available for you. After discharge, you will receive a confirmation from the Oncogynecology Department nurses with the amount to be paid at the clinic\u2019s cashier.<\/p>\n<p>Further information about the prices of these premium services can be found on the VFN website in the patient section (Information for Patients \u2192 Procedure Price Lists).<br \/>\ntresu pacientky. Z toho d\u016fvodu umo\u017e\u0148ujeme p\u0159\u00edtomnost doprovodu i na opera\u010dn\u00edm s\u00e1le<\/p>\n<p>p\u0159ed zah\u00e1jen\u00edm samotn\u00e9 operace. V r\u00e1mci t\u00e9to nadstandardn\u00ed slu\u017eby poskytujeme doprovod a\u017e na opera\u010dn\u00ed s\u00e1l, mo\u017enost str\u00e1vit dobu operace v soukrom\u00ed vybaven\u00e9 knihovny kliniky, konzultaci p\u0159ednosty kliniky, prim\u00e1\u0159e \u010di vedouc\u00edho l\u00e9ka\u0159e v p\u0159\u00edpad\u011b komplikac\u00ed \u010di nepl\u00e1novan\u00e9ho prodlou\u017een\u00ed trv\u00e1n\u00ed operace a konzultaci vedouc\u00edho l\u00e9ka\u0159e po skon\u010den\u00ed v\u00fdkonu.<\/p>\n<p>Pokud m\u00e1te o n\u011bkterou nadstandardn\u00ed slu\u017ebu z\u00e1jem, nahlaste toto pros\u00edm sest\u0159e na Onkogynekologick\u00e9m odd\u011blen\u00ed v p\u00e1tek, kdy V\u00e1m byl sd\u011blen typ a rozsah operace (onkogynekologick\u00e9 indikace). V r\u00e1mci n\u00e1sledn\u00e9ho p\u00e1te\u010dn\u00edho telefon\u00e1tu (kdy V\u00e1m bude sd\u011blen p\u0159esn\u00fd term\u00edn operace) V\u00e1m bude potvrzeno, jestli pro V\u00e1s bude nadstandardn\u00ed pokoj k dispozici. Po ukon\u010den\u00ed hospitalizace dostanete od sester Onkogynekologick\u00e9ho odd\u011blen\u00ed potvrzen\u00ed s \u010d\u00e1stkou, kterou n\u00e1sledn\u011b zaplat\u00edte na pokladn\u011b kliniky.<\/p>\n<p>Bli\u017e\u0161\u00ed informace o cen\u00e1ch zm\u00edn\u011bn\u00fdch nadstandardn\u00edch slu\u017eeb najdete na webov\u00fdch str\u00e1nk\u00e1ch VFN v sekci pro pacienty (Informace pro pacienty \u2192 Cen\u00edky v\u00fdkon\u016f).<\/p>\n                                                                    <\/div>\r\n                            <\/div>\r\n                        <\/div>\r\n                                    <\/div>\r\n                    <\/div>\r\n    <\/section>\r\n\n\n                <!-- TEXT BLOCK -->\r\n        <section\r\n                class=\"pdt-40 pdb-40 bg3\"\r\n            >\r\n            <div class=\"wrapper2 text_block\">\r\n                <h2 class=\"title_h2 text_center_mdm\">Preoperative preparation begins at home<\/h2>                                                                                    <h3 class=\"title_h3 text_center_mdm\">At least five days before the surgery, follow these instructions:<\/h3>\r\n                                                <div class=\"page_content reset_margins\">\r\n                                                                                        <ol>\n<li>Increase your daily fluid intake to at least 3 liters.<\/li>\n<li>If you suffer from constipation, purchase Lactulose at a pharmacy and take one tablespoon three times a day.<\/li>\n<li>As part of thrombosis and embolism prevention, it is necessary to have special elastic stockings for the surgery. Without these stockings, no surgery under general anesthesia can be performed. Thigh-high stockings can be purchased at a pharmacy according to the instructions of healthcare staff \u2013 you will receive an informational leaflet.<\/li>\n<li>If you have previously experienced a venous condition (inflammation of the veins in the lower limbs, thrombosis, or embolism), ask your general practitioner to issue a prescription for antithrombotic stockings. You can then collect them at a medical supply store in your area.<\/li>\n<\/ol>\n                                    <\/div>\r\n            <\/div>\r\n        <\/section>\r\n    \n\n                <!-- TEXT BLOCK -->\r\n        <section\r\n                class=\"pdt-40 pdb-40 \"\r\n            >\r\n            <div class=\"wrapper2 text_block\">\r\n                                                                                                    <h3 class=\"title_h3 text_center_mdm\">The day before hospital admission:<\/h3>\r\n                                                <div class=\"page_content reset_margins\">\r\n                                                                                        <ol>\n<li><strong>Do not eat!<\/strong><\/li>\n<li>Continue to drink plenty of fluids.<\/li>\n<li>In the evening, carefully wash and clean your navel and remove nail polish. If you have artificial nails, remove the artificial nail on at least one finger.<\/li>\n<li>You may shave the hair in your intimate areas and lower abdomen yourself. Otherwise, the nurse will do it on the day of admission.<\/li>\n<li>Agree with your relatives on a \u201cpassword\u201d for sharing information about your health status over the phone, which you will provide on the day of admission. Without this password, we cannot inform your relatives.<\/li>\n<\/ol>\n                                    <\/div>\r\n            <\/div>\r\n        <\/section>\r\n    \n\n                <!-- TEXT BLOCK -->\r\n        <section\r\n                class=\"pdt-40 pdb-40 bg3\"\r\n            >\r\n            <div class=\"wrapper2 text_block\">\r\n                                                                                                    <h3 class=\"title_h3 text_center_mdm\">Morning on the day of hospital admission:<\/h3>\r\n                                                <div class=\"page_content reset_margins\">\r\n                                                                                        <ol>\n<li>Have a light <strong>breakfast. Do not fast!<\/strong> Continue to drink plenty of <strong>fluids<\/strong>. You may also take one of the nutritional supplements mentioned above.<\/li>\n<li>Do not forget to bring your <strong>personal documents<\/strong> \u2013 national <strong>ID card<\/strong> (or another valid identity document, e.g., passport), a valid European health insurance card <strong>(EHIC)<\/strong>, and all <strong>forms<\/strong> you received at the clinic when the surgery was decided (carefully fill out especially the Consent for Hospitalization \u2013 including contacts of your relatives).<\/li>\n<li>Bring all <strong>medications you are taking<\/strong> in quantities sufficient for the expected duration of hospitalization, in the original packaging (boxes or individual blisters), and do not bring medications in pill organizers:\n<ol>\n<li>Hand them over to the admission nurse,<\/li>\n<li>They will be stored in a separate container with your name,<\/li>\n<li>The staff will administer them along with other prescribed medications,<\/li>\n<li>Any remaining medication will be returned to you upon discharge.<\/li>\n<\/ol>\n<\/li>\n<li>Bring a <strong>nightgown, robe, slippers, toiletries, towel,<\/strong> and a small bag (e.g., plastic) for the day of surgery to store essential items; other belongings remain in the department.<\/li>\n<li>Leave all <strong>valuables<\/strong> and payment cards at home, remove all jewelry including piercings. Do not wear makeup.<\/li>\n<li>Bring your decision on temporary work incapacity \u2013 a printed copy of the \u201c<strong>eNeschopenka<\/strong>\u201d if issued before admission. If you need an \u201ceNeschopenka\u201d issued, prepare:\n<ol>\n<li><strong>Exact address of your place of stay during incapacity<\/strong> (if different from permanent address),<\/li>\n<li><strong>Full address of your employer,<\/strong><\/li>\n<li><strong>Name and complete address of your gynecologist.<\/strong><\/li>\n<\/ol>\n<\/li>\n<\/ol>\n                                    <\/div>\r\n            <\/div>\r\n        <\/section>\r\n    \n\n                <!-- TEXT BLOCK -->\r\n        <section\r\n                class=\"pdt-40 pdb-40 \"\r\n            >\r\n            <div class=\"wrapper2 text_block\">\r\n                                                                                                    <h3 class=\"title_h3 text_center_mdm\">Prevention of unwanted blood clots (thrombosis) and pulmonary embolism<\/h3>\r\n                                                <div class=\"page_content reset_margins\">\r\n                                                                                        <p>In addition to elastic stockings, after complex surgeries for malignant tumors and in high-risk patients with a history of thrombosis or embolism, prolonged administration of injectable medications to prevent excessive blood clotting (Clexane, Fraxiparine, Inhixa, etc.) is necessary. The usual duration of preventive treatment is 28 days after surgery. You will be provided with a 3-day supply upon discharge, and your general practitioner or our internal clinic will arrange the prescription for the remaining medication. During hospitalization, it is not possible to issue a prescription, so it is advantageous to obtain one of the listed medications before admission. The medication is easy to administer, and most patients can manage it themselves.<\/p>\n<p>For any questions, contact the doctors and nurses of the <strong>Oncogynecology Clinic at +420 224 967 481<\/strong> or the inpatient <strong>Oncogynecology Department at +420 224 967 440 and +420 224 967 451.<\/strong><\/p>\n                                    <\/div>\r\n            <\/div>\r\n        <\/section>\r\n    \n\n                <!-- TEXT BLOCK -->\r\n        <section\r\n                class=\"pdt-40 pdb-40 bg3\"\r\n            >\r\n            <div class=\"wrapper2 text_block\">\r\n                                                                                                                <div class=\"page_content reset_margins\">\r\n                                                                                        <p>More information about hospitalization can be found in the Internal Regulations of VFN here: <a href=\"https:\/\/www.vfn.cz\/pacienti\/vnitrni-rad-vfn\/\">https:\/\/www.vfn.cz\/pacienti\/vnitrni-rad-vfn\/<\/a><\/p>\n<p><strong>On behalf of the staff of KGPN VFN Prague and the 1st Faculty of Medicine, Charles University:<\/strong><\/p>\n<p><span style=\"text-decoration: underline;\">Prof. MUDr. David Cibula, CSc.<\/span> \u2013 Head of the Department of Gynecology, Obstetrics, and Neonatology and Chief Physician of the Oncogynecology field<\/p>\n<p><span style=\"text-decoration: underline;\">Prof. MUDr. Ji\u0159\u00ed Sl\u00e1ma, Ph.D.<\/span> \u2013 Deputy Head of the Department of Gynecology, Obstetrics, and Neonatology and Chief Physician of the Oncogynecology Department<\/p>\n                                    <\/div>\r\n            <\/div>\r\n        <\/section>\r\n    ","protected":false},"excerpt":{"rendered":"","protected":false},"author":6,"featured_media":0,"parent":0,"menu_order":0,"comment_status":"closed","ping_status":"closed","template":"","meta":{"_acf_changed":false,"footnotes":""},"class_list":["post-14418","page","type-page","status-publish","hentry"],"acf":[],"yoast_head":"<!-- This site is optimized with the Yoast SEO plugin v26.2 - https:\/\/yoast.com\/wordpress\/plugins\/seo\/ -->\n<title>INFORMATION BEFORE A PLANNED ONCOGYNECOLOGICAL SURGERY - Porodnice U Apolin\u00e1\u0159e<\/title>\n<meta name=\"robots\" content=\"index, follow, max-snippet:-1, max-image-preview:large, max-video-preview:-1\" \/>\n<link rel=\"canonical\" href=\"https:\/\/apolinar.eu\/en\/informace-pred-planovanou-onkogynekologickou-operaci\/\" \/>\n<meta property=\"og:locale\" content=\"en_US\" \/>\n<meta property=\"og:type\" content=\"article\" \/>\n<meta property=\"og:title\" content=\"INFORMATION BEFORE A PLANNED ONCOGYNECOLOGICAL SURGERY - Porodnice U Apolin\u00e1\u0159e\" \/>\n<meta property=\"og:url\" content=\"https:\/\/apolinar.eu\/en\/informace-pred-planovanou-onkogynekologickou-operaci\/\" \/>\n<meta property=\"og:site_name\" content=\"Porodnice U Apolin\u00e1\u0159e\" \/>\n<meta property=\"article:modified_time\" content=\"2025-09-01T21:21:54+00:00\" \/>\n<meta name=\"twitter:card\" content=\"summary_large_image\" \/>\n<script type=\"application\/ld+json\" class=\"yoast-schema-graph\">{\"@context\":\"https:\/\/schema.org\",\"@graph\":[{\"@type\":\"WebPage\",\"@id\":\"https:\/\/apolinar.eu\/en\/informace-pred-planovanou-onkogynekologickou-operaci\/\",\"url\":\"https:\/\/apolinar.eu\/en\/informace-pred-planovanou-onkogynekologickou-operaci\/\",\"name\":\"INFORMATION BEFORE A PLANNED ONCOGYNECOLOGICAL SURGERY - Porodnice U Apolin\u00e1\u0159e\",\"isPartOf\":{\"@id\":\"https:\/\/apolinar.eu\/en\/#website\"},\"datePublished\":\"2024-09-06T08:37:23+00:00\",\"dateModified\":\"2025-09-01T21:21:54+00:00\",\"breadcrumb\":{\"@id\":\"https:\/\/apolinar.eu\/en\/informace-pred-planovanou-onkogynekologickou-operaci\/#breadcrumb\"},\"inLanguage\":\"en-US\",\"potentialAction\":[{\"@type\":\"ReadAction\",\"target\":[\"https:\/\/apolinar.eu\/en\/informace-pred-planovanou-onkogynekologickou-operaci\/\"]}]},{\"@type\":\"BreadcrumbList\",\"@id\":\"https:\/\/apolinar.eu\/en\/informace-pred-planovanou-onkogynekologickou-operaci\/#breadcrumb\",\"itemListElement\":[{\"@type\":\"ListItem\",\"position\":1,\"name\":\"Dom\u016f\",\"item\":\"https:\/\/apolinar.eu\/en\/\"},{\"@type\":\"ListItem\",\"position\":2,\"name\":\"INFORMATION BEFORE A PLANNED ONCOGYNECOLOGICAL SURGERY\"}]},{\"@type\":\"WebSite\",\"@id\":\"https:\/\/apolinar.eu\/en\/#website\",\"url\":\"https:\/\/apolinar.eu\/en\/\",\"name\":\"Porodnice U Apolin\u00e1\u0159e\",\"description\":\"Klinika gynekologie, porodnictv\u00ed a neonatologie 1. LF UK a VFN v Praze\",\"potentialAction\":[{\"@type\":\"SearchAction\",\"target\":{\"@type\":\"EntryPoint\",\"urlTemplate\":\"https:\/\/apolinar.eu\/en\/?s={search_term_string}\"},\"query-input\":{\"@type\":\"PropertyValueSpecification\",\"valueRequired\":true,\"valueName\":\"search_term_string\"}}],\"inLanguage\":\"en-US\"}]}<\/script>\n<!-- \/ Yoast SEO plugin. -->","yoast_head_json":{"title":"INFORMATION BEFORE A PLANNED ONCOGYNECOLOGICAL SURGERY - Porodnice U Apolin\u00e1\u0159e","robots":{"index":"index","follow":"follow","max-snippet":"max-snippet:-1","max-image-preview":"max-image-preview:large","max-video-preview":"max-video-preview:-1"},"canonical":"https:\/\/apolinar.eu\/en\/informace-pred-planovanou-onkogynekologickou-operaci\/","og_locale":"en_US","og_type":"article","og_title":"INFORMATION BEFORE A PLANNED ONCOGYNECOLOGICAL SURGERY - Porodnice U Apolin\u00e1\u0159e","og_url":"https:\/\/apolinar.eu\/en\/informace-pred-planovanou-onkogynekologickou-operaci\/","og_site_name":"Porodnice U Apolin\u00e1\u0159e","article_modified_time":"2025-09-01T21:21:54+00:00","twitter_card":"summary_large_image","schema":{"@context":"https:\/\/schema.org","@graph":[{"@type":"WebPage","@id":"https:\/\/apolinar.eu\/en\/informace-pred-planovanou-onkogynekologickou-operaci\/","url":"https:\/\/apolinar.eu\/en\/informace-pred-planovanou-onkogynekologickou-operaci\/","name":"INFORMATION BEFORE A PLANNED ONCOGYNECOLOGICAL SURGERY - Porodnice U Apolin\u00e1\u0159e","isPartOf":{"@id":"https:\/\/apolinar.eu\/en\/#website"},"datePublished":"2024-09-06T08:37:23+00:00","dateModified":"2025-09-01T21:21:54+00:00","breadcrumb":{"@id":"https:\/\/apolinar.eu\/en\/informace-pred-planovanou-onkogynekologickou-operaci\/#breadcrumb"},"inLanguage":"en-US","potentialAction":[{"@type":"ReadAction","target":["https:\/\/apolinar.eu\/en\/informace-pred-planovanou-onkogynekologickou-operaci\/"]}]},{"@type":"BreadcrumbList","@id":"https:\/\/apolinar.eu\/en\/informace-pred-planovanou-onkogynekologickou-operaci\/#breadcrumb","itemListElement":[{"@type":"ListItem","position":1,"name":"Dom\u016f","item":"https:\/\/apolinar.eu\/en\/"},{"@type":"ListItem","position":2,"name":"INFORMATION BEFORE A PLANNED ONCOGYNECOLOGICAL SURGERY"}]},{"@type":"WebSite","@id":"https:\/\/apolinar.eu\/en\/#website","url":"https:\/\/apolinar.eu\/en\/","name":"Porodnice U Apolin\u00e1\u0159e","description":"Klinika gynekologie, porodnictv\u00ed a neonatologie 1. LF UK a VFN v Praze","potentialAction":[{"@type":"SearchAction","target":{"@type":"EntryPoint","urlTemplate":"https:\/\/apolinar.eu\/en\/?s={search_term_string}"},"query-input":{"@type":"PropertyValueSpecification","valueRequired":true,"valueName":"search_term_string"}}],"inLanguage":"en-US"}]}},"_links":{"self":[{"href":"https:\/\/apolinar.eu\/en\/wp-json\/wp\/v2\/pages\/14418","targetHints":{"allow":["GET"]}}],"collection":[{"href":"https:\/\/apolinar.eu\/en\/wp-json\/wp\/v2\/pages"}],"about":[{"href":"https:\/\/apolinar.eu\/en\/wp-json\/wp\/v2\/types\/page"}],"author":[{"embeddable":true,"href":"https:\/\/apolinar.eu\/en\/wp-json\/wp\/v2\/users\/6"}],"replies":[{"embeddable":true,"href":"https:\/\/apolinar.eu\/en\/wp-json\/wp\/v2\/comments?post=14418"}],"version-history":[{"count":6,"href":"https:\/\/apolinar.eu\/en\/wp-json\/wp\/v2\/pages\/14418\/revisions"}],"predecessor-version":[{"id":14426,"href":"https:\/\/apolinar.eu\/en\/wp-json\/wp\/v2\/pages\/14418\/revisions\/14426"}],"wp:attachment":[{"href":"https:\/\/apolinar.eu\/en\/wp-json\/wp\/v2\/media?parent=14418"}],"curies":[{"name":"wp","href":"https:\/\/api.w.org\/{rel}","templated":true}]}}