{"id":14394,"date":"2023-07-07T15:19:18","date_gmt":"2023-07-07T13:19:18","guid":{"rendered":"https:\/\/apolinar.eu\/mam-podezreni-na-nadorove-onemocneni\/"},"modified":"2025-09-01T23:12:40","modified_gmt":"2025-09-01T21:12:40","slug":"mam-podezreni-na-nadorove-onemocneni","status":"publish","type":"page","link":"https:\/\/apolinar.eu\/en\/mam-podezreni-na-nadorove-onemocneni\/","title":{"rendered":"Obecn\u00e9 informace"},"content":{"rendered":"                <!-- TEXT BLOCK -->\r\n        <section\r\n                class=\"pdt-80 pdb-40 \"\r\n            >\r\n            <div class=\"wrapper2 text_block\">\r\n                <h1 class=\"title_h2 text_center_mdm\">General information<\/h1>                                                                                                <div class=\"page_content reset_margins\">\r\n                                                        <\/div>\r\n            <\/div>\r\n        <\/section>\r\n    \n\n                <!-- TEXT BLOCK -->\r\n        <section\r\n                class=\"pdt-40 pdb-40 bg3\"\r\n            id=\"01\">\r\n            <div class=\"wrapper2 text_block\">\r\n                                                                    <div class=\"tags mgt-10 responsive\">\r\n                        <div class=\"inner justify-center-mdm\">\r\n                                                                                                                <\/div>\r\n                    <\/div>\r\n                                                                    <h3 class=\"title_h3 text_center_mdm\">You are being referred for an expert examination of the cervix or external genitalia \/ You are being recommended a conization or biopsy<\/h3>\r\n                                                <div class=\"page_content reset_margins\">\r\n                                                                                        <p>Findings on the cervix or external genitalia will be examined using a colposcope as part of a check-up at the Center for Cancer Prevention (COP). This examination is similar to the one you are used to at your gynecologist. A specialist doctor at our center will further evaluate the results of your previous tests and recommend the next steps. Most findings do not require surgical treatment. In that case, we will invite you for a follow-up visit or recommend monitoring with your gynecologist.  <\/p>\n<p>In some cases, the diagnosis will be clarified by taking a tissue sample.  <\/p>\n<p>For more serious findings, a conization will be recommended \u2013 a short procedure on the cervix in which tissue with precancerous changes is removed. This procedure can be performed at our facility under either general or local anesthesia.  <\/p>\n<h4><strong>Contact: Center for Cancer Prevention, +420 224 967 480, +420 224 967 481.<\/strong><\/h4>\n                                    <\/div>\r\n            <\/div>\r\n        <\/section>\r\n    \n\n        <section\r\n            class=\"pdt-40 pdb-40 \"\r\n        id=\"02\">\r\n        <div class=\"wrapper2\">\r\n                            <div class=\"text_block observe anim_drop1 anim_delay\">\r\n                                                                                                                <h3 class=\"title_h3 color2\">\r\n                                You are being referred for an expert ultrasound examination                            <\/h3>\r\n                                                                <div class=\"page_content reset_margins\">\r\n                        <p><p>Ultrasound examination is the most accurate method for diagnosing gynecological tumors. In cases of suspected gynecological malignancy, you may be advised to have a sample taken with a tru-cut needle. This modern procedure allows for a histological diagnosis without the need for surgery.<\/p>\n<\/p>\r\n                    <\/div>\r\n                                            <a href=\"https:\/\/apolinar.eu\/en\/gynekologie\/gynekologicky-ultrazvuk\/\"\r\n                           title=\"Make an appointment\"\r\n                                                      class=\"btn_basic\">\r\n                            Make an appointment                        <\/a>\r\n                                    <\/div>\r\n                    <\/div>\r\n    <\/section>\r\n\n\n                <!-- TEXT BLOCK -->\r\n        <section\r\n                class=\"pdt-40 pdb-40 bg3\"\r\n            id=\"03\">\r\n            <div class=\"wrapper2 text_block\">\r\n                                                                                                    <h3 class=\"title_h3 text_center_mdm\">You are being referred for tumor surgery<\/h3>\r\n                                                <div class=\"page_content reset_margins\">\r\n                                                                                        <p>Before oncogynecological surgery, it is crucial to evaluate the results of your previous examinations and plan the most appropriate type of procedure.<\/p>\n<p>For this purpose, there is an indication clinic where you will meet with our experts and personally discuss your concerns with them. For most patients, an oncogynecological ultrasound is also performed during this appointment. At the end of the examination, you will be recommended the most suitable course of action \u2013 surgery, starting treatment with medication, monitoring, etc.<\/p>\n<p>An integral part of oncological treatment is also care for your mental health and nutrition. That is why our team also includes a psychologist and a nutrition specialist.<\/p>\n<p><strong>Contact: Indication Clinic, +420 224 967 480, +420 224 967 481.<\/strong><\/p>\n                                    <\/div>\r\n            <\/div>\r\n        <\/section>\r\n    \n\n                <!-- TEXT BLOCK -->\r\n        <section\r\n                class=\"pdt-40 pdb-40 \"\r\n            id=\"04\">\r\n            <div class=\"wrapper2 text_block\">\r\n                                                                                                    <h3 class=\"title_h3 text_center_mdm\">When you want to get a second opinion on treatment<\/h3>\r\n                                                <div class=\"page_content reset_margins\">\r\n                                                                                        <p>Oncogynecological treatment often involves extensive surgical procedures, chemotherapy, or other demanding interventions. It is therefore natural that you want to be certain about the proposed approach. If you would like to discuss a treatment plan suggested at another medical facility, we will be happy to provide you with a non-binding consultation.<\/p>\n<p><strong>Contact: Oncogynecological Clinic, +420 224 967 480, +420 224 967 481.<\/strong><\/p>\n                                    <\/div>\r\n            <\/div>\r\n        <\/section>\r\n    \n\n                <!-- TEXT BLOCK -->\r\n        <section\r\n                class=\"pdt-40 pdb-40 bg3\"\r\n            id=\"05\">\r\n            <div class=\"wrapper2 text_block\">\r\n                                                                                                    <h3 class=\"title_h3 text_center_mdm\">You have a rare type of tumor<\/h3>\r\n                                                <div class=\"page_content reset_margins\">\r\n                                                                                        <p>In gynecology, there are many types of tumors that are very rare. An ordinary doctor may encounter them either not at all during their career, or only very rarely. These atypical tumors often require specific treatment and monitoring. If you have been diagnosed (even in the past) with such a type of tumor, <strong>we will be happy to welcome you to our Rare Tumors Clinic.<\/strong><\/p>\n<p><strong>Contact: Rare Tumors Clinic, +420 224 967 480, +420 224 967 481.<\/strong><\/p>\n                                    <\/div>\r\n            <\/div>\r\n        <\/section>\r\n    \n\n                <!-- TEXT BLOCK -->\r\n        <section\r\n                class=\"pdt-40 pdb-40 \"\r\n            id=\"06\">\r\n            <div class=\"wrapper2 text_block\">\r\n                                                                                                    <h3 class=\"title_h3 text_center_mdm\">I have a genetic risk of cancer<\/h3>\r\n                                                <div class=\"page_content reset_margins\">\r\n                                                                                        <p>Many gynecological tumors are closely linked to damage (mutations) in specific genes. Patients who carry these mutations are monitored in a special clinic of our department, where they discuss options such as preventive surgeries, the use of hormonal medications, attempts at conception, and other matters. Although carrying gene mutations associated with gynecological cancers does not represent any stigma for patients, it is advisable to stay in contact with our experts, who will provide you with access to the latest approaches in this field.  <\/p>\n<h4><strong>Contact: Clinic for Individuals with Hereditary Predisposition to Malignant Tumors [Faculty Polyclinic] +420 224 966 643.<\/strong><\/h4>\n                                    <\/div>\r\n            <\/div>\r\n        <\/section>\r\n    \n\n                <!-- TEXT BLOCK -->\r\n        <section\r\n                class=\"pdt-40 pdb-80 bg3\"\r\n            id=\"07\">\r\n            <div class=\"wrapper2 text_block\">\r\n                                                                                                    <h3 class=\"title_h3 text_center_mdm\">I am interested in participating in a clinical trial<\/h3>\r\n                                                <div class=\"page_content reset_margins\">\r\n                                                                                        <p>The benefit of participating in a clinical trial is not only the good feeling of contributing to medical knowledge. Clinical trials also provide access to the newest medications years before they are available through public insurance in the Czech Republic. All clinical trials are approved by an Ethics Committee, so there is no risk that your treatment would be worse than outside the trial. For this reason, our facility strives to enroll as many suitable patients as possible in clinical trials. We will be happy to discuss the possibilities of joining a clinical trial with you as part of your treatment.<\/p>\n<p><strong>Contact: Oncology Clinic<\/strong>, <strong>+420 224 967 480, +420 224 967 481.<\/strong><\/p>\n                                    <\/div>\r\n            <\/div>\r\n        <\/section>\r\n    ","protected":false},"excerpt":{"rendered":"","protected":false},"author":4,"featured_media":0,"parent":0,"menu_order":0,"comment_status":"closed","ping_status":"closed","template":"","meta":{"_acf_changed":false,"footnotes":""},"class_list":["post-14394","page","type-page","status-publish","hentry"],"acf":[],"yoast_head":"<!-- This site is optimized with the Yoast SEO plugin v26.2 - https:\/\/yoast.com\/wordpress\/plugins\/seo\/ -->\n<title>Obecn\u00e9 informace - Porodnice U Apolin\u00e1\u0159e<\/title>\n<meta name=\"robots\" content=\"index, follow, max-snippet:-1, max-image-preview:large, max-video-preview:-1\" \/>\n<link rel=\"canonical\" href=\"https:\/\/apolinar.eu\/en\/mam-podezreni-na-nadorove-onemocneni\/\" \/>\n<meta property=\"og:locale\" content=\"en_US\" \/>\n<meta property=\"og:type\" content=\"article\" \/>\n<meta property=\"og:title\" content=\"Obecn\u00e9 informace - Porodnice U Apolin\u00e1\u0159e\" \/>\n<meta property=\"og:url\" content=\"https:\/\/apolinar.eu\/en\/mam-podezreni-na-nadorove-onemocneni\/\" \/>\n<meta property=\"og:site_name\" content=\"Porodnice U Apolin\u00e1\u0159e\" \/>\n<meta property=\"article:modified_time\" content=\"2025-09-01T21:12:40+00:00\" \/>\n<meta name=\"twitter:card\" content=\"summary_large_image\" \/>\n<script type=\"application\/ld+json\" class=\"yoast-schema-graph\">{\"@context\":\"https:\/\/schema.org\",\"@graph\":[{\"@type\":\"WebPage\",\"@id\":\"https:\/\/apolinar.eu\/en\/mam-podezreni-na-nadorove-onemocneni\/\",\"url\":\"https:\/\/apolinar.eu\/en\/mam-podezreni-na-nadorove-onemocneni\/\",\"name\":\"Obecn\u00e9 informace - Porodnice U Apolin\u00e1\u0159e\",\"isPartOf\":{\"@id\":\"https:\/\/apolinar.eu\/en\/#website\"},\"datePublished\":\"2023-07-07T13:19:18+00:00\",\"dateModified\":\"2025-09-01T21:12:40+00:00\",\"breadcrumb\":{\"@id\":\"https:\/\/apolinar.eu\/en\/mam-podezreni-na-nadorove-onemocneni\/#breadcrumb\"},\"inLanguage\":\"en-US\",\"potentialAction\":[{\"@type\":\"ReadAction\",\"target\":[\"https:\/\/apolinar.eu\/en\/mam-podezreni-na-nadorove-onemocneni\/\"]}]},{\"@type\":\"BreadcrumbList\",\"@id\":\"https:\/\/apolinar.eu\/en\/mam-podezreni-na-nadorove-onemocneni\/#breadcrumb\",\"itemListElement\":[{\"@type\":\"ListItem\",\"position\":1,\"name\":\"Dom\u016f\",\"item\":\"https:\/\/apolinar.eu\/en\/\"},{\"@type\":\"ListItem\",\"position\":2,\"name\":\"Obecn\u00e9 informace\"}]},{\"@type\":\"WebSite\",\"@id\":\"https:\/\/apolinar.eu\/en\/#website\",\"url\":\"https:\/\/apolinar.eu\/en\/\",\"name\":\"Porodnice U Apolin\u00e1\u0159e\",\"description\":\"Klinika gynekologie, porodnictv\u00ed a neonatologie 1. LF UK a VFN v Praze\",\"potentialAction\":[{\"@type\":\"SearchAction\",\"target\":{\"@type\":\"EntryPoint\",\"urlTemplate\":\"https:\/\/apolinar.eu\/en\/?s={search_term_string}\"},\"query-input\":{\"@type\":\"PropertyValueSpecification\",\"valueRequired\":true,\"valueName\":\"search_term_string\"}}],\"inLanguage\":\"en-US\"}]}<\/script>\n<!-- \/ Yoast SEO plugin. -->","yoast_head_json":{"title":"Obecn\u00e9 informace - Porodnice U Apolin\u00e1\u0159e","robots":{"index":"index","follow":"follow","max-snippet":"max-snippet:-1","max-image-preview":"max-image-preview:large","max-video-preview":"max-video-preview:-1"},"canonical":"https:\/\/apolinar.eu\/en\/mam-podezreni-na-nadorove-onemocneni\/","og_locale":"en_US","og_type":"article","og_title":"Obecn\u00e9 informace - Porodnice U Apolin\u00e1\u0159e","og_url":"https:\/\/apolinar.eu\/en\/mam-podezreni-na-nadorove-onemocneni\/","og_site_name":"Porodnice U Apolin\u00e1\u0159e","article_modified_time":"2025-09-01T21:12:40+00:00","twitter_card":"summary_large_image","schema":{"@context":"https:\/\/schema.org","@graph":[{"@type":"WebPage","@id":"https:\/\/apolinar.eu\/en\/mam-podezreni-na-nadorove-onemocneni\/","url":"https:\/\/apolinar.eu\/en\/mam-podezreni-na-nadorove-onemocneni\/","name":"Obecn\u00e9 informace - Porodnice U Apolin\u00e1\u0159e","isPartOf":{"@id":"https:\/\/apolinar.eu\/en\/#website"},"datePublished":"2023-07-07T13:19:18+00:00","dateModified":"2025-09-01T21:12:40+00:00","breadcrumb":{"@id":"https:\/\/apolinar.eu\/en\/mam-podezreni-na-nadorove-onemocneni\/#breadcrumb"},"inLanguage":"en-US","potentialAction":[{"@type":"ReadAction","target":["https:\/\/apolinar.eu\/en\/mam-podezreni-na-nadorove-onemocneni\/"]}]},{"@type":"BreadcrumbList","@id":"https:\/\/apolinar.eu\/en\/mam-podezreni-na-nadorove-onemocneni\/#breadcrumb","itemListElement":[{"@type":"ListItem","position":1,"name":"Dom\u016f","item":"https:\/\/apolinar.eu\/en\/"},{"@type":"ListItem","position":2,"name":"Obecn\u00e9 informace"}]},{"@type":"WebSite","@id":"https:\/\/apolinar.eu\/en\/#website","url":"https:\/\/apolinar.eu\/en\/","name":"Porodnice U Apolin\u00e1\u0159e","description":"Klinika gynekologie, porodnictv\u00ed a neonatologie 1. LF UK a VFN v Praze","potentialAction":[{"@type":"SearchAction","target":{"@type":"EntryPoint","urlTemplate":"https:\/\/apolinar.eu\/en\/?s={search_term_string}"},"query-input":{"@type":"PropertyValueSpecification","valueRequired":true,"valueName":"search_term_string"}}],"inLanguage":"en-US"}]}},"_links":{"self":[{"href":"https:\/\/apolinar.eu\/en\/wp-json\/wp\/v2\/pages\/14394","targetHints":{"allow":["GET"]}}],"collection":[{"href":"https:\/\/apolinar.eu\/en\/wp-json\/wp\/v2\/pages"}],"about":[{"href":"https:\/\/apolinar.eu\/en\/wp-json\/wp\/v2\/types\/page"}],"author":[{"embeddable":true,"href":"https:\/\/apolinar.eu\/en\/wp-json\/wp\/v2\/users\/4"}],"replies":[{"embeddable":true,"href":"https:\/\/apolinar.eu\/en\/wp-json\/wp\/v2\/comments?post=14394"}],"version-history":[{"count":17,"href":"https:\/\/apolinar.eu\/en\/wp-json\/wp\/v2\/pages\/14394\/revisions"}],"predecessor-version":[{"id":14414,"href":"https:\/\/apolinar.eu\/en\/wp-json\/wp\/v2\/pages\/14394\/revisions\/14414"}],"wp:attachment":[{"href":"https:\/\/apolinar.eu\/en\/wp-json\/wp\/v2\/media?parent=14394"}],"curies":[{"name":"wp","href":"https:\/\/api.w.org\/{rel}","templated":true}]}}