{"id":14390,"date":"2023-12-07T16:07:12","date_gmt":"2023-12-07T15:07:12","guid":{"rendered":"https:\/\/apolinar.eu\/mam-problemy-s-kojenim\/"},"modified":"2025-09-01T23:01:32","modified_gmt":"2025-09-01T21:01:32","slug":"mam-problemy-s-kojenim","status":"publish","type":"page","link":"https:\/\/apolinar.eu\/en\/mam-problemy-s-kojenim\/","title":{"rendered":"I have problems with breastfeeding"},"content":{"rendered":"                <!-- TEXT BLOCK -->\r\n        <section\r\n                class=\"pdt-70 pdb-30 \"\r\n            >\r\n            <div class=\"wrapper2 text_block\">\r\n                <h2 class=\"title_h2 text_center_mdm\">I have problems with breastfeeding<\/h2>                                                                                                <div class=\"page_content reset_margins\">\r\n                                                        <\/div>\r\n            <\/div>\r\n        <\/section>\r\n    \n\n                <!-- TEXT BLOCK -->\r\n        <section\r\n                class=\"pdt-20 pdb-20 bg3\"\r\n            >\r\n            <div class=\"wrapper2 text_block\">\r\n                                                                                                                <div class=\"page_content reset_margins\">\r\n                                                                                        <p>If, after being discharged home from the maternity ward, you do not feel confident about breastfeeding or problems arise over time that you do not know how to handle, contact our lactation consultancy, where we will provide you with individual support.<\/p>\n<h4>Visit our lactation consultancy:<\/h4>\n                                    <\/div>\r\n            <\/div>\r\n        <\/section>\r\n    \n\n                <div class=\"pdt-40 pdb-80 pdt-30lg pdb-60lg \"\r\n            >\r\n            <div class=\"wrapper2\">\r\n                <div class=\"box_text\">\r\n                    <div class=\"grid align-center small-space\">\r\n                        <div class=\"box_text_text col2 col1_mdm observe anim_drop1 anim_delay\">\r\n                                                        <div class=\"page_content reset_margins with_list_symbol mgt-35\">\r\n                                <ul>\n<li><strong>WRITE TO US:<\/strong><br \/>\n<a href=\"mailto:laktacniporadna@vfn.cz\">laktacniporadna@vfn.cz<\/a><\/li>\n<li><strong>CALL US:<\/strong><br \/>\n+420 725 965 159<br \/>\nMon &#8211; Fri 8:00 &#8211; 9:30<\/li>\n<li><strong>VISIT US IN PERSON (by appointment only):<\/strong><br \/>\nMon, Wed, Fri: 8:00 &#8211; 9:30<\/li>\n<\/ul>\n                            <\/div>\r\n                        <\/div>\r\n                        <div class=\"box_text_image hide_mdm col2\">\r\n                            <div class=\"item_decor observe anim_image1 anim_delay\">\r\n                                <div>\r\n                                    <svg class=\"sico color3 toanim_bg\">\r\n                                        <use href=\"https:\/\/apolinar.eu\/wp-content\/themes\/apolinar\/assets\/layout\/icons.svg#s_ls\"\/>\r\n                                    <\/svg>\r\n                                                                                                                <div class=\"toanim_img\">\r\n                                            <img decoding=\"async\" src=\"https:\/\/apolinar.eu\/wp-content\/uploads\/2023\/06\/l5.svg\" class=\"attachment-contact_image size-contact_image\" alt=\"\" \/>                                        <\/div>\r\n                                                                    <\/div>\r\n                            <\/div>\r\n                        <\/div>\r\n                    <\/div>\r\n                <\/div>\r\n            <\/div>\r\n        <\/div>\r\n    \n\n    <!-- BLOK K -->\r\n    <section\r\n            class=\"pdt-40 pdb-80 \"\r\n        >\r\n        <div class=\"wrapper2\">\r\n                                                                                            <div class=\"grid small-space\">\r\n                                                                                <!-- ITEM 1 -->\r\n                            <div class=\"col1 bg3 radius10 pd-35 pd-25md observe anim_drop1 anim_delay dflex flex-dir-column offset_dist\">\r\n                                <div class=\"text_block w100p mgb-auto\">\r\n                                    <h3 class=\"title_h3\">We help mothers with breastfeeding<\/h3>\r\n                                                                                                                <div class=\"page_content reset_margins\">\r\n                                            <p>More about the lactation consultancy\r\n<\/p>\r\n                                        <\/div>\r\n                                                                    <\/div>\r\n                                <div class=\"pdt-20 w100p\">\r\n                                    <div class=\"grid small-space\">\r\n                                        <div class=\"col_default offset_half\">\r\n                                            <a href=\"https:\/\/apolinar.eu\/wp-content\/uploads\/2023\/07\/Laktacni-poradenstvi_letak_A4_02_web-1-e1690806552594.jpg\"\r\n                                               title=\"We help mothers with breastfeeding\"\r\n                                               target=\"_blank\"\r\n                                               class=\"btn_basic\">\r\n                                                Show                                            <\/a>\r\n                                        <\/div>\r\n                                        <div class=\"col_default offset_half\">\r\n                                            <a href=\"https:\/\/apolinar.eu\/wp-content\/uploads\/2023\/07\/Laktacni-poradenstvi_letak_A4_02_web-1-e1690806552594.jpg\"\r\n                                               title=\"We help mothers with breastfeeding\"\r\n                                               download\r\n                                               class=\"btn_basic border\">\r\n                                                Download                                            <\/a>\r\n                                        <\/div>\r\n                                    <\/div>\r\n                                <\/div>\r\n                            <\/div>\r\n                                            <\/div>\r\n                                    <\/div>\r\n    <\/section>\r\n","protected":false},"excerpt":{"rendered":"","protected":false},"author":6,"featured_media":0,"parent":0,"menu_order":0,"comment_status":"closed","ping_status":"closed","template":"","meta":{"_acf_changed":false,"footnotes":""},"class_list":["post-14390","page","type-page","status-publish","hentry"],"acf":[],"yoast_head":"<!-- This site is optimized with the Yoast SEO plugin v26.2 - https:\/\/yoast.com\/wordpress\/plugins\/seo\/ -->\n<title>I have problems with breastfeeding - Porodnice U Apolin\u00e1\u0159e<\/title>\n<meta name=\"robots\" content=\"index, follow, max-snippet:-1, max-image-preview:large, max-video-preview:-1\" \/>\n<link rel=\"canonical\" href=\"https:\/\/apolinar.eu\/en\/mam-problemy-s-kojenim\/\" \/>\n<meta property=\"og:locale\" content=\"en_US\" \/>\n<meta property=\"og:type\" content=\"article\" \/>\n<meta property=\"og:title\" content=\"I have problems with breastfeeding - Porodnice U Apolin\u00e1\u0159e\" \/>\n<meta property=\"og:url\" content=\"https:\/\/apolinar.eu\/en\/mam-problemy-s-kojenim\/\" \/>\n<meta property=\"og:site_name\" content=\"Porodnice U Apolin\u00e1\u0159e\" \/>\n<meta property=\"article:modified_time\" content=\"2025-09-01T21:01:32+00:00\" \/>\n<meta name=\"twitter:card\" content=\"summary_large_image\" \/>\n<script type=\"application\/ld+json\" class=\"yoast-schema-graph\">{\"@context\":\"https:\/\/schema.org\",\"@graph\":[{\"@type\":\"WebPage\",\"@id\":\"https:\/\/apolinar.eu\/en\/mam-problemy-s-kojenim\/\",\"url\":\"https:\/\/apolinar.eu\/en\/mam-problemy-s-kojenim\/\",\"name\":\"I have problems with breastfeeding - Porodnice U Apolin\u00e1\u0159e\",\"isPartOf\":{\"@id\":\"https:\/\/apolinar.eu\/en\/#website\"},\"datePublished\":\"2023-12-07T15:07:12+00:00\",\"dateModified\":\"2025-09-01T21:01:32+00:00\",\"breadcrumb\":{\"@id\":\"https:\/\/apolinar.eu\/en\/mam-problemy-s-kojenim\/#breadcrumb\"},\"inLanguage\":\"en-US\",\"potentialAction\":[{\"@type\":\"ReadAction\",\"target\":[\"https:\/\/apolinar.eu\/en\/mam-problemy-s-kojenim\/\"]}]},{\"@type\":\"BreadcrumbList\",\"@id\":\"https:\/\/apolinar.eu\/en\/mam-problemy-s-kojenim\/#breadcrumb\",\"itemListElement\":[{\"@type\":\"ListItem\",\"position\":1,\"name\":\"Dom\u016f\",\"item\":\"https:\/\/apolinar.eu\/en\/\"},{\"@type\":\"ListItem\",\"position\":2,\"name\":\"I have problems with breastfeeding\"}]},{\"@type\":\"WebSite\",\"@id\":\"https:\/\/apolinar.eu\/en\/#website\",\"url\":\"https:\/\/apolinar.eu\/en\/\",\"name\":\"Porodnice U Apolin\u00e1\u0159e\",\"description\":\"Klinika gynekologie, porodnictv\u00ed a neonatologie 1. LF UK a VFN v Praze\",\"potentialAction\":[{\"@type\":\"SearchAction\",\"target\":{\"@type\":\"EntryPoint\",\"urlTemplate\":\"https:\/\/apolinar.eu\/en\/?s={search_term_string}\"},\"query-input\":{\"@type\":\"PropertyValueSpecification\",\"valueRequired\":true,\"valueName\":\"search_term_string\"}}],\"inLanguage\":\"en-US\"}]}<\/script>\n<!-- \/ Yoast SEO plugin. -->","yoast_head_json":{"title":"I have problems with breastfeeding - Porodnice U Apolin\u00e1\u0159e","robots":{"index":"index","follow":"follow","max-snippet":"max-snippet:-1","max-image-preview":"max-image-preview:large","max-video-preview":"max-video-preview:-1"},"canonical":"https:\/\/apolinar.eu\/en\/mam-problemy-s-kojenim\/","og_locale":"en_US","og_type":"article","og_title":"I have problems with breastfeeding - Porodnice U Apolin\u00e1\u0159e","og_url":"https:\/\/apolinar.eu\/en\/mam-problemy-s-kojenim\/","og_site_name":"Porodnice U Apolin\u00e1\u0159e","article_modified_time":"2025-09-01T21:01:32+00:00","twitter_card":"summary_large_image","schema":{"@context":"https:\/\/schema.org","@graph":[{"@type":"WebPage","@id":"https:\/\/apolinar.eu\/en\/mam-problemy-s-kojenim\/","url":"https:\/\/apolinar.eu\/en\/mam-problemy-s-kojenim\/","name":"I have problems with breastfeeding - Porodnice U Apolin\u00e1\u0159e","isPartOf":{"@id":"https:\/\/apolinar.eu\/en\/#website"},"datePublished":"2023-12-07T15:07:12+00:00","dateModified":"2025-09-01T21:01:32+00:00","breadcrumb":{"@id":"https:\/\/apolinar.eu\/en\/mam-problemy-s-kojenim\/#breadcrumb"},"inLanguage":"en-US","potentialAction":[{"@type":"ReadAction","target":["https:\/\/apolinar.eu\/en\/mam-problemy-s-kojenim\/"]}]},{"@type":"BreadcrumbList","@id":"https:\/\/apolinar.eu\/en\/mam-problemy-s-kojenim\/#breadcrumb","itemListElement":[{"@type":"ListItem","position":1,"name":"Dom\u016f","item":"https:\/\/apolinar.eu\/en\/"},{"@type":"ListItem","position":2,"name":"I have problems with breastfeeding"}]},{"@type":"WebSite","@id":"https:\/\/apolinar.eu\/en\/#website","url":"https:\/\/apolinar.eu\/en\/","name":"Porodnice U Apolin\u00e1\u0159e","description":"Klinika gynekologie, porodnictv\u00ed a neonatologie 1. LF UK a VFN v Praze","potentialAction":[{"@type":"SearchAction","target":{"@type":"EntryPoint","urlTemplate":"https:\/\/apolinar.eu\/en\/?s={search_term_string}"},"query-input":{"@type":"PropertyValueSpecification","valueRequired":true,"valueName":"search_term_string"}}],"inLanguage":"en-US"}]}},"_links":{"self":[{"href":"https:\/\/apolinar.eu\/en\/wp-json\/wp\/v2\/pages\/14390","targetHints":{"allow":["GET"]}}],"collection":[{"href":"https:\/\/apolinar.eu\/en\/wp-json\/wp\/v2\/pages"}],"about":[{"href":"https:\/\/apolinar.eu\/en\/wp-json\/wp\/v2\/types\/page"}],"author":[{"embeddable":true,"href":"https:\/\/apolinar.eu\/en\/wp-json\/wp\/v2\/users\/6"}],"replies":[{"embeddable":true,"href":"https:\/\/apolinar.eu\/en\/wp-json\/wp\/v2\/comments?post=14390"}],"version-history":[{"count":2,"href":"https:\/\/apolinar.eu\/en\/wp-json\/wp\/v2\/pages\/14390\/revisions"}],"predecessor-version":[{"id":14393,"href":"https:\/\/apolinar.eu\/en\/wp-json\/wp\/v2\/pages\/14390\/revisions\/14393"}],"wp:attachment":[{"href":"https:\/\/apolinar.eu\/en\/wp-json\/wp\/v2\/media?parent=14390"}],"curies":[{"name":"wp","href":"https:\/\/api.w.org\/{rel}","templated":true}]}}