{"id":14375,"date":"2024-01-23T15:12:00","date_gmt":"2024-01-23T14:12:00","guid":{"rendered":"https:\/\/apolinar.eu\/krmeni-nedonosenych-novorozencu\/"},"modified":"2025-09-01T22:53:54","modified_gmt":"2025-09-01T20:53:54","slug":"krmeni-nedonosenych-novorozencu","status":"publish","type":"page","link":"https:\/\/apolinar.eu\/en\/krmeni-nedonosenych-novorozencu\/","title":{"rendered":"FEEDING PRETERM NEWBORNS"},"content":{"rendered":"                <!-- TEXT BLOCK -->\r\n        <section\r\n                class=\"pdt-80 pdb-20 \"\r\n            >\r\n            <div class=\"wrapper2 text_block\">\r\n                <h1 class=\"title_h2 text_center_mdm\">FEEDING PRETERM NEWBORNS<\/h1>                                                                                                <div class=\"page_content reset_margins\">\r\n                                                        <\/div>\r\n            <\/div>\r\n        <\/section>\r\n    \n\n                <!-- TEXT BLOCK -->\r\n        <section\r\n                class=\"pdt-40 pdb-40 bg3\"\r\n            >\r\n            <div class=\"wrapper2 text_block\">\r\n                                                                                                    <h3 class=\"title_h3 text_center_mdm\">The importance of breast milk for a preterm infant<\/h3>\r\n                                                <div class=\"page_content reset_margins\">\r\n                                                                                        <div class=\"x_elementToProof\">Breast milk contains a range of immunological and anti-inflammatory factors that help the baby defend against infections.<\/div>\n<ul>\n<li class=\"x_elementToProof\">The baby receives ready-made antibodies against bacteria and viruses present in your body.<\/li>\n<li class=\"x_elementToProof\">Preterm infants fed with breast milk are less likely to develop the feared intestinal inflammation.<\/li>\n<li class=\"x_elementToProof\">Breast milk contains most of the important hormones and growth factors that positively affect the baby&#8217;s body.<\/li>\n<\/ul>\n                                    <\/div>\r\n            <\/div>\r\n        <\/section>\r\n    \n\n    <!-- ACCORD -->\r\n    <section\r\n            class=\"pdt-40 pdb-80 \"\r\n        >\r\n        <div class=\"wrapper2 anim_delay anim_drop1 observe\">\r\n                                                    <div class=\"accord mgt-30\">\r\n                                            <!-- ITEM -->\r\n                        <div class=\"item_accord item\">\r\n                            <a href=\"#\" role=\"button\" class=\"item_accord_head head\">\r\n                                <h3 class=\"item_accord_title\">Nutrition of preterm infants<\/h3>\r\n                                <div class=\"item_accord_arrow\">\r\n                                    <svg class=\"sicofill\">\r\n                                        <use href=\"https:\/\/apolinar.eu\/wp-content\/themes\/apolinar\/assets\/layout\/icons.svg#s_ar2_d\"\/>\r\n                                    <\/svg>\r\n                                <\/div>\r\n                            <\/a>\r\n                            <div class=\"expand\">\r\n                                <div class=\"item_accord_inner page_content reset_margins\">\r\n                                                                                                                                                        <div class=\"x_elementToProof\">As soon as possible after birth, we give the baby small amounts of colostrum to prepare the digestive system for its future function. Colostrum is easily digestible, high in calories, and rich in proteins, vitamins, and immune factors. From the 5th to 8th day, colostrum begins to transition into mature breast milk.<\/div>\n                                                                    <\/div>\r\n                            <\/div>\r\n                        <\/div>\r\n                                            <!-- ITEM -->\r\n                        <div class=\"item_accord item\">\r\n                            <a href=\"#\" role=\"button\" class=\"item_accord_head head\">\r\n                                <h3 class=\"item_accord_title\">METHODS OF FEEDING WITH BREAST MILK<\/h3>\r\n                                <div class=\"item_accord_arrow\">\r\n                                    <svg class=\"sicofill\">\r\n                                        <use href=\"https:\/\/apolinar.eu\/wp-content\/themes\/apolinar\/assets\/layout\/icons.svg#s_ar2_d\"\/>\r\n                                    <\/svg>\r\n                                <\/div>\r\n                            <\/a>\r\n                            <div class=\"expand\">\r\n                                <div class=\"item_accord_inner page_content reset_margins\">\r\n                                                                                                                                                        <div class=\"x_elementToProof\">\n<p>The first drops of colostrum can be expressed with the help of a lactation consultant as soon as possible after birth. Your baby receives them in the mouth as one of the first greetings from the mother.<\/p>\n<p>During your stay in the ward, the lactation consultant or attending staff will introduce you to additional feeding methods tailored to your baby. Rest assured in their care\u2014they will guide you throughout your stay, helping you find the most suitable feeding techniques and positions, and advise you on how to care for yourself and your breasts to maintain lactation, even if alternative feeding methods are used until your baby can suckle from the breast.<\/p>\n<p>Our shared goal is a content and breastfed baby.<\/p>\n<\/div>\n                                                                    <\/div>\r\n                            <\/div>\r\n                        <\/div>\r\n                                            <!-- ITEM -->\r\n                        <div class=\"item_accord item\">\r\n                            <a href=\"#\" role=\"button\" class=\"item_accord_head head\">\r\n                                <h3 class=\"item_accord_title\">AFTER GOING HOME<\/h3>\r\n                                <div class=\"item_accord_arrow\">\r\n                                    <svg class=\"sicofill\">\r\n                                        <use href=\"https:\/\/apolinar.eu\/wp-content\/themes\/apolinar\/assets\/layout\/icons.svg#s_ar2_d\"\/>\r\n                                    <\/svg>\r\n                                <\/div>\r\n                            <\/a>\r\n                            <div class=\"expand\">\r\n                                <div class=\"item_accord_inner page_content reset_margins\">\r\n                                                                                                                                                        <p>If, after going home with your baby, you want to make sure you are breastfeeding correctly, or if any problems arise that you don\u2019t know how to handle, be sure to contact our lactation consultancy.<\/p>\n                                                                    <\/div>\r\n                            <\/div>\r\n                        <\/div>\r\n                                    <\/div>\r\n                    <\/div>\r\n    <\/section>\r\n\n\n        <section\r\n            class=\"pdt-40 pdb-40 \"\r\n        >\r\n        <div class=\"wrapper2\">\r\n                            <div class=\"box_text\">\r\n                    <div class=\"grid align-center small-space\">\r\n                        <!-- IMAGE LEFT -->\r\n                                                    <!-- IMAGE RIGHT -->\r\n                            <div class=\"box_text_text text_block col2 col1_mdm text_center_mdm observe anim_drop1 anim_delay\">\r\n                                <h2 class=\"title_h2 \">Ways to Breastfeed a Premature Baby<\/h2>                                                                                                                                            <h3 class=\"title_h3 color2\">\r\n                                            Dear Mom, your baby was born prematurely.                                        <\/h3>\r\n                                                                                                    <div class=\"page_content reset_margins\">\r\n                                    <p><\/p>\r\n                                <\/div>\r\n                                                                    <a href=\"https:\/\/www.youtube.com\/watch?v=VYaS0gFbgpw\"\r\n                                       title=\"Watch the video\"\r\n                                       target=\"_blank\"                                       class=\"btn_basic\">\r\n                                        Watch the video                                    <\/a>\r\n                                                            <\/div>\r\n                            <div class=\"box_text_image hide_mdm col2\">\r\n                                <div class=\"item_decor observe anim_image1 anim_delay\">\r\n                                    <div>\r\n                                        <svg class=\"sico color3 toanim_bg\">\r\n                                            <use href=\"https:\/\/apolinar.eu\/wp-content\/themes\/apolinar\/assets\/layout\/icons.svg#s_ls\"\/>\r\n                                        <\/svg>\r\n                                                                                    <div class=\"toanim_img\">\r\n                                                <img decoding=\"async\" src=\"https:\/\/apolinar.eu\/wp-content\/uploads\/2023\/06\/l2.svg\" class=\"attachment-preview_image size-preview_image\" alt=\"\" \/>                                                                                        <\/div>\r\n                                    <\/div>\r\n                                <\/div>\r\n                            <\/div>\r\n                                            <\/div>\r\n                <\/div>\r\n                    <\/div>\r\n    <\/section>\r\n\n\n    <!-- BLOK K -->\r\n    <section\r\n            class=\"pdt-40 pdb-80 \"\r\n        >\r\n        <div class=\"wrapper2\">\r\n                                                                                            <div class=\"grid small-space\">\r\n                                                                                <!-- ITEM 1 -->\r\n                            <div class=\"col2 col1_mdm bg3 radius10 pd-35 pd-25md observe anim_drop1 anim_delay dflex flex-dir-column offset_dist\">\r\n                                <div class=\"text_block w100p mgb-auto\">\r\n                                    <h3 class=\"title_h3\">Lactation Clinic<\/h3>\r\n                                                                                                                <div class=\"page_content reset_margins\">\r\n                                            <p>We help mothers with breastfeeding\r\n<\/p>\r\n                                        <\/div>\r\n                                                                    <\/div>\r\n                                <div class=\"pdt-20 w100p\">\r\n                                    <div class=\"grid small-space\">\r\n                                        <div class=\"col_default offset_half\">\r\n                                            <a href=\"https:\/\/apolinar.eu\/wp-content\/uploads\/2023\/07\/Laktacni-poradenstvi_letak_A4_02_web-1-e1690806552594.jpg\"\r\n                                               title=\"Lactation Clinic\"\r\n                                               target=\"_blank\"\r\n                                               class=\"btn_basic\">\r\n                                                Show                                            <\/a>\r\n                                        <\/div>\r\n                                        <div class=\"col_default offset_half\">\r\n                                            <a href=\"https:\/\/apolinar.eu\/wp-content\/uploads\/2023\/07\/Laktacni-poradenstvi_letak_A4_02_web-1-e1690806552594.jpg\"\r\n                                               title=\"Lactation Clinic\"\r\n                                               download\r\n                                               class=\"btn_basic border\">\r\n                                                Download                                            <\/a>\r\n                                        <\/div>\r\n                                    <\/div>\r\n                                <\/div>\r\n                            <\/div>\r\n                                            <\/div>\r\n                                    <\/div>\r\n    <\/section>\r\n","protected":false},"excerpt":{"rendered":"","protected":false},"author":6,"featured_media":0,"parent":0,"menu_order":0,"comment_status":"closed","ping_status":"closed","template":"","meta":{"_acf_changed":false,"footnotes":""},"class_list":["post-14375","page","type-page","status-publish","hentry"],"acf":[],"yoast_head":"<!-- This site is optimized with the Yoast SEO plugin v26.2 - https:\/\/yoast.com\/wordpress\/plugins\/seo\/ -->\n<title>FEEDING PRETERM NEWBORNS - Porodnice U Apolin\u00e1\u0159e<\/title>\n<meta name=\"robots\" content=\"index, follow, max-snippet:-1, max-image-preview:large, max-video-preview:-1\" \/>\n<link rel=\"canonical\" href=\"https:\/\/apolinar.eu\/en\/krmeni-nedonosenych-novorozencu\/\" \/>\n<meta property=\"og:locale\" content=\"en_US\" \/>\n<meta property=\"og:type\" content=\"article\" \/>\n<meta property=\"og:title\" content=\"FEEDING PRETERM NEWBORNS - Porodnice U Apolin\u00e1\u0159e\" \/>\n<meta property=\"og:url\" content=\"https:\/\/apolinar.eu\/en\/krmeni-nedonosenych-novorozencu\/\" \/>\n<meta property=\"og:site_name\" content=\"Porodnice U Apolin\u00e1\u0159e\" \/>\n<meta property=\"article:modified_time\" content=\"2025-09-01T20:53:54+00:00\" \/>\n<meta name=\"twitter:card\" content=\"summary_large_image\" \/>\n<script type=\"application\/ld+json\" class=\"yoast-schema-graph\">{\"@context\":\"https:\/\/schema.org\",\"@graph\":[{\"@type\":\"WebPage\",\"@id\":\"https:\/\/apolinar.eu\/en\/krmeni-nedonosenych-novorozencu\/\",\"url\":\"https:\/\/apolinar.eu\/en\/krmeni-nedonosenych-novorozencu\/\",\"name\":\"FEEDING PRETERM NEWBORNS - Porodnice U Apolin\u00e1\u0159e\",\"isPartOf\":{\"@id\":\"https:\/\/apolinar.eu\/en\/#website\"},\"datePublished\":\"2024-01-23T14:12:00+00:00\",\"dateModified\":\"2025-09-01T20:53:54+00:00\",\"breadcrumb\":{\"@id\":\"https:\/\/apolinar.eu\/en\/krmeni-nedonosenych-novorozencu\/#breadcrumb\"},\"inLanguage\":\"en-US\",\"potentialAction\":[{\"@type\":\"ReadAction\",\"target\":[\"https:\/\/apolinar.eu\/en\/krmeni-nedonosenych-novorozencu\/\"]}]},{\"@type\":\"BreadcrumbList\",\"@id\":\"https:\/\/apolinar.eu\/en\/krmeni-nedonosenych-novorozencu\/#breadcrumb\",\"itemListElement\":[{\"@type\":\"ListItem\",\"position\":1,\"name\":\"Dom\u016f\",\"item\":\"https:\/\/apolinar.eu\/en\/\"},{\"@type\":\"ListItem\",\"position\":2,\"name\":\"FEEDING PRETERM NEWBORNS\"}]},{\"@type\":\"WebSite\",\"@id\":\"https:\/\/apolinar.eu\/en\/#website\",\"url\":\"https:\/\/apolinar.eu\/en\/\",\"name\":\"Porodnice U Apolin\u00e1\u0159e\",\"description\":\"Klinika gynekologie, porodnictv\u00ed a neonatologie 1. LF UK a VFN v Praze\",\"potentialAction\":[{\"@type\":\"SearchAction\",\"target\":{\"@type\":\"EntryPoint\",\"urlTemplate\":\"https:\/\/apolinar.eu\/en\/?s={search_term_string}\"},\"query-input\":{\"@type\":\"PropertyValueSpecification\",\"valueRequired\":true,\"valueName\":\"search_term_string\"}}],\"inLanguage\":\"en-US\"}]}<\/script>\n<!-- \/ Yoast SEO plugin. -->","yoast_head_json":{"title":"FEEDING PRETERM NEWBORNS - Porodnice U Apolin\u00e1\u0159e","robots":{"index":"index","follow":"follow","max-snippet":"max-snippet:-1","max-image-preview":"max-image-preview:large","max-video-preview":"max-video-preview:-1"},"canonical":"https:\/\/apolinar.eu\/en\/krmeni-nedonosenych-novorozencu\/","og_locale":"en_US","og_type":"article","og_title":"FEEDING PRETERM NEWBORNS - Porodnice U Apolin\u00e1\u0159e","og_url":"https:\/\/apolinar.eu\/en\/krmeni-nedonosenych-novorozencu\/","og_site_name":"Porodnice U Apolin\u00e1\u0159e","article_modified_time":"2025-09-01T20:53:54+00:00","twitter_card":"summary_large_image","schema":{"@context":"https:\/\/schema.org","@graph":[{"@type":"WebPage","@id":"https:\/\/apolinar.eu\/en\/krmeni-nedonosenych-novorozencu\/","url":"https:\/\/apolinar.eu\/en\/krmeni-nedonosenych-novorozencu\/","name":"FEEDING PRETERM NEWBORNS - Porodnice U Apolin\u00e1\u0159e","isPartOf":{"@id":"https:\/\/apolinar.eu\/en\/#website"},"datePublished":"2024-01-23T14:12:00+00:00","dateModified":"2025-09-01T20:53:54+00:00","breadcrumb":{"@id":"https:\/\/apolinar.eu\/en\/krmeni-nedonosenych-novorozencu\/#breadcrumb"},"inLanguage":"en-US","potentialAction":[{"@type":"ReadAction","target":["https:\/\/apolinar.eu\/en\/krmeni-nedonosenych-novorozencu\/"]}]},{"@type":"BreadcrumbList","@id":"https:\/\/apolinar.eu\/en\/krmeni-nedonosenych-novorozencu\/#breadcrumb","itemListElement":[{"@type":"ListItem","position":1,"name":"Dom\u016f","item":"https:\/\/apolinar.eu\/en\/"},{"@type":"ListItem","position":2,"name":"FEEDING PRETERM NEWBORNS"}]},{"@type":"WebSite","@id":"https:\/\/apolinar.eu\/en\/#website","url":"https:\/\/apolinar.eu\/en\/","name":"Porodnice U Apolin\u00e1\u0159e","description":"Klinika gynekologie, porodnictv\u00ed a neonatologie 1. LF UK a VFN v Praze","potentialAction":[{"@type":"SearchAction","target":{"@type":"EntryPoint","urlTemplate":"https:\/\/apolinar.eu\/en\/?s={search_term_string}"},"query-input":{"@type":"PropertyValueSpecification","valueRequired":true,"valueName":"search_term_string"}}],"inLanguage":"en-US"}]}},"_links":{"self":[{"href":"https:\/\/apolinar.eu\/en\/wp-json\/wp\/v2\/pages\/14375","targetHints":{"allow":["GET"]}}],"collection":[{"href":"https:\/\/apolinar.eu\/en\/wp-json\/wp\/v2\/pages"}],"about":[{"href":"https:\/\/apolinar.eu\/en\/wp-json\/wp\/v2\/types\/page"}],"author":[{"embeddable":true,"href":"https:\/\/apolinar.eu\/en\/wp-json\/wp\/v2\/users\/6"}],"replies":[{"embeddable":true,"href":"https:\/\/apolinar.eu\/en\/wp-json\/wp\/v2\/comments?post=14375"}],"version-history":[{"count":2,"href":"https:\/\/apolinar.eu\/en\/wp-json\/wp\/v2\/pages\/14375\/revisions"}],"predecessor-version":[{"id":14378,"href":"https:\/\/apolinar.eu\/en\/wp-json\/wp\/v2\/pages\/14375\/revisions\/14378"}],"wp:attachment":[{"href":"https:\/\/apolinar.eu\/en\/wp-json\/wp\/v2\/media?parent=14375"}],"curies":[{"name":"wp","href":"https:\/\/api.w.org\/{rel}","templated":true}]}}