{"id":14372,"date":"2023-07-12T10:34:10","date_gmt":"2023-07-12T08:34:10","guid":{"rendered":"https:\/\/apolinar.eu\/propusteni-nedonoseneho-miminka-z-porodnice\/"},"modified":"2025-09-01T22:49:47","modified_gmt":"2025-09-01T20:49:47","slug":"propusteni-nedonoseneho-miminka-z-porodnice","status":"publish","type":"page","link":"https:\/\/apolinar.eu\/en\/propusteni-nedonoseneho-miminka-z-porodnice\/","title":{"rendered":"Discharge of a Premature Baby from the Hospital"},"content":{"rendered":"        <section\r\n            class=\"pdt-80 pdb-20 \"\r\n        >\r\n        <div class=\"wrapper2\">\r\n                            <div class=\"text_block observe anim_drop1 anim_delay\">\r\n                    <h1 class=\"title_h2 \">Discharge of a Premature Baby from the Hospital<\/h1>                                                                                            <h2 class=\"title_h3 color2\">\r\n                                When Can a Premature Baby Go Home?                            <\/h2>\r\n                                                                <div class=\"page_content reset_margins\">\r\n                        <p><\/p>\r\n                    <\/div>\r\n                                    <\/div>\r\n                    <\/div>\r\n    <\/section>\r\n\n\n                <!-- TEXT BLOCK -->\r\n        <section\r\n                class=\"pdt-20 pdb-20 bg3\"\r\n            >\r\n            <div class=\"wrapper2 text_block\">\r\n                                                                                                                <div class=\"page_content reset_margins\">\r\n                                                                                        <ul>\n<li>If the baby maintains a normal temperature in an open crib without a heating pad (36\u201337 \u00b0C in the armpit).<\/li>\n<li>If the baby breathes independently without devices or breathes oxygen through nasal cannulas.<\/li>\n<li>If the baby has been breathing without &#8220;forgetting&#8221; (no apneic episodes) for at least 7 days before discharge and has not used medication to regulate breathing (caffeine) for at least 5 days before discharge.<\/li>\n<li>If the baby takes breast milk orally (breastfeeding, syringe, or bottle) and gains weight appropriately.<\/li>\n<\/ul>\n                                    <\/div>\r\n            <\/div>\r\n        <\/section>\r\n    \n\n                <!-- TEXT BLOCK -->\r\n        <section\r\n                class=\"pdt-20 pdb-80 \"\r\n            >\r\n            <div class=\"wrapper2 text_block\">\r\n                                                                                                                <div class=\"page_content reset_margins\">\r\n                                                                                        <p>The above conditions are usually met by a late preterm newborn with an uncomplicated course of development around the 36th week.<\/p>\n<p>For a more premature baby, expect discharge to occur later\u2014usually around the originally planned due date.<\/p>\n<p>We do not set a standard minimum weight for the discharge of a prematurely born baby. The correct timing for discharge can also be guided by weight criteria for child car seats (min. 1.8 kg). The readiness of the family and a suitable home environment also play a role.<\/p>\n                                    <\/div>\r\n            <\/div>\r\n        <\/section>\r\n    ","protected":false},"excerpt":{"rendered":"","protected":false},"author":2,"featured_media":0,"parent":0,"menu_order":0,"comment_status":"closed","ping_status":"closed","template":"","meta":{"_acf_changed":false,"footnotes":""},"class_list":["post-14372","page","type-page","status-publish","hentry"],"acf":[],"yoast_head":"<!-- This site is optimized with the Yoast SEO plugin v26.2 - https:\/\/yoast.com\/wordpress\/plugins\/seo\/ -->\n<title>Discharge of a Premature Baby from the Hospital - Porodnice U Apolin\u00e1\u0159e<\/title>\n<meta name=\"robots\" content=\"index, follow, max-snippet:-1, max-image-preview:large, max-video-preview:-1\" \/>\n<link rel=\"canonical\" href=\"https:\/\/apolinar.eu\/en\/propusteni-nedonoseneho-miminka-z-porodnice\/\" \/>\n<meta property=\"og:locale\" content=\"en_US\" \/>\n<meta property=\"og:type\" content=\"article\" \/>\n<meta property=\"og:title\" content=\"Discharge of a Premature Baby from the Hospital - Porodnice U Apolin\u00e1\u0159e\" \/>\n<meta property=\"og:url\" content=\"https:\/\/apolinar.eu\/en\/propusteni-nedonoseneho-miminka-z-porodnice\/\" \/>\n<meta property=\"og:site_name\" content=\"Porodnice U Apolin\u00e1\u0159e\" \/>\n<meta property=\"article:modified_time\" content=\"2025-09-01T20:49:47+00:00\" \/>\n<meta name=\"twitter:card\" content=\"summary_large_image\" \/>\n<script type=\"application\/ld+json\" class=\"yoast-schema-graph\">{\"@context\":\"https:\/\/schema.org\",\"@graph\":[{\"@type\":\"WebPage\",\"@id\":\"https:\/\/apolinar.eu\/en\/propusteni-nedonoseneho-miminka-z-porodnice\/\",\"url\":\"https:\/\/apolinar.eu\/en\/propusteni-nedonoseneho-miminka-z-porodnice\/\",\"name\":\"Discharge of a Premature Baby from the Hospital - Porodnice U Apolin\u00e1\u0159e\",\"isPartOf\":{\"@id\":\"https:\/\/apolinar.eu\/en\/#website\"},\"datePublished\":\"2023-07-12T08:34:10+00:00\",\"dateModified\":\"2025-09-01T20:49:47+00:00\",\"breadcrumb\":{\"@id\":\"https:\/\/apolinar.eu\/en\/propusteni-nedonoseneho-miminka-z-porodnice\/#breadcrumb\"},\"inLanguage\":\"en-US\",\"potentialAction\":[{\"@type\":\"ReadAction\",\"target\":[\"https:\/\/apolinar.eu\/en\/propusteni-nedonoseneho-miminka-z-porodnice\/\"]}]},{\"@type\":\"BreadcrumbList\",\"@id\":\"https:\/\/apolinar.eu\/en\/propusteni-nedonoseneho-miminka-z-porodnice\/#breadcrumb\",\"itemListElement\":[{\"@type\":\"ListItem\",\"position\":1,\"name\":\"Dom\u016f\",\"item\":\"https:\/\/apolinar.eu\/en\/\"},{\"@type\":\"ListItem\",\"position\":2,\"name\":\"Discharge of a Premature Baby from the Hospital\"}]},{\"@type\":\"WebSite\",\"@id\":\"https:\/\/apolinar.eu\/en\/#website\",\"url\":\"https:\/\/apolinar.eu\/en\/\",\"name\":\"Porodnice U Apolin\u00e1\u0159e\",\"description\":\"Klinika gynekologie, porodnictv\u00ed a neonatologie 1. LF UK a VFN v Praze\",\"potentialAction\":[{\"@type\":\"SearchAction\",\"target\":{\"@type\":\"EntryPoint\",\"urlTemplate\":\"https:\/\/apolinar.eu\/en\/?s={search_term_string}\"},\"query-input\":{\"@type\":\"PropertyValueSpecification\",\"valueRequired\":true,\"valueName\":\"search_term_string\"}}],\"inLanguage\":\"en-US\"}]}<\/script>\n<!-- \/ Yoast SEO plugin. -->","yoast_head_json":{"title":"Discharge of a Premature Baby from the Hospital - Porodnice U Apolin\u00e1\u0159e","robots":{"index":"index","follow":"follow","max-snippet":"max-snippet:-1","max-image-preview":"max-image-preview:large","max-video-preview":"max-video-preview:-1"},"canonical":"https:\/\/apolinar.eu\/en\/propusteni-nedonoseneho-miminka-z-porodnice\/","og_locale":"en_US","og_type":"article","og_title":"Discharge of a Premature Baby from the Hospital - Porodnice U Apolin\u00e1\u0159e","og_url":"https:\/\/apolinar.eu\/en\/propusteni-nedonoseneho-miminka-z-porodnice\/","og_site_name":"Porodnice U Apolin\u00e1\u0159e","article_modified_time":"2025-09-01T20:49:47+00:00","twitter_card":"summary_large_image","schema":{"@context":"https:\/\/schema.org","@graph":[{"@type":"WebPage","@id":"https:\/\/apolinar.eu\/en\/propusteni-nedonoseneho-miminka-z-porodnice\/","url":"https:\/\/apolinar.eu\/en\/propusteni-nedonoseneho-miminka-z-porodnice\/","name":"Discharge of a Premature Baby from the Hospital - Porodnice U Apolin\u00e1\u0159e","isPartOf":{"@id":"https:\/\/apolinar.eu\/en\/#website"},"datePublished":"2023-07-12T08:34:10+00:00","dateModified":"2025-09-01T20:49:47+00:00","breadcrumb":{"@id":"https:\/\/apolinar.eu\/en\/propusteni-nedonoseneho-miminka-z-porodnice\/#breadcrumb"},"inLanguage":"en-US","potentialAction":[{"@type":"ReadAction","target":["https:\/\/apolinar.eu\/en\/propusteni-nedonoseneho-miminka-z-porodnice\/"]}]},{"@type":"BreadcrumbList","@id":"https:\/\/apolinar.eu\/en\/propusteni-nedonoseneho-miminka-z-porodnice\/#breadcrumb","itemListElement":[{"@type":"ListItem","position":1,"name":"Dom\u016f","item":"https:\/\/apolinar.eu\/en\/"},{"@type":"ListItem","position":2,"name":"Discharge of a Premature Baby from the Hospital"}]},{"@type":"WebSite","@id":"https:\/\/apolinar.eu\/en\/#website","url":"https:\/\/apolinar.eu\/en\/","name":"Porodnice U Apolin\u00e1\u0159e","description":"Klinika gynekologie, porodnictv\u00ed a neonatologie 1. LF UK a VFN v Praze","potentialAction":[{"@type":"SearchAction","target":{"@type":"EntryPoint","urlTemplate":"https:\/\/apolinar.eu\/en\/?s={search_term_string}"},"query-input":{"@type":"PropertyValueSpecification","valueRequired":true,"valueName":"search_term_string"}}],"inLanguage":"en-US"}]}},"_links":{"self":[{"href":"https:\/\/apolinar.eu\/en\/wp-json\/wp\/v2\/pages\/14372","targetHints":{"allow":["GET"]}}],"collection":[{"href":"https:\/\/apolinar.eu\/en\/wp-json\/wp\/v2\/pages"}],"about":[{"href":"https:\/\/apolinar.eu\/en\/wp-json\/wp\/v2\/types\/page"}],"author":[{"embeddable":true,"href":"https:\/\/apolinar.eu\/en\/wp-json\/wp\/v2\/users\/2"}],"replies":[{"embeddable":true,"href":"https:\/\/apolinar.eu\/en\/wp-json\/wp\/v2\/comments?post=14372"}],"version-history":[{"count":2,"href":"https:\/\/apolinar.eu\/en\/wp-json\/wp\/v2\/pages\/14372\/revisions"}],"predecessor-version":[{"id":14374,"href":"https:\/\/apolinar.eu\/en\/wp-json\/wp\/v2\/pages\/14372\/revisions\/14374"}],"wp:attachment":[{"href":"https:\/\/apolinar.eu\/en\/wp-json\/wp\/v2\/media?parent=14372"}],"curies":[{"name":"wp","href":"https:\/\/api.w.org\/{rel}","templated":true}]}}