{"id":14368,"date":"2023-08-31T00:08:15","date_gmt":"2023-08-30T22:08:15","guid":{"rendered":"https:\/\/apolinar.eu\/novorozenecka-jednotka-intermediarni-pece\/"},"modified":"2025-09-01T22:47:33","modified_gmt":"2025-09-01T20:47:33","slug":"novorozenecka-jednotka-intermediarni-pece","status":"publish","type":"page","link":"https:\/\/apolinar.eu\/en\/novorozenecka-jednotka-intermediarni-pece\/","title":{"rendered":"Neonatal Intermediate Care Unit"},"content":{"rendered":"                <!-- TEXT BLOCK -->\r\n        <section\r\n                class=\"pdt-80 pdb-80 \"\r\n            >\r\n            <div class=\"wrapper2 text_block\">\r\n                <h2 class=\"title_h2 text_center_mdm\">Neonatal Intermediate Care Unit<\/h2>                                                    <div class=\"tags mgt-10 responsive\">\r\n                        <div class=\"inner justify-center-mdm\">\r\n                                                                                                <a href=\"https:\/\/apolinar.eu\/en\/kontrola-predcasne-narozenych-deti\/\"\r\n                                       title=\"Pediatric Outpatient Clinic\"\r\n                                       >\r\n                                        Pediatric Outpatient Clinic                                    <\/a>\r\n                                                                                                                                <a href=\"https:\/\/apolinar.eu\/en\/ockovani-proti-respiracnim-virum\/\"\r\n                                       title=\"Vaccination Against Respiratory Viruses\"\r\n                                       >\r\n                                        Vaccination Against Respiratory Viruses                                    <\/a>\r\n                                                                                    <\/div>\r\n                    <\/div>\r\n                                                                                <div class=\"page_content reset_margins\">\r\n                                                        <\/div>\r\n            <\/div>\r\n        <\/section>\r\n    \n\n                <!-- TEXT BLOCK -->\r\n        <section\r\n                class=\"pdt-40 pdb-40 bg3\"\r\n            >\r\n            <div class=\"wrapper2 text_block\">\r\n                                                                                                    <h3 class=\"title_h3 text_center_mdm\">Care of premature infants in the intermediate care unit<\/h3>\r\n                                                <div class=\"page_content reset_margins\">\r\n                                                                                        <p>The intermediate care unit (IMP) provides comprehensive nursing care for two groups of newborns.<\/p>\n<ol>\n<li><strong>Newborns<\/strong><strong> from the NICU and ICU who no longer require intensive care but whose medical condition does not yet allow them to be discharged home.<\/strong> Babies grow stronger and gain weight here. The IMP offers more space and time for parents, who learn how to provide all the necessary follow-up care at home. Special attention is given to breastfeeding and nutrition. The healthcare team approaches each baby individually according to their current needs and is always ready to help. The IMP has a limited number of beds for mothers. If your baby is transferred from the ICU or NICU to the IMP and the expected discharge is not immediate, you will be sent home and can regularly visit and stay by your baby\u2019s side according to your availability. However, overnight stays are at home. One to two weeks before the planned discharge, you will be re-admitted and stay in the hospital 24\/7 until your baby goes home.<\/li>\n<li><strong>Newborns born slightly prematurely (from the 32nd week of gestation),<\/strong><strong> who require enhanced care and monitoring<\/strong> and whose postnatal adaptation is sufficiently stable so that intensive care is not needed. After the birth of a slightly premature newborn, you will likely be admitted to the postpartum unit and remain close to your baby. Although the baby does not require intensive care, it is common for them to be placed in an observation box for the first few hours or days after birth, where nurses continuously monitor them. You can be by your baby&#8217;s side at any time and attend to them according to your condition and the baby&#8217;s needs. Basic aspects of comprehensive nursing care provided by the mother include measuring temperature, diapering, positioning, and, of course, breastfeeding. Nurses will also teach you many other care activities. If family and hospital conditions allow, you can stay with your baby in the hospital for the entire duration of their stay (usually several days to weeks) in our unit. Specific individual arrangements will be discussed with your baby&#8217;s attending physician.<\/li>\n<\/ol>\n                                    <\/div>\r\n            <\/div>\r\n        <\/section>\r\n    \n\n    <!-- BLOK K -->\r\n    <section\r\n            class=\"pdt-80 pdb-80 \"\r\n        >\r\n        <div class=\"wrapper2\">\r\n                                                                                            <div class=\"grid small-space\">\r\n                                                                                <!-- ITEM 1 -->\r\n                            <div class=\"col1 bg3 radius10 pd-35 pd-25md observe anim_drop1 anim_delay dflex flex-dir-column offset_dist\">\r\n                                <div class=\"text_block w100p mgb-auto\">\r\n                                    <h3 class=\"title_h3\">Neonatal Intermediate Care Unit<\/h3>\r\n                                                                                                                <div class=\"page_content reset_margins\">\r\n                                            <p>Detailed Information for Parents\r\n<\/p>\r\n                                        <\/div>\r\n                                                                    <\/div>\r\n                                <div class=\"pdt-20 w100p\">\r\n                                    <div class=\"grid small-space\">\r\n                                        <div class=\"col_default offset_half\">\r\n                                            <a href=\"https:\/\/apolinar.eu\/wp-content\/uploads\/2024\/05\/220429_GPK_NeonatologieJIP_letak_A4_local_lom-3.pdf\"\r\n                                               title=\"Neonatal Intermediate Care Unit\"\r\n                                               target=\"_blank\"\r\n                                               class=\"btn_basic\">\r\n                                                Show                                            <\/a>\r\n                                        <\/div>\r\n                                        <div class=\"col_default offset_half\">\r\n                                            <a href=\"https:\/\/apolinar.eu\/wp-content\/uploads\/2024\/05\/220429_GPK_NeonatologieJIP_letak_A4_local_lom-3.pdf\"\r\n                                               title=\"Neonatal Intermediate Care Unit\"\r\n                                               download\r\n                                               class=\"btn_basic border\">\r\n                                                Download                                            <\/a>\r\n                                        <\/div>\r\n                                    <\/div>\r\n                                <\/div>\r\n                            <\/div>\r\n                                            <\/div>\r\n                                    <\/div>\r\n    <\/section>\r\n","protected":false},"excerpt":{"rendered":"","protected":false},"author":6,"featured_media":0,"parent":0,"menu_order":0,"comment_status":"closed","ping_status":"closed","template":"","meta":{"_acf_changed":false,"footnotes":""},"class_list":["post-14368","page","type-page","status-publish","hentry"],"acf":[],"yoast_head":"<!-- This site is optimized with the Yoast SEO plugin v26.2 - https:\/\/yoast.com\/wordpress\/plugins\/seo\/ -->\n<title>Neonatal Intermediate Care Unit - Porodnice U Apolin\u00e1\u0159e<\/title>\n<meta name=\"robots\" content=\"index, follow, max-snippet:-1, max-image-preview:large, max-video-preview:-1\" \/>\n<link rel=\"canonical\" href=\"https:\/\/apolinar.eu\/en\/novorozenecka-jednotka-intermediarni-pece\/\" \/>\n<meta property=\"og:locale\" content=\"en_US\" \/>\n<meta property=\"og:type\" content=\"article\" \/>\n<meta property=\"og:title\" content=\"Neonatal Intermediate Care Unit - Porodnice U Apolin\u00e1\u0159e\" \/>\n<meta property=\"og:url\" content=\"https:\/\/apolinar.eu\/en\/novorozenecka-jednotka-intermediarni-pece\/\" \/>\n<meta property=\"og:site_name\" content=\"Porodnice U Apolin\u00e1\u0159e\" \/>\n<meta property=\"article:modified_time\" content=\"2025-09-01T20:47:33+00:00\" \/>\n<meta name=\"twitter:card\" content=\"summary_large_image\" \/>\n<script type=\"application\/ld+json\" class=\"yoast-schema-graph\">{\"@context\":\"https:\/\/schema.org\",\"@graph\":[{\"@type\":\"WebPage\",\"@id\":\"https:\/\/apolinar.eu\/en\/novorozenecka-jednotka-intermediarni-pece\/\",\"url\":\"https:\/\/apolinar.eu\/en\/novorozenecka-jednotka-intermediarni-pece\/\",\"name\":\"Neonatal Intermediate Care Unit - Porodnice U Apolin\u00e1\u0159e\",\"isPartOf\":{\"@id\":\"https:\/\/apolinar.eu\/en\/#website\"},\"datePublished\":\"2023-08-30T22:08:15+00:00\",\"dateModified\":\"2025-09-01T20:47:33+00:00\",\"breadcrumb\":{\"@id\":\"https:\/\/apolinar.eu\/en\/novorozenecka-jednotka-intermediarni-pece\/#breadcrumb\"},\"inLanguage\":\"en-US\",\"potentialAction\":[{\"@type\":\"ReadAction\",\"target\":[\"https:\/\/apolinar.eu\/en\/novorozenecka-jednotka-intermediarni-pece\/\"]}]},{\"@type\":\"BreadcrumbList\",\"@id\":\"https:\/\/apolinar.eu\/en\/novorozenecka-jednotka-intermediarni-pece\/#breadcrumb\",\"itemListElement\":[{\"@type\":\"ListItem\",\"position\":1,\"name\":\"Dom\u016f\",\"item\":\"https:\/\/apolinar.eu\/en\/\"},{\"@type\":\"ListItem\",\"position\":2,\"name\":\"Neonatal Intermediate Care Unit\"}]},{\"@type\":\"WebSite\",\"@id\":\"https:\/\/apolinar.eu\/en\/#website\",\"url\":\"https:\/\/apolinar.eu\/en\/\",\"name\":\"Porodnice U Apolin\u00e1\u0159e\",\"description\":\"Klinika gynekologie, porodnictv\u00ed a neonatologie 1. LF UK a VFN v Praze\",\"potentialAction\":[{\"@type\":\"SearchAction\",\"target\":{\"@type\":\"EntryPoint\",\"urlTemplate\":\"https:\/\/apolinar.eu\/en\/?s={search_term_string}\"},\"query-input\":{\"@type\":\"PropertyValueSpecification\",\"valueRequired\":true,\"valueName\":\"search_term_string\"}}],\"inLanguage\":\"en-US\"}]}<\/script>\n<!-- \/ Yoast SEO plugin. -->","yoast_head_json":{"title":"Neonatal Intermediate Care Unit - Porodnice U Apolin\u00e1\u0159e","robots":{"index":"index","follow":"follow","max-snippet":"max-snippet:-1","max-image-preview":"max-image-preview:large","max-video-preview":"max-video-preview:-1"},"canonical":"https:\/\/apolinar.eu\/en\/novorozenecka-jednotka-intermediarni-pece\/","og_locale":"en_US","og_type":"article","og_title":"Neonatal Intermediate Care Unit - Porodnice U Apolin\u00e1\u0159e","og_url":"https:\/\/apolinar.eu\/en\/novorozenecka-jednotka-intermediarni-pece\/","og_site_name":"Porodnice U Apolin\u00e1\u0159e","article_modified_time":"2025-09-01T20:47:33+00:00","twitter_card":"summary_large_image","schema":{"@context":"https:\/\/schema.org","@graph":[{"@type":"WebPage","@id":"https:\/\/apolinar.eu\/en\/novorozenecka-jednotka-intermediarni-pece\/","url":"https:\/\/apolinar.eu\/en\/novorozenecka-jednotka-intermediarni-pece\/","name":"Neonatal Intermediate Care Unit - Porodnice U Apolin\u00e1\u0159e","isPartOf":{"@id":"https:\/\/apolinar.eu\/en\/#website"},"datePublished":"2023-08-30T22:08:15+00:00","dateModified":"2025-09-01T20:47:33+00:00","breadcrumb":{"@id":"https:\/\/apolinar.eu\/en\/novorozenecka-jednotka-intermediarni-pece\/#breadcrumb"},"inLanguage":"en-US","potentialAction":[{"@type":"ReadAction","target":["https:\/\/apolinar.eu\/en\/novorozenecka-jednotka-intermediarni-pece\/"]}]},{"@type":"BreadcrumbList","@id":"https:\/\/apolinar.eu\/en\/novorozenecka-jednotka-intermediarni-pece\/#breadcrumb","itemListElement":[{"@type":"ListItem","position":1,"name":"Dom\u016f","item":"https:\/\/apolinar.eu\/en\/"},{"@type":"ListItem","position":2,"name":"Neonatal Intermediate Care Unit"}]},{"@type":"WebSite","@id":"https:\/\/apolinar.eu\/en\/#website","url":"https:\/\/apolinar.eu\/en\/","name":"Porodnice U Apolin\u00e1\u0159e","description":"Klinika gynekologie, porodnictv\u00ed a neonatologie 1. LF UK a VFN v Praze","potentialAction":[{"@type":"SearchAction","target":{"@type":"EntryPoint","urlTemplate":"https:\/\/apolinar.eu\/en\/?s={search_term_string}"},"query-input":{"@type":"PropertyValueSpecification","valueRequired":true,"valueName":"search_term_string"}}],"inLanguage":"en-US"}]}},"_links":{"self":[{"href":"https:\/\/apolinar.eu\/en\/wp-json\/wp\/v2\/pages\/14368","targetHints":{"allow":["GET"]}}],"collection":[{"href":"https:\/\/apolinar.eu\/en\/wp-json\/wp\/v2\/pages"}],"about":[{"href":"https:\/\/apolinar.eu\/en\/wp-json\/wp\/v2\/types\/page"}],"author":[{"embeddable":true,"href":"https:\/\/apolinar.eu\/en\/wp-json\/wp\/v2\/users\/6"}],"replies":[{"embeddable":true,"href":"https:\/\/apolinar.eu\/en\/wp-json\/wp\/v2\/comments?post=14368"}],"version-history":[{"count":2,"href":"https:\/\/apolinar.eu\/en\/wp-json\/wp\/v2\/pages\/14368\/revisions"}],"predecessor-version":[{"id":14371,"href":"https:\/\/apolinar.eu\/en\/wp-json\/wp\/v2\/pages\/14368\/revisions\/14371"}],"wp:attachment":[{"href":"https:\/\/apolinar.eu\/en\/wp-json\/wp\/v2\/media?parent=14368"}],"curies":[{"name":"wp","href":"https:\/\/api.w.org\/{rel}","templated":true}]}}