{"id":14364,"date":"2023-08-02T16:46:38","date_gmt":"2023-08-02T14:46:38","guid":{"rendered":"https:\/\/apolinar.eu\/novorozenecka-jednotka-intenzivni-pece\/"},"modified":"2025-09-01T22:44:58","modified_gmt":"2025-09-01T20:44:58","slug":"novorozenecka-jednotka-intenzivni-pece","status":"publish","type":"page","link":"https:\/\/apolinar.eu\/en\/novorozenecka-jednotka-intenzivni-pece\/","title":{"rendered":"Neonatal Intensive Care Unit (NICU)"},"content":{"rendered":"                <!-- TEXT BLOCK -->\r\n        <section\r\n                class=\"pdt-80 pdb-80 \"\r\n            >\r\n            <div class=\"wrapper2 text_block\">\r\n                <h1 class=\"title_h2 text_center_mdm\">Neonatal Intensive Care Unit<\/h1>                                                                                    <h3 class=\"title_h3 text_center_mdm\">Special care offered for premature newborns<\/h3>\r\n                                                <div class=\"page_content reset_margins\">\r\n                                                                                        <p>Our neonatology department with a neonatal intensive care unit (NICU) is one of the few facilities in the Czech Republic providing highly specialized care for newborns born in the so-called gray zone of prematurity, i.e., extremely premature babies born between the 22nd and 24th week of pregnancy. Care for these newborns after birth is always initiated with parental consent.<\/p>\n<p>Intensive care is also provided to newborns born after prolonged premature rupture of membranes. These newborns usually have breathing difficulties and require highly specialized treatment (high-frequency ventilation, nitric oxide therapy, circulatory support, etc.), which our department provides in full.<\/p>\n<p>Special care is also provided to newborns with severe lung failure, which must be treated with unconventional methods of mechanical ventilation. We accept such newborns from other perinatology centers throughout the Czech Republic.<\/p>\n                                    <\/div>\r\n            <\/div>\r\n        <\/section>\r\n    \n\n                <!-- TEXT BLOCK -->\r\n        <section\r\n                class=\"pdt-40 pdb-40 bg3\"\r\n            >\r\n            <div class=\"wrapper2 text_block\">\r\n                                                                                                                <div class=\"page_content reset_margins\">\r\n                                                                                        <h3><a href=\"https:\/\/www.youtube.com\/watch?v=E8pGEIcDSOI\" target=\"_blank\" rel=\"noopener\"><img decoding=\"async\" class=\"size-full wp-image-10354 alignnone\" src=\"https:\/\/apolinar.eu\/wp-content\/uploads\/2024\/10\/Snimek-obrazovky-2024-10-11-115807.png\" alt=\"\" width=\"171\" height=\"124\" srcset=\"https:\/\/apolinar.eu\/wp-content\/uploads\/2024\/10\/Snimek-obrazovky-2024-10-11-115807.png 171w, https:\/\/apolinar.eu\/wp-content\/uploads\/2024\/10\/Snimek-obrazovky-2024-10-11-115807-60x44.png 60w, https:\/\/apolinar.eu\/wp-content\/uploads\/2024\/10\/Snimek-obrazovky-2024-10-11-115807-104x75.png 104w, https:\/\/apolinar.eu\/wp-content\/uploads\/2024\/10\/Snimek-obrazovky-2024-10-11-115807-165x120.png 165w\" sizes=\"(max-width: 171px) 100vw, 171px\" \/><\/a><\/h3>\n<h3><a href=\"https:\/\/www.youtube.com\/watch?v=E8pGEIcDSOI\" target=\"_blank\" rel=\"noopener\">SEE WHAT IT LOOKS LIKE WITH US.<\/a><\/h3>\n                                    <\/div>\r\n            <\/div>\r\n        <\/section>\r\n    \n\n                <!-- TEXT BLOCK -->\r\n        <section\r\n                class=\"pdt-40 pdb-40 \"\r\n            >\r\n            <div class=\"wrapper2 text_block\">\r\n                                                                                                    <h3 class=\"title_h3 text_center_mdm\">Care for premature newborns in the NICU and PICU<\/h3>\r\n                                                <div class=\"page_content reset_margins\">\r\n                                                                                        <p>The NICU and PICU departments provide comprehensive and highly specialized care for all newborns who need it. We care for infants born in our perinatology center as well as those born elsewhere. In the NICU and PICU, we focus on premature babies as well as full-term newborns with severe and life-threatening conditions (congenital defects, infectious diseases, etc.).<\/p>\n<p>Daily care is provided by a multidisciplinary team composed of neonatologists, pediatricians, specialist neonatal nurses, paramedics, midwives, and physiotherapists. They help our smallest patients and their families navigate this challenging period. Important members of the team also include microbiologists, pharmacists, laboratory staff, social workers, lactation consultants, biomedical engineers, and even orderlies, without whom neonatal care would be incomplete.<\/p>\n<p>For each baby admitted to the department, a dedicated team of specialists is prepared. They tailor care to the individual needs of the baby and the needs of the entire family.<\/p>\n<p><strong>PHYSIOTHERAPY:<\/strong><br \/>\nMost premature newborns and some full-term newborns require physiotherapy as part of their medical and nursing care. Our neonatology department has three physiotherapists who explain everything needed during care according to the current condition and needs of your baby. The main goal is to create optimal conditions for the child to achieve a quality start in motor development.<\/p>\n                                    <\/div>\r\n            <\/div>\r\n        <\/section>\r\n    \n\n    <!-- BLOK K -->\r\n    <section\r\n            class=\"pdt-40 pdb-80 bg3\"\r\n        >\r\n        <div class=\"wrapper2\">\r\n                                                                                            <div class=\"grid small-space\">\r\n                                                                                <!-- ITEM 1 -->\r\n                            <div class=\"col1 bg3 radius10 pd-35 pd-25md observe anim_drop1 anim_delay dflex flex-dir-column offset_dist\">\r\n                                <div class=\"text_block w100p mgb-auto\">\r\n                                    <h3 class=\"title_h3\">Neonatal Intensive Care Unit (NICU)<\/h3>\r\n                                                                                                                <div class=\"page_content reset_margins\">\r\n                                            <p>Detailed Information for Parents\r\n<\/p>\r\n                                        <\/div>\r\n                                                                    <\/div>\r\n                                <div class=\"pdt-20 w100p\">\r\n                                    <div class=\"grid small-space\">\r\n                                        <div class=\"col_default offset_half\">\r\n                                            <a href=\"https:\/\/apolinar.eu\/wp-content\/uploads\/2024\/05\/220429_GPK_Neonatologie_letak_A4lom_NOVY_stranky.pdf\"\r\n                                               title=\"Neonatal Intensive Care Unit (NICU)\"\r\n                                               target=\"_blank\"\r\n                                               class=\"btn_basic\">\r\n                                                Show                                            <\/a>\r\n                                        <\/div>\r\n                                        <div class=\"col_default offset_half\">\r\n                                            <a href=\"https:\/\/apolinar.eu\/wp-content\/uploads\/2024\/05\/220429_GPK_Neonatologie_letak_A4lom_NOVY_stranky.pdf\"\r\n                                               title=\"Neonatal Intensive Care Unit (NICU)\"\r\n                                               download\r\n                                               class=\"btn_basic border\">\r\n                                                Download                                            <\/a>\r\n                                        <\/div>\r\n                                    <\/div>\r\n                                <\/div>\r\n                            <\/div>\r\n                                            <\/div>\r\n                                    <\/div>\r\n    <\/section>\r\n","protected":false},"excerpt":{"rendered":"","protected":false},"author":6,"featured_media":0,"parent":0,"menu_order":0,"comment_status":"closed","ping_status":"closed","template":"","meta":{"_acf_changed":false,"footnotes":""},"class_list":["post-14364","page","type-page","status-publish","hentry"],"acf":[],"yoast_head":"<!-- This site is optimized with the Yoast SEO plugin v26.2 - https:\/\/yoast.com\/wordpress\/plugins\/seo\/ -->\n<title>Neonatal Intensive Care Unit (NICU) - Porodnice U Apolin\u00e1\u0159e<\/title>\n<meta name=\"robots\" content=\"index, follow, max-snippet:-1, max-image-preview:large, max-video-preview:-1\" \/>\n<link rel=\"canonical\" href=\"https:\/\/apolinar.eu\/en\/novorozenecka-jednotka-intenzivni-pece\/\" \/>\n<meta property=\"og:locale\" content=\"en_US\" \/>\n<meta property=\"og:type\" content=\"article\" \/>\n<meta property=\"og:title\" content=\"Neonatal Intensive Care Unit (NICU) - Porodnice U Apolin\u00e1\u0159e\" \/>\n<meta property=\"og:url\" content=\"https:\/\/apolinar.eu\/en\/novorozenecka-jednotka-intenzivni-pece\/\" \/>\n<meta property=\"og:site_name\" content=\"Porodnice U Apolin\u00e1\u0159e\" \/>\n<meta property=\"article:modified_time\" content=\"2025-09-01T20:44:58+00:00\" \/>\n<meta name=\"twitter:card\" content=\"summary_large_image\" \/>\n<script type=\"application\/ld+json\" class=\"yoast-schema-graph\">{\"@context\":\"https:\/\/schema.org\",\"@graph\":[{\"@type\":\"WebPage\",\"@id\":\"https:\/\/apolinar.eu\/en\/novorozenecka-jednotka-intenzivni-pece\/\",\"url\":\"https:\/\/apolinar.eu\/en\/novorozenecka-jednotka-intenzivni-pece\/\",\"name\":\"Neonatal Intensive Care Unit (NICU) - Porodnice U Apolin\u00e1\u0159e\",\"isPartOf\":{\"@id\":\"https:\/\/apolinar.eu\/en\/#website\"},\"datePublished\":\"2023-08-02T14:46:38+00:00\",\"dateModified\":\"2025-09-01T20:44:58+00:00\",\"breadcrumb\":{\"@id\":\"https:\/\/apolinar.eu\/en\/novorozenecka-jednotka-intenzivni-pece\/#breadcrumb\"},\"inLanguage\":\"en-US\",\"potentialAction\":[{\"@type\":\"ReadAction\",\"target\":[\"https:\/\/apolinar.eu\/en\/novorozenecka-jednotka-intenzivni-pece\/\"]}]},{\"@type\":\"BreadcrumbList\",\"@id\":\"https:\/\/apolinar.eu\/en\/novorozenecka-jednotka-intenzivni-pece\/#breadcrumb\",\"itemListElement\":[{\"@type\":\"ListItem\",\"position\":1,\"name\":\"Dom\u016f\",\"item\":\"https:\/\/apolinar.eu\/en\/\"},{\"@type\":\"ListItem\",\"position\":2,\"name\":\"Neonatal Intensive Care Unit (NICU)\"}]},{\"@type\":\"WebSite\",\"@id\":\"https:\/\/apolinar.eu\/en\/#website\",\"url\":\"https:\/\/apolinar.eu\/en\/\",\"name\":\"Porodnice U Apolin\u00e1\u0159e\",\"description\":\"Klinika gynekologie, porodnictv\u00ed a neonatologie 1. LF UK a VFN v Praze\",\"potentialAction\":[{\"@type\":\"SearchAction\",\"target\":{\"@type\":\"EntryPoint\",\"urlTemplate\":\"https:\/\/apolinar.eu\/en\/?s={search_term_string}\"},\"query-input\":{\"@type\":\"PropertyValueSpecification\",\"valueRequired\":true,\"valueName\":\"search_term_string\"}}],\"inLanguage\":\"en-US\"}]}<\/script>\n<!-- \/ Yoast SEO plugin. -->","yoast_head_json":{"title":"Neonatal Intensive Care Unit (NICU) - Porodnice U Apolin\u00e1\u0159e","robots":{"index":"index","follow":"follow","max-snippet":"max-snippet:-1","max-image-preview":"max-image-preview:large","max-video-preview":"max-video-preview:-1"},"canonical":"https:\/\/apolinar.eu\/en\/novorozenecka-jednotka-intenzivni-pece\/","og_locale":"en_US","og_type":"article","og_title":"Neonatal Intensive Care Unit (NICU) - Porodnice U Apolin\u00e1\u0159e","og_url":"https:\/\/apolinar.eu\/en\/novorozenecka-jednotka-intenzivni-pece\/","og_site_name":"Porodnice U Apolin\u00e1\u0159e","article_modified_time":"2025-09-01T20:44:58+00:00","twitter_card":"summary_large_image","schema":{"@context":"https:\/\/schema.org","@graph":[{"@type":"WebPage","@id":"https:\/\/apolinar.eu\/en\/novorozenecka-jednotka-intenzivni-pece\/","url":"https:\/\/apolinar.eu\/en\/novorozenecka-jednotka-intenzivni-pece\/","name":"Neonatal Intensive Care Unit (NICU) - Porodnice U Apolin\u00e1\u0159e","isPartOf":{"@id":"https:\/\/apolinar.eu\/en\/#website"},"datePublished":"2023-08-02T14:46:38+00:00","dateModified":"2025-09-01T20:44:58+00:00","breadcrumb":{"@id":"https:\/\/apolinar.eu\/en\/novorozenecka-jednotka-intenzivni-pece\/#breadcrumb"},"inLanguage":"en-US","potentialAction":[{"@type":"ReadAction","target":["https:\/\/apolinar.eu\/en\/novorozenecka-jednotka-intenzivni-pece\/"]}]},{"@type":"BreadcrumbList","@id":"https:\/\/apolinar.eu\/en\/novorozenecka-jednotka-intenzivni-pece\/#breadcrumb","itemListElement":[{"@type":"ListItem","position":1,"name":"Dom\u016f","item":"https:\/\/apolinar.eu\/en\/"},{"@type":"ListItem","position":2,"name":"Neonatal Intensive Care Unit (NICU)"}]},{"@type":"WebSite","@id":"https:\/\/apolinar.eu\/en\/#website","url":"https:\/\/apolinar.eu\/en\/","name":"Porodnice U Apolin\u00e1\u0159e","description":"Klinika gynekologie, porodnictv\u00ed a neonatologie 1. LF UK a VFN v Praze","potentialAction":[{"@type":"SearchAction","target":{"@type":"EntryPoint","urlTemplate":"https:\/\/apolinar.eu\/en\/?s={search_term_string}"},"query-input":{"@type":"PropertyValueSpecification","valueRequired":true,"valueName":"search_term_string"}}],"inLanguage":"en-US"}]}},"_links":{"self":[{"href":"https:\/\/apolinar.eu\/en\/wp-json\/wp\/v2\/pages\/14364","targetHints":{"allow":["GET"]}}],"collection":[{"href":"https:\/\/apolinar.eu\/en\/wp-json\/wp\/v2\/pages"}],"about":[{"href":"https:\/\/apolinar.eu\/en\/wp-json\/wp\/v2\/types\/page"}],"author":[{"embeddable":true,"href":"https:\/\/apolinar.eu\/en\/wp-json\/wp\/v2\/users\/6"}],"replies":[{"embeddable":true,"href":"https:\/\/apolinar.eu\/en\/wp-json\/wp\/v2\/comments?post=14364"}],"version-history":[{"count":2,"href":"https:\/\/apolinar.eu\/en\/wp-json\/wp\/v2\/pages\/14364\/revisions"}],"predecessor-version":[{"id":14367,"href":"https:\/\/apolinar.eu\/en\/wp-json\/wp\/v2\/pages\/14364\/revisions\/14367"}],"wp:attachment":[{"href":"https:\/\/apolinar.eu\/en\/wp-json\/wp\/v2\/media?parent=14364"}],"curies":[{"name":"wp","href":"https:\/\/api.w.org\/{rel}","templated":true}]}}