{"id":14339,"date":"2023-07-13T15:24:58","date_gmt":"2023-07-13T13:24:58","guid":{"rendered":"https:\/\/apolinar.eu\/novorozenecky-screening\/"},"modified":"2025-09-01T22:20:22","modified_gmt":"2025-09-01T20:20:22","slug":"novorozenecky-screening","status":"publish","type":"page","link":"https:\/\/apolinar.eu\/en\/novorozenecky-screening\/","title":{"rendered":"Newborn screening"},"content":{"rendered":"        <section\r\n            class=\"pdt-80 pdb-40 \"\r\n        >\r\n        <div class=\"wrapper2\">\r\n                            <div class=\"text_block observe anim_drop1 anim_delay\">\r\n                    <h1 class=\"title_h2 \">Newborn screening<\/h1>                                                                                            <h2 class=\"title_h3 color2\">\r\n                                Screening examination is an active, nationwide, targeted search for a certain disease before symptoms appear in the child, allowing treatment to begin in time if possible. Parents may be present at all screening examinations.                            <\/h2>\r\n                                                                <div class=\"page_content reset_margins\">\r\n                        <p><\/p>\r\n                    <\/div>\r\n                                    <\/div>\r\n                    <\/div>\r\n    <\/section>\r\n\n\n    <!-- ACCORD -->\r\n    <section\r\n            class=\"pdt-40 pdb-80 bg3\"\r\n        >\r\n        <div class=\"wrapper2 anim_delay anim_drop1 observe\">\r\n            <h2 class=\"title_h3 \">Which screening examinations are routinely performed for newborns during their stay in the maternity hospital?<\/h2>                                        <div class=\"accord mgt-30\">\r\n                                            <!-- ITEM -->\r\n                        <div class=\"item_accord item\">\r\n                            <a href=\"#\" role=\"button\" class=\"item_accord_head head\">\r\n                                <h3 class=\"item_accord_title\">Screening for congenital cataract<\/h3>\r\n                                <div class=\"item_accord_arrow\">\r\n                                    <svg class=\"sicofill\">\r\n                                        <use href=\"https:\/\/apolinar.eu\/wp-content\/themes\/apolinar\/assets\/layout\/icons.svg#s_ar2_d\"\/>\r\n                                    <\/svg>\r\n                                <\/div>\r\n                            <\/a>\r\n                            <div class=\"expand\">\r\n                                <div class=\"item_accord_inner page_content reset_margins\">\r\n                                                                                                                                                        <p>Using an ophthalmoscope, we briefly examine the newborn&#8217;s eyes; the examination is performed without dilating the pupils.<\/p>\n                                                                    <\/div>\r\n                            <\/div>\r\n                        <\/div>\r\n                                            <!-- ITEM -->\r\n                        <div class=\"item_accord item\">\r\n                            <a href=\"#\" role=\"button\" class=\"item_accord_head head\">\r\n                                <h3 class=\"item_accord_title\">Screening for congenital hearing loss (otoacoustic emission testing)<\/h3>\r\n                                <div class=\"item_accord_arrow\">\r\n                                    <svg class=\"sicofill\">\r\n                                        <use href=\"https:\/\/apolinar.eu\/wp-content\/themes\/apolinar\/assets\/layout\/icons.svg#s_ar2_d\"\/>\r\n                                    <\/svg>\r\n                                <\/div>\r\n                            <\/a>\r\n                            <div class=\"expand\">\r\n                                <div class=\"item_accord_inner page_content reset_margins\">\r\n                                                                                                                                                        <p>It is usually performed after the 2nd day of life. The examination takes a few minutes. A small probe is inserted into the baby\u2019s ear canal, and a special device measures the quality of sound transmission. The procedure is painless.<\/p>\n<ul>\n<li><a href=\"https:\/\/www.otorinolaryngologie.cz\/content\/uploads\/2020\/02\/ppp-screening-sluchu-novorozencu.pdf\">More information<\/a><\/li>\n<\/ul>\n                                                                    <\/div>\r\n                            <\/div>\r\n                        <\/div>\r\n                                            <!-- ITEM -->\r\n                        <div class=\"item_accord item\">\r\n                            <a href=\"#\" role=\"button\" class=\"item_accord_head head\">\r\n                                <h3 class=\"item_accord_title\">Newborn laboratory screening for inherited metabolic disorders<\/h3>\r\n                                <div class=\"item_accord_arrow\">\r\n                                    <svg class=\"sicofill\">\r\n                                        <use href=\"https:\/\/apolinar.eu\/wp-content\/themes\/apolinar\/assets\/layout\/icons.svg#s_ar2_d\"\/>\r\n                                    <\/svg>\r\n                                <\/div>\r\n                            <\/a>\r\n                            <div class=\"expand\">\r\n                                <div class=\"item_accord_inner page_content reset_margins\">\r\n                                                                                                                                                        <p>Between 48 and 72 hours of life, a small blood sample is taken from the heel. Currently, 21 congenital diseases are screened, including the newly recommended screening for spinal muscular atrophy (SMA), severe combined immunodeficiency (SCID), and congenital vitamin B12 deficiency.<\/p>\n<ul>\n<li><a href=\"http:\/\/www.novorozeneckyscreening.cz\/\">More information<\/a><\/li>\n<\/ul>\n                                                                    <\/div>\r\n                            <\/div>\r\n                        <\/div>\r\n                                            <!-- ITEM -->\r\n                        <div class=\"item_accord item\">\r\n                            <a href=\"#\" role=\"button\" class=\"item_accord_head head\">\r\n                                <h3 class=\"item_accord_title\">Screening for congenital hip dysplasia<\/h3>\r\n                                <div class=\"item_accord_arrow\">\r\n                                    <svg class=\"sicofill\">\r\n                                        <use href=\"https:\/\/apolinar.eu\/wp-content\/themes\/apolinar\/assets\/layout\/icons.svg#s_ar2_d\"\/>\r\n                                    <\/svg>\r\n                                <\/div>\r\n                            <\/a>\r\n                            <div class=\"expand\">\r\n                                <div class=\"item_accord_inner page_content reset_margins\">\r\n                                                                                                                                                        <p>A preliminary clinical examination of the hips by a neonatologist.<\/p>\n                                                                    <\/div>\r\n                            <\/div>\r\n                        <\/div>\r\n                                            <!-- ITEM -->\r\n                        <div class=\"item_accord item\">\r\n                            <a href=\"#\" role=\"button\" class=\"item_accord_head head\">\r\n                                <h3 class=\"item_accord_title\">Screening for congenital narrowing (coarctation) of the aorta<\/h3>\r\n                                <div class=\"item_accord_arrow\">\r\n                                    <svg class=\"sicofill\">\r\n                                        <use href=\"https:\/\/apolinar.eu\/wp-content\/themes\/apolinar\/assets\/layout\/icons.svg#s_ar2_d\"\/>\r\n                                    <\/svg>\r\n                                <\/div>\r\n                            <\/a>\r\n                            <div class=\"expand\">\r\n                                <div class=\"item_accord_inner page_content reset_margins\">\r\n                                                                                                                                                        <p>During the examination, the pulse is palpated in the femoral arteries.<\/p>\n                                                                    <\/div>\r\n                            <\/div>\r\n                        <\/div>\r\n                                            <!-- ITEM -->\r\n                        <div class=\"item_accord item\">\r\n                            <a href=\"#\" role=\"button\" class=\"item_accord_head head\">\r\n                                <h3 class=\"item_accord_title\">Screening for cleft palate<\/h3>\r\n                                <div class=\"item_accord_arrow\">\r\n                                    <svg class=\"sicofill\">\r\n                                        <use href=\"https:\/\/apolinar.eu\/wp-content\/themes\/apolinar\/assets\/layout\/icons.svg#s_ar2_d\"\/>\r\n                                    <\/svg>\r\n                                <\/div>\r\n                            <\/a>\r\n                            <div class=\"expand\">\r\n                                <div class=\"item_accord_inner page_content reset_margins\">\r\n                                                                                                                                                        <p>During the first examination after birth, the soft and hard palate in the newborn&#8217;s mouth is checked by touch and sight.<\/p>\n<ul>\n<li><a href=\"https:\/\/www.nzip.cz\/clanek\/644-rozstepy-rtu-a-patra\">More information<\/a><\/li>\n<\/ul>\n                                                                    <\/div>\r\n                            <\/div>\r\n                        <\/div>\r\n                                    <\/div>\r\n                    <\/div>\r\n    <\/section>\r\n","protected":false},"excerpt":{"rendered":"","protected":false},"author":6,"featured_media":0,"parent":0,"menu_order":0,"comment_status":"closed","ping_status":"closed","template":"","meta":{"_acf_changed":false,"footnotes":""},"class_list":["post-14339","page","type-page","status-publish","hentry"],"acf":[],"yoast_head":"<!-- This site is optimized with the Yoast SEO plugin v26.2 - https:\/\/yoast.com\/wordpress\/plugins\/seo\/ -->\n<title>Newborn screening - Porodnice U Apolin\u00e1\u0159e<\/title>\n<meta name=\"robots\" content=\"index, follow, max-snippet:-1, max-image-preview:large, max-video-preview:-1\" \/>\n<link rel=\"canonical\" href=\"https:\/\/apolinar.eu\/en\/novorozenecky-screening\/\" \/>\n<meta property=\"og:locale\" content=\"en_US\" \/>\n<meta property=\"og:type\" content=\"article\" \/>\n<meta property=\"og:title\" content=\"Newborn screening - Porodnice U Apolin\u00e1\u0159e\" \/>\n<meta property=\"og:url\" content=\"https:\/\/apolinar.eu\/en\/novorozenecky-screening\/\" \/>\n<meta property=\"og:site_name\" content=\"Porodnice U Apolin\u00e1\u0159e\" \/>\n<meta property=\"article:modified_time\" content=\"2025-09-01T20:20:22+00:00\" \/>\n<meta name=\"twitter:card\" content=\"summary_large_image\" \/>\n<script type=\"application\/ld+json\" class=\"yoast-schema-graph\">{\"@context\":\"https:\/\/schema.org\",\"@graph\":[{\"@type\":\"WebPage\",\"@id\":\"https:\/\/apolinar.eu\/en\/novorozenecky-screening\/\",\"url\":\"https:\/\/apolinar.eu\/en\/novorozenecky-screening\/\",\"name\":\"Newborn screening - Porodnice U Apolin\u00e1\u0159e\",\"isPartOf\":{\"@id\":\"https:\/\/apolinar.eu\/en\/#website\"},\"datePublished\":\"2023-07-13T13:24:58+00:00\",\"dateModified\":\"2025-09-01T20:20:22+00:00\",\"breadcrumb\":{\"@id\":\"https:\/\/apolinar.eu\/en\/novorozenecky-screening\/#breadcrumb\"},\"inLanguage\":\"en-US\",\"potentialAction\":[{\"@type\":\"ReadAction\",\"target\":[\"https:\/\/apolinar.eu\/en\/novorozenecky-screening\/\"]}]},{\"@type\":\"BreadcrumbList\",\"@id\":\"https:\/\/apolinar.eu\/en\/novorozenecky-screening\/#breadcrumb\",\"itemListElement\":[{\"@type\":\"ListItem\",\"position\":1,\"name\":\"Dom\u016f\",\"item\":\"https:\/\/apolinar.eu\/en\/\"},{\"@type\":\"ListItem\",\"position\":2,\"name\":\"Newborn screening\"}]},{\"@type\":\"WebSite\",\"@id\":\"https:\/\/apolinar.eu\/en\/#website\",\"url\":\"https:\/\/apolinar.eu\/en\/\",\"name\":\"Porodnice U Apolin\u00e1\u0159e\",\"description\":\"Klinika gynekologie, porodnictv\u00ed a neonatologie 1. LF UK a VFN v Praze\",\"potentialAction\":[{\"@type\":\"SearchAction\",\"target\":{\"@type\":\"EntryPoint\",\"urlTemplate\":\"https:\/\/apolinar.eu\/en\/?s={search_term_string}\"},\"query-input\":{\"@type\":\"PropertyValueSpecification\",\"valueRequired\":true,\"valueName\":\"search_term_string\"}}],\"inLanguage\":\"en-US\"}]}<\/script>\n<!-- \/ Yoast SEO plugin. -->","yoast_head_json":{"title":"Newborn screening - Porodnice U Apolin\u00e1\u0159e","robots":{"index":"index","follow":"follow","max-snippet":"max-snippet:-1","max-image-preview":"max-image-preview:large","max-video-preview":"max-video-preview:-1"},"canonical":"https:\/\/apolinar.eu\/en\/novorozenecky-screening\/","og_locale":"en_US","og_type":"article","og_title":"Newborn screening - Porodnice U Apolin\u00e1\u0159e","og_url":"https:\/\/apolinar.eu\/en\/novorozenecky-screening\/","og_site_name":"Porodnice U Apolin\u00e1\u0159e","article_modified_time":"2025-09-01T20:20:22+00:00","twitter_card":"summary_large_image","schema":{"@context":"https:\/\/schema.org","@graph":[{"@type":"WebPage","@id":"https:\/\/apolinar.eu\/en\/novorozenecky-screening\/","url":"https:\/\/apolinar.eu\/en\/novorozenecky-screening\/","name":"Newborn screening - Porodnice U Apolin\u00e1\u0159e","isPartOf":{"@id":"https:\/\/apolinar.eu\/en\/#website"},"datePublished":"2023-07-13T13:24:58+00:00","dateModified":"2025-09-01T20:20:22+00:00","breadcrumb":{"@id":"https:\/\/apolinar.eu\/en\/novorozenecky-screening\/#breadcrumb"},"inLanguage":"en-US","potentialAction":[{"@type":"ReadAction","target":["https:\/\/apolinar.eu\/en\/novorozenecky-screening\/"]}]},{"@type":"BreadcrumbList","@id":"https:\/\/apolinar.eu\/en\/novorozenecky-screening\/#breadcrumb","itemListElement":[{"@type":"ListItem","position":1,"name":"Dom\u016f","item":"https:\/\/apolinar.eu\/en\/"},{"@type":"ListItem","position":2,"name":"Newborn screening"}]},{"@type":"WebSite","@id":"https:\/\/apolinar.eu\/en\/#website","url":"https:\/\/apolinar.eu\/en\/","name":"Porodnice U Apolin\u00e1\u0159e","description":"Klinika gynekologie, porodnictv\u00ed a neonatologie 1. LF UK a VFN v Praze","potentialAction":[{"@type":"SearchAction","target":{"@type":"EntryPoint","urlTemplate":"https:\/\/apolinar.eu\/en\/?s={search_term_string}"},"query-input":{"@type":"PropertyValueSpecification","valueRequired":true,"valueName":"search_term_string"}}],"inLanguage":"en-US"}]}},"_links":{"self":[{"href":"https:\/\/apolinar.eu\/en\/wp-json\/wp\/v2\/pages\/14339","targetHints":{"allow":["GET"]}}],"collection":[{"href":"https:\/\/apolinar.eu\/en\/wp-json\/wp\/v2\/pages"}],"about":[{"href":"https:\/\/apolinar.eu\/en\/wp-json\/wp\/v2\/types\/page"}],"author":[{"embeddable":true,"href":"https:\/\/apolinar.eu\/en\/wp-json\/wp\/v2\/users\/6"}],"replies":[{"embeddable":true,"href":"https:\/\/apolinar.eu\/en\/wp-json\/wp\/v2\/comments?post=14339"}],"version-history":[{"count":2,"href":"https:\/\/apolinar.eu\/en\/wp-json\/wp\/v2\/pages\/14339\/revisions"}],"predecessor-version":[{"id":14342,"href":"https:\/\/apolinar.eu\/en\/wp-json\/wp\/v2\/pages\/14339\/revisions\/14342"}],"wp:attachment":[{"href":"https:\/\/apolinar.eu\/en\/wp-json\/wp\/v2\/media?parent=14339"}],"curies":[{"name":"wp","href":"https:\/\/api.w.org\/{rel}","templated":true}]}}