{"id":14329,"date":"2023-07-11T21:05:37","date_gmt":"2023-07-11T19:05:37","guid":{"rendered":"https:\/\/apolinar.eu\/prvni-osetreni-novorozence\/"},"modified":"2025-09-01T22:07:18","modified_gmt":"2025-09-01T20:07:18","slug":"prvni-osetreni-novorozence","status":"publish","type":"page","link":"https:\/\/apolinar.eu\/en\/prvni-osetreni-novorozence\/","title":{"rendered":"First treatment of a newborn"},"content":{"rendered":"        <section\r\n            class=\"pdt-80 pdb-40 \"\r\n        >\r\n        <div class=\"wrapper2\">\r\n                            <div class=\"text_block observe anim_drop1 anim_delay\">\r\n                    <h1 class=\"title_h2 \">First treatment of a newborn<\/h1>                                                                                            <h2 class=\"title_h3 color2\">\r\n                                How is a baby cared for after birth?                            <\/h2>\r\n                                                                <div class=\"page_content reset_margins\">\r\n                        <p><\/p>\r\n                    <\/div>\r\n                                    <\/div>\r\n                    <\/div>\r\n    <\/section>\r\n\n\n                <!-- TEXT BLOCK -->\r\n        <section\r\n                class=\"pdt-40 pdb-30 \"\r\n            >\r\n            <div class=\"wrapper2 text_block\">\r\n                                                                                                                <div class=\"page_content reset_margins\">\r\n                                                                                        <p>The first examination within the first two hours after birth is performed by a pediatric nurse.<\/p>\n<p>The examination takes place on a heated bed for newborns.<\/p>\n<p>After drying the baby to prevent heat loss, the baby is marked with a plastic band with their name and number and tied to their hand. The number matches the number on your hand, and the same number is also written in special ink on the baby&#8217;s chest.<\/p>\n<p>The next step is to check the baby&#8217;s adaptation, during which the pediatric nurse listens to the baby&#8217;s heart and breathing with a stethoscope, followed by measurements (weight, length), recording of body temperature, and treatment of the eyes with eye drops (to prevent eye infections).<br \/>\nDuring the first examination, possible postnatal injuries are also checked, serious congenital defects in the baby are ruled out, and vitamin K is administered to prevent serious neonatal bleeding.<\/p>\n<p>In the event of any problems with the baby, a pediatric neonatologist and a fully equipped intensive care and resuscitation unit are always available.<\/p>\n<p>If everything is fine, after two hours you and your baby will be transferred to the postpartum ward, where you will continue to spend time together.<\/p>\n                                    <\/div>\r\n            <\/div>\r\n        <\/section>\r\n    ","protected":false},"excerpt":{"rendered":"","protected":false},"author":2,"featured_media":0,"parent":0,"menu_order":0,"comment_status":"closed","ping_status":"closed","template":"","meta":{"_acf_changed":false,"footnotes":""},"class_list":["post-14329","page","type-page","status-publish","hentry"],"acf":[],"yoast_head":"<!-- This site is optimized with the Yoast SEO plugin v26.2 - https:\/\/yoast.com\/wordpress\/plugins\/seo\/ -->\n<title>First treatment of a newborn - Porodnice U Apolin\u00e1\u0159e<\/title>\n<meta name=\"robots\" content=\"index, follow, max-snippet:-1, max-image-preview:large, max-video-preview:-1\" \/>\n<link rel=\"canonical\" href=\"https:\/\/apolinar.eu\/en\/prvni-osetreni-novorozence\/\" \/>\n<meta property=\"og:locale\" content=\"en_US\" \/>\n<meta property=\"og:type\" content=\"article\" \/>\n<meta property=\"og:title\" content=\"First treatment of a newborn - Porodnice U Apolin\u00e1\u0159e\" \/>\n<meta property=\"og:url\" content=\"https:\/\/apolinar.eu\/en\/prvni-osetreni-novorozence\/\" \/>\n<meta property=\"og:site_name\" content=\"Porodnice U Apolin\u00e1\u0159e\" \/>\n<meta property=\"article:modified_time\" content=\"2025-09-01T20:07:18+00:00\" \/>\n<meta name=\"twitter:card\" content=\"summary_large_image\" \/>\n<script type=\"application\/ld+json\" class=\"yoast-schema-graph\">{\"@context\":\"https:\/\/schema.org\",\"@graph\":[{\"@type\":\"WebPage\",\"@id\":\"https:\/\/apolinar.eu\/en\/prvni-osetreni-novorozence\/\",\"url\":\"https:\/\/apolinar.eu\/en\/prvni-osetreni-novorozence\/\",\"name\":\"First treatment of a newborn - Porodnice U Apolin\u00e1\u0159e\",\"isPartOf\":{\"@id\":\"https:\/\/apolinar.eu\/en\/#website\"},\"datePublished\":\"2023-07-11T19:05:37+00:00\",\"dateModified\":\"2025-09-01T20:07:18+00:00\",\"breadcrumb\":{\"@id\":\"https:\/\/apolinar.eu\/en\/prvni-osetreni-novorozence\/#breadcrumb\"},\"inLanguage\":\"en-US\",\"potentialAction\":[{\"@type\":\"ReadAction\",\"target\":[\"https:\/\/apolinar.eu\/en\/prvni-osetreni-novorozence\/\"]}]},{\"@type\":\"BreadcrumbList\",\"@id\":\"https:\/\/apolinar.eu\/en\/prvni-osetreni-novorozence\/#breadcrumb\",\"itemListElement\":[{\"@type\":\"ListItem\",\"position\":1,\"name\":\"Dom\u016f\",\"item\":\"https:\/\/apolinar.eu\/en\/\"},{\"@type\":\"ListItem\",\"position\":2,\"name\":\"First treatment of a newborn\"}]},{\"@type\":\"WebSite\",\"@id\":\"https:\/\/apolinar.eu\/en\/#website\",\"url\":\"https:\/\/apolinar.eu\/en\/\",\"name\":\"Porodnice U Apolin\u00e1\u0159e\",\"description\":\"Klinika gynekologie, porodnictv\u00ed a neonatologie 1. LF UK a VFN v Praze\",\"potentialAction\":[{\"@type\":\"SearchAction\",\"target\":{\"@type\":\"EntryPoint\",\"urlTemplate\":\"https:\/\/apolinar.eu\/en\/?s={search_term_string}\"},\"query-input\":{\"@type\":\"PropertyValueSpecification\",\"valueRequired\":true,\"valueName\":\"search_term_string\"}}],\"inLanguage\":\"en-US\"}]}<\/script>\n<!-- \/ Yoast SEO plugin. -->","yoast_head_json":{"title":"First treatment of a newborn - Porodnice U Apolin\u00e1\u0159e","robots":{"index":"index","follow":"follow","max-snippet":"max-snippet:-1","max-image-preview":"max-image-preview:large","max-video-preview":"max-video-preview:-1"},"canonical":"https:\/\/apolinar.eu\/en\/prvni-osetreni-novorozence\/","og_locale":"en_US","og_type":"article","og_title":"First treatment of a newborn - Porodnice U Apolin\u00e1\u0159e","og_url":"https:\/\/apolinar.eu\/en\/prvni-osetreni-novorozence\/","og_site_name":"Porodnice U Apolin\u00e1\u0159e","article_modified_time":"2025-09-01T20:07:18+00:00","twitter_card":"summary_large_image","schema":{"@context":"https:\/\/schema.org","@graph":[{"@type":"WebPage","@id":"https:\/\/apolinar.eu\/en\/prvni-osetreni-novorozence\/","url":"https:\/\/apolinar.eu\/en\/prvni-osetreni-novorozence\/","name":"First treatment of a newborn - Porodnice U Apolin\u00e1\u0159e","isPartOf":{"@id":"https:\/\/apolinar.eu\/en\/#website"},"datePublished":"2023-07-11T19:05:37+00:00","dateModified":"2025-09-01T20:07:18+00:00","breadcrumb":{"@id":"https:\/\/apolinar.eu\/en\/prvni-osetreni-novorozence\/#breadcrumb"},"inLanguage":"en-US","potentialAction":[{"@type":"ReadAction","target":["https:\/\/apolinar.eu\/en\/prvni-osetreni-novorozence\/"]}]},{"@type":"BreadcrumbList","@id":"https:\/\/apolinar.eu\/en\/prvni-osetreni-novorozence\/#breadcrumb","itemListElement":[{"@type":"ListItem","position":1,"name":"Dom\u016f","item":"https:\/\/apolinar.eu\/en\/"},{"@type":"ListItem","position":2,"name":"First treatment of a newborn"}]},{"@type":"WebSite","@id":"https:\/\/apolinar.eu\/en\/#website","url":"https:\/\/apolinar.eu\/en\/","name":"Porodnice U Apolin\u00e1\u0159e","description":"Klinika gynekologie, porodnictv\u00ed a neonatologie 1. LF UK a VFN v Praze","potentialAction":[{"@type":"SearchAction","target":{"@type":"EntryPoint","urlTemplate":"https:\/\/apolinar.eu\/en\/?s={search_term_string}"},"query-input":{"@type":"PropertyValueSpecification","valueRequired":true,"valueName":"search_term_string"}}],"inLanguage":"en-US"}]}},"_links":{"self":[{"href":"https:\/\/apolinar.eu\/en\/wp-json\/wp\/v2\/pages\/14329","targetHints":{"allow":["GET"]}}],"collection":[{"href":"https:\/\/apolinar.eu\/en\/wp-json\/wp\/v2\/pages"}],"about":[{"href":"https:\/\/apolinar.eu\/en\/wp-json\/wp\/v2\/types\/page"}],"author":[{"embeddable":true,"href":"https:\/\/apolinar.eu\/en\/wp-json\/wp\/v2\/users\/2"}],"replies":[{"embeddable":true,"href":"https:\/\/apolinar.eu\/en\/wp-json\/wp\/v2\/comments?post=14329"}],"version-history":[{"count":2,"href":"https:\/\/apolinar.eu\/en\/wp-json\/wp\/v2\/pages\/14329\/revisions"}],"predecessor-version":[{"id":14331,"href":"https:\/\/apolinar.eu\/en\/wp-json\/wp\/v2\/pages\/14329\/revisions\/14331"}],"wp:attachment":[{"href":"https:\/\/apolinar.eu\/en\/wp-json\/wp\/v2\/media?parent=14329"}],"curies":[{"name":"wp","href":"https:\/\/api.w.org\/{rel}","templated":true}]}}