{"id":14261,"date":"2025-02-09T10:55:11","date_gmt":"2025-02-09T09:55:11","guid":{"rendered":"https:\/\/apolinar.eu\/doba-hospitalizace\/"},"modified":"2025-08-31T23:40:52","modified_gmt":"2025-08-31T21:40:52","slug":"doba-hospitalizace","status":"publish","type":"page","link":"https:\/\/apolinar.eu\/en\/doba-hospitalizace\/","title":{"rendered":"Length of hospital stay"},"content":{"rendered":"                <!-- TEXT BLOCK -->\r\n        <section\r\n                class=\"pdt-80 pdb-80 \"\r\n            >\r\n            <div class=\"wrapper2 text_block\">\r\n                <h2 class=\"title_h2 text_center_mdm\">Length of hospital stay after childbirth<\/h2>                                                                                                <div class=\"page_content reset_margins\">\r\n                                                                                        <p><span data-olk-copy-source=\"MessageBody\"><br \/>\nWe would like to prepare you for the fact that, in line with modern approaches to maternity care, the length of hospital stay after childbirth is being shortened.<br \/>\n<\/span><\/p>\n<p><span data-olk-copy-source=\"MessageBody\"><br \/>\nIf there are no complications for the mother or the newborn, both are discharged 48 hours after a spontaneous birth, or 48\u201372 hours (2nd\u20133rd day) after a cesarean section.<br \/>\n<\/span><\/p>\n<p><span data-olk-copy-source=\"MessageBody\"><br \/>\nThis trend is driven by the aim to increase safety (reducing the risk of infections in the hospital environment) and to facilitate a quicker return to the home environment.<br \/>\n<\/span><\/p>\n<p data-olk-copy-source=\"MessageBody\">\nIf you have any questions or concerns, please do not hesitate to contact the staff at our clinic.\n<\/p>\n<p>We thank you for your trust and look forward to being part of your happy journey!<\/p>\n                                    <\/div>\r\n            <\/div>\r\n        <\/section>\r\n    ","protected":false},"excerpt":{"rendered":"","protected":false},"author":6,"featured_media":0,"parent":0,"menu_order":0,"comment_status":"closed","ping_status":"closed","template":"","meta":{"_acf_changed":false,"footnotes":""},"class_list":["post-14261","page","type-page","status-publish","hentry"],"acf":[],"yoast_head":"<!-- This site is optimized with the Yoast SEO plugin v26.2 - https:\/\/yoast.com\/wordpress\/plugins\/seo\/ -->\n<title>Length of hospital stay - Porodnice U Apolin\u00e1\u0159e<\/title>\n<meta name=\"robots\" content=\"index, follow, max-snippet:-1, max-image-preview:large, max-video-preview:-1\" \/>\n<link rel=\"canonical\" href=\"https:\/\/apolinar.eu\/en\/doba-hospitalizace\/\" \/>\n<meta property=\"og:locale\" content=\"en_US\" \/>\n<meta property=\"og:type\" content=\"article\" \/>\n<meta property=\"og:title\" content=\"Length of hospital stay - Porodnice U Apolin\u00e1\u0159e\" \/>\n<meta property=\"og:url\" content=\"https:\/\/apolinar.eu\/en\/doba-hospitalizace\/\" \/>\n<meta property=\"og:site_name\" content=\"Porodnice U Apolin\u00e1\u0159e\" \/>\n<meta property=\"article:modified_time\" content=\"2025-08-31T21:40:52+00:00\" \/>\n<meta name=\"twitter:card\" content=\"summary_large_image\" \/>\n<script type=\"application\/ld+json\" class=\"yoast-schema-graph\">{\"@context\":\"https:\/\/schema.org\",\"@graph\":[{\"@type\":\"WebPage\",\"@id\":\"https:\/\/apolinar.eu\/en\/doba-hospitalizace\/\",\"url\":\"https:\/\/apolinar.eu\/en\/doba-hospitalizace\/\",\"name\":\"Length of hospital stay - Porodnice U Apolin\u00e1\u0159e\",\"isPartOf\":{\"@id\":\"https:\/\/apolinar.eu\/en\/#website\"},\"datePublished\":\"2025-02-09T09:55:11+00:00\",\"dateModified\":\"2025-08-31T21:40:52+00:00\",\"breadcrumb\":{\"@id\":\"https:\/\/apolinar.eu\/en\/doba-hospitalizace\/#breadcrumb\"},\"inLanguage\":\"en-US\",\"potentialAction\":[{\"@type\":\"ReadAction\",\"target\":[\"https:\/\/apolinar.eu\/en\/doba-hospitalizace\/\"]}]},{\"@type\":\"BreadcrumbList\",\"@id\":\"https:\/\/apolinar.eu\/en\/doba-hospitalizace\/#breadcrumb\",\"itemListElement\":[{\"@type\":\"ListItem\",\"position\":1,\"name\":\"Dom\u016f\",\"item\":\"https:\/\/apolinar.eu\/en\/\"},{\"@type\":\"ListItem\",\"position\":2,\"name\":\"Length of hospital stay\"}]},{\"@type\":\"WebSite\",\"@id\":\"https:\/\/apolinar.eu\/en\/#website\",\"url\":\"https:\/\/apolinar.eu\/en\/\",\"name\":\"Porodnice U Apolin\u00e1\u0159e\",\"description\":\"Klinika gynekologie, porodnictv\u00ed a neonatologie 1. LF UK a VFN v Praze\",\"potentialAction\":[{\"@type\":\"SearchAction\",\"target\":{\"@type\":\"EntryPoint\",\"urlTemplate\":\"https:\/\/apolinar.eu\/en\/?s={search_term_string}\"},\"query-input\":{\"@type\":\"PropertyValueSpecification\",\"valueRequired\":true,\"valueName\":\"search_term_string\"}}],\"inLanguage\":\"en-US\"}]}<\/script>\n<!-- \/ Yoast SEO plugin. -->","yoast_head_json":{"title":"Length of hospital stay - Porodnice U Apolin\u00e1\u0159e","robots":{"index":"index","follow":"follow","max-snippet":"max-snippet:-1","max-image-preview":"max-image-preview:large","max-video-preview":"max-video-preview:-1"},"canonical":"https:\/\/apolinar.eu\/en\/doba-hospitalizace\/","og_locale":"en_US","og_type":"article","og_title":"Length of hospital stay - Porodnice U Apolin\u00e1\u0159e","og_url":"https:\/\/apolinar.eu\/en\/doba-hospitalizace\/","og_site_name":"Porodnice U Apolin\u00e1\u0159e","article_modified_time":"2025-08-31T21:40:52+00:00","twitter_card":"summary_large_image","schema":{"@context":"https:\/\/schema.org","@graph":[{"@type":"WebPage","@id":"https:\/\/apolinar.eu\/en\/doba-hospitalizace\/","url":"https:\/\/apolinar.eu\/en\/doba-hospitalizace\/","name":"Length of hospital stay - Porodnice U Apolin\u00e1\u0159e","isPartOf":{"@id":"https:\/\/apolinar.eu\/en\/#website"},"datePublished":"2025-02-09T09:55:11+00:00","dateModified":"2025-08-31T21:40:52+00:00","breadcrumb":{"@id":"https:\/\/apolinar.eu\/en\/doba-hospitalizace\/#breadcrumb"},"inLanguage":"en-US","potentialAction":[{"@type":"ReadAction","target":["https:\/\/apolinar.eu\/en\/doba-hospitalizace\/"]}]},{"@type":"BreadcrumbList","@id":"https:\/\/apolinar.eu\/en\/doba-hospitalizace\/#breadcrumb","itemListElement":[{"@type":"ListItem","position":1,"name":"Dom\u016f","item":"https:\/\/apolinar.eu\/en\/"},{"@type":"ListItem","position":2,"name":"Length of hospital stay"}]},{"@type":"WebSite","@id":"https:\/\/apolinar.eu\/en\/#website","url":"https:\/\/apolinar.eu\/en\/","name":"Porodnice U Apolin\u00e1\u0159e","description":"Klinika gynekologie, porodnictv\u00ed a neonatologie 1. LF UK a VFN v Praze","potentialAction":[{"@type":"SearchAction","target":{"@type":"EntryPoint","urlTemplate":"https:\/\/apolinar.eu\/en\/?s={search_term_string}"},"query-input":{"@type":"PropertyValueSpecification","valueRequired":true,"valueName":"search_term_string"}}],"inLanguage":"en-US"}]}},"_links":{"self":[{"href":"https:\/\/apolinar.eu\/en\/wp-json\/wp\/v2\/pages\/14261","targetHints":{"allow":["GET"]}}],"collection":[{"href":"https:\/\/apolinar.eu\/en\/wp-json\/wp\/v2\/pages"}],"about":[{"href":"https:\/\/apolinar.eu\/en\/wp-json\/wp\/v2\/types\/page"}],"author":[{"embeddable":true,"href":"https:\/\/apolinar.eu\/en\/wp-json\/wp\/v2\/users\/6"}],"replies":[{"embeddable":true,"href":"https:\/\/apolinar.eu\/en\/wp-json\/wp\/v2\/comments?post=14261"}],"version-history":[{"count":2,"href":"https:\/\/apolinar.eu\/en\/wp-json\/wp\/v2\/pages\/14261\/revisions"}],"predecessor-version":[{"id":14264,"href":"https:\/\/apolinar.eu\/en\/wp-json\/wp\/v2\/pages\/14261\/revisions\/14264"}],"wp:attachment":[{"href":"https:\/\/apolinar.eu\/en\/wp-json\/wp\/v2\/media?parent=14261"}],"curies":[{"name":"wp","href":"https:\/\/api.w.org\/{rel}","templated":true}]}}