{"id":14237,"date":"2023-11-13T22:39:30","date_gmt":"2023-11-13T21:39:30","guid":{"rendered":"https:\/\/apolinar.eu\/strava-v-porodnici\/"},"modified":"2025-09-01T21:45:55","modified_gmt":"2025-09-01T19:45:55","slug":"strava-v-porodnici","status":"publish","type":"page","link":"https:\/\/apolinar.eu\/en\/strava-v-porodnici\/","title":{"rendered":"Food in the Maternity Hospital"},"content":{"rendered":"        <section\r\n            class=\"pdt-80 pdb-40 \"\r\n        >\r\n        <div class=\"wrapper2\">\r\n                            <div class=\"grid small-space align-center\">\r\n                                            <!-- LEFT SIDE -->\r\n                        <div class=\"text_block col2 col1_mdm pdr-20 pd-0md observe anim_drop1 anim_delay\">\r\n                            <h2 class=\"title_h2 \">Food at the U Apolin\u00e1\u0159 Maternity Hospital<\/h2>                                                                                    <div class=\"page_content reset_margins\">\r\n                                <p><p>The latest studies on the diet of breastfeeding women have not shown that gas-forming foods pass into breast milk. For example, it has not been proven that carbonated water, fresh bread, legumes, or cruciferous vegetables are harmful. Therefore, we are pleased to offer you a more varied menu, always respecting your dietary habits and current preferences.<\/p>\n<\/p>\r\n                            <\/div>\r\n                                                    <\/div>\r\n                        <!-- RIGHT SIDE -->\r\n                        <div class=\"col2 col1_mdm list_items mgt-40md observe anim_drop1 anim_delay\">\r\n                            <div class=\"img_holder img_radius10\">\r\n                                <img decoding=\"async\" width=\"237\" height=\"335\" src=\"https:\/\/apolinar.eu\/wp-content\/uploads\/2023\/12\/231114_GPK_stravovani_A4-237x335.jpg\" class=\"attachment-preview_image_without_decoration size-preview_image_without_decoration\" alt=\"\" srcset=\"https:\/\/apolinar.eu\/wp-content\/uploads\/2023\/12\/231114_GPK_stravovani_A4-237x335.jpg 237w, https:\/\/apolinar.eu\/wp-content\/uploads\/2023\/12\/231114_GPK_stravovani_A4-212x300.jpg 212w, https:\/\/apolinar.eu\/wp-content\/uploads\/2023\/12\/231114_GPK_stravovani_A4-724x1024.jpg 724w, https:\/\/apolinar.eu\/wp-content\/uploads\/2023\/12\/231114_GPK_stravovani_A4-768x1086.jpg 768w, https:\/\/apolinar.eu\/wp-content\/uploads\/2023\/12\/231114_GPK_stravovani_A4-1086x1536.jpg 1086w, https:\/\/apolinar.eu\/wp-content\/uploads\/2023\/12\/231114_GPK_stravovani_A4-42x60.jpg 42w, https:\/\/apolinar.eu\/wp-content\/uploads\/2023\/12\/231114_GPK_stravovani_A4-187x264.jpg 187w, https:\/\/apolinar.eu\/wp-content\/uploads\/2023\/12\/231114_GPK_stravovani_A4-74x104.jpg 74w, https:\/\/apolinar.eu\/wp-content\/uploads\/2023\/12\/231114_GPK_stravovani_A4-333x471.jpg 333w, https:\/\/apolinar.eu\/wp-content\/uploads\/2023\/12\/231114_GPK_stravovani_A4-136x192.jpg 136w, https:\/\/apolinar.eu\/wp-content\/uploads\/2023\/12\/231114_GPK_stravovani_A4-311x440.jpg 311w, https:\/\/apolinar.eu\/wp-content\/uploads\/2023\/12\/231114_GPK_stravovani_A4-391x553.jpg 391w, https:\/\/apolinar.eu\/wp-content\/uploads\/2023\/12\/231114_GPK_stravovani_A4-377x533.jpg 377w, https:\/\/apolinar.eu\/wp-content\/uploads\/2023\/12\/231114_GPK_stravovani_A4-85x120.jpg 85w, https:\/\/apolinar.eu\/wp-content\/uploads\/2023\/12\/231114_GPK_stravovani_A4-600x849.jpg 600w, https:\/\/apolinar.eu\/wp-content\/uploads\/2023\/12\/231114_GPK_stravovani_A4.jpg 1240w\" sizes=\"(max-width: 237px) 100vw, 237px\" \/>                            <\/div>\r\n                        <\/div>\r\n                                    <\/div>\r\n                    <\/div>\r\n    <\/section>\r\n\n\n                <!-- TEXT BLOCK -->\r\n        <section\r\n                class=\"pdt-20 pdb-40 \"\r\n            >\r\n            <div class=\"wrapper2 text_block\">\r\n                                                                                                                <div class=\"page_content reset_margins\">\r\n                                                                                        <p>During your stay in the postpartum and high-risk pregnancy wards, you have the option to choose from several types of diets.<br \/>\nYou can opt for a new diet type with higher fiber content that meets all principles of healthy eating, or stick with the traditional menu that prioritizes non-gas-forming foods. If you wish to change your initial food choice later, it is always possible to request a swap.<\/p>\n<p>Do not hesitate to use the services of nutritional therapists. They are available directly in the maternity hospital, will review any dietary restrictions with you, and will try to accommodate your needs. In cases of allergies or intolerances, we will prepare a customized menu for you.<\/p>\n                                    <\/div>\r\n            <\/div>\r\n        <\/section>\r\n    \n\n                <!-- TEXT BLOCK -->\r\n        <section\r\n                class=\"pdt-40 pdb-40 bg3\"\r\n            >\r\n            <div class=\"wrapper2 text_block\">\r\n                                                                                                                <div class=\"page_content reset_margins\">\r\n                                                                                        <p><strong>What options can you choose from?<\/strong><\/p>\n<ul>\n<li><strong>FIT Maternity Diet<\/strong><\/li>\n<\/ul>\n<p>Healthy and varied meals including higher amounts of fiber, whole grains, legumes, vegetables, and fruit. Fish is included twice a week. The menu does not include sweet or fried foods, dumplings with sauce, or fatty products except for high-quality ham.<\/p>\n<ul>\n<li><strong>Maternity Diet<\/strong><\/li>\n<\/ul>\n<p>Traditional type of maternity diet prioritizing non-gas-forming foods. It does not include cruciferous vegetables, fresh or whole-grain products, or legumes. This type of diet is also offered in cases of digestive problems.<\/p>\n<ul>\n<li><strong>Special diets<\/strong> \u2013 vegetarian, gluten-free, dairy-free, diabetic, etc.<\/li>\n<\/ul>\n<p>A combination of the above types, taking into account the specifics of the particular diet.<\/p>\n                                    <\/div>\r\n            <\/div>\r\n        <\/section>\r\n    \n\n                <!-- TEXT BLOCK -->\r\n        <section\r\n                class=\"pdt-40 pdb-40 \"\r\n            >\r\n            <div class=\"wrapper2 text_block\">\r\n                                                                                                                <div class=\"page_content reset_margins\">\r\n                                                                                        <p><strong>Premium Dining Services<\/strong><\/p>\n<p>If you choose premium services during your stay in the maternity hospital, you can enrich your breakfast with additional healthy treats. In the postpartum ward, a fridge full of dairy products, juices, fruit pur\u00e9es, oatmeal, nursing teas, and more is prepared for you. Extra food items can be selected from a food list available in the postpartum ward. Each product is labeled with symbols indicating its characteristics, e.g., high protein content, high energy content, lactose-free, gluten-free.<\/p>\n<p><strong>Can I bring my own food?<\/strong><\/p>\n<p>We have no objections to bringing your own food, as long as it complies with hygiene and expiration regulations. Your food will be labeled and stored in the fridge available in your room.<\/p>\n<p>We believe you will enjoy the food with us!  <\/p>\n<p>Department of Nutritional Therapists, VFN<\/p>\n                                    <\/div>\r\n            <\/div>\r\n        <\/section>\r\n    \n\n    <!-- BLOK K -->\r\n    <section\r\n            class=\"pdt-80 pdb-80 \"\r\n        >\r\n        <div class=\"wrapper2\">\r\n                                                                                            <div class=\"grid small-space\">\r\n                                                                                <!-- ITEM 1 -->\r\n                            <div class=\"col2 col1_mdm bg3 radius10 pd-35 pd-25md observe anim_drop1 anim_delay dflex flex-dir-column offset_dist\">\r\n                                <div class=\"text_block w100p mgb-auto\">\r\n                                    <h3 class=\"title_h3\">EVERYTHING YOU NEED TO KNOW ABOUT NUTRITION<\/h3>\r\n                                                                                                        <\/div>\r\n                                <div class=\"pdt-20 w100p\">\r\n                                    <div class=\"grid small-space\">\r\n                                        <div class=\"col_default offset_half\">\r\n                                            <a href=\"https:\/\/apolinar.eu\/wp-content\/uploads\/2023\/11\/231108_GPK-letak-stravovani_A4_210x297mm_preview-1-1.pdf\"\r\n                                               title=\"EVERYTHING YOU NEED TO KNOW ABOUT NUTRITION\"\r\n                                               target=\"_blank\"\r\n                                               class=\"btn_basic\">\r\n                                                Show                                            <\/a>\r\n                                        <\/div>\r\n                                        <div class=\"col_default offset_half\">\r\n                                            <a href=\"https:\/\/apolinar.eu\/wp-content\/uploads\/2023\/11\/231108_GPK-letak-stravovani_A4_210x297mm_preview-1-1.pdf\"\r\n                                               title=\"EVERYTHING YOU NEED TO KNOW ABOUT NUTRITION\"\r\n                                               download\r\n                                               class=\"btn_basic border\">\r\n                                                Download                                            <\/a>\r\n                                        <\/div>\r\n                                    <\/div>\r\n                                <\/div>\r\n                            <\/div>\r\n                                            <\/div>\r\n                                    <\/div>\r\n    <\/section>\r\n","protected":false},"excerpt":{"rendered":"","protected":false},"author":6,"featured_media":0,"parent":0,"menu_order":0,"comment_status":"closed","ping_status":"closed","template":"","meta":{"_acf_changed":false,"footnotes":""},"class_list":["post-14237","page","type-page","status-publish","hentry"],"acf":[],"yoast_head":"<!-- This site is optimized with the Yoast SEO plugin v26.2 - https:\/\/yoast.com\/wordpress\/plugins\/seo\/ -->\n<title>Food in the Maternity Hospital - Porodnice U Apolin\u00e1\u0159e<\/title>\n<meta name=\"robots\" content=\"index, follow, max-snippet:-1, max-image-preview:large, max-video-preview:-1\" \/>\n<link rel=\"canonical\" href=\"https:\/\/apolinar.eu\/en\/strava-v-porodnici\/\" \/>\n<meta property=\"og:locale\" content=\"en_US\" \/>\n<meta property=\"og:type\" content=\"article\" \/>\n<meta property=\"og:title\" content=\"Food in the Maternity Hospital - Porodnice U Apolin\u00e1\u0159e\" \/>\n<meta property=\"og:url\" content=\"https:\/\/apolinar.eu\/en\/strava-v-porodnici\/\" \/>\n<meta property=\"og:site_name\" content=\"Porodnice U Apolin\u00e1\u0159e\" \/>\n<meta property=\"article:modified_time\" content=\"2025-09-01T19:45:55+00:00\" \/>\n<meta name=\"twitter:card\" content=\"summary_large_image\" \/>\n<script type=\"application\/ld+json\" class=\"yoast-schema-graph\">{\"@context\":\"https:\/\/schema.org\",\"@graph\":[{\"@type\":\"WebPage\",\"@id\":\"https:\/\/apolinar.eu\/en\/strava-v-porodnici\/\",\"url\":\"https:\/\/apolinar.eu\/en\/strava-v-porodnici\/\",\"name\":\"Food in the Maternity Hospital - Porodnice U Apolin\u00e1\u0159e\",\"isPartOf\":{\"@id\":\"https:\/\/apolinar.eu\/en\/#website\"},\"datePublished\":\"2023-11-13T21:39:30+00:00\",\"dateModified\":\"2025-09-01T19:45:55+00:00\",\"breadcrumb\":{\"@id\":\"https:\/\/apolinar.eu\/en\/strava-v-porodnici\/#breadcrumb\"},\"inLanguage\":\"en-US\",\"potentialAction\":[{\"@type\":\"ReadAction\",\"target\":[\"https:\/\/apolinar.eu\/en\/strava-v-porodnici\/\"]}]},{\"@type\":\"BreadcrumbList\",\"@id\":\"https:\/\/apolinar.eu\/en\/strava-v-porodnici\/#breadcrumb\",\"itemListElement\":[{\"@type\":\"ListItem\",\"position\":1,\"name\":\"Dom\u016f\",\"item\":\"https:\/\/apolinar.eu\/en\/\"},{\"@type\":\"ListItem\",\"position\":2,\"name\":\"Food in the Maternity Hospital\"}]},{\"@type\":\"WebSite\",\"@id\":\"https:\/\/apolinar.eu\/en\/#website\",\"url\":\"https:\/\/apolinar.eu\/en\/\",\"name\":\"Porodnice U Apolin\u00e1\u0159e\",\"description\":\"Klinika gynekologie, porodnictv\u00ed a neonatologie 1. LF UK a VFN v Praze\",\"potentialAction\":[{\"@type\":\"SearchAction\",\"target\":{\"@type\":\"EntryPoint\",\"urlTemplate\":\"https:\/\/apolinar.eu\/en\/?s={search_term_string}\"},\"query-input\":{\"@type\":\"PropertyValueSpecification\",\"valueRequired\":true,\"valueName\":\"search_term_string\"}}],\"inLanguage\":\"en-US\"}]}<\/script>\n<!-- \/ Yoast SEO plugin. -->","yoast_head_json":{"title":"Food in the Maternity Hospital - Porodnice U Apolin\u00e1\u0159e","robots":{"index":"index","follow":"follow","max-snippet":"max-snippet:-1","max-image-preview":"max-image-preview:large","max-video-preview":"max-video-preview:-1"},"canonical":"https:\/\/apolinar.eu\/en\/strava-v-porodnici\/","og_locale":"en_US","og_type":"article","og_title":"Food in the Maternity Hospital - Porodnice U Apolin\u00e1\u0159e","og_url":"https:\/\/apolinar.eu\/en\/strava-v-porodnici\/","og_site_name":"Porodnice U Apolin\u00e1\u0159e","article_modified_time":"2025-09-01T19:45:55+00:00","twitter_card":"summary_large_image","schema":{"@context":"https:\/\/schema.org","@graph":[{"@type":"WebPage","@id":"https:\/\/apolinar.eu\/en\/strava-v-porodnici\/","url":"https:\/\/apolinar.eu\/en\/strava-v-porodnici\/","name":"Food in the Maternity Hospital - Porodnice U Apolin\u00e1\u0159e","isPartOf":{"@id":"https:\/\/apolinar.eu\/en\/#website"},"datePublished":"2023-11-13T21:39:30+00:00","dateModified":"2025-09-01T19:45:55+00:00","breadcrumb":{"@id":"https:\/\/apolinar.eu\/en\/strava-v-porodnici\/#breadcrumb"},"inLanguage":"en-US","potentialAction":[{"@type":"ReadAction","target":["https:\/\/apolinar.eu\/en\/strava-v-porodnici\/"]}]},{"@type":"BreadcrumbList","@id":"https:\/\/apolinar.eu\/en\/strava-v-porodnici\/#breadcrumb","itemListElement":[{"@type":"ListItem","position":1,"name":"Dom\u016f","item":"https:\/\/apolinar.eu\/en\/"},{"@type":"ListItem","position":2,"name":"Food in the Maternity Hospital"}]},{"@type":"WebSite","@id":"https:\/\/apolinar.eu\/en\/#website","url":"https:\/\/apolinar.eu\/en\/","name":"Porodnice U Apolin\u00e1\u0159e","description":"Klinika gynekologie, porodnictv\u00ed a neonatologie 1. LF UK a VFN v Praze","potentialAction":[{"@type":"SearchAction","target":{"@type":"EntryPoint","urlTemplate":"https:\/\/apolinar.eu\/en\/?s={search_term_string}"},"query-input":{"@type":"PropertyValueSpecification","valueRequired":true,"valueName":"search_term_string"}}],"inLanguage":"en-US"}]}},"_links":{"self":[{"href":"https:\/\/apolinar.eu\/en\/wp-json\/wp\/v2\/pages\/14237","targetHints":{"allow":["GET"]}}],"collection":[{"href":"https:\/\/apolinar.eu\/en\/wp-json\/wp\/v2\/pages"}],"about":[{"href":"https:\/\/apolinar.eu\/en\/wp-json\/wp\/v2\/types\/page"}],"author":[{"embeddable":true,"href":"https:\/\/apolinar.eu\/en\/wp-json\/wp\/v2\/users\/6"}],"replies":[{"embeddable":true,"href":"https:\/\/apolinar.eu\/en\/wp-json\/wp\/v2\/comments?post=14237"}],"version-history":[{"count":14,"href":"https:\/\/apolinar.eu\/en\/wp-json\/wp\/v2\/pages\/14237\/revisions"}],"predecessor-version":[{"id":14328,"href":"https:\/\/apolinar.eu\/en\/wp-json\/wp\/v2\/pages\/14237\/revisions\/14328"}],"wp:attachment":[{"href":"https:\/\/apolinar.eu\/en\/wp-json\/wp\/v2\/media?parent=14237"}],"curies":[{"name":"wp","href":"https:\/\/api.w.org\/{rel}","templated":true}]}}