{"id":14231,"date":"2023-06-28T17:34:50","date_gmt":"2023-06-28T15:34:50","guid":{"rendered":"https:\/\/apolinar.eu\/prijem-na-porodni-sal\/"},"modified":"2025-08-31T23:04:37","modified_gmt":"2025-08-31T21:04:37","slug":"prijem-na-porodni-sal","status":"publish","type":"page","link":"https:\/\/apolinar.eu\/en\/prijem-na-porodni-sal\/","title":{"rendered":"Admission to the delivery room"},"content":{"rendered":"        <section\r\n            class=\"pdt-80 pdb-20 \"\r\n        >\r\n        <div class=\"wrapper2\">\r\n                            <div class=\"text_block observe anim_drop1 anim_delay\">\r\n                    <h2 class=\"title_h2 \">Admission to the delivery room<\/h2>                                                                                            <h3 class=\"title_h3 color2\">\r\n                                The delivery room admission is located on the first floor of our maternity hospital.                            <\/h3>\r\n                                                                <div class=\"page_content reset_margins\">\r\n                        <p><\/p>\r\n                    <\/div>\r\n                                    <\/div>\r\n                    <\/div>\r\n    <\/section>\r\n\n\n                <!-- TEXT BLOCK -->\r\n        <section\r\n                class=\"pdt-20 pdb-40 \"\r\n            >\r\n            <div class=\"wrapper2 text_block\">\r\n                                                                                                                <div class=\"page_content reset_margins\">\r\n                                                                                        <p>Admission occurs if you are already experiencing contractions, your amniotic fluid has spontaneously leaked, you are bleeding, notice a change in your baby\u2019s movements, or anytime you feel that your pregnancy needs to be checked.  <\/p>\n<p><strong>If the situation is unclear and you need consultation, please call us at +420\u00a0224 967 420.<\/strong><\/p>\n                                    <\/div>\r\n            <\/div>\r\n        <\/section>\r\n    \n\n                <div class=\"pdt-40 pdb-40 bg3\"\r\n            >\r\n            <div class=\"wrapper2\">\r\n                <div class=\"grid small-space\">\r\n                                            <div class=\"box text_center col2 col1_lgm offset pd-40 pd-25md\">\r\n                            <a href=\"#\" title=\"1.\">\r\n                                <h3 class=\"title_h4 color2 text_uc\">1.<\/h3>\r\n                                <div class=\"page_content no_margins\">\r\n                                    <p style=\"text-align: left;\"><strong>Ring the admission bell and you will be greeted by a midwife, who will introduce herself and ask you to present your maternity card, medical reports, and documents.<\/strong><\/p>\n                                <\/div>\r\n                            <\/a>\r\n                        <\/div>\r\n                                            <div class=\"box text_center col2 col1_lgm offset pd-40 pd-25md\">\r\n                            <a href=\"#\" title=\"2.\">\r\n                                <h3 class=\"title_h4 color2 text_uc\">2.<\/h3>\r\n                                <div class=\"page_content no_margins\">\r\n                                    <p style=\"text-align: left;\"><strong>The midwife will ask you about the reason for your visit.<\/strong><\/p>\n                                <\/div>\r\n                            <\/a>\r\n                        <\/div>\r\n                                            <div class=\"box text_center col2 col1_lgm offset pd-40 pd-25md\">\r\n                            <a href=\"#\" title=\"3.\">\r\n                                <h3 class=\"title_h4 color2 text_uc\">3.<\/h3>\r\n                                <div class=\"page_content no_margins\">\r\n                                    <p style=\"text-align: left;\"><strong>This is followed by an examination of you and your unborn baby.<\/strong><\/p>\n                                <\/div>\r\n                            <\/a>\r\n                        <\/div>\r\n                                            <div class=\"box text_center col2 col1_lgm offset pd-40 pd-25md\">\r\n                            <a href=\"#\" title=\"4.\">\r\n                                <h3 class=\"title_h4 color2 text_uc\">4.<\/h3>\r\n                                <div class=\"page_content no_margins\">\r\n                                    <p style=\"text-align: left;\"><strong>If admission to our maternity hospital is confirmed, you will complete the so-called administrative admission together with the midwife and doctor.<\/strong><\/p>\n                                <\/div>\r\n                            <\/a>\r\n                        <\/div>\r\n                                            <div class=\"box text_center col2 col1_lgm offset pd-40 pd-25md\">\r\n                            <a href=\"#\" title=\"5.\">\r\n                                <h3 class=\"title_h4 color2 text_uc\">5.<\/h3>\r\n                                <div class=\"page_content no_margins\">\r\n                                    <p style=\"text-align: left;\"><strong>Subsequent care is individualized. Everything will be discussed with you based on your specific and current situation and your preferences.<\/strong><\/p>\n                                <\/div>\r\n                            <\/a>\r\n                        <\/div>\r\n                                            <div class=\"box text_center col2 col1_lgm offset pd-40 pd-25md\">\r\n                            <a href=\"#\" title=\"6.\">\r\n                                <h3 class=\"title_h4 color2 text_uc\">6.<\/h3>\r\n                                <div class=\"page_content no_margins\">\r\n                                    <p style=\"text-align: left;\"><strong>The accompanying person waits during the examination, and before you are moved to the delivery room\/box, they stay in the accompanying room or in designated areas in front of the delivery ward.<\/strong><\/p>\n                                <\/div>\r\n                            <\/a>\r\n                        <\/div>\r\n                                    <\/div>\r\n            <\/div>\r\n        <\/div>\r\n    ","protected":false},"excerpt":{"rendered":"","protected":false},"author":3,"featured_media":0,"parent":0,"menu_order":0,"comment_status":"closed","ping_status":"closed","template":"","meta":{"_acf_changed":false,"footnotes":""},"class_list":["post-14231","page","type-page","status-publish","hentry"],"acf":[],"yoast_head":"<!-- This site is optimized with the Yoast SEO plugin v26.2 - https:\/\/yoast.com\/wordpress\/plugins\/seo\/ -->\n<title>Admission to the delivery room - Porodnice U Apolin\u00e1\u0159e<\/title>\n<meta name=\"robots\" content=\"index, follow, max-snippet:-1, max-image-preview:large, max-video-preview:-1\" \/>\n<link rel=\"canonical\" href=\"https:\/\/apolinar.eu\/en\/prijem-na-porodni-sal\/\" \/>\n<meta property=\"og:locale\" content=\"en_US\" \/>\n<meta property=\"og:type\" content=\"article\" \/>\n<meta property=\"og:title\" content=\"Admission to the delivery room - Porodnice U Apolin\u00e1\u0159e\" \/>\n<meta property=\"og:url\" content=\"https:\/\/apolinar.eu\/en\/prijem-na-porodni-sal\/\" \/>\n<meta property=\"og:site_name\" content=\"Porodnice U Apolin\u00e1\u0159e\" \/>\n<meta property=\"article:modified_time\" content=\"2025-08-31T21:04:37+00:00\" \/>\n<meta name=\"twitter:card\" content=\"summary_large_image\" \/>\n<script type=\"application\/ld+json\" class=\"yoast-schema-graph\">{\"@context\":\"https:\/\/schema.org\",\"@graph\":[{\"@type\":\"WebPage\",\"@id\":\"https:\/\/apolinar.eu\/en\/prijem-na-porodni-sal\/\",\"url\":\"https:\/\/apolinar.eu\/en\/prijem-na-porodni-sal\/\",\"name\":\"Admission to the delivery room - Porodnice U Apolin\u00e1\u0159e\",\"isPartOf\":{\"@id\":\"https:\/\/apolinar.eu\/en\/#website\"},\"datePublished\":\"2023-06-28T15:34:50+00:00\",\"dateModified\":\"2025-08-31T21:04:37+00:00\",\"breadcrumb\":{\"@id\":\"https:\/\/apolinar.eu\/en\/prijem-na-porodni-sal\/#breadcrumb\"},\"inLanguage\":\"en-US\",\"potentialAction\":[{\"@type\":\"ReadAction\",\"target\":[\"https:\/\/apolinar.eu\/en\/prijem-na-porodni-sal\/\"]}]},{\"@type\":\"BreadcrumbList\",\"@id\":\"https:\/\/apolinar.eu\/en\/prijem-na-porodni-sal\/#breadcrumb\",\"itemListElement\":[{\"@type\":\"ListItem\",\"position\":1,\"name\":\"Dom\u016f\",\"item\":\"https:\/\/apolinar.eu\/en\/\"},{\"@type\":\"ListItem\",\"position\":2,\"name\":\"Admission to the delivery room\"}]},{\"@type\":\"WebSite\",\"@id\":\"https:\/\/apolinar.eu\/en\/#website\",\"url\":\"https:\/\/apolinar.eu\/en\/\",\"name\":\"Porodnice U Apolin\u00e1\u0159e\",\"description\":\"Klinika gynekologie, porodnictv\u00ed a neonatologie 1. LF UK a VFN v Praze\",\"potentialAction\":[{\"@type\":\"SearchAction\",\"target\":{\"@type\":\"EntryPoint\",\"urlTemplate\":\"https:\/\/apolinar.eu\/en\/?s={search_term_string}\"},\"query-input\":{\"@type\":\"PropertyValueSpecification\",\"valueRequired\":true,\"valueName\":\"search_term_string\"}}],\"inLanguage\":\"en-US\"}]}<\/script>\n<!-- \/ Yoast SEO plugin. -->","yoast_head_json":{"title":"Admission to the delivery room - Porodnice U Apolin\u00e1\u0159e","robots":{"index":"index","follow":"follow","max-snippet":"max-snippet:-1","max-image-preview":"max-image-preview:large","max-video-preview":"max-video-preview:-1"},"canonical":"https:\/\/apolinar.eu\/en\/prijem-na-porodni-sal\/","og_locale":"en_US","og_type":"article","og_title":"Admission to the delivery room - Porodnice U Apolin\u00e1\u0159e","og_url":"https:\/\/apolinar.eu\/en\/prijem-na-porodni-sal\/","og_site_name":"Porodnice U Apolin\u00e1\u0159e","article_modified_time":"2025-08-31T21:04:37+00:00","twitter_card":"summary_large_image","schema":{"@context":"https:\/\/schema.org","@graph":[{"@type":"WebPage","@id":"https:\/\/apolinar.eu\/en\/prijem-na-porodni-sal\/","url":"https:\/\/apolinar.eu\/en\/prijem-na-porodni-sal\/","name":"Admission to the delivery room - Porodnice U Apolin\u00e1\u0159e","isPartOf":{"@id":"https:\/\/apolinar.eu\/en\/#website"},"datePublished":"2023-06-28T15:34:50+00:00","dateModified":"2025-08-31T21:04:37+00:00","breadcrumb":{"@id":"https:\/\/apolinar.eu\/en\/prijem-na-porodni-sal\/#breadcrumb"},"inLanguage":"en-US","potentialAction":[{"@type":"ReadAction","target":["https:\/\/apolinar.eu\/en\/prijem-na-porodni-sal\/"]}]},{"@type":"BreadcrumbList","@id":"https:\/\/apolinar.eu\/en\/prijem-na-porodni-sal\/#breadcrumb","itemListElement":[{"@type":"ListItem","position":1,"name":"Dom\u016f","item":"https:\/\/apolinar.eu\/en\/"},{"@type":"ListItem","position":2,"name":"Admission to the delivery room"}]},{"@type":"WebSite","@id":"https:\/\/apolinar.eu\/en\/#website","url":"https:\/\/apolinar.eu\/en\/","name":"Porodnice U Apolin\u00e1\u0159e","description":"Klinika gynekologie, porodnictv\u00ed a neonatologie 1. LF UK a VFN v Praze","potentialAction":[{"@type":"SearchAction","target":{"@type":"EntryPoint","urlTemplate":"https:\/\/apolinar.eu\/en\/?s={search_term_string}"},"query-input":{"@type":"PropertyValueSpecification","valueRequired":true,"valueName":"search_term_string"}}],"inLanguage":"en-US"}]}},"_links":{"self":[{"href":"https:\/\/apolinar.eu\/en\/wp-json\/wp\/v2\/pages\/14231","targetHints":{"allow":["GET"]}}],"collection":[{"href":"https:\/\/apolinar.eu\/en\/wp-json\/wp\/v2\/pages"}],"about":[{"href":"https:\/\/apolinar.eu\/en\/wp-json\/wp\/v2\/types\/page"}],"author":[{"embeddable":true,"href":"https:\/\/apolinar.eu\/en\/wp-json\/wp\/v2\/users\/3"}],"replies":[{"embeddable":true,"href":"https:\/\/apolinar.eu\/en\/wp-json\/wp\/v2\/comments?post=14231"}],"version-history":[{"count":2,"href":"https:\/\/apolinar.eu\/en\/wp-json\/wp\/v2\/pages\/14231\/revisions"}],"predecessor-version":[{"id":14234,"href":"https:\/\/apolinar.eu\/en\/wp-json\/wp\/v2\/pages\/14231\/revisions\/14234"}],"wp:attachment":[{"href":"https:\/\/apolinar.eu\/en\/wp-json\/wp\/v2\/media?parent=14231"}],"curies":[{"name":"wp","href":"https:\/\/api.w.org\/{rel}","templated":true}]}}