{"id":14203,"date":"2023-09-25T17:04:48","date_gmt":"2023-09-25T15:04:48","guid":{"rendered":"https:\/\/apolinar.eu\/apolinarske-kurzy-a-jine-sluzby\/"},"modified":"2025-08-31T22:53:21","modified_gmt":"2025-08-31T20:53:21","slug":"apolinarske-kurzy-a-jine-sluzby","status":"publish","type":"page","link":"https:\/\/apolinar.eu\/en\/apolinarske-kurzy-a-jine-sluzby\/","title":{"rendered":"Apolin\u00e1\u0159 courses and other services"},"content":{"rendered":"                <!-- TEXT BLOCK -->\r\n        <section\r\n                class=\"pdt-80 pdb-40 \"\r\n            >\r\n            <div class=\"wrapper2 text_block\">\r\n                <h1 class=\"title_h2 text_center_mdm\">Apolin\u00e1\u0159 courses and other services<\/h1>                                                    <div class=\"tags mgt-10 responsive\">\r\n                        <div class=\"inner justify-center-mdm\">\r\n                                                                                                <a href=\"https:\/\/apolinar.eu\/en\/apolinarske-kurzy-a-jine-sluzby\/individualni-doprovod-k-porodu\/\"\r\n                                       title=\"Individual birth companion\"\r\n                                       >\r\n                                        Individual birth companion                                    <\/a>\r\n                                                                                                                                <a href=\"https:\/\/apolinar.eu\/en\/apolinarske-kurzy-a-jine-sluzby\/#01\"\r\n                                       title=\"Pregnancy courses and lectures\"\r\n                                       >\r\n                                        Pregnancy courses and lectures                                    <\/a>\r\n                                                                                                                                <a href=\"https:\/\/apolinar.eu\/en\/apolinarske-kurzy-a-jine-sluzby\/#02\"\r\n                                       title=\"Exercise\"\r\n                                       >\r\n                                        Exercise                                    <\/a>\r\n                                                                                                                                                <\/div>\r\n                    <\/div>\r\n                                                                                <div class=\"page_content reset_margins\">\r\n                                                                                        <p>Prepare for pregnancy, childbirth, the postpartum period, and newborn care with experienced midwives and specialists from U Apolin\u00e1\u0159e Maternity Hospital. We offer prenatal preparation courses and thematic lectures, held every month directly in the maternity hospital building.<\/p>\n<p>Additionally, our facility offers various forms of postgraduate educational events, from one-day courses for a limited number of participants to the two-day Apolin\u00e1\u0159 Conference. We strive to ensure that these are either very practical, focused on learning procedural techniques or acquiring manual skills, or provide concise and up-to-date overviews of current knowledge in specific areas.<\/p>\n                                    <\/div>\r\n            <\/div>\r\n        <\/section>\r\n    \n\n\n\n                        <div class=\"pdt-40 pdb-40 pdt-20lg pdb-20lg pdt-30md pdb-30md \"\r\n            id=\"04\">\r\n                                                                        <div class=\"wrapper2 mgt-60\">\r\n                        <h2 class=\"title_h3 text_center_mdm\">NEW SERVICE AT APOLIN\u00c1\u0158: Individual birth companion<\/h2>\r\n                                                                            <div class=\"grid small-space mgt-5\">\r\n                                                                    <div class=\"col2 col1_mdm dflex offset anim_delay anim_drop1 observe\">\r\n                                                                                                                                                                                                                                                        <a href=\"https:\/\/apolinar.eu\/en\/apolinarske-kurzy-a-jine-sluzby\/individualni-doprovod-k-porodu\/\"\r\n                                               class=\"btn_big bg3 text_s18 w100p\">\r\n                                                                                                    <svg class=\"btn_big_arrow sico\">\r\n                                                        <use href=\"https:\/\/apolinar.eu\/wp-content\/themes\/apolinar\/assets\/layout\/icons.svg#s_ar2_r\"\/>\r\n                                                    <\/svg>\r\n                                                    <span> Childbirth with a midwife of your choice<\/span>\r\n                                                                                            <\/a>\r\n                                                                            <\/div>\r\n                                                            <\/div>\r\n                                            <\/div>\r\n                                    <\/div>\r\n    \n\n                        <div class=\"pdt-40 pdb-40 pdt-20lg pdb-20lg pdt-30md pdb-30md \"\r\n            id=\"01\">\r\n                                                                        <div class=\"wrapper2 mgt-60\">\r\n                        <h2 class=\"title_h3 text_center_mdm\">Pregnancy courses and lectures<\/h2>\r\n                                                                            <div class=\"grid small-space mgt-5\">\r\n                                                                    <div class=\"col2 col1_mdm dflex offset anim_delay anim_drop1 observe\">\r\n                                                                                                                                                                                                                                                        <a href=\"https:\/\/apolinar.eu\/en\/sluzby\/kurz-predporodni-pripravy\/\"\r\n                                               class=\"btn_big bg3 text_s18 w100p\">\r\n                                                                                                    <svg class=\"btn_big_arrow sico\">\r\n                                                        <use href=\"https:\/\/apolinar.eu\/wp-content\/themes\/apolinar\/assets\/layout\/icons.svg#s_ar2_r\"\/>\r\n                                                    <\/svg>\r\n                                                    <span> Prenatal preparation course<\/span>\r\n                                                                                            <\/a>\r\n                                                                            <\/div>\r\n                                                                    <div class=\"col2 col1_mdm dflex offset anim_delay anim_drop1 observe\">\r\n                                                                                                                                                                                                                                                        <a href=\"https:\/\/apolinar.eu\/en\/sluzby\/nezna-cesta-aneb-jak-pripravit-porodni-cesty\/\"\r\n                                               class=\"btn_big bg3 text_s18 w100p\">\r\n                                                                                                    <svg class=\"btn_big_arrow sico\">\r\n                                                        <use href=\"https:\/\/apolinar.eu\/wp-content\/themes\/apolinar\/assets\/layout\/icons.svg#s_ar2_r\"\/>\r\n                                                    <\/svg>\r\n                                                    <span> Gentle Path \u2013 how to prepare the birth canal<\/span>\r\n                                                                                            <\/a>\r\n                                                                            <\/div>\r\n                                                                    <div class=\"col2 col1_mdm dflex offset anim_delay anim_drop1 observe\">\r\n                                                                                                                                                                                                                                                        <a href=\"https:\/\/apolinar.eu\/en\/sluzby\/prvni-pomoc-pro-novorozence\/\"\r\n                                               class=\"btn_big bg3 text_s18 w100p\">\r\n                                                                                                    <svg class=\"btn_big_arrow sico\">\r\n                                                        <use href=\"https:\/\/apolinar.eu\/wp-content\/themes\/apolinar\/assets\/layout\/icons.svg#s_ar2_r\"\/>\r\n                                                    <\/svg>\r\n                                                    <span> First aid for newborns<\/span>\r\n                                                                                            <\/a>\r\n                                                                            <\/div>\r\n                                                                    <div class=\"col2 col1_mdm dflex offset anim_delay anim_drop1 observe\">\r\n                                                                                                                                                                                                                                                        <a href=\"https:\/\/apolinar.eu\/en\/sluzby\/pece-o-miminko-po-porodu\/\"\r\n                                               class=\"btn_big bg3 text_s18 w100p\">\r\n                                                                                                    <svg class=\"btn_big_arrow sico\">\r\n                                                        <use href=\"https:\/\/apolinar.eu\/wp-content\/themes\/apolinar\/assets\/layout\/icons.svg#s_ar2_r\"\/>\r\n                                                    <\/svg>\r\n                                                    <span> Newborn care after birth<\/span>\r\n                                                                                            <\/a>\r\n                                                                            <\/div>\r\n                                                                    <div class=\"col2 col1_mdm dflex offset anim_delay anim_drop1 observe\">\r\n                                                                                                                                                                                                                                                        <a href=\"https:\/\/apolinar.eu\/en\/sluzby\/kurz-kojeni\/\"\r\n                                               class=\"btn_big bg3 text_s18 w100p\">\r\n                                                                                                    <svg class=\"btn_big_arrow sico\">\r\n                                                        <use href=\"https:\/\/apolinar.eu\/wp-content\/themes\/apolinar\/assets\/layout\/icons.svg#s_ar2_r\"\/>\r\n                                                    <\/svg>\r\n                                                    <span> Breastfeeding course<\/span>\r\n                                                                                            <\/a>\r\n                                                                            <\/div>\r\n                                                            <\/div>\r\n                                            <\/div>\r\n                                    <\/div>\r\n    \n\n                        <div class=\"pdt-40 pdb-40 pdt-20lg pdb-20lg pdt-30md pdb-30md \"\r\n            id=\"02\">\r\n                                                                        <div class=\"wrapper2 mgt-60\">\r\n                        <h2 class=\"title_h3 text_center_mdm\">Exercise<\/h2>\r\n                                                                            <div class=\"grid small-space mgt-5\">\r\n                                                                    <div class=\"col2 col1_mdm dflex offset anim_delay anim_drop1 observe\">\r\n                                                                                                                                                                                                                                                        <a href=\"https:\/\/apolinar.eu\/en\/sluzby\/cviceni-pro-tehotne\/\"\r\n                                               class=\"btn_big bg3 text_s18 w100p\">\r\n                                                                                                    <svg class=\"btn_big_arrow sico\">\r\n                                                        <use href=\"https:\/\/apolinar.eu\/wp-content\/themes\/apolinar\/assets\/layout\/icons.svg#s_ar2_r\"\/>\r\n                                                    <\/svg>\r\n                                                    <span> Exercise for pregnant women<\/span>\r\n                                                                                            <\/a>\r\n                                                                            <\/div>\r\n                                                            <\/div>\r\n                                            <\/div>\r\n                                    <\/div>\r\n    \n\n\n\n\n\n","protected":false},"excerpt":{"rendered":"","protected":false},"author":1,"featured_media":0,"parent":0,"menu_order":0,"comment_status":"closed","ping_status":"closed","template":"","meta":{"_acf_changed":false,"footnotes":""},"class_list":["post-14203","page","type-page","status-publish","hentry"],"acf":[],"yoast_head":"<!-- This site is optimized with the Yoast SEO plugin v26.2 - https:\/\/yoast.com\/wordpress\/plugins\/seo\/ -->\n<title>Apolin\u00e1\u0159 courses and other services - Porodnice U Apolin\u00e1\u0159e<\/title>\n<meta name=\"robots\" content=\"index, follow, max-snippet:-1, max-image-preview:large, max-video-preview:-1\" \/>\n<link rel=\"canonical\" href=\"https:\/\/apolinar.eu\/en\/apolinarske-kurzy-a-jine-sluzby\/\" \/>\n<meta property=\"og:locale\" content=\"en_US\" \/>\n<meta property=\"og:type\" content=\"article\" \/>\n<meta property=\"og:title\" content=\"Apolin\u00e1\u0159 courses and other services - Porodnice U Apolin\u00e1\u0159e\" \/>\n<meta property=\"og:url\" content=\"https:\/\/apolinar.eu\/en\/apolinarske-kurzy-a-jine-sluzby\/\" \/>\n<meta property=\"og:site_name\" content=\"Porodnice U Apolin\u00e1\u0159e\" \/>\n<meta property=\"article:modified_time\" content=\"2025-08-31T20:53:21+00:00\" \/>\n<meta name=\"twitter:card\" content=\"summary_large_image\" \/>\n<script type=\"application\/ld+json\" class=\"yoast-schema-graph\">{\"@context\":\"https:\/\/schema.org\",\"@graph\":[{\"@type\":\"WebPage\",\"@id\":\"https:\/\/apolinar.eu\/en\/apolinarske-kurzy-a-jine-sluzby\/\",\"url\":\"https:\/\/apolinar.eu\/en\/apolinarske-kurzy-a-jine-sluzby\/\",\"name\":\"Apolin\u00e1\u0159 courses and other services - Porodnice U Apolin\u00e1\u0159e\",\"isPartOf\":{\"@id\":\"https:\/\/apolinar.eu\/en\/#website\"},\"datePublished\":\"2023-09-25T15:04:48+00:00\",\"dateModified\":\"2025-08-31T20:53:21+00:00\",\"breadcrumb\":{\"@id\":\"https:\/\/apolinar.eu\/en\/apolinarske-kurzy-a-jine-sluzby\/#breadcrumb\"},\"inLanguage\":\"en-US\",\"potentialAction\":[{\"@type\":\"ReadAction\",\"target\":[\"https:\/\/apolinar.eu\/en\/apolinarske-kurzy-a-jine-sluzby\/\"]}]},{\"@type\":\"BreadcrumbList\",\"@id\":\"https:\/\/apolinar.eu\/en\/apolinarske-kurzy-a-jine-sluzby\/#breadcrumb\",\"itemListElement\":[{\"@type\":\"ListItem\",\"position\":1,\"name\":\"Dom\u016f\",\"item\":\"https:\/\/apolinar.eu\/en\/\"},{\"@type\":\"ListItem\",\"position\":2,\"name\":\"Apolin\u00e1\u0159 courses and other services\"}]},{\"@type\":\"WebSite\",\"@id\":\"https:\/\/apolinar.eu\/en\/#website\",\"url\":\"https:\/\/apolinar.eu\/en\/\",\"name\":\"Porodnice U Apolin\u00e1\u0159e\",\"description\":\"Klinika gynekologie, porodnictv\u00ed a neonatologie 1. LF UK a VFN v Praze\",\"potentialAction\":[{\"@type\":\"SearchAction\",\"target\":{\"@type\":\"EntryPoint\",\"urlTemplate\":\"https:\/\/apolinar.eu\/en\/?s={search_term_string}\"},\"query-input\":{\"@type\":\"PropertyValueSpecification\",\"valueRequired\":true,\"valueName\":\"search_term_string\"}}],\"inLanguage\":\"en-US\"}]}<\/script>\n<!-- \/ Yoast SEO plugin. -->","yoast_head_json":{"title":"Apolin\u00e1\u0159 courses and other services - Porodnice U Apolin\u00e1\u0159e","robots":{"index":"index","follow":"follow","max-snippet":"max-snippet:-1","max-image-preview":"max-image-preview:large","max-video-preview":"max-video-preview:-1"},"canonical":"https:\/\/apolinar.eu\/en\/apolinarske-kurzy-a-jine-sluzby\/","og_locale":"en_US","og_type":"article","og_title":"Apolin\u00e1\u0159 courses and other services - Porodnice U Apolin\u00e1\u0159e","og_url":"https:\/\/apolinar.eu\/en\/apolinarske-kurzy-a-jine-sluzby\/","og_site_name":"Porodnice U Apolin\u00e1\u0159e","article_modified_time":"2025-08-31T20:53:21+00:00","twitter_card":"summary_large_image","schema":{"@context":"https:\/\/schema.org","@graph":[{"@type":"WebPage","@id":"https:\/\/apolinar.eu\/en\/apolinarske-kurzy-a-jine-sluzby\/","url":"https:\/\/apolinar.eu\/en\/apolinarske-kurzy-a-jine-sluzby\/","name":"Apolin\u00e1\u0159 courses and other services - Porodnice U Apolin\u00e1\u0159e","isPartOf":{"@id":"https:\/\/apolinar.eu\/en\/#website"},"datePublished":"2023-09-25T15:04:48+00:00","dateModified":"2025-08-31T20:53:21+00:00","breadcrumb":{"@id":"https:\/\/apolinar.eu\/en\/apolinarske-kurzy-a-jine-sluzby\/#breadcrumb"},"inLanguage":"en-US","potentialAction":[{"@type":"ReadAction","target":["https:\/\/apolinar.eu\/en\/apolinarske-kurzy-a-jine-sluzby\/"]}]},{"@type":"BreadcrumbList","@id":"https:\/\/apolinar.eu\/en\/apolinarske-kurzy-a-jine-sluzby\/#breadcrumb","itemListElement":[{"@type":"ListItem","position":1,"name":"Dom\u016f","item":"https:\/\/apolinar.eu\/en\/"},{"@type":"ListItem","position":2,"name":"Apolin\u00e1\u0159 courses and other services"}]},{"@type":"WebSite","@id":"https:\/\/apolinar.eu\/en\/#website","url":"https:\/\/apolinar.eu\/en\/","name":"Porodnice U Apolin\u00e1\u0159e","description":"Klinika gynekologie, porodnictv\u00ed a neonatologie 1. LF UK a VFN v Praze","potentialAction":[{"@type":"SearchAction","target":{"@type":"EntryPoint","urlTemplate":"https:\/\/apolinar.eu\/en\/?s={search_term_string}"},"query-input":{"@type":"PropertyValueSpecification","valueRequired":true,"valueName":"search_term_string"}}],"inLanguage":"en-US"}]}},"_links":{"self":[{"href":"https:\/\/apolinar.eu\/en\/wp-json\/wp\/v2\/pages\/14203","targetHints":{"allow":["GET"]}}],"collection":[{"href":"https:\/\/apolinar.eu\/en\/wp-json\/wp\/v2\/pages"}],"about":[{"href":"https:\/\/apolinar.eu\/en\/wp-json\/wp\/v2\/types\/page"}],"author":[{"embeddable":true,"href":"https:\/\/apolinar.eu\/en\/wp-json\/wp\/v2\/users\/1"}],"replies":[{"embeddable":true,"href":"https:\/\/apolinar.eu\/en\/wp-json\/wp\/v2\/comments?post=14203"}],"version-history":[{"count":17,"href":"https:\/\/apolinar.eu\/en\/wp-json\/wp\/v2\/pages\/14203\/revisions"}],"predecessor-version":[{"id":14221,"href":"https:\/\/apolinar.eu\/en\/wp-json\/wp\/v2\/pages\/14203\/revisions\/14221"}],"wp:attachment":[{"href":"https:\/\/apolinar.eu\/en\/wp-json\/wp\/v2\/media?parent=14203"}],"curies":[{"name":"wp","href":"https:\/\/api.w.org\/{rel}","templated":true}]}}