{"id":14186,"date":"2024-10-01T16:02:39","date_gmt":"2024-10-01T14:02:39","guid":{"rendered":"https:\/\/apolinar.eu\/prenatalni-diagnostika-centrum-fetalni-mediciny-a-ultrazvukove-diagnostiky\/"},"modified":"2025-08-31T14:25:21","modified_gmt":"2025-08-31T12:25:21","slug":"prenatalni-diagnostika-centrum-fetalni-mediciny-a-ultrazvukove-diagnostiky","status":"publish","type":"page","link":"https:\/\/apolinar.eu\/en\/prenatalni-diagnostika-centrum-fetalni-mediciny-a-ultrazvukove-diagnostiky\/","title":{"rendered":"Prenatal diagnostics &#8211; Center for Fetal Medicine and Ultrasound Diagnostics"},"content":{"rendered":"                <!-- TEXT BLOCK -->\r\n        <section\r\n                class=\"pdt-40 pdb-40 \"\r\n            >\r\n            <div class=\"wrapper2 text_block\">\r\n                <h2 class=\"title_h2 text_center_mdm\">Prenatal diagnostics &#8211; Center for Fetal Medicine and Ultrasound Diagnostics<\/h2>                                                                                                <div class=\"page_content reset_margins\">\r\n                                                        <\/div>\r\n            <\/div>\r\n        <\/section>\r\n    \n\n                        <div class=\"pdt-40 pdb-80 pdt-20lg pdb-40lg pdt-30md pdb-60md \"\r\n            >\r\n                                                                        <div class=\"wrapper2 mgt-60\">\r\n                        <h2 class=\"title_h3 text_center_mdm\"><\/h2>\r\n                                                                            <div class=\"grid small-space mgt-5\">\r\n                                                                    <div class=\"col2 col1_mdm dflex offset anim_delay anim_drop1 observe\">\r\n                                                                                                                                                                                                                                                        <a href=\"https:\/\/apolinar.eu\/en\/porodnice\/tehotenstvi\/potrebuji-ultrazvukove-vysetreni-v-tehotenstvi\/\"\r\n                                               class=\"btn_big bg3 text_s18 w100p\">\r\n                                                                                                    <svg class=\"btn_big_arrow sico\">\r\n                                                        <use href=\"https:\/\/apolinar.eu\/wp-content\/themes\/apolinar\/assets\/layout\/icons.svg#s_ar2_r\"\/>\r\n                                                    <\/svg>\r\n                                                    <span> I need an ultrasound scan during pregnancy<\/span>\r\n                                                                                            <\/a>\r\n                                                                            <\/div>\r\n                                                                    <div class=\"col2 col1_mdm dflex offset anim_delay anim_drop1 observe\">\r\n                                                                                                                                                                                                                                                        <a href=\"https:\/\/apolinar.eu\/en\/porodnice\/tehotenstvi\/chci-se-objednat-na-invazivni-vysetreni\/\"\r\n                                               class=\"btn_big bg3 text_s18 w100p\">\r\n                                                                                                    <svg class=\"btn_big_arrow sico\">\r\n                                                        <use href=\"https:\/\/apolinar.eu\/wp-content\/themes\/apolinar\/assets\/layout\/icons.svg#s_ar2_r\"\/>\r\n                                                    <\/svg>\r\n                                                    <span> I want to make an appointment for a diagnostic examination<\/span>\r\n                                                                                            <\/a>\r\n                                                                            <\/div>\r\n                                                            <\/div>\r\n                                            <\/div>\r\n                                    <\/div>\r\n    \n\n                <!-- TEXT BLOCK -->\r\n        <section\r\n                class=\"pdt-40 pdb-80 bg3\"\r\n            >\r\n            <div class=\"wrapper2 text_block\">\r\n                                                                                                                <div class=\"page_content reset_margins\">\r\n                                                                                        <h3>\n  <a href=\"https:\/\/youtu.be\/vHaSaz5eIzY\" target=\"_blank\" rel=\"noopener\"><br \/>\n    <img decoding=\"async\" class=\"size-full wp-image-10354 alignleft\" src=\"https:\/\/apolinar.eu\/wp-content\/uploads\/2024\/10\/Snimek-obrazovky-2024-10-11-115807.png\" alt=\"\" width=\"171\" height=\"124\" srcset=\"https:\/\/apolinar.eu\/wp-content\/uploads\/2024\/10\/Snimek-obrazovky-2024-10-11-115807.png 171w, https:\/\/apolinar.eu\/wp-content\/uploads\/2024\/10\/Snimek-obrazovky-2024-10-11-115807-60x44.png 60w, https:\/\/apolinar.eu\/wp-content\/uploads\/2024\/10\/Snimek-obrazovky-2024-10-11-115807-104x75.png 104w, https:\/\/apolinar.eu\/wp-content\/uploads\/2024\/10\/Snimek-obrazovky-2024-10-11-115807-165x120.png 165w\" sizes=\"(max-width: 171px) 100vw, 171px\" \/><br \/>\n    Take a look at what it looks like here<br \/>\n  <\/a><br \/>\n<\/h3>\n                                    <\/div>\r\n            <\/div>\r\n        <\/section>\r\n    ","protected":false},"excerpt":{"rendered":"","protected":false},"author":6,"featured_media":0,"parent":0,"menu_order":0,"comment_status":"closed","ping_status":"closed","template":"","meta":{"_acf_changed":false,"footnotes":""},"class_list":["post-14186","page","type-page","status-publish","hentry"],"acf":[],"yoast_head":"<!-- This site is optimized with the Yoast SEO plugin v26.2 - https:\/\/yoast.com\/wordpress\/plugins\/seo\/ -->\n<title>Prenatal diagnostics - Center for Fetal Medicine and Ultrasound Diagnostics - Porodnice U Apolin\u00e1\u0159e<\/title>\n<meta name=\"robots\" content=\"index, follow, max-snippet:-1, max-image-preview:large, max-video-preview:-1\" \/>\n<link rel=\"canonical\" href=\"https:\/\/apolinar.eu\/en\/prenatalni-diagnostika-centrum-fetalni-mediciny-a-ultrazvukove-diagnostiky\/\" \/>\n<meta property=\"og:locale\" content=\"en_US\" \/>\n<meta property=\"og:type\" content=\"article\" \/>\n<meta property=\"og:title\" content=\"Prenatal diagnostics - Center for Fetal Medicine and Ultrasound Diagnostics - Porodnice U Apolin\u00e1\u0159e\" \/>\n<meta property=\"og:url\" content=\"https:\/\/apolinar.eu\/en\/prenatalni-diagnostika-centrum-fetalni-mediciny-a-ultrazvukove-diagnostiky\/\" \/>\n<meta property=\"og:site_name\" content=\"Porodnice U Apolin\u00e1\u0159e\" \/>\n<meta property=\"article:modified_time\" content=\"2025-08-31T12:25:21+00:00\" \/>\n<meta name=\"twitter:card\" content=\"summary_large_image\" \/>\n<script type=\"application\/ld+json\" class=\"yoast-schema-graph\">{\"@context\":\"https:\/\/schema.org\",\"@graph\":[{\"@type\":\"WebPage\",\"@id\":\"https:\/\/apolinar.eu\/en\/prenatalni-diagnostika-centrum-fetalni-mediciny-a-ultrazvukove-diagnostiky\/\",\"url\":\"https:\/\/apolinar.eu\/en\/prenatalni-diagnostika-centrum-fetalni-mediciny-a-ultrazvukove-diagnostiky\/\",\"name\":\"Prenatal diagnostics - Center for Fetal Medicine and Ultrasound Diagnostics - Porodnice U Apolin\u00e1\u0159e\",\"isPartOf\":{\"@id\":\"https:\/\/apolinar.eu\/en\/#website\"},\"datePublished\":\"2024-10-01T14:02:39+00:00\",\"dateModified\":\"2025-08-31T12:25:21+00:00\",\"breadcrumb\":{\"@id\":\"https:\/\/apolinar.eu\/en\/prenatalni-diagnostika-centrum-fetalni-mediciny-a-ultrazvukove-diagnostiky\/#breadcrumb\"},\"inLanguage\":\"en-US\",\"potentialAction\":[{\"@type\":\"ReadAction\",\"target\":[\"https:\/\/apolinar.eu\/en\/prenatalni-diagnostika-centrum-fetalni-mediciny-a-ultrazvukove-diagnostiky\/\"]}]},{\"@type\":\"BreadcrumbList\",\"@id\":\"https:\/\/apolinar.eu\/en\/prenatalni-diagnostika-centrum-fetalni-mediciny-a-ultrazvukove-diagnostiky\/#breadcrumb\",\"itemListElement\":[{\"@type\":\"ListItem\",\"position\":1,\"name\":\"Dom\u016f\",\"item\":\"https:\/\/apolinar.eu\/en\/\"},{\"@type\":\"ListItem\",\"position\":2,\"name\":\"Prenatal diagnostics &#8211; Center for Fetal Medicine and Ultrasound Diagnostics\"}]},{\"@type\":\"WebSite\",\"@id\":\"https:\/\/apolinar.eu\/en\/#website\",\"url\":\"https:\/\/apolinar.eu\/en\/\",\"name\":\"Porodnice U Apolin\u00e1\u0159e\",\"description\":\"Klinika gynekologie, porodnictv\u00ed a neonatologie 1. LF UK a VFN v Praze\",\"potentialAction\":[{\"@type\":\"SearchAction\",\"target\":{\"@type\":\"EntryPoint\",\"urlTemplate\":\"https:\/\/apolinar.eu\/en\/?s={search_term_string}\"},\"query-input\":{\"@type\":\"PropertyValueSpecification\",\"valueRequired\":true,\"valueName\":\"search_term_string\"}}],\"inLanguage\":\"en-US\"}]}<\/script>\n<!-- \/ Yoast SEO plugin. -->","yoast_head_json":{"title":"Prenatal diagnostics - Center for Fetal Medicine and Ultrasound Diagnostics - Porodnice U Apolin\u00e1\u0159e","robots":{"index":"index","follow":"follow","max-snippet":"max-snippet:-1","max-image-preview":"max-image-preview:large","max-video-preview":"max-video-preview:-1"},"canonical":"https:\/\/apolinar.eu\/en\/prenatalni-diagnostika-centrum-fetalni-mediciny-a-ultrazvukove-diagnostiky\/","og_locale":"en_US","og_type":"article","og_title":"Prenatal diagnostics - Center for Fetal Medicine and Ultrasound Diagnostics - Porodnice U Apolin\u00e1\u0159e","og_url":"https:\/\/apolinar.eu\/en\/prenatalni-diagnostika-centrum-fetalni-mediciny-a-ultrazvukove-diagnostiky\/","og_site_name":"Porodnice U Apolin\u00e1\u0159e","article_modified_time":"2025-08-31T12:25:21+00:00","twitter_card":"summary_large_image","schema":{"@context":"https:\/\/schema.org","@graph":[{"@type":"WebPage","@id":"https:\/\/apolinar.eu\/en\/prenatalni-diagnostika-centrum-fetalni-mediciny-a-ultrazvukove-diagnostiky\/","url":"https:\/\/apolinar.eu\/en\/prenatalni-diagnostika-centrum-fetalni-mediciny-a-ultrazvukove-diagnostiky\/","name":"Prenatal diagnostics - Center for Fetal Medicine and Ultrasound Diagnostics - Porodnice U Apolin\u00e1\u0159e","isPartOf":{"@id":"https:\/\/apolinar.eu\/en\/#website"},"datePublished":"2024-10-01T14:02:39+00:00","dateModified":"2025-08-31T12:25:21+00:00","breadcrumb":{"@id":"https:\/\/apolinar.eu\/en\/prenatalni-diagnostika-centrum-fetalni-mediciny-a-ultrazvukove-diagnostiky\/#breadcrumb"},"inLanguage":"en-US","potentialAction":[{"@type":"ReadAction","target":["https:\/\/apolinar.eu\/en\/prenatalni-diagnostika-centrum-fetalni-mediciny-a-ultrazvukove-diagnostiky\/"]}]},{"@type":"BreadcrumbList","@id":"https:\/\/apolinar.eu\/en\/prenatalni-diagnostika-centrum-fetalni-mediciny-a-ultrazvukove-diagnostiky\/#breadcrumb","itemListElement":[{"@type":"ListItem","position":1,"name":"Dom\u016f","item":"https:\/\/apolinar.eu\/en\/"},{"@type":"ListItem","position":2,"name":"Prenatal diagnostics &#8211; Center for Fetal Medicine and Ultrasound Diagnostics"}]},{"@type":"WebSite","@id":"https:\/\/apolinar.eu\/en\/#website","url":"https:\/\/apolinar.eu\/en\/","name":"Porodnice U Apolin\u00e1\u0159e","description":"Klinika gynekologie, porodnictv\u00ed a neonatologie 1. LF UK a VFN v Praze","potentialAction":[{"@type":"SearchAction","target":{"@type":"EntryPoint","urlTemplate":"https:\/\/apolinar.eu\/en\/?s={search_term_string}"},"query-input":{"@type":"PropertyValueSpecification","valueRequired":true,"valueName":"search_term_string"}}],"inLanguage":"en-US"}]}},"_links":{"self":[{"href":"https:\/\/apolinar.eu\/en\/wp-json\/wp\/v2\/pages\/14186","targetHints":{"allow":["GET"]}}],"collection":[{"href":"https:\/\/apolinar.eu\/en\/wp-json\/wp\/v2\/pages"}],"about":[{"href":"https:\/\/apolinar.eu\/en\/wp-json\/wp\/v2\/types\/page"}],"author":[{"embeddable":true,"href":"https:\/\/apolinar.eu\/en\/wp-json\/wp\/v2\/users\/6"}],"replies":[{"embeddable":true,"href":"https:\/\/apolinar.eu\/en\/wp-json\/wp\/v2\/comments?post=14186"}],"version-history":[{"count":2,"href":"https:\/\/apolinar.eu\/en\/wp-json\/wp\/v2\/pages\/14186\/revisions"}],"predecessor-version":[{"id":14189,"href":"https:\/\/apolinar.eu\/en\/wp-json\/wp\/v2\/pages\/14186\/revisions\/14189"}],"wp:attachment":[{"href":"https:\/\/apolinar.eu\/en\/wp-json\/wp\/v2\/media?parent=14186"}],"curies":[{"name":"wp","href":"https:\/\/api.w.org\/{rel}","templated":true}]}}