{"id":14182,"date":"2023-12-06T01:56:08","date_gmt":"2023-12-06T00:56:08","guid":{"rendered":"https:\/\/apolinar.eu\/kontakt-porodnice\/"},"modified":"2025-08-31T14:23:11","modified_gmt":"2025-08-31T12:23:11","slug":"kontakt-porodnice","status":"publish","type":"page","link":"https:\/\/apolinar.eu\/en\/kontakt-porodnice\/","title":{"rendered":"Contact the maternity hospital"},"content":{"rendered":"                <div class=\"pdt-80 pdb-80 pdt-60lg pdb-60lg \"\r\n            >\r\n            <div class=\"wrapper2\">\r\n                <div class=\"box_text\">\r\n                    <div class=\"grid align-center small-space\">\r\n                        <div class=\"box_text_text col2 col1_mdm observe anim_drop1 anim_delay\">\r\n                            <h1 class=\"title_h2 \">Contact us<\/h1>                            <div class=\"page_content reset_margins with_list_symbol mgt-35\">\r\n                                <ul>\n<li><strong>CALL US (MON &#8211; THU: 1:00 PM &#8211; 2:30 PM, FRI: 12:00 PM &#8211; 1:30 PM)<\/strong><br \/>\n    <a href=\"tel:+420224967401\">+420 224 967 401<\/a>\n  <\/li>\n<li><strong>WRITE TO US:<\/strong><br \/>\n    <a href=\"mailto:tehotenska.ambulance@vfn.cz\">tehotenska.ambulance@vfn.cz<\/a>\n  <\/li>\n<\/ul>\n                            <\/div>\r\n                        <\/div>\r\n                        <div class=\"box_text_image hide_mdm col2\">\r\n                            <div class=\"item_decor observe anim_image1 anim_delay\">\r\n                                <div>\r\n                                    <svg class=\"sico color3 toanim_bg\">\r\n                                        <use href=\"https:\/\/apolinar.eu\/wp-content\/themes\/apolinar\/assets\/layout\/icons.svg#s_ls\"\/>\r\n                                    <\/svg>\r\n                                                                                                                <div class=\"toanim_img\">\r\n                                            <img decoding=\"async\" src=\"https:\/\/apolinar.eu\/wp-content\/uploads\/2023\/06\/l10.svg\" class=\"attachment-contact_image size-contact_image\" alt=\"\" \/>                                        <\/div>\r\n                                                                    <\/div>\r\n                            <\/div>\r\n                        <\/div>\r\n                    <\/div>\r\n                <\/div>\r\n            <\/div>\r\n        <\/div>\r\n    ","protected":false},"excerpt":{"rendered":"","protected":false},"author":6,"featured_media":0,"parent":0,"menu_order":0,"comment_status":"closed","ping_status":"closed","template":"","meta":{"_acf_changed":false,"footnotes":""},"class_list":["post-14182","page","type-page","status-publish","hentry"],"acf":[],"yoast_head":"<!-- This site is optimized with the Yoast SEO plugin v26.2 - https:\/\/yoast.com\/wordpress\/plugins\/seo\/ -->\n<title>Contact the maternity hospital - Porodnice U Apolin\u00e1\u0159e<\/title>\n<meta name=\"robots\" content=\"index, follow, max-snippet:-1, max-image-preview:large, max-video-preview:-1\" \/>\n<link rel=\"canonical\" href=\"https:\/\/apolinar.eu\/en\/kontakt-porodnice\/\" \/>\n<meta property=\"og:locale\" content=\"en_US\" \/>\n<meta property=\"og:type\" content=\"article\" \/>\n<meta property=\"og:title\" content=\"Contact the maternity hospital - Porodnice U Apolin\u00e1\u0159e\" \/>\n<meta property=\"og:url\" content=\"https:\/\/apolinar.eu\/en\/kontakt-porodnice\/\" \/>\n<meta property=\"og:site_name\" content=\"Porodnice U Apolin\u00e1\u0159e\" \/>\n<meta property=\"article:modified_time\" content=\"2025-08-31T12:23:11+00:00\" \/>\n<meta name=\"twitter:card\" content=\"summary_large_image\" \/>\n<script type=\"application\/ld+json\" class=\"yoast-schema-graph\">{\"@context\":\"https:\/\/schema.org\",\"@graph\":[{\"@type\":\"WebPage\",\"@id\":\"https:\/\/apolinar.eu\/en\/kontakt-porodnice\/\",\"url\":\"https:\/\/apolinar.eu\/en\/kontakt-porodnice\/\",\"name\":\"Contact the maternity hospital - Porodnice U Apolin\u00e1\u0159e\",\"isPartOf\":{\"@id\":\"https:\/\/apolinar.eu\/en\/#website\"},\"datePublished\":\"2023-12-06T00:56:08+00:00\",\"dateModified\":\"2025-08-31T12:23:11+00:00\",\"breadcrumb\":{\"@id\":\"https:\/\/apolinar.eu\/en\/kontakt-porodnice\/#breadcrumb\"},\"inLanguage\":\"en-US\",\"potentialAction\":[{\"@type\":\"ReadAction\",\"target\":[\"https:\/\/apolinar.eu\/en\/kontakt-porodnice\/\"]}]},{\"@type\":\"BreadcrumbList\",\"@id\":\"https:\/\/apolinar.eu\/en\/kontakt-porodnice\/#breadcrumb\",\"itemListElement\":[{\"@type\":\"ListItem\",\"position\":1,\"name\":\"Dom\u016f\",\"item\":\"https:\/\/apolinar.eu\/en\/\"},{\"@type\":\"ListItem\",\"position\":2,\"name\":\"Contact the maternity hospital\"}]},{\"@type\":\"WebSite\",\"@id\":\"https:\/\/apolinar.eu\/en\/#website\",\"url\":\"https:\/\/apolinar.eu\/en\/\",\"name\":\"Porodnice U Apolin\u00e1\u0159e\",\"description\":\"Klinika gynekologie, porodnictv\u00ed a neonatologie 1. LF UK a VFN v Praze\",\"potentialAction\":[{\"@type\":\"SearchAction\",\"target\":{\"@type\":\"EntryPoint\",\"urlTemplate\":\"https:\/\/apolinar.eu\/en\/?s={search_term_string}\"},\"query-input\":{\"@type\":\"PropertyValueSpecification\",\"valueRequired\":true,\"valueName\":\"search_term_string\"}}],\"inLanguage\":\"en-US\"}]}<\/script>\n<!-- \/ Yoast SEO plugin. -->","yoast_head_json":{"title":"Contact the maternity hospital - Porodnice U Apolin\u00e1\u0159e","robots":{"index":"index","follow":"follow","max-snippet":"max-snippet:-1","max-image-preview":"max-image-preview:large","max-video-preview":"max-video-preview:-1"},"canonical":"https:\/\/apolinar.eu\/en\/kontakt-porodnice\/","og_locale":"en_US","og_type":"article","og_title":"Contact the maternity hospital - Porodnice U Apolin\u00e1\u0159e","og_url":"https:\/\/apolinar.eu\/en\/kontakt-porodnice\/","og_site_name":"Porodnice U Apolin\u00e1\u0159e","article_modified_time":"2025-08-31T12:23:11+00:00","twitter_card":"summary_large_image","schema":{"@context":"https:\/\/schema.org","@graph":[{"@type":"WebPage","@id":"https:\/\/apolinar.eu\/en\/kontakt-porodnice\/","url":"https:\/\/apolinar.eu\/en\/kontakt-porodnice\/","name":"Contact the maternity hospital - Porodnice U Apolin\u00e1\u0159e","isPartOf":{"@id":"https:\/\/apolinar.eu\/en\/#website"},"datePublished":"2023-12-06T00:56:08+00:00","dateModified":"2025-08-31T12:23:11+00:00","breadcrumb":{"@id":"https:\/\/apolinar.eu\/en\/kontakt-porodnice\/#breadcrumb"},"inLanguage":"en-US","potentialAction":[{"@type":"ReadAction","target":["https:\/\/apolinar.eu\/en\/kontakt-porodnice\/"]}]},{"@type":"BreadcrumbList","@id":"https:\/\/apolinar.eu\/en\/kontakt-porodnice\/#breadcrumb","itemListElement":[{"@type":"ListItem","position":1,"name":"Dom\u016f","item":"https:\/\/apolinar.eu\/en\/"},{"@type":"ListItem","position":2,"name":"Contact the maternity hospital"}]},{"@type":"WebSite","@id":"https:\/\/apolinar.eu\/en\/#website","url":"https:\/\/apolinar.eu\/en\/","name":"Porodnice U Apolin\u00e1\u0159e","description":"Klinika gynekologie, porodnictv\u00ed a neonatologie 1. LF UK a VFN v Praze","potentialAction":[{"@type":"SearchAction","target":{"@type":"EntryPoint","urlTemplate":"https:\/\/apolinar.eu\/en\/?s={search_term_string}"},"query-input":{"@type":"PropertyValueSpecification","valueRequired":true,"valueName":"search_term_string"}}],"inLanguage":"en-US"}]}},"_links":{"self":[{"href":"https:\/\/apolinar.eu\/en\/wp-json\/wp\/v2\/pages\/14182","targetHints":{"allow":["GET"]}}],"collection":[{"href":"https:\/\/apolinar.eu\/en\/wp-json\/wp\/v2\/pages"}],"about":[{"href":"https:\/\/apolinar.eu\/en\/wp-json\/wp\/v2\/types\/page"}],"author":[{"embeddable":true,"href":"https:\/\/apolinar.eu\/en\/wp-json\/wp\/v2\/users\/6"}],"replies":[{"embeddable":true,"href":"https:\/\/apolinar.eu\/en\/wp-json\/wp\/v2\/comments?post=14182"}],"version-history":[{"count":2,"href":"https:\/\/apolinar.eu\/en\/wp-json\/wp\/v2\/pages\/14182\/revisions"}],"predecessor-version":[{"id":14184,"href":"https:\/\/apolinar.eu\/en\/wp-json\/wp\/v2\/pages\/14182\/revisions\/14184"}],"wp:attachment":[{"href":"https:\/\/apolinar.eu\/en\/wp-json\/wp\/v2\/media?parent=14182"}],"curies":[{"name":"wp","href":"https:\/\/api.w.org\/{rel}","templated":true}]}}