{"id":12143,"date":"2023-07-12T14:19:23","date_gmt":"2023-07-12T12:19:23","guid":{"rendered":"https:\/\/apolinar.eu\/propusteni-z-porodnice\/"},"modified":"2025-02-09T11:13:26","modified_gmt":"2025-02-09T10:13:26","slug":"propusteni-z-porodnice","status":"publish","type":"page","link":"https:\/\/apolinar.eu\/en\/propusteni-z-porodnice\/","title":{"rendered":"Discharge from the hospital"},"content":{"rendered":"        <section\r\n            class=\"pdt-80 pdb-40 \"\r\n        >\r\n        <div class=\"wrapper2\">\r\n                            <div class=\"text_block observe anim_drop1 anim_delay\">\r\n                    <h2 class=\"title_h2 \">Discharge from the hospital<\/h2>                                                                                            <h3 class=\"title_h3 color2\">\r\n                                What to expect?                            <\/h3>\r\n                                                                <div class=\"page_content reset_margins\">\r\n                        <p><\/p>\r\n                    <\/div>\r\n                                    <\/div>\r\n                    <\/div>\r\n    <\/section>\r\n\n\n    <!-- ACCORD -->\r\n    <section\r\n            class=\" pdb-40 \"\r\n        >\r\n        <div class=\"wrapper2 anim_delay anim_drop1 observe\">\r\n                                                    <div class=\"accord mgt-30\">\r\n                                            <!-- ITEM -->\r\n                        <div class=\"item_accord item\">\r\n                            <a href=\"#\" role=\"button\" class=\"item_accord_head head\">\r\n                                <h3 class=\"item_accord_title\">NORMAL\/STANDARD DISCHARGE FROM MATERNITY HOSPITAL<\/h3>\r\n                                <div class=\"item_accord_arrow\">\r\n                                    <svg class=\"sicofill\">\r\n                                        <use href=\"https:\/\/apolinar.eu\/wp-content\/themes\/apolinar\/assets\/layout\/icons.svg#s_ar2_d\"\/>\r\n                                    <\/svg>\r\n                                <\/div>\r\n                            <\/a>\r\n                            <div class=\"expand\">\r\n                                <div class=\"item_accord_inner page_content reset_margins\">\r\n                                                                                                                                                        <p>The length of stay depends on your and the baby&#8217;s condition. Following normal vaginal delivery you are discharged within 48 \u2013 72 post delivery (2 \u2013 3 days).<\/p>\n<p>Following the caesarean section is the length of stay slightly longer, you can be discharged approximately between 72 \u2013 96 hours post delivery (3 \u2013 4 days).<\/p>\n<p>A neonatologist will pass you medical and vaccination book for the baby, TBC questionnaire and a discharge paper for your local paeditrician. He\/she will also discuss important imformation regarding the care of the newborm at home and will answer all of your questions.<\/p>\n                                                                    <\/div>\r\n                            <\/div>\r\n                        <\/div>\r\n                                            <!-- ITEM -->\r\n                        <div class=\"item_accord item\">\r\n                            <a href=\"#\" role=\"button\" class=\"item_accord_head head\">\r\n                                <h3 class=\"item_accord_title\">EARLY DISCHARGE<\/h3>\r\n                                <div class=\"item_accord_arrow\">\r\n                                    <svg class=\"sicofill\">\r\n                                        <use href=\"https:\/\/apolinar.eu\/wp-content\/themes\/apolinar\/assets\/layout\/icons.svg#s_ar2_d\"\/>\r\n                                    <\/svg>\r\n                                <\/div>\r\n                            <\/a>\r\n                            <div class=\"expand\">\r\n                                <div class=\"item_accord_inner page_content reset_margins\">\r\n                                                                                                                                                        <p>An early discharge from the hospital prior 48 hours post delivery is possible following the consent from our specialists. A neonatologist will pass you medical and vaccination book for the baby, TBC questionnaire and a discharge paper for your local paeditrician. He\/she will also discuss important imformation regarding the care of the newborm at home and will answer all of your questions.<\/p>\n<p>It is necessary to discuss all the possibilities regarding all the screening test for your baby. It is also necessary to maintain following check-up at your paediatrician after the discharge from the hospital.<\/p>\n                                                                    <\/div>\r\n                            <\/div>\r\n                        <\/div>\r\n                                            <!-- ITEM -->\r\n                        <div class=\"item_accord item\">\r\n                            <a href=\"#\" role=\"button\" class=\"item_accord_head head\">\r\n                                <h3 class=\"item_accord_title\">CHECKING YOUR BABY FOLLOWING DISCHARGE<\/h3>\r\n                                <div class=\"item_accord_arrow\">\r\n                                    <svg class=\"sicofill\">\r\n                                        <use href=\"https:\/\/apolinar.eu\/wp-content\/themes\/apolinar\/assets\/layout\/icons.svg#s_ar2_d\"\/>\r\n                                    <\/svg>\r\n                                <\/div>\r\n                            <\/a>\r\n                            <div class=\"expand\">\r\n                                <div class=\"item_accord_inner page_content reset_margins\">\r\n                                                                                                                                                        <p><strong>When do we have to visit the hospital following the discharge?<\/strong><\/p>\n<ul>\n<li>In case of checking baby&#8217;s jaundice. Checking the jaundice is also possible when your local paediatrician recommends this.<\/li>\n<li>In case of controlling baby&#8217;s weight gain (if the baby was born preterm or hypotrophic).<\/li>\n<li>In case of any other test needed<\/li>\n<\/ul>\n<p><strong>When has the baby to be re-admitted?<\/strong><\/p>\n<ul>\n<li>In case of treating baby&#8217;s jaundice (with a blue light)<\/li>\n<li>In case of blood transfusion<\/li>\n<\/ul>\n                                                                    <\/div>\r\n                            <\/div>\r\n                        <\/div>\r\n                                            <!-- ITEM -->\r\n                        <div class=\"item_accord item\">\r\n                            <a href=\"#\" role=\"button\" class=\"item_accord_head head\">\r\n                                <h3 class=\"item_accord_title\">BREATH MONITOR\u202f<\/h3>\r\n                                <div class=\"item_accord_arrow\">\r\n                                    <svg class=\"sicofill\">\r\n                                        <use href=\"https:\/\/apolinar.eu\/wp-content\/themes\/apolinar\/assets\/layout\/icons.svg#s_ar2_d\"\/>\r\n                                    <\/svg>\r\n                                <\/div>\r\n                            <\/a>\r\n                            <div class=\"expand\">\r\n                                <div class=\"item_accord_inner page_content reset_margins\">\r\n                                                                                                                                                        <p><strong>Can I borrow a baby breath monitor in the hospital?<\/strong><\/p>\n<p>You can borrow a baby breath monitor in the pharmacy of Urology Clinic which is the building in a very close neighbourhood of our hospital.<\/p>\n                                                                    <\/div>\r\n                            <\/div>\r\n                        <\/div>\r\n                                            <!-- ITEM -->\r\n                        <div class=\"item_accord item\">\r\n                            <a href=\"#\" role=\"button\" class=\"item_accord_head head\">\r\n                                <h3 class=\"item_accord_title\">Lactation Consultancy<\/h3>\r\n                                <div class=\"item_accord_arrow\">\r\n                                    <svg class=\"sicofill\">\r\n                                        <use href=\"https:\/\/apolinar.eu\/wp-content\/themes\/apolinar\/assets\/layout\/icons.svg#s_ar2_d\"\/>\r\n                                    <\/svg>\r\n                                <\/div>\r\n                            <\/a>\r\n                            <div class=\"expand\">\r\n                                <div class=\"item_accord_inner page_content reset_margins\">\r\n                                                                                                                                                        <p><a href=\"mailto:laktacniporadna@vfn.cz\">laktacniporadna@vfn.cz<\/a><\/p>\n<p>tel.: +420 725 965 159<\/p>\n<ul>\n<li><strong>phone consultation:<\/strong><\/li>\n<\/ul>\n<p style=\"padding-left: 40px;\">Monday-Friday 8:00 &#8211; 9:30<\/p>\n<ul>\n<li><strong>Personal consultation (always by appointment)<\/strong><\/li>\n<\/ul>\n<p style=\"padding-left: 40px;\">Monday, Wednesday and Friday: 8:00 &#8211; 9:30<\/p>\n<p>&nbsp;<\/p>\n<p><a href=\"https:\/\/apolinar.eu\/laktacni-poradna\/\">V\u00edce informac\u00ed<\/a><\/p>\n                                                                    <\/div>\r\n                            <\/div>\r\n                        <\/div>\r\n                                    <\/div>\r\n                    <\/div>\r\n    <\/section>\r\n\n\n    <!-- BLOK K -->\r\n    <section\r\n            class=\"pdt-80 pdb-80 \"\r\n        >\r\n        <div class=\"wrapper2\">\r\n                                                                                            <div class=\"grid small-space\">\r\n                                                                                <!-- ITEM 1 -->\r\n                            <div class=\"col2 col1_mdm bg3 radius10 pd-35 pd-25md observe anim_drop1 anim_delay dflex flex-dir-column offset_dist\">\r\n                                <div class=\"text_block w100p mgb-auto\">\r\n                                    <h3 class=\"title_h3\">BREATH MONITOR<\/h3>\r\n                                                                                                                <div class=\"page_content reset_margins\">\r\n                                            <p>You can borrow a baby breath monitor in the pharmacy of Urology Clinic which is the building in a very close neighbourhood of our hospital.<\/p>\r\n                                        <\/div>\r\n                                                                    <\/div>\r\n                                <div class=\"pdt-20 w100p\">\r\n                                    <div class=\"grid small-space\">\r\n                                        <div class=\"col_default offset_half\">\r\n                                            <a href=\"https:\/\/apolinar.eu\/wp-content\/uploads\/2023\/10\/220202_GPK_pujcovna_monitoru_A3_1_nahled.pdf\"\r\n                                               title=\"BREATH MONITOR\"\r\n                                               target=\"_blank\"\r\n                                               class=\"btn_basic\">\r\n                                                Show                                            <\/a>\r\n                                        <\/div>\r\n                                        <div class=\"col_default offset_half\">\r\n                                            <a href=\"https:\/\/apolinar.eu\/wp-content\/uploads\/2023\/10\/220202_GPK_pujcovna_monitoru_A3_1_nahled.pdf\"\r\n                                               title=\"BREATH MONITOR\"\r\n                                               download\r\n                                               class=\"btn_basic border\">\r\n                                                Download                                            <\/a>\r\n                                        <\/div>\r\n                                    <\/div>\r\n                                <\/div>\r\n                            <\/div>\r\n                                                                                <!-- ITEM 1 -->\r\n                            <div class=\"col2 col1_mdm bg3 radius10 pd-35 pd-25md observe anim_drop1 anim_delay dflex flex-dir-column offset_dist\">\r\n                                <div class=\"text_block w100p mgb-auto\">\r\n                                    <h3 class=\"title_h3\">Let&#8217;s reduce SIDS<\/h3>\r\n                                                                                                                <div class=\"page_content reset_margins\">\r\n                                            <p>Sudden Infant Death Syndrome<\/p>\r\n                                        <\/div>\r\n                                                                    <\/div>\r\n                                <div class=\"pdt-20 w100p\">\r\n                                    <div class=\"grid small-space\">\r\n                                        <div class=\"col_default offset_half\">\r\n                                            <a href=\"https:\/\/apolinar.eu\/wp-content\/uploads\/2023\/07\/SIDS-letak.pdf\"\r\n                                               title=\"Let's reduce SIDS\"\r\n                                               target=\"_blank\"\r\n                                               class=\"btn_basic\">\r\n                                                Show                                            <\/a>\r\n                                        <\/div>\r\n                                        <div class=\"col_default offset_half\">\r\n                                            <a href=\"https:\/\/apolinar.eu\/wp-content\/uploads\/2023\/07\/SIDS-letak.pdf\"\r\n                                               title=\"Let's reduce SIDS\"\r\n                                               download\r\n                                               class=\"btn_basic border\">\r\n                                                Download                                            <\/a>\r\n                                        <\/div>\r\n                                    <\/div>\r\n                                <\/div>\r\n                            <\/div>\r\n                                            <\/div>\r\n                                    <\/div>\r\n    <\/section>\r\n","protected":false},"excerpt":{"rendered":"","protected":false},"author":3,"featured_media":0,"parent":0,"menu_order":0,"comment_status":"closed","ping_status":"closed","template":"","meta":{"_acf_changed":false,"footnotes":""},"class_list":["post-12143","page","type-page","status-publish","hentry"],"acf":[],"yoast_head":"<!-- This site is optimized with the Yoast SEO plugin v26.2 - https:\/\/yoast.com\/wordpress\/plugins\/seo\/ -->\n<title>Discharge from the hospital - Porodnice U Apolin\u00e1\u0159e<\/title>\n<meta name=\"robots\" content=\"index, follow, max-snippet:-1, max-image-preview:large, max-video-preview:-1\" \/>\n<link rel=\"canonical\" href=\"https:\/\/apolinar.eu\/en\/propusteni-z-porodnice\/\" \/>\n<meta property=\"og:locale\" content=\"en_US\" \/>\n<meta property=\"og:type\" content=\"article\" \/>\n<meta property=\"og:title\" content=\"Discharge from the hospital - Porodnice U Apolin\u00e1\u0159e\" \/>\n<meta property=\"og:url\" content=\"https:\/\/apolinar.eu\/en\/propusteni-z-porodnice\/\" \/>\n<meta property=\"og:site_name\" content=\"Porodnice U Apolin\u00e1\u0159e\" \/>\n<meta property=\"article:modified_time\" content=\"2025-02-09T10:13:26+00:00\" \/>\n<meta name=\"twitter:card\" content=\"summary_large_image\" \/>\n<script type=\"application\/ld+json\" class=\"yoast-schema-graph\">{\"@context\":\"https:\/\/schema.org\",\"@graph\":[{\"@type\":\"WebPage\",\"@id\":\"https:\/\/apolinar.eu\/en\/propusteni-z-porodnice\/\",\"url\":\"https:\/\/apolinar.eu\/en\/propusteni-z-porodnice\/\",\"name\":\"Discharge from the hospital - Porodnice U Apolin\u00e1\u0159e\",\"isPartOf\":{\"@id\":\"https:\/\/apolinar.eu\/en\/#website\"},\"datePublished\":\"2023-07-12T12:19:23+00:00\",\"dateModified\":\"2025-02-09T10:13:26+00:00\",\"breadcrumb\":{\"@id\":\"https:\/\/apolinar.eu\/en\/propusteni-z-porodnice\/#breadcrumb\"},\"inLanguage\":\"en-US\",\"potentialAction\":[{\"@type\":\"ReadAction\",\"target\":[\"https:\/\/apolinar.eu\/en\/propusteni-z-porodnice\/\"]}]},{\"@type\":\"BreadcrumbList\",\"@id\":\"https:\/\/apolinar.eu\/en\/propusteni-z-porodnice\/#breadcrumb\",\"itemListElement\":[{\"@type\":\"ListItem\",\"position\":1,\"name\":\"Dom\u016f\",\"item\":\"https:\/\/apolinar.eu\/en\/\"},{\"@type\":\"ListItem\",\"position\":2,\"name\":\"Discharge from the hospital\"}]},{\"@type\":\"WebSite\",\"@id\":\"https:\/\/apolinar.eu\/en\/#website\",\"url\":\"https:\/\/apolinar.eu\/en\/\",\"name\":\"Porodnice U Apolin\u00e1\u0159e\",\"description\":\"Klinika gynekologie, porodnictv\u00ed a neonatologie 1. LF UK a VFN v Praze\",\"potentialAction\":[{\"@type\":\"SearchAction\",\"target\":{\"@type\":\"EntryPoint\",\"urlTemplate\":\"https:\/\/apolinar.eu\/en\/?s={search_term_string}\"},\"query-input\":{\"@type\":\"PropertyValueSpecification\",\"valueRequired\":true,\"valueName\":\"search_term_string\"}}],\"inLanguage\":\"en-US\"}]}<\/script>\n<!-- \/ Yoast SEO plugin. -->","yoast_head_json":{"title":"Discharge from the hospital - Porodnice U Apolin\u00e1\u0159e","robots":{"index":"index","follow":"follow","max-snippet":"max-snippet:-1","max-image-preview":"max-image-preview:large","max-video-preview":"max-video-preview:-1"},"canonical":"https:\/\/apolinar.eu\/en\/propusteni-z-porodnice\/","og_locale":"en_US","og_type":"article","og_title":"Discharge from the hospital - Porodnice U Apolin\u00e1\u0159e","og_url":"https:\/\/apolinar.eu\/en\/propusteni-z-porodnice\/","og_site_name":"Porodnice U Apolin\u00e1\u0159e","article_modified_time":"2025-02-09T10:13:26+00:00","twitter_card":"summary_large_image","schema":{"@context":"https:\/\/schema.org","@graph":[{"@type":"WebPage","@id":"https:\/\/apolinar.eu\/en\/propusteni-z-porodnice\/","url":"https:\/\/apolinar.eu\/en\/propusteni-z-porodnice\/","name":"Discharge from the hospital - Porodnice U Apolin\u00e1\u0159e","isPartOf":{"@id":"https:\/\/apolinar.eu\/en\/#website"},"datePublished":"2023-07-12T12:19:23+00:00","dateModified":"2025-02-09T10:13:26+00:00","breadcrumb":{"@id":"https:\/\/apolinar.eu\/en\/propusteni-z-porodnice\/#breadcrumb"},"inLanguage":"en-US","potentialAction":[{"@type":"ReadAction","target":["https:\/\/apolinar.eu\/en\/propusteni-z-porodnice\/"]}]},{"@type":"BreadcrumbList","@id":"https:\/\/apolinar.eu\/en\/propusteni-z-porodnice\/#breadcrumb","itemListElement":[{"@type":"ListItem","position":1,"name":"Dom\u016f","item":"https:\/\/apolinar.eu\/en\/"},{"@type":"ListItem","position":2,"name":"Discharge from the hospital"}]},{"@type":"WebSite","@id":"https:\/\/apolinar.eu\/en\/#website","url":"https:\/\/apolinar.eu\/en\/","name":"Porodnice U Apolin\u00e1\u0159e","description":"Klinika gynekologie, porodnictv\u00ed a neonatologie 1. LF UK a VFN v Praze","potentialAction":[{"@type":"SearchAction","target":{"@type":"EntryPoint","urlTemplate":"https:\/\/apolinar.eu\/en\/?s={search_term_string}"},"query-input":{"@type":"PropertyValueSpecification","valueRequired":true,"valueName":"search_term_string"}}],"inLanguage":"en-US"}]}},"_links":{"self":[{"href":"https:\/\/apolinar.eu\/en\/wp-json\/wp\/v2\/pages\/12143","targetHints":{"allow":["GET"]}}],"collection":[{"href":"https:\/\/apolinar.eu\/en\/wp-json\/wp\/v2\/pages"}],"about":[{"href":"https:\/\/apolinar.eu\/en\/wp-json\/wp\/v2\/types\/page"}],"author":[{"embeddable":true,"href":"https:\/\/apolinar.eu\/en\/wp-json\/wp\/v2\/users\/3"}],"replies":[{"embeddable":true,"href":"https:\/\/apolinar.eu\/en\/wp-json\/wp\/v2\/comments?post=12143"}],"version-history":[{"count":7,"href":"https:\/\/apolinar.eu\/en\/wp-json\/wp\/v2\/pages\/12143\/revisions"}],"predecessor-version":[{"id":12152,"href":"https:\/\/apolinar.eu\/en\/wp-json\/wp\/v2\/pages\/12143\/revisions\/12152"}],"wp:attachment":[{"href":"https:\/\/apolinar.eu\/en\/wp-json\/wp\/v2\/media?parent=12143"}],"curies":[{"name":"wp","href":"https:\/\/api.w.org\/{rel}","templated":true}]}}