{"id":11874,"date":"2023-06-29T15:13:34","date_gmt":"2023-06-29T13:13:34","guid":{"rendered":"https:\/\/apolinar.eu\/sestinedeli\/"},"modified":"2025-01-20T12:58:21","modified_gmt":"2025-01-20T11:58:21","slug":"sestinedeli","status":"publish","type":"page","link":"https:\/\/apolinar.eu\/en\/sestinedeli\/","title":{"rendered":"Postnatal period"},"content":{"rendered":"        <section\r\n            class=\"pdt-80 pdb-40 \"\r\n        >\r\n        <div class=\"wrapper2\">\r\n                            <div class=\"text_block observe anim_drop1 anim_delay\">\r\n                    <h2 class=\"title_h2 \">Postnatal period<\/h2>                                            <div class=\"tags responsive\">\r\n                            <div class=\"inner justify-center-mdm\">\r\n                                                                                                            <a href=\"https:\/\/apolinar.eu\/en\/sestinedeli\/#01\"\r\n                                           title=\"When is the time to leave the hospital?\"\r\n                                           >\r\n                                            When is the time to leave the hospital?                                        <\/a>\r\n                                                                                                                                                <a href=\"https:\/\/apolinar.eu\/en\/sestinedeli\/#02\"\r\n                                           title=\"Would you like a higher standard postnatal room?\"\r\n                                           >\r\n                                            Would you like a higher standard postnatal room?                                        <\/a>\r\n                                                                                                <\/div>\r\n                        <\/div>\r\n                                                                                            <h3 class=\"title_h3 color2\">\r\n                                Thera are 3 postnatal wards in Apolinar. These are located on the 1. floor of our hospital named A, B, C.                            <\/h3>\r\n                                                                <div class=\"page_content reset_margins\">\r\n                        <p><p>2 hours post-delivery you will be transferred to one of above. The care of the baby is provided by neonatal nurses, care of the mother is taken by midwives. You can ask them for help at any time. We are supporting rooming-in \u2013 therefore your baby remains with you from the very first time.<\/p>\n<\/p>\r\n                    <\/div>\r\n                                    <\/div>\r\n                    <\/div>\r\n    <\/section>\r\n\n\n                <!-- TEXT BLOCK -->\r\n        <section\r\n                class=\"pdt-60 pdb-60 bg3\"\r\n            >\r\n            <div class=\"wrapper2 text_block\">\r\n                                                                                                                <div class=\"page_content reset_margins\">\r\n                                                                                        <p><a href=\"https:\/\/www.youtube.com\/watch?v=AP2SbYIyYQM\" target=\"_blank\" rel=\"noopener\"><img decoding=\"async\" class=\" wp-image-10354 alignleft\" src=\"https:\/\/apolinar.eu\/wp-content\/uploads\/2024\/10\/Snimek-obrazovky-2024-10-11-115807.png\" alt=\"\" width=\"119\" height=\"86\" srcset=\"https:\/\/apolinar.eu\/wp-content\/uploads\/2024\/10\/Snimek-obrazovky-2024-10-11-115807.png 171w, https:\/\/apolinar.eu\/wp-content\/uploads\/2024\/10\/Snimek-obrazovky-2024-10-11-115807-60x44.png 60w, https:\/\/apolinar.eu\/wp-content\/uploads\/2024\/10\/Snimek-obrazovky-2024-10-11-115807-104x75.png 104w, https:\/\/apolinar.eu\/wp-content\/uploads\/2024\/10\/Snimek-obrazovky-2024-10-11-115807-165x120.png 165w\" sizes=\"(max-width: 119px) 100vw, 119px\" \/> <\/a><\/p>\n<h3><a href=\"https:\/\/www.youtube.com\/watch?v=AP2SbYIyYQM\" target=\"_blank\" rel=\"noopener\">See what it looks like here.<\/a><\/h3>\n                                    <\/div>\r\n            <\/div>\r\n        <\/section>\r\n    \n\n                <!-- TEXT BLOCK -->\r\n        <section\r\n                class=\"pdt-60 pdb-60 \"\r\n            >\r\n            <div class=\"wrapper2 text_block\">\r\n                                                                                                    <h3 class=\"title_h3 text_center_mdm\">POSTNATAL PERIOD<\/h3>\r\n                                                <div class=\"page_content reset_margins\">\r\n                                                                                        <p>This period starts straight after delivering of you baby and lasts for six weeks. During this time is your body getting into previous shape prior the pregnancy and the delivery. All the possible wounds are healing up, the uterus is contracting, you are passing lochias, lactation takes place and you are bonding to your baby.<\/p>\n<ul>\n<li><strong>It is necessary to maintain great hygiene during the early postpartum period. Take a shower even 10 \u2013 15 times a day. Do not forget to maintain good fluid intake.<\/strong><\/li>\n<li>Postpartum period is a challenging time full of hormonal changes. Every woman is vulnerable and extremely sensitive during this stage. This is completely normal. Try to stay as calm as possible, relax, enjoy the time together with your baby and family. And do not forget \u2013 <strong>do not worry to ask for help<\/strong>.<\/li>\n<\/ul>\n                                    <\/div>\r\n            <\/div>\r\n        <\/section>\r\n    \n\n                <!-- TEXT BLOCK -->\r\n        <section\r\n                class=\"pdt-60 pdb-60 bg3\"\r\n            id=\"01\">\r\n            <div class=\"wrapper2 text_block\">\r\n                                                                                                    <h3 class=\"title_h3 text_center_mdm\">When is the time to leave the hospital?<\/h3>\r\n                                                <div class=\"page_content reset_margins columns2\">\r\n                                                                                        <p>Standard length of stay in our hospital following non-complicated vaginal delivery and great adaptation of the baby is <strong>2 \u2013 3 days<\/strong>. In case of caesarean section this is<strong> 3 \u2013 4 days.<\/strong><\/p>\n<p>In case you and your baby are in a good condition we are happy for an early discharge from the hospital. Always discuss your wishes with the specialists (obstetrician, peadiatrician) \u2013 we are open minded.<\/p>\n                                    <\/div>\r\n            <\/div>\r\n        <\/section>\r\n    \n\n                <!-- TEXT BLOCK -->\r\n        <section\r\n                class=\"pdt-40 pdb-80 \"\r\n            id=\"02\">\r\n            <div class=\"wrapper2 text_block\">\r\n                                                                                                    <h3 class=\"title_h3 text_center_mdm\">Would you like a higher standard postnatal room?<\/h3>\r\n                                                <div class=\"page_content reset_margins\">\r\n                                                                                        <p><strong>Postnatal Ward A<\/strong> is a ward with higher standard rooms equipped by own bath and WC, which you have to pay for.<\/p>\n<ul>\n<li>There re 5 two bed rooms (2 mothers in the room) \u2013 1300 CZK per night<\/li>\n<li>1 single room \u2013 2000 per night<\/li>\n<li>1 family suite \u2013 400 per night<\/li>\n<\/ul>\n<p>&nbsp;<\/p>\n<p><b> Postnatal Ward B\u00a0<\/b><br \/>\n2 single bed rooms 2000 CZK per night<\/p>\n<p><strong>Postnatal Ward C<\/strong><br \/>\nhas only standard rooms covered by your insurance.<\/p>\n                                    <\/div>\r\n            <\/div>\r\n        <\/section>\r\n    \n\n\n\n","protected":false},"excerpt":{"rendered":"","protected":false},"author":3,"featured_media":0,"parent":0,"menu_order":0,"comment_status":"closed","ping_status":"closed","template":"","meta":{"_acf_changed":false,"footnotes":""},"class_list":["post-11874","page","type-page","status-publish","hentry"],"acf":[],"yoast_head":"<!-- This site is optimized with the Yoast SEO plugin v26.2 - https:\/\/yoast.com\/wordpress\/plugins\/seo\/ -->\n<title>Postnatal period - Porodnice U Apolin\u00e1\u0159e<\/title>\n<meta name=\"robots\" content=\"index, follow, max-snippet:-1, max-image-preview:large, max-video-preview:-1\" \/>\n<link rel=\"canonical\" href=\"https:\/\/apolinar.eu\/en\/sestinedeli\/\" \/>\n<meta property=\"og:locale\" content=\"en_US\" \/>\n<meta property=\"og:type\" content=\"article\" \/>\n<meta property=\"og:title\" content=\"Postnatal period - Porodnice U Apolin\u00e1\u0159e\" \/>\n<meta property=\"og:url\" content=\"https:\/\/apolinar.eu\/en\/sestinedeli\/\" \/>\n<meta property=\"og:site_name\" content=\"Porodnice U Apolin\u00e1\u0159e\" \/>\n<meta property=\"article:modified_time\" content=\"2025-01-20T11:58:21+00:00\" \/>\n<meta name=\"twitter:card\" content=\"summary_large_image\" \/>\n<script type=\"application\/ld+json\" class=\"yoast-schema-graph\">{\"@context\":\"https:\/\/schema.org\",\"@graph\":[{\"@type\":\"WebPage\",\"@id\":\"https:\/\/apolinar.eu\/en\/sestinedeli\/\",\"url\":\"https:\/\/apolinar.eu\/en\/sestinedeli\/\",\"name\":\"Postnatal period - Porodnice U Apolin\u00e1\u0159e\",\"isPartOf\":{\"@id\":\"https:\/\/apolinar.eu\/en\/#website\"},\"datePublished\":\"2023-06-29T13:13:34+00:00\",\"dateModified\":\"2025-01-20T11:58:21+00:00\",\"breadcrumb\":{\"@id\":\"https:\/\/apolinar.eu\/en\/sestinedeli\/#breadcrumb\"},\"inLanguage\":\"en-US\",\"potentialAction\":[{\"@type\":\"ReadAction\",\"target\":[\"https:\/\/apolinar.eu\/en\/sestinedeli\/\"]}]},{\"@type\":\"BreadcrumbList\",\"@id\":\"https:\/\/apolinar.eu\/en\/sestinedeli\/#breadcrumb\",\"itemListElement\":[{\"@type\":\"ListItem\",\"position\":1,\"name\":\"Dom\u016f\",\"item\":\"https:\/\/apolinar.eu\/en\/\"},{\"@type\":\"ListItem\",\"position\":2,\"name\":\"Postnatal period\"}]},{\"@type\":\"WebSite\",\"@id\":\"https:\/\/apolinar.eu\/en\/#website\",\"url\":\"https:\/\/apolinar.eu\/en\/\",\"name\":\"Porodnice U Apolin\u00e1\u0159e\",\"description\":\"Klinika gynekologie, porodnictv\u00ed a neonatologie 1. LF UK a VFN v Praze\",\"potentialAction\":[{\"@type\":\"SearchAction\",\"target\":{\"@type\":\"EntryPoint\",\"urlTemplate\":\"https:\/\/apolinar.eu\/en\/?s={search_term_string}\"},\"query-input\":{\"@type\":\"PropertyValueSpecification\",\"valueRequired\":true,\"valueName\":\"search_term_string\"}}],\"inLanguage\":\"en-US\"}]}<\/script>\n<!-- \/ Yoast SEO plugin. -->","yoast_head_json":{"title":"Postnatal period - Porodnice U Apolin\u00e1\u0159e","robots":{"index":"index","follow":"follow","max-snippet":"max-snippet:-1","max-image-preview":"max-image-preview:large","max-video-preview":"max-video-preview:-1"},"canonical":"https:\/\/apolinar.eu\/en\/sestinedeli\/","og_locale":"en_US","og_type":"article","og_title":"Postnatal period - Porodnice U Apolin\u00e1\u0159e","og_url":"https:\/\/apolinar.eu\/en\/sestinedeli\/","og_site_name":"Porodnice U Apolin\u00e1\u0159e","article_modified_time":"2025-01-20T11:58:21+00:00","twitter_card":"summary_large_image","schema":{"@context":"https:\/\/schema.org","@graph":[{"@type":"WebPage","@id":"https:\/\/apolinar.eu\/en\/sestinedeli\/","url":"https:\/\/apolinar.eu\/en\/sestinedeli\/","name":"Postnatal period - Porodnice U Apolin\u00e1\u0159e","isPartOf":{"@id":"https:\/\/apolinar.eu\/en\/#website"},"datePublished":"2023-06-29T13:13:34+00:00","dateModified":"2025-01-20T11:58:21+00:00","breadcrumb":{"@id":"https:\/\/apolinar.eu\/en\/sestinedeli\/#breadcrumb"},"inLanguage":"en-US","potentialAction":[{"@type":"ReadAction","target":["https:\/\/apolinar.eu\/en\/sestinedeli\/"]}]},{"@type":"BreadcrumbList","@id":"https:\/\/apolinar.eu\/en\/sestinedeli\/#breadcrumb","itemListElement":[{"@type":"ListItem","position":1,"name":"Dom\u016f","item":"https:\/\/apolinar.eu\/en\/"},{"@type":"ListItem","position":2,"name":"Postnatal period"}]},{"@type":"WebSite","@id":"https:\/\/apolinar.eu\/en\/#website","url":"https:\/\/apolinar.eu\/en\/","name":"Porodnice U Apolin\u00e1\u0159e","description":"Klinika gynekologie, porodnictv\u00ed a neonatologie 1. LF UK a VFN v Praze","potentialAction":[{"@type":"SearchAction","target":{"@type":"EntryPoint","urlTemplate":"https:\/\/apolinar.eu\/en\/?s={search_term_string}"},"query-input":{"@type":"PropertyValueSpecification","valueRequired":true,"valueName":"search_term_string"}}],"inLanguage":"en-US"}]}},"_links":{"self":[{"href":"https:\/\/apolinar.eu\/en\/wp-json\/wp\/v2\/pages\/11874","targetHints":{"allow":["GET"]}}],"collection":[{"href":"https:\/\/apolinar.eu\/en\/wp-json\/wp\/v2\/pages"}],"about":[{"href":"https:\/\/apolinar.eu\/en\/wp-json\/wp\/v2\/types\/page"}],"author":[{"embeddable":true,"href":"https:\/\/apolinar.eu\/en\/wp-json\/wp\/v2\/users\/3"}],"replies":[{"embeddable":true,"href":"https:\/\/apolinar.eu\/en\/wp-json\/wp\/v2\/comments?post=11874"}],"version-history":[{"count":4,"href":"https:\/\/apolinar.eu\/en\/wp-json\/wp\/v2\/pages\/11874\/revisions"}],"predecessor-version":[{"id":11880,"href":"https:\/\/apolinar.eu\/en\/wp-json\/wp\/v2\/pages\/11874\/revisions\/11880"}],"wp:attachment":[{"href":"https:\/\/apolinar.eu\/en\/wp-json\/wp\/v2\/media?parent=11874"}],"curies":[{"name":"wp","href":"https:\/\/api.w.org\/{rel}","templated":true}]}}