{"id":10582,"date":"2024-10-22T15:34:37","date_gmt":"2024-10-22T13:34:37","guid":{"rendered":"https:\/\/apolinar.eu\/?page_id=10582"},"modified":"2024-12-08T12:00:09","modified_gmt":"2024-12-08T11:00:09","slug":"kojeni-sestinedeli","status":"publish","type":"page","link":"https:\/\/apolinar.eu\/en\/sestinedeli-pruvodce\/kojeni-sestinedeli\/","title":{"rendered":"Kojen\u00ed &#8211; \u0161estined\u011bl\u00ed"},"content":{"rendered":"                <!-- TEXT BLOCK -->\r\n        <section\r\n                class=\"pdt-80 pdb-40 \"\r\n            >\r\n            <div class=\"wrapper2 text_block\">\r\n                <h2 class=\"title_h2 text_center_mdm\">Kojen\u00ed<\/h2>                                                                                                <div class=\"page_content reset_margins\">\r\n                                                                                        <p>Mate\u0159sk\u00e9 ml\u00e9ko je pro va\u0161e miminko ide\u00e1ln\u00ed \u2013 je pln\u00e9 \u017eivin a protil\u00e1tek, kter\u00e9 ho chr\u00e1n\u00ed a podporuj\u00ed jeho zdrav\u00fd v\u00fdvoj. Nav\u00edc se slo\u017een\u00ed ml\u00e9ka p\u0159izp\u016fsobuje pot\u0159eb\u00e1m va\u0161eho d\u00edt\u011bte, tak\u017ee mu d\u00e1v\u00e1te p\u0159esn\u011b to, co pot\u0159ebuje v ka\u017ed\u00e9 f\u00e1zi r\u016fstu.<\/p>\n<p>Kojen\u00ed je kr\u00e1sn\u00fd a p\u0159irozen\u00fd zp\u016fsob, jak sv\u00e9mu miminku poskytnout to nejlep\u0161\u00ed. A\u0165 u\u017e koj\u00edte poprv\u00e9, nebo m\u00e1te za sebou u\u017e n\u011bjak\u00e9 zku\u0161enosti, je zcela norm\u00e1ln\u00ed, \u017ee se objevuj\u00ed ot\u00e1zky nebo obavy.<\/p>\n<p>I kdy\u017e je kojen\u00ed p\u0159irozen\u00e9, nemus\u00ed b\u00fdt v\u017edy snadn\u00e9. Mnoh\u00e9 maminky se pot\u00fdkaj\u00ed s r\u016fzn\u00fdmi probl\u00e9my \u2013 a\u0165 u\u017e jde o bolest p\u0159i p\u0159is\u00e1v\u00e1n\u00ed, ot\u00e1zky t\u00fdkaj\u00edc\u00ed se mno\u017estv\u00ed ml\u00e9ka nebo obavy, jestli je d\u00edt\u011b dostate\u010dn\u011b krmeno. To v\u0161e je naprosto b\u011b\u017en\u00e9.<\/p>\n<p><strong>Bu\u010fte trp\u011bliv\u00e1 a dejte si \u010das. Kojen\u00ed je proces, kter\u00fd si \u017e\u00e1d\u00e1 trochu \u010dasu, ne\u017e najdete sv\u016fj rytmus.<\/strong><\/p>\n<p>Kojen\u00ed je p\u0159irozen\u00fd proces, ale ka\u017ed\u00e9 miminko je jedine\u010dn\u00e9 a m\u00e1 sv\u00e9 vlastn\u00ed tempo.<\/p>\n<ul>\n<li>D\u016fle\u017eit\u00e9 je v\u011bd\u011bt, \u017ee miminko si samo \u0159ekne, kdy m\u00e1 hlad, a to nejen pl\u00e1\u010dem. Nebojte se sledovat jemn\u00e9 sign\u00e1ly, kter\u00e9 v\u00e1m nazna\u010d\u00ed, \u017ee je \u010das na kojen\u00ed. M\u016f\u017ee to b\u00fdt nap\u0159\u00edklad pohyb o\u010d\u00ed pod v\u00ed\u010dky, vyplazov\u00e1n\u00ed jazyka, protahov\u00e1n\u00ed nebo pohyb hlavi\u010dky ze strany na stranu. Pokud vid\u00edte, \u017ee si miminko d\u00e1v\u00e1 ru\u010di\u010dky k pusince, je to tak\u00e9 zn\u00e1mka, \u017ee m\u00e1 z\u00e1jem o prso. Pl\u00e1\u010d je a\u017e posledn\u00ed, jasn\u00fd sign\u00e1l, kter\u00fd p\u0159ich\u00e1z\u00ed, kdy\u017e u\u017e miminko m\u00e1 skute\u010dn\u011b hlad.<\/li>\n<li>Nen\u00ed pot\u0159eba se stresovat s intervaly mezi kojen\u00edm nebo s t\u00edm, kolik \u010dasu miminko str\u00e1v\u00ed u prsu. Ka\u017ed\u00e9 d\u00edt\u011b je jin\u00e9 a bude m\u00edt r\u016fzn\u00e9 pot\u0159eby v r\u016fzn\u00fdch obdob\u00edch dne. Je d\u016fle\u017eit\u00e9 se soust\u0159edit na va\u0161e miminko a jeho sign\u00e1ly, ne na \u010dasov\u00e9 rozmez\u00ed.<\/li>\n<li>Neporovn\u00e1vejte se s ostatn\u00edmi maminkami ani neporovn\u00e1vejte sv\u00e9 miminko s jin\u00fdmi d\u011btmi. Ka\u017ed\u00e1 cesta k \u00fasp\u011b\u0161n\u00e9mu kojen\u00ed je jedine\u010dn\u00e1, a co funguje pro jedno d\u00edt\u011b, nemus\u00ed b\u00fdt to prav\u00e9 pro jin\u00e9.<\/li>\n<li>Pokud m\u00e1te jak\u00e9koli pochybnosti nebo ot\u00e1zky, nebojte se vyu\u017e\u00edt pomoc sest\u0159i\u010dek nebo odborn\u00edk\u016f. Klidn\u011b si p\u0159ij\u010fte pro radu, r\u00e1di v\u00e1m pom\u016f\u017eeme a podpo\u0159\u00edme v\u00e1s na va\u0161\u00ed cest\u011b.<\/li>\n<li>D\u016fv\u011b\u0159ujte n\u00e1m a dejte si \u010das. Informace o kojen\u00ed se mohou li\u0161it, ale v\u017edy se vyv\u00edjej\u00ed a p\u0159izp\u016fsobuj\u00ed va\u0161im aktu\u00e1ln\u00edm pot\u0159eb\u00e1m. Pokud se laktace nerozb\u011bhne okam\u017eit\u011b, je d\u016fle\u017eit\u00e9 to p\u0159ijmout a nenechat se t\u00edm zneklidnit. Neznamen\u00e1 to, \u017ee jste hor\u0161\u00ed matka ne\u017e ostatn\u00ed. Laktace m\u016f\u017ee za\u010d\u00edt i pozd\u011bji, t\u0159eba a\u017e doma, a va\u0161e trp\u011blivost a podpora va\u0161\u00ed rodiny budou pro v\u00e1s oba tou nejlep\u0161\u00ed oporou.<\/li>\n<\/ul>\n<div><\/div>\n                                    <\/div>\r\n            <\/div>\r\n        <\/section>\r\n    \n\n        <section\r\n            class=\"pdt-80 pdb-80 bg3\"\r\n        >\r\n        <div class=\"wrapper2\">\r\n                            <div class=\"grid small-space align-center\">\r\n                                            <!-- LEFT SIDE -->\r\n                        <div class=\"text_block col2 col1_mdm pdr-20 pd-0md observe anim_drop1 anim_delay\">\r\n                            <h2 class=\"title_h2 \">Video o kojen\u00ed<\/h2>                                                                                    <div class=\"page_content reset_margins\">\r\n                                <p><p>Ve\u0161ker\u00e9 informace o kojen\u00ed, v\u00fdhody, koj\u00edc\u00ed polohy, mo\u017en\u00e9 komplikace a jejich \u0159e\u0161en\u00ed naleznete v na\u0161em videu, kter\u00e9 jsme pro V\u00e1s na\u0161\u00edm t\u00fdmem p\u0159ipravili a bude V\u00e1m krom\u011b p\u00e9\u010de na\u0161eho person\u00e1lu po celou dobu hospitalizace v na\u0161\u00ed porodnici k dispozici.<\/p>\n<\/p>\r\n                            <\/div>\r\n                                                            <a href=\"https:\/\/www.youtube.com\/watch?v=EZ_IMaOhI1g\"\r\n                                   title=\"Pod\u00edvejte se na video\"\r\n                                   target=\"_blank\"                                   class=\"btn_basic\">\r\n                                    Pod\u00edvejte se na video                                <\/a>\r\n                                                    <\/div>\r\n                        <!-- RIGHT SIDE -->\r\n                        <div class=\"col2 col1_mdm list_items mgt-40md observe anim_drop1 anim_delay\">\r\n                            <div class=\"img_holder img_radius10\">\r\n                                <img decoding=\"async\" width=\"468\" height=\"260\" src=\"https:\/\/apolinar.eu\/wp-content\/uploads\/2024\/01\/Snimek-obrazovky-16-468x260.jpg\" class=\"attachment-preview_image_without_decoration size-preview_image_without_decoration\" alt=\"\" srcset=\"https:\/\/apolinar.eu\/wp-content\/uploads\/2024\/01\/Snimek-obrazovky-16-468x260.jpg 468w, https:\/\/apolinar.eu\/wp-content\/uploads\/2024\/01\/Snimek-obrazovky-16-300x167.jpg 300w, https:\/\/apolinar.eu\/wp-content\/uploads\/2024\/01\/Snimek-obrazovky-16-1024x569.jpg 1024w, https:\/\/apolinar.eu\/wp-content\/uploads\/2024\/01\/Snimek-obrazovky-16-768x427.jpg 768w, https:\/\/apolinar.eu\/wp-content\/uploads\/2024\/01\/Snimek-obrazovky-16-60x33.jpg 60w, https:\/\/apolinar.eu\/wp-content\/uploads\/2024\/01\/Snimek-obrazovky-16-104x58.jpg 104w, https:\/\/apolinar.eu\/wp-content\/uploads\/2024\/01\/Snimek-obrazovky-16-396x220.jpg 396w, https:\/\/apolinar.eu\/wp-content\/uploads\/2024\/01\/Snimek-obrazovky-16-286x159.jpg 286w, https:\/\/apolinar.eu\/wp-content\/uploads\/2024\/01\/Snimek-obrazovky-16-440x245.jpg 440w, https:\/\/apolinar.eu\/wp-content\/uploads\/2024\/01\/Snimek-obrazovky-16-533x296.jpg 533w, https:\/\/apolinar.eu\/wp-content\/uploads\/2024\/01\/Snimek-obrazovky-16-216x120.jpg 216w, https:\/\/apolinar.eu\/wp-content\/uploads\/2024\/01\/Snimek-obrazovky-16-600x334.jpg 600w, https:\/\/apolinar.eu\/wp-content\/uploads\/2024\/01\/Snimek-obrazovky-16.jpg 1396w\" sizes=\"(max-width: 468px) 100vw, 468px\" \/>                            <\/div>\r\n                        <\/div>\r\n                                    <\/div>\r\n                    <\/div>\r\n    <\/section>\r\n","protected":false},"excerpt":{"rendered":"","protected":false},"author":6,"featured_media":0,"parent":11048,"menu_order":0,"comment_status":"closed","ping_status":"closed","template":"","meta":{"_acf_changed":false,"footnotes":""},"class_list":["post-10582","page","type-page","status-publish","hentry"],"acf":[],"yoast_head":"<!-- This site is optimized with the Yoast SEO plugin v26.2 - https:\/\/yoast.com\/wordpress\/plugins\/seo\/ -->\n<title>Kojen\u00ed - \u0161estined\u011bl\u00ed - Porodnice U Apolin\u00e1\u0159e<\/title>\n<meta name=\"robots\" content=\"index, follow, max-snippet:-1, max-image-preview:large, max-video-preview:-1\" \/>\n<link rel=\"canonical\" href=\"https:\/\/apolinar.eu\/en\/sestinedeli-pruvodce\/kojeni-sestinedeli\/\" \/>\n<meta property=\"og:locale\" content=\"en_US\" \/>\n<meta property=\"og:type\" content=\"article\" \/>\n<meta property=\"og:title\" content=\"Kojen\u00ed - \u0161estined\u011bl\u00ed - Porodnice U Apolin\u00e1\u0159e\" \/>\n<meta property=\"og:url\" content=\"https:\/\/apolinar.eu\/en\/sestinedeli-pruvodce\/kojeni-sestinedeli\/\" \/>\n<meta property=\"og:site_name\" content=\"Porodnice U Apolin\u00e1\u0159e\" \/>\n<meta property=\"article:modified_time\" content=\"2024-12-08T11:00:09+00:00\" \/>\n<meta name=\"twitter:card\" content=\"summary_large_image\" \/>\n<script type=\"application\/ld+json\" class=\"yoast-schema-graph\">{\"@context\":\"https:\/\/schema.org\",\"@graph\":[{\"@type\":\"WebPage\",\"@id\":\"https:\/\/apolinar.eu\/en\/sestinedeli-pruvodce\/kojeni-sestinedeli\/\",\"url\":\"https:\/\/apolinar.eu\/en\/sestinedeli-pruvodce\/kojeni-sestinedeli\/\",\"name\":\"Kojen\u00ed - \u0161estined\u011bl\u00ed - Porodnice U Apolin\u00e1\u0159e\",\"isPartOf\":{\"@id\":\"https:\/\/apolinar.eu\/en\/#website\"},\"datePublished\":\"2024-10-22T13:34:37+00:00\",\"dateModified\":\"2024-12-08T11:00:09+00:00\",\"breadcrumb\":{\"@id\":\"https:\/\/apolinar.eu\/en\/sestinedeli-pruvodce\/kojeni-sestinedeli\/#breadcrumb\"},\"inLanguage\":\"en-US\",\"potentialAction\":[{\"@type\":\"ReadAction\",\"target\":[\"https:\/\/apolinar.eu\/en\/sestinedeli-pruvodce\/kojeni-sestinedeli\/\"]}]},{\"@type\":\"BreadcrumbList\",\"@id\":\"https:\/\/apolinar.eu\/en\/sestinedeli-pruvodce\/kojeni-sestinedeli\/#breadcrumb\",\"itemListElement\":[{\"@type\":\"ListItem\",\"position\":1,\"name\":\"Dom\u016f\",\"item\":\"https:\/\/apolinar.eu\/en\/\"},{\"@type\":\"ListItem\",\"position\":2,\"name\":\"\u0160estined\u011bl\u00ed &#8211; pr\u016fvodce\",\"item\":\"https:\/\/apolinar.eu\/en\/sestinedeli-pruvodce\/\"},{\"@type\":\"ListItem\",\"position\":3,\"name\":\"Kojen\u00ed &#8211; \u0161estined\u011bl\u00ed\"}]},{\"@type\":\"WebSite\",\"@id\":\"https:\/\/apolinar.eu\/en\/#website\",\"url\":\"https:\/\/apolinar.eu\/en\/\",\"name\":\"Porodnice U Apolin\u00e1\u0159e\",\"description\":\"Klinika gynekologie, porodnictv\u00ed a neonatologie 1. LF UK a VFN v Praze\",\"potentialAction\":[{\"@type\":\"SearchAction\",\"target\":{\"@type\":\"EntryPoint\",\"urlTemplate\":\"https:\/\/apolinar.eu\/en\/?s={search_term_string}\"},\"query-input\":{\"@type\":\"PropertyValueSpecification\",\"valueRequired\":true,\"valueName\":\"search_term_string\"}}],\"inLanguage\":\"en-US\"}]}<\/script>\n<!-- \/ Yoast SEO plugin. -->","yoast_head_json":{"title":"Kojen\u00ed - \u0161estined\u011bl\u00ed - Porodnice U Apolin\u00e1\u0159e","robots":{"index":"index","follow":"follow","max-snippet":"max-snippet:-1","max-image-preview":"max-image-preview:large","max-video-preview":"max-video-preview:-1"},"canonical":"https:\/\/apolinar.eu\/en\/sestinedeli-pruvodce\/kojeni-sestinedeli\/","og_locale":"en_US","og_type":"article","og_title":"Kojen\u00ed - \u0161estined\u011bl\u00ed - Porodnice U Apolin\u00e1\u0159e","og_url":"https:\/\/apolinar.eu\/en\/sestinedeli-pruvodce\/kojeni-sestinedeli\/","og_site_name":"Porodnice U Apolin\u00e1\u0159e","article_modified_time":"2024-12-08T11:00:09+00:00","twitter_card":"summary_large_image","schema":{"@context":"https:\/\/schema.org","@graph":[{"@type":"WebPage","@id":"https:\/\/apolinar.eu\/en\/sestinedeli-pruvodce\/kojeni-sestinedeli\/","url":"https:\/\/apolinar.eu\/en\/sestinedeli-pruvodce\/kojeni-sestinedeli\/","name":"Kojen\u00ed - \u0161estined\u011bl\u00ed - Porodnice U Apolin\u00e1\u0159e","isPartOf":{"@id":"https:\/\/apolinar.eu\/en\/#website"},"datePublished":"2024-10-22T13:34:37+00:00","dateModified":"2024-12-08T11:00:09+00:00","breadcrumb":{"@id":"https:\/\/apolinar.eu\/en\/sestinedeli-pruvodce\/kojeni-sestinedeli\/#breadcrumb"},"inLanguage":"en-US","potentialAction":[{"@type":"ReadAction","target":["https:\/\/apolinar.eu\/en\/sestinedeli-pruvodce\/kojeni-sestinedeli\/"]}]},{"@type":"BreadcrumbList","@id":"https:\/\/apolinar.eu\/en\/sestinedeli-pruvodce\/kojeni-sestinedeli\/#breadcrumb","itemListElement":[{"@type":"ListItem","position":1,"name":"Dom\u016f","item":"https:\/\/apolinar.eu\/en\/"},{"@type":"ListItem","position":2,"name":"\u0160estined\u011bl\u00ed &#8211; pr\u016fvodce","item":"https:\/\/apolinar.eu\/en\/sestinedeli-pruvodce\/"},{"@type":"ListItem","position":3,"name":"Kojen\u00ed &#8211; \u0161estined\u011bl\u00ed"}]},{"@type":"WebSite","@id":"https:\/\/apolinar.eu\/en\/#website","url":"https:\/\/apolinar.eu\/en\/","name":"Porodnice U Apolin\u00e1\u0159e","description":"Klinika gynekologie, porodnictv\u00ed a neonatologie 1. LF UK a VFN v Praze","potentialAction":[{"@type":"SearchAction","target":{"@type":"EntryPoint","urlTemplate":"https:\/\/apolinar.eu\/en\/?s={search_term_string}"},"query-input":{"@type":"PropertyValueSpecification","valueRequired":true,"valueName":"search_term_string"}}],"inLanguage":"en-US"}]}},"_links":{"self":[{"href":"https:\/\/apolinar.eu\/en\/wp-json\/wp\/v2\/pages\/10582","targetHints":{"allow":["GET"]}}],"collection":[{"href":"https:\/\/apolinar.eu\/en\/wp-json\/wp\/v2\/pages"}],"about":[{"href":"https:\/\/apolinar.eu\/en\/wp-json\/wp\/v2\/types\/page"}],"author":[{"embeddable":true,"href":"https:\/\/apolinar.eu\/en\/wp-json\/wp\/v2\/users\/6"}],"replies":[{"embeddable":true,"href":"https:\/\/apolinar.eu\/en\/wp-json\/wp\/v2\/comments?post=10582"}],"version-history":[{"count":11,"href":"https:\/\/apolinar.eu\/en\/wp-json\/wp\/v2\/pages\/10582\/revisions"}],"predecessor-version":[{"id":11368,"href":"https:\/\/apolinar.eu\/en\/wp-json\/wp\/v2\/pages\/10582\/revisions\/11368"}],"up":[{"embeddable":true,"href":"https:\/\/apolinar.eu\/en\/wp-json\/wp\/v2\/pages\/11048"}],"wp:attachment":[{"href":"https:\/\/apolinar.eu\/en\/wp-json\/wp\/v2\/media?parent=10582"}],"curies":[{"name":"wp","href":"https:\/\/api.w.org\/{rel}","templated":true}]}}