{"id":10535,"date":"2024-10-22T13:21:03","date_gmt":"2024-10-22T11:21:03","guid":{"rendered":"https:\/\/apolinar.eu\/?page_id=10535"},"modified":"2024-10-22T13:22:13","modified_gmt":"2024-10-22T11:22:13","slug":"lecba-biostimulacnim-laserem","status":"publish","type":"page","link":"https:\/\/apolinar.eu\/en\/lecba-biostimulacnim-laserem\/","title":{"rendered":"L\u00e9\u010dba biostimula\u010dn\u00edm laserem"},"content":{"rendered":"                <!-- TEXT BLOCK -->\r\n        <section\r\n                class=\"pdt-80 pdb-80 \"\r\n            >\r\n            <div class=\"wrapper2 text_block\">\r\n                <h2 class=\"title_h2 text_center_mdm\">L\u00e9\u010dba biostimula\u010dn\u00edm laserem<\/h2>                                                                                    <h3 class=\"title_h3 text_center_mdm\">O\u0161et\u0159en\u00ed jizev a okoln\u00edch tk\u00e1n\u00ed po porodu a c\u00edsa\u0159sk\u00e9m \u0159ezu.<\/h3>\r\n                                                <div class=\"page_content reset_margins\">\r\n                                                                                        <h4>Je bezbolestn\u00e1, zlep\u0161uje regeneraci k\u016f\u017ee a nevy\u017eaduje \u017e\u00e1dn\u00e1 omezen\u00ed. Ide\u00e1ln\u00ed po\u010det o\u0161et\u0159en\u00ed je 10 aplikac\u00ed.<\/h4>\n<p><strong>Cena jednoho o\u0161et\u0159en\u00ed je 200 CZK (nehrad\u00ed zdravotn\u00ed poji\u0161\u0165ovna).<\/strong><\/p>\n<p>L\u00e9\u010dbu laserem zaji\u0161\u0165uj\u00ed pro\u0161kolen\u00ed zdravotn\u00edci na\u0161\u00ed porodnice v\u017edy <strong>v pond\u011bl\u00ed, ve st\u0159edu a p\u00e1tek v dob\u011b od 14:00 do 15:15<\/strong>. Objednejte se na telefonn\u00edm \u010d\u00edsle: <strong>+420 224 967 401.<\/strong><\/p>\n                                    <\/div>\r\n            <\/div>\r\n        <\/section>\r\n    ","protected":false},"excerpt":{"rendered":"","protected":false},"author":6,"featured_media":0,"parent":0,"menu_order":0,"comment_status":"closed","ping_status":"closed","template":"","meta":{"_acf_changed":false,"footnotes":""},"class_list":["post-10535","page","type-page","status-publish","hentry"],"acf":[],"yoast_head":"<!-- This site is optimized with the Yoast SEO plugin v26.2 - https:\/\/yoast.com\/wordpress\/plugins\/seo\/ -->\n<title>L\u00e9\u010dba biostimula\u010dn\u00edm laserem - Porodnice U Apolin\u00e1\u0159e<\/title>\n<meta name=\"robots\" content=\"index, follow, max-snippet:-1, max-image-preview:large, max-video-preview:-1\" \/>\n<link rel=\"canonical\" href=\"https:\/\/apolinar.eu\/en\/lecba-biostimulacnim-laserem\/\" \/>\n<meta property=\"og:locale\" content=\"en_US\" \/>\n<meta property=\"og:type\" content=\"article\" \/>\n<meta property=\"og:title\" content=\"L\u00e9\u010dba biostimula\u010dn\u00edm laserem - Porodnice U Apolin\u00e1\u0159e\" \/>\n<meta property=\"og:url\" content=\"https:\/\/apolinar.eu\/en\/lecba-biostimulacnim-laserem\/\" \/>\n<meta property=\"og:site_name\" content=\"Porodnice U Apolin\u00e1\u0159e\" \/>\n<meta property=\"article:modified_time\" content=\"2024-10-22T11:22:13+00:00\" \/>\n<meta name=\"twitter:card\" content=\"summary_large_image\" \/>\n<script type=\"application\/ld+json\" class=\"yoast-schema-graph\">{\"@context\":\"https:\/\/schema.org\",\"@graph\":[{\"@type\":\"WebPage\",\"@id\":\"https:\/\/apolinar.eu\/en\/lecba-biostimulacnim-laserem\/\",\"url\":\"https:\/\/apolinar.eu\/en\/lecba-biostimulacnim-laserem\/\",\"name\":\"L\u00e9\u010dba biostimula\u010dn\u00edm laserem - Porodnice U Apolin\u00e1\u0159e\",\"isPartOf\":{\"@id\":\"https:\/\/apolinar.eu\/en\/#website\"},\"datePublished\":\"2024-10-22T11:21:03+00:00\",\"dateModified\":\"2024-10-22T11:22:13+00:00\",\"breadcrumb\":{\"@id\":\"https:\/\/apolinar.eu\/en\/lecba-biostimulacnim-laserem\/#breadcrumb\"},\"inLanguage\":\"en-US\",\"potentialAction\":[{\"@type\":\"ReadAction\",\"target\":[\"https:\/\/apolinar.eu\/en\/lecba-biostimulacnim-laserem\/\"]}]},{\"@type\":\"BreadcrumbList\",\"@id\":\"https:\/\/apolinar.eu\/en\/lecba-biostimulacnim-laserem\/#breadcrumb\",\"itemListElement\":[{\"@type\":\"ListItem\",\"position\":1,\"name\":\"Dom\u016f\",\"item\":\"https:\/\/apolinar.eu\/en\/\"},{\"@type\":\"ListItem\",\"position\":2,\"name\":\"L\u00e9\u010dba biostimula\u010dn\u00edm laserem\"}]},{\"@type\":\"WebSite\",\"@id\":\"https:\/\/apolinar.eu\/en\/#website\",\"url\":\"https:\/\/apolinar.eu\/en\/\",\"name\":\"Porodnice U Apolin\u00e1\u0159e\",\"description\":\"Klinika gynekologie, porodnictv\u00ed a neonatologie 1. LF UK a VFN v Praze\",\"potentialAction\":[{\"@type\":\"SearchAction\",\"target\":{\"@type\":\"EntryPoint\",\"urlTemplate\":\"https:\/\/apolinar.eu\/en\/?s={search_term_string}\"},\"query-input\":{\"@type\":\"PropertyValueSpecification\",\"valueRequired\":true,\"valueName\":\"search_term_string\"}}],\"inLanguage\":\"en-US\"}]}<\/script>\n<!-- \/ Yoast SEO plugin. -->","yoast_head_json":{"title":"L\u00e9\u010dba biostimula\u010dn\u00edm laserem - Porodnice U Apolin\u00e1\u0159e","robots":{"index":"index","follow":"follow","max-snippet":"max-snippet:-1","max-image-preview":"max-image-preview:large","max-video-preview":"max-video-preview:-1"},"canonical":"https:\/\/apolinar.eu\/en\/lecba-biostimulacnim-laserem\/","og_locale":"en_US","og_type":"article","og_title":"L\u00e9\u010dba biostimula\u010dn\u00edm laserem - Porodnice U Apolin\u00e1\u0159e","og_url":"https:\/\/apolinar.eu\/en\/lecba-biostimulacnim-laserem\/","og_site_name":"Porodnice U Apolin\u00e1\u0159e","article_modified_time":"2024-10-22T11:22:13+00:00","twitter_card":"summary_large_image","schema":{"@context":"https:\/\/schema.org","@graph":[{"@type":"WebPage","@id":"https:\/\/apolinar.eu\/en\/lecba-biostimulacnim-laserem\/","url":"https:\/\/apolinar.eu\/en\/lecba-biostimulacnim-laserem\/","name":"L\u00e9\u010dba biostimula\u010dn\u00edm laserem - Porodnice U Apolin\u00e1\u0159e","isPartOf":{"@id":"https:\/\/apolinar.eu\/en\/#website"},"datePublished":"2024-10-22T11:21:03+00:00","dateModified":"2024-10-22T11:22:13+00:00","breadcrumb":{"@id":"https:\/\/apolinar.eu\/en\/lecba-biostimulacnim-laserem\/#breadcrumb"},"inLanguage":"en-US","potentialAction":[{"@type":"ReadAction","target":["https:\/\/apolinar.eu\/en\/lecba-biostimulacnim-laserem\/"]}]},{"@type":"BreadcrumbList","@id":"https:\/\/apolinar.eu\/en\/lecba-biostimulacnim-laserem\/#breadcrumb","itemListElement":[{"@type":"ListItem","position":1,"name":"Dom\u016f","item":"https:\/\/apolinar.eu\/en\/"},{"@type":"ListItem","position":2,"name":"L\u00e9\u010dba biostimula\u010dn\u00edm laserem"}]},{"@type":"WebSite","@id":"https:\/\/apolinar.eu\/en\/#website","url":"https:\/\/apolinar.eu\/en\/","name":"Porodnice U Apolin\u00e1\u0159e","description":"Klinika gynekologie, porodnictv\u00ed a neonatologie 1. LF UK a VFN v Praze","potentialAction":[{"@type":"SearchAction","target":{"@type":"EntryPoint","urlTemplate":"https:\/\/apolinar.eu\/en\/?s={search_term_string}"},"query-input":{"@type":"PropertyValueSpecification","valueRequired":true,"valueName":"search_term_string"}}],"inLanguage":"en-US"}]}},"_links":{"self":[{"href":"https:\/\/apolinar.eu\/en\/wp-json\/wp\/v2\/pages\/10535","targetHints":{"allow":["GET"]}}],"collection":[{"href":"https:\/\/apolinar.eu\/en\/wp-json\/wp\/v2\/pages"}],"about":[{"href":"https:\/\/apolinar.eu\/en\/wp-json\/wp\/v2\/types\/page"}],"author":[{"embeddable":true,"href":"https:\/\/apolinar.eu\/en\/wp-json\/wp\/v2\/users\/6"}],"replies":[{"embeddable":true,"href":"https:\/\/apolinar.eu\/en\/wp-json\/wp\/v2\/comments?post=10535"}],"version-history":[{"count":5,"href":"https:\/\/apolinar.eu\/en\/wp-json\/wp\/v2\/pages\/10535\/revisions"}],"predecessor-version":[{"id":10541,"href":"https:\/\/apolinar.eu\/en\/wp-json\/wp\/v2\/pages\/10535\/revisions\/10541"}],"wp:attachment":[{"href":"https:\/\/apolinar.eu\/en\/wp-json\/wp\/v2\/media?parent=10535"}],"curies":[{"name":"wp","href":"https:\/\/api.w.org\/{rel}","templated":true}]}}