{"id":10286,"date":"2024-10-11T06:40:27","date_gmt":"2024-10-11T04:40:27","guid":{"rendered":"https:\/\/apolinar.eu\/?page_id=10286"},"modified":"2024-10-11T08:45:00","modified_gmt":"2024-10-11T06:45:00","slug":"luzkove-oddeleni-perinatologie-rizikove-tehotenstvi","status":"publish","type":"page","link":"https:\/\/apolinar.eu\/en\/porodnice\/tehotenstvi\/luzkove-oddeleni-perinatologie-rizikove-tehotenstvi\/","title":{"rendered":"L\u016f\u017ekov\u00e9 odd\u011blen\u00ed Perinatologie  (rizikov\u00e9 t\u011bhotenstv\u00ed)"},"content":{"rendered":"                <!-- TEXT BLOCK -->\r\n        <section\r\n                class=\"pdt-40 pdb-80 \"\r\n            >\r\n            <div class=\"wrapper2 text_block\">\r\n                <h1 class=\"title_h2 text_center_mdm\">Perinatologie &#8211; l\u016f\u017eka<\/h1>                                                                                    <h3 class=\"title_h3 text_center_mdm\">Rizikov\u00e9 t\u011bhotenstv\u00ed<\/h3>\r\n                                                <div class=\"page_content reset_margins\">\r\n                                                                                        <div data-olk-copy-source=\"MessageBody\">Na na\u0161em odd\u011blen\u00ed nab\u00edz\u00edme klidn\u00e9 a p\u0159\u00e1telsk\u00e9 prost\u0159ed\u00ed, kde m\u016f\u017eete pohodln\u011b str\u00e1vit \u010das p\u0159ed porodem. Jsme vyhled\u00e1van\u00fdm pracovi\u0161t\u011bm pro \u017eeny z cel\u00e9 \u010cesk\u00e9 republiky i ze zahrani\u010d\u00ed d\u00edky na\u0161\u00ed \u0161pi\u010dkov\u00e9 odbornosti a profesion\u00e1ln\u00edmu p\u0159\u00edstupu.<\/div>\n<div><\/div>\n<p>V p\u0159\u00edpad\u011b komplikovan\u00e9ho t\u011bhotenstv\u00ed poskytujeme vysoce specializovanou p\u00e9\u010di s d\u016frazem na individu\u00e1ln\u00ed pot\u0159eby ka\u017ed\u00e9 pacientky, a to s vyu\u017eit\u00edm ve\u0161ker\u00fdch mo\u017enost\u00ed V\u0161eobecn\u00e9 fakultn\u00ed nemocnice. N\u00e1\u0161 zku\u0161en\u00fd t\u00fdm zaji\u0161\u0165uje bezpe\u010d\u00ed a komfort, a\u0165 u\u017e je pr\u016fb\u011bh t\u011bhotenstv\u00ed jakkoli n\u00e1ro\u010dn\u00fd.<\/p>\n                                    <\/div>\r\n            <\/div>\r\n        <\/section>\r\n    \n\n                <!-- TEXT BLOCK -->\r\n        <section\r\n                class=\"pdt-60 pdb-60 bg3\"\r\n            >\r\n            <div class=\"wrapper2 text_block\">\r\n                                                                                                    <h3 class=\"title_h3 text_center_mdm\">N\u00e1v\u0161t\u011bvy<\/h3>\r\n                                                <div class=\"page_content reset_margins\">\r\n                                                                                        <p>Na v\u0161ech odd\u011blen\u00edch Perinatologie &#8211; l\u016f\u017eka jsou povoleny n\u00e1v\u0161t\u011bvy na pokoji. Pros\u00edme, respektujte soukrom\u00ed a intimitu spolubydl\u00edc\u00edch maminek a v\u017edy se s nimi p\u0159edem dohodn\u011bte.<\/p>\n<p><strong>N\u00e1v\u0161t\u011bvn\u00ed hodiny jsou ka\u017ed\u00fd den v\u010detn\u011b v\u00edkendu od 14 do 18 hodin (jin\u00e9 \u010dasy dle domluvy s person\u00e1lem)<\/strong><\/p>\n                                    <\/div>\r\n            <\/div>\r\n        <\/section>\r\n    \n\n        <section\r\n            class=\"pdt-80 pdb-80 \"\r\n        >\r\n        <div class=\"wrapper2\">\r\n                            <div class=\"grid small-space align-center\">\r\n                                            <!-- LEFT SIDE -->\r\n                        <div class=\"text_block col2 col1_mdm pdr-20 pd-0md observe anim_drop1 anim_delay\">\r\n                                                                                                                                                        <h3 class=\"title_h3\">\r\n                                        POD\u00cdVEJTE SE, JAK TO U N\u00c1S VYPAD\u00c1.                                     <\/h3>\r\n                                                                                        <div class=\"page_content reset_margins\">\r\n                                <p><\/p>\r\n                            <\/div>\r\n                                                            <a href=\"https:\/\/www.youtube.com\/watch?v=cPSpEpiltPw\"\r\n                                   title=\"SPUSTIT VIDEO\"\r\n                                   target=\"_blank\"                                   class=\"btn_basic\">\r\n                                    SPUSTIT VIDEO                                <\/a>\r\n                                                    <\/div>\r\n                        <!-- RIGHT SIDE -->\r\n                        <div class=\"col2 col1_mdm list_items mgt-40md observe anim_drop1 anim_delay\">\r\n                            <div class=\"img_holder img_radius10\">\r\n                                <img decoding=\"async\" width=\"309\" height=\"223\" src=\"https:\/\/apolinar.eu\/wp-content\/uploads\/2024\/10\/Snimek-obrazovky-2024-10-11-084008.png\" class=\"attachment-preview_image_without_decoration size-preview_image_without_decoration\" alt=\"\" srcset=\"https:\/\/apolinar.eu\/wp-content\/uploads\/2024\/10\/Snimek-obrazovky-2024-10-11-084008.png 309w, https:\/\/apolinar.eu\/wp-content\/uploads\/2024\/10\/Snimek-obrazovky-2024-10-11-084008-300x217.png 300w, https:\/\/apolinar.eu\/wp-content\/uploads\/2024\/10\/Snimek-obrazovky-2024-10-11-084008-60x43.png 60w, https:\/\/apolinar.eu\/wp-content\/uploads\/2024\/10\/Snimek-obrazovky-2024-10-11-084008-104x75.png 104w, https:\/\/apolinar.eu\/wp-content\/uploads\/2024\/10\/Snimek-obrazovky-2024-10-11-084008-266x192.png 266w, https:\/\/apolinar.eu\/wp-content\/uploads\/2024\/10\/Snimek-obrazovky-2024-10-11-084008-166x120.png 166w\" sizes=\"(max-width: 309px) 100vw, 309px\" \/>                            <\/div>\r\n                        <\/div>\r\n                                    <\/div>\r\n                    <\/div>\r\n    <\/section>\r\n","protected":false},"excerpt":{"rendered":"","protected":false},"author":6,"featured_media":0,"parent":3971,"menu_order":0,"comment_status":"closed","ping_status":"closed","template":"","meta":{"_acf_changed":false,"footnotes":""},"class_list":["post-10286","page","type-page","status-publish","hentry"],"acf":[],"yoast_head":"<!-- This site is optimized with the Yoast SEO plugin v26.2 - https:\/\/yoast.com\/wordpress\/plugins\/seo\/ -->\n<title>L\u016f\u017ekov\u00e9 odd\u011blen\u00ed Perinatologie (rizikov\u00e9 t\u011bhotenstv\u00ed) - Porodnice U Apolin\u00e1\u0159e<\/title>\n<meta name=\"robots\" content=\"index, follow, max-snippet:-1, max-image-preview:large, max-video-preview:-1\" \/>\n<link rel=\"canonical\" href=\"https:\/\/apolinar.eu\/en\/porodnice\/tehotenstvi\/luzkove-oddeleni-perinatologie-rizikove-tehotenstvi\/\" \/>\n<meta property=\"og:locale\" content=\"en_US\" \/>\n<meta property=\"og:type\" content=\"article\" \/>\n<meta property=\"og:title\" content=\"L\u016f\u017ekov\u00e9 odd\u011blen\u00ed Perinatologie (rizikov\u00e9 t\u011bhotenstv\u00ed) - Porodnice U Apolin\u00e1\u0159e\" \/>\n<meta property=\"og:url\" content=\"https:\/\/apolinar.eu\/en\/porodnice\/tehotenstvi\/luzkove-oddeleni-perinatologie-rizikove-tehotenstvi\/\" \/>\n<meta property=\"og:site_name\" content=\"Porodnice U Apolin\u00e1\u0159e\" \/>\n<meta property=\"article:modified_time\" content=\"2024-10-11T06:45:00+00:00\" \/>\n<meta name=\"twitter:card\" content=\"summary_large_image\" \/>\n<script type=\"application\/ld+json\" class=\"yoast-schema-graph\">{\"@context\":\"https:\/\/schema.org\",\"@graph\":[{\"@type\":\"WebPage\",\"@id\":\"https:\/\/apolinar.eu\/en\/porodnice\/tehotenstvi\/luzkove-oddeleni-perinatologie-rizikove-tehotenstvi\/\",\"url\":\"https:\/\/apolinar.eu\/en\/porodnice\/tehotenstvi\/luzkove-oddeleni-perinatologie-rizikove-tehotenstvi\/\",\"name\":\"L\u016f\u017ekov\u00e9 odd\u011blen\u00ed Perinatologie (rizikov\u00e9 t\u011bhotenstv\u00ed) - Porodnice U Apolin\u00e1\u0159e\",\"isPartOf\":{\"@id\":\"https:\/\/apolinar.eu\/en\/#website\"},\"datePublished\":\"2024-10-11T04:40:27+00:00\",\"dateModified\":\"2024-10-11T06:45:00+00:00\",\"breadcrumb\":{\"@id\":\"https:\/\/apolinar.eu\/en\/porodnice\/tehotenstvi\/luzkove-oddeleni-perinatologie-rizikove-tehotenstvi\/#breadcrumb\"},\"inLanguage\":\"en-US\",\"potentialAction\":[{\"@type\":\"ReadAction\",\"target\":[\"https:\/\/apolinar.eu\/en\/porodnice\/tehotenstvi\/luzkove-oddeleni-perinatologie-rizikove-tehotenstvi\/\"]}]},{\"@type\":\"BreadcrumbList\",\"@id\":\"https:\/\/apolinar.eu\/en\/porodnice\/tehotenstvi\/luzkove-oddeleni-perinatologie-rizikove-tehotenstvi\/#breadcrumb\",\"itemListElement\":[{\"@type\":\"ListItem\",\"position\":1,\"name\":\"Dom\u016f\",\"item\":\"https:\/\/apolinar.eu\/en\/\"},{\"@type\":\"ListItem\",\"position\":2,\"name\":\"Porodnice\",\"item\":\"https:\/\/apolinar.eu\/en\/porodnice\/\"},{\"@type\":\"ListItem\",\"position\":3,\"name\":\"T\u011bhotenstv\u00ed\",\"item\":\"https:\/\/apolinar.eu\/en\/porodnice\/tehotenstvi\/\"},{\"@type\":\"ListItem\",\"position\":4,\"name\":\"L\u016f\u017ekov\u00e9 odd\u011blen\u00ed Perinatologie (rizikov\u00e9 t\u011bhotenstv\u00ed)\"}]},{\"@type\":\"WebSite\",\"@id\":\"https:\/\/apolinar.eu\/en\/#website\",\"url\":\"https:\/\/apolinar.eu\/en\/\",\"name\":\"Porodnice U Apolin\u00e1\u0159e\",\"description\":\"Klinika gynekologie, porodnictv\u00ed a neonatologie 1. LF UK a VFN v Praze\",\"potentialAction\":[{\"@type\":\"SearchAction\",\"target\":{\"@type\":\"EntryPoint\",\"urlTemplate\":\"https:\/\/apolinar.eu\/en\/?s={search_term_string}\"},\"query-input\":{\"@type\":\"PropertyValueSpecification\",\"valueRequired\":true,\"valueName\":\"search_term_string\"}}],\"inLanguage\":\"en-US\"}]}<\/script>\n<!-- \/ Yoast SEO plugin. -->","yoast_head_json":{"title":"L\u016f\u017ekov\u00e9 odd\u011blen\u00ed Perinatologie (rizikov\u00e9 t\u011bhotenstv\u00ed) - Porodnice U Apolin\u00e1\u0159e","robots":{"index":"index","follow":"follow","max-snippet":"max-snippet:-1","max-image-preview":"max-image-preview:large","max-video-preview":"max-video-preview:-1"},"canonical":"https:\/\/apolinar.eu\/en\/porodnice\/tehotenstvi\/luzkove-oddeleni-perinatologie-rizikove-tehotenstvi\/","og_locale":"en_US","og_type":"article","og_title":"L\u016f\u017ekov\u00e9 odd\u011blen\u00ed Perinatologie (rizikov\u00e9 t\u011bhotenstv\u00ed) - Porodnice U Apolin\u00e1\u0159e","og_url":"https:\/\/apolinar.eu\/en\/porodnice\/tehotenstvi\/luzkove-oddeleni-perinatologie-rizikove-tehotenstvi\/","og_site_name":"Porodnice U Apolin\u00e1\u0159e","article_modified_time":"2024-10-11T06:45:00+00:00","twitter_card":"summary_large_image","schema":{"@context":"https:\/\/schema.org","@graph":[{"@type":"WebPage","@id":"https:\/\/apolinar.eu\/en\/porodnice\/tehotenstvi\/luzkove-oddeleni-perinatologie-rizikove-tehotenstvi\/","url":"https:\/\/apolinar.eu\/en\/porodnice\/tehotenstvi\/luzkove-oddeleni-perinatologie-rizikove-tehotenstvi\/","name":"L\u016f\u017ekov\u00e9 odd\u011blen\u00ed Perinatologie (rizikov\u00e9 t\u011bhotenstv\u00ed) - Porodnice U Apolin\u00e1\u0159e","isPartOf":{"@id":"https:\/\/apolinar.eu\/en\/#website"},"datePublished":"2024-10-11T04:40:27+00:00","dateModified":"2024-10-11T06:45:00+00:00","breadcrumb":{"@id":"https:\/\/apolinar.eu\/en\/porodnice\/tehotenstvi\/luzkove-oddeleni-perinatologie-rizikove-tehotenstvi\/#breadcrumb"},"inLanguage":"en-US","potentialAction":[{"@type":"ReadAction","target":["https:\/\/apolinar.eu\/en\/porodnice\/tehotenstvi\/luzkove-oddeleni-perinatologie-rizikove-tehotenstvi\/"]}]},{"@type":"BreadcrumbList","@id":"https:\/\/apolinar.eu\/en\/porodnice\/tehotenstvi\/luzkove-oddeleni-perinatologie-rizikove-tehotenstvi\/#breadcrumb","itemListElement":[{"@type":"ListItem","position":1,"name":"Dom\u016f","item":"https:\/\/apolinar.eu\/en\/"},{"@type":"ListItem","position":2,"name":"Porodnice","item":"https:\/\/apolinar.eu\/en\/porodnice\/"},{"@type":"ListItem","position":3,"name":"T\u011bhotenstv\u00ed","item":"https:\/\/apolinar.eu\/en\/porodnice\/tehotenstvi\/"},{"@type":"ListItem","position":4,"name":"L\u016f\u017ekov\u00e9 odd\u011blen\u00ed Perinatologie (rizikov\u00e9 t\u011bhotenstv\u00ed)"}]},{"@type":"WebSite","@id":"https:\/\/apolinar.eu\/en\/#website","url":"https:\/\/apolinar.eu\/en\/","name":"Porodnice U Apolin\u00e1\u0159e","description":"Klinika gynekologie, porodnictv\u00ed a neonatologie 1. LF UK a VFN v Praze","potentialAction":[{"@type":"SearchAction","target":{"@type":"EntryPoint","urlTemplate":"https:\/\/apolinar.eu\/en\/?s={search_term_string}"},"query-input":{"@type":"PropertyValueSpecification","valueRequired":true,"valueName":"search_term_string"}}],"inLanguage":"en-US"}]}},"_links":{"self":[{"href":"https:\/\/apolinar.eu\/en\/wp-json\/wp\/v2\/pages\/10286","targetHints":{"allow":["GET"]}}],"collection":[{"href":"https:\/\/apolinar.eu\/en\/wp-json\/wp\/v2\/pages"}],"about":[{"href":"https:\/\/apolinar.eu\/en\/wp-json\/wp\/v2\/types\/page"}],"author":[{"embeddable":true,"href":"https:\/\/apolinar.eu\/en\/wp-json\/wp\/v2\/users\/6"}],"replies":[{"embeddable":true,"href":"https:\/\/apolinar.eu\/en\/wp-json\/wp\/v2\/comments?post=10286"}],"version-history":[{"count":25,"href":"https:\/\/apolinar.eu\/en\/wp-json\/wp\/v2\/pages\/10286\/revisions"}],"predecessor-version":[{"id":10334,"href":"https:\/\/apolinar.eu\/en\/wp-json\/wp\/v2\/pages\/10286\/revisions\/10334"}],"up":[{"embeddable":true,"href":"https:\/\/apolinar.eu\/en\/wp-json\/wp\/v2\/pages\/3971"}],"wp:attachment":[{"href":"https:\/\/apolinar.eu\/en\/wp-json\/wp\/v2\/media?parent=10286"}],"curies":[{"name":"wp","href":"https:\/\/api.w.org\/{rel}","templated":true}]}}